{"id":186234,"date":"2025-04-01T11:35:51","date_gmt":"2025-04-01T09:35:51","guid":{"rendered":"https:\/\/freekids.pl\/programm-aktive-spielplaetze-2025\/"},"modified":"2025-10-17T14:36:53","modified_gmt":"2025-10-17T12:36:53","slug":"programm-aktive-spielplaetze-2025","status":"publish","type":"page","link":"https:\/\/freekids.pl\/de\/programm-aktive-spielplaetze-2025\/","title":{"rendered":"Programm Aktive Spielpl\u00e4tze 2025"},"content":{"rendered":"<p><img loading=\"lazy\" decoding=\"async\" class=\"aligncenter wp-image-185746 size-full\" src=\"https:\/\/freekids.pl\/wp-content\/uploads\/2025\/03\/DJI_0033-scaled.jpg\" alt=\"\" width=\"2560\" height=\"1711\" srcset=\"https:\/\/freekids.pl\/wp-content\/uploads\/2025\/03\/DJI_0033-scaled.jpg 2560w, https:\/\/freekids.pl\/wp-content\/uploads\/2025\/03\/DJI_0033-300x201.jpg 300w, https:\/\/freekids.pl\/wp-content\/uploads\/2025\/03\/DJI_0033-1024x685.jpg 1024w, https:\/\/freekids.pl\/wp-content\/uploads\/2025\/03\/DJI_0033-768x513.jpg 768w, https:\/\/freekids.pl\/wp-content\/uploads\/2025\/03\/DJI_0033-1536x1027.jpg 1536w, https:\/\/freekids.pl\/wp-content\/uploads\/2025\/03\/DJI_0033-2048x1369.jpg 2048w, https:\/\/freekids.pl\/wp-content\/uploads\/2025\/03\/DJI_0033-800x535.jpg 800w, https:\/\/freekids.pl\/wp-content\/uploads\/2025\/03\/DJI_0033-64x43.jpg 64w\" sizes=\"auto, (max-width: 2560px) 100vw, 2560px\" \/><\/p>\n<p><span style=\"font-weight: 400;\">Das Ministerium f\u00fcr Familie, Arbeit und Soziales hat einen Aufruf zur Einreichung von Antr\u00e4gen auf Finanzierung im Rahmen des Programms Aktive Spielpl\u00e4tze 2025 ver\u00f6ffentlicht. Dies ist eine hervorragende Gelegenheit f\u00fcr Einrichtungen, die Kinder unter drei Jahren betreuen, bestehende Spielpl\u00e4tze zu verbessern oder nachzur\u00fcsten. <\/span><\/p>\n<h2><span style=\"font-weight: 400;\">Wichtige Informationen zum Programm<\/span><\/h2>\n<p><span style=\"font-weight: 400;\">Das Regierungsprogramm &#8222;Aktive Spielpl\u00e4tze&#8220; ist eine Initiative, die Kinderbetreuungseinrichtungen dabei unterst\u00fctzen soll, moderne, sichere und anregende Spielpl\u00e4tze f\u00fcr die Kleinen zu schaffen. Hier sind die Highlights: <\/span><\/p>\n<ul>\n<li style=\"font-weight: 400;\" aria-level=\"1\"><span style=\"font-weight: 400;\">Budget des Programms: Bis zu 60 Millionen PLN f\u00fcr die Entwicklung von Spielpl\u00e4tzen im ganzen Land vorgesehen!<\/span><\/li>\n<li style=\"font-weight: 400;\" aria-level=\"1\"><span style=\"font-weight: 400;\">Maximale H\u00f6he der Finanzierung: Jede Einrichtung kann bis zu 300.000 \u00a3 erhalten.<\/span><\/li>\n<li style=\"font-weight: 400;\" aria-level=\"1\"><span style=\"font-weight: 400;\">Bewerbungsfrist: Bewerbungen k\u00f6nnen bis zum 4. Februar 2025 eingereicht werden.<\/span><\/li>\n<\/ul>\n<p><span style=\"font-weight: 400;\">Dies ist eine ideale Gelegenheit, R\u00e4ume zu schaffen, die nicht nur sicher und funktional sind, sondern auch das kreative Spiel und die Entwicklung der Kinder f\u00f6rdern.<\/span><\/p>\n<h3><span style=\"font-weight: 400;\">Wie kann FreeKids helfen?<\/span><\/h3>\n<p><span style=\"font-weight: 400;\">Als erfahrener Spielplatzhersteller kennen wir die Bed\u00fcrfnisse von Betreuungs- und Bildungseinrichtungen ganz genau. Seit Jahren unterst\u00fctzen wir Einrichtungen mit Projekten, die nicht nur den h\u00f6chsten Standards entsprechen, sondern auch zur harmonischen Entwicklung von Kindern beitragen. <\/span><\/p>\n<p><span style=\"font-weight: 400;\">Im Rahmen des Programms Active Playgrounds bieten wir umfassende Unterst\u00fctzung an:<\/span><\/p>\n<h3><span style=\"font-weight: 400;\">\u2705 Unterst\u00fctzung bei der Vorbereitung der Dokumentation<\/span><\/h3>\n<p><span style=\"font-weight: 400;\">Unser Expertenteam ber\u00e4t Sie, wie Sie Ihren Antrag richtig vorbereiten, um Ihre Chancen auf eine Finanzierung zu erh\u00f6hen.<\/span><\/p>\n<h3><span style=\"font-weight: 400;\">\u2705 Gestaltung von Spielpl\u00e4tzen gem\u00e4\u00df den Richtlinien<\/span><\/h3>\n<p><span style=\"font-weight: 400;\">Wir schaffen moderne und sichere Spielr\u00e4ume, die dem Alter und den Bed\u00fcrfnissen der Kinder angemessen sind und alle Standards erf\u00fcllen.<\/span><\/p>\n<h3><span style=\"font-weight: 400;\">\u2705 Durchf\u00fchrung von Projekten auf h\u00f6chstem Niveau<\/span><\/h3>\n<p><span style=\"font-weight: 400;\">Wir sind am kompletten Bau von Spielpl\u00e4tzen beteiligt &#8211; von der Lieferung bis zur Installation und der technischen Endabnahme.<\/span><\/p>\n<h3><span style=\"font-weight: 400;\">Verpassen Sie diese einmalige Gelegenheit nicht!<\/span><\/h3>\n<p><span style=\"font-weight: 400;\">Zeit zum Handeln! Der Aufruf zur Einreichung von Bewerbungen l\u00e4uft bis zum 4. Februar 2025. Lassen Sie sich die Chance auf einen modernen und sicheren Spielplatz nicht entgehen!<\/span><\/p>\n<p><span style=\"font-weight: 400;\">Wenn Sie mehr dar\u00fcber erfahren m\u00f6chten, wie wir Ihnen bei Ihrem Projekt helfen k\u00f6nnen, kontaktieren Sie uns bitte:<\/span><\/p>\n<p><span style=\"font-weight: 400;\">\ud83d\udcde Rufen Sie uns an oder schicken Sie uns eine E-Mail, wenn Sie Details und Unterst\u00fctzung bei der Beantragung von F\u00f6rdermitteln ben\u00f6tigen.<\/span><\/p>\n<p><span style=\"font-weight: 400;\">Gemeinsam k\u00f6nnen wir einen Raum schaffen, der Kinder und ihre Eltern erfreut! \ud83c\udfa0\ud83c\udf33 <\/span><\/p>\n<div class=\"pdf-catalog-download\"><a href=\"https:\/\/freekids.pl\/wp-content\/uploads\/2025\/04\/Poradnik-Aktywne-place-zabaw-2025.pdf\" download=\"\"><img loading=\"lazy\" decoding=\"async\" class=\"aligncenter wp-image-186984 size-full\" src=\"https:\/\/freekids.pl\/wp-content\/uploads\/2025\/04\/aktywne-place-zabaw-poradnik.png\" alt=\"\" width=\"940\" height=\"788\"><\/a><\/div>\n","protected":false},"excerpt":{"rendered":"<p>Das Ministerium f\u00fcr Familie, Arbeit und Soziales hat einen Aufruf zur Einreichung von Antr\u00e4gen auf Finanzierung im Rahmen des Programms Aktive Spielpl\u00e4tze 2025 ver\u00f6ffentlicht. Dies ist eine hervorragende Gelegenheit f\u00fcr Einrichtungen, die Kinder unter drei Jahren betreuen, bestehende Spielpl\u00e4tze zu verbessern oder nachzur\u00fcsten. Wichtige Informationen zum Programm Das Regierungsprogramm &#8222;Aktive Spielpl\u00e4tze&#8220; ist eine Initiative, die [&hellip;]<\/p>\n","protected":false},"author":7,"featured_media":0,"parent":0,"menu_order":0,"comment_status":"closed","ping_status":"closed","template":"","meta":{"_acf_changed":false,"ep_exclude_from_search":false,"footnotes":""},"class_list":["post-186234","page","type-page","status-publish","hentry"],"acf":[],"yoast_head":"<!-- This site is optimized with the Yoast SEO plugin v27.4 - https:\/\/yoast.com\/product\/yoast-seo-wordpress\/ -->\n<title>Programm Aktive Spielpl\u00e4tze 2025 - Freekids.pl<\/title>\n<meta name=\"robots\" content=\"index, follow, max-snippet:-1, max-image-preview:large, max-video-preview:-1\" \/>\n<link rel=\"canonical\" href=\"https:\/\/freekids.pl\/de\/programm-aktive-spielplaetze-2025\/\" \/>\n<meta property=\"og:locale\" content=\"de_DE\" \/>\n<meta property=\"og:type\" content=\"article\" \/>\n<meta property=\"og:title\" content=\"Programm Aktive Spielpl\u00e4tze 2025 - Freekids.pl\" \/>\n<meta property=\"og:description\" content=\"Das Ministerium f\u00fcr Familie, Arbeit und Soziales hat einen Aufruf zur Einreichung von Antr\u00e4gen auf Finanzierung im Rahmen des Programms Aktive Spielpl\u00e4tze 2025 ver\u00f6ffentlicht. Dies ist eine hervorragende Gelegenheit f\u00fcr Einrichtungen, die Kinder unter drei Jahren betreuen, bestehende Spielpl\u00e4tze zu verbessern oder nachzur\u00fcsten. Wichtige Informationen zum Programm Das Regierungsprogramm &#8222;Aktive Spielpl\u00e4tze&#8220; ist eine Initiative, die [&hellip;]\" \/>\n<meta property=\"og:url\" content=\"https:\/\/freekids.pl\/de\/programm-aktive-spielplaetze-2025\/\" \/>\n<meta property=\"og:site_name\" content=\"FreeKids Playgrounds | Sport | Urban Furniture\" \/>\n<meta property=\"article:modified_time\" content=\"2025-10-17T12:36:53+00:00\" \/>\n<meta property=\"og:image\" content=\"https:\/\/freekids.pl\/wp-content\/uploads\/2025\/03\/DJI_0033-scaled.jpg\" \/>\n<meta name=\"twitter:card\" content=\"summary_large_image\" \/>\n<meta name=\"twitter:label1\" content=\"Gesch\u00e4tzte Lesezeit\" \/>\n\t<meta name=\"twitter:data1\" content=\"2\u00a0Minuten\" \/>\n<script type=\"application\/ld+json\" class=\"yoast-schema-graph\">{\"@context\":\"https:\\\/\\\/schema.org\",\"@graph\":[{\"@type\":\"WebPage\",\"@id\":\"https:\\\/\\\/freekids.pl\\\/de\\\/programm-aktive-spielplaetze-2025\\\/\",\"url\":\"https:\\\/\\\/freekids.pl\\\/de\\\/programm-aktive-spielplaetze-2025\\\/\",\"name\":\"Programm Aktive Spielpl\u00e4tze 2025 - Freekids.pl\",\"isPartOf\":{\"@id\":\"https:\\\/\\\/freekids.pl\\\/de\\\/#website\"},\"primaryImageOfPage\":{\"@id\":\"https:\\\/\\\/freekids.pl\\\/de\\\/programm-aktive-spielplaetze-2025\\\/#primaryimage\"},\"image\":{\"@id\":\"https:\\\/\\\/freekids.pl\\\/de\\\/programm-aktive-spielplaetze-2025\\\/#primaryimage\"},\"thumbnailUrl\":\"https:\\\/\\\/freekids.pl\\\/wp-content\\\/uploads\\\/2025\\\/03\\\/DJI_0033-scaled.jpg\",\"datePublished\":\"2025-04-01T09:35:51+00:00\",\"dateModified\":\"2025-10-17T12:36:53+00:00\",\"breadcrumb\":{\"@id\":\"https:\\\/\\\/freekids.pl\\\/de\\\/programm-aktive-spielplaetze-2025\\\/#breadcrumb\"},\"inLanguage\":\"de\",\"potentialAction\":[{\"@type\":\"ReadAction\",\"target\":[\"https:\\\/\\\/freekids.pl\\\/de\\\/programm-aktive-spielplaetze-2025\\\/\"]}]},{\"@type\":\"ImageObject\",\"inLanguage\":\"de\",\"@id\":\"https:\\\/\\\/freekids.pl\\\/de\\\/programm-aktive-spielplaetze-2025\\\/#primaryimage\",\"url\":\"https:\\\/\\\/freekids.pl\\\/wp-content\\\/uploads\\\/2025\\\/03\\\/DJI_0033-scaled.jpg\",\"contentUrl\":\"https:\\\/\\\/freekids.pl\\\/wp-content\\\/uploads\\\/2025\\\/03\\\/DJI_0033-scaled.jpg\"},{\"@type\":\"BreadcrumbList\",\"@id\":\"https:\\\/\\\/freekids.pl\\\/de\\\/programm-aktive-spielplaetze-2025\\\/#breadcrumb\",\"itemListElement\":[{\"@type\":\"ListItem\",\"position\":1,\"name\":\"Strona g\u0142\u00f3wna\",\"item\":\"https:\\\/\\\/freekids.pl\\\/de\\\/\"},{\"@type\":\"ListItem\",\"position\":2,\"name\":\"Programm Aktive Spielpl\u00e4tze 2025\"}]},{\"@type\":\"WebSite\",\"@id\":\"https:\\\/\\\/freekids.pl\\\/de\\\/#website\",\"url\":\"https:\\\/\\\/freekids.pl\\\/de\\\/\",\"name\":\"FreeKids Playgrounds | Sport | Urban Furniture\",\"description\":\"Dream it, do it !\",\"potentialAction\":[{\"@type\":\"SearchAction\",\"target\":{\"@type\":\"EntryPoint\",\"urlTemplate\":\"https:\\\/\\\/freekids.pl\\\/de\\\/?s={search_term_string}\"},\"query-input\":{\"@type\":\"PropertyValueSpecification\",\"valueRequired\":true,\"valueName\":\"search_term_string\"}}],\"inLanguage\":\"de\"}]}<\/script>\n<!-- \/ Yoast SEO plugin. -->","yoast_head_json":{"title":"Programm Aktive Spielpl\u00e4tze 2025 - Freekids.pl","robots":{"index":"index","follow":"follow","max-snippet":"max-snippet:-1","max-image-preview":"max-image-preview:large","max-video-preview":"max-video-preview:-1"},"canonical":"https:\/\/freekids.pl\/de\/programm-aktive-spielplaetze-2025\/","og_locale":"de_DE","og_type":"article","og_title":"Programm Aktive Spielpl\u00e4tze 2025 - Freekids.pl","og_description":"Das Ministerium f\u00fcr Familie, Arbeit und Soziales hat einen Aufruf zur Einreichung von Antr\u00e4gen auf Finanzierung im Rahmen des Programms Aktive Spielpl\u00e4tze 2025 ver\u00f6ffentlicht. Dies ist eine hervorragende Gelegenheit f\u00fcr Einrichtungen, die Kinder unter drei Jahren betreuen, bestehende Spielpl\u00e4tze zu verbessern oder nachzur\u00fcsten. Wichtige Informationen zum Programm Das Regierungsprogramm &#8222;Aktive Spielpl\u00e4tze&#8220; ist eine Initiative, die [&hellip;]","og_url":"https:\/\/freekids.pl\/de\/programm-aktive-spielplaetze-2025\/","og_site_name":"FreeKids Playgrounds | Sport | Urban Furniture","article_modified_time":"2025-10-17T12:36:53+00:00","og_image":[{"url":"https:\/\/freekids.pl\/wp-content\/uploads\/2025\/03\/DJI_0033-scaled.jpg","type":"","width":"","height":""}],"twitter_card":"summary_large_image","twitter_misc":{"Gesch\u00e4tzte Lesezeit":"2\u00a0Minuten"},"schema":{"@context":"https:\/\/schema.org","@graph":[{"@type":"WebPage","@id":"https:\/\/freekids.pl\/de\/programm-aktive-spielplaetze-2025\/","url":"https:\/\/freekids.pl\/de\/programm-aktive-spielplaetze-2025\/","name":"Programm Aktive Spielpl\u00e4tze 2025 - Freekids.pl","isPartOf":{"@id":"https:\/\/freekids.pl\/de\/#website"},"primaryImageOfPage":{"@id":"https:\/\/freekids.pl\/de\/programm-aktive-spielplaetze-2025\/#primaryimage"},"image":{"@id":"https:\/\/freekids.pl\/de\/programm-aktive-spielplaetze-2025\/#primaryimage"},"thumbnailUrl":"https:\/\/freekids.pl\/wp-content\/uploads\/2025\/03\/DJI_0033-scaled.jpg","datePublished":"2025-04-01T09:35:51+00:00","dateModified":"2025-10-17T12:36:53+00:00","breadcrumb":{"@id":"https:\/\/freekids.pl\/de\/programm-aktive-spielplaetze-2025\/#breadcrumb"},"inLanguage":"de","potentialAction":[{"@type":"ReadAction","target":["https:\/\/freekids.pl\/de\/programm-aktive-spielplaetze-2025\/"]}]},{"@type":"ImageObject","inLanguage":"de","@id":"https:\/\/freekids.pl\/de\/programm-aktive-spielplaetze-2025\/#primaryimage","url":"https:\/\/freekids.pl\/wp-content\/uploads\/2025\/03\/DJI_0033-scaled.jpg","contentUrl":"https:\/\/freekids.pl\/wp-content\/uploads\/2025\/03\/DJI_0033-scaled.jpg"},{"@type":"BreadcrumbList","@id":"https:\/\/freekids.pl\/de\/programm-aktive-spielplaetze-2025\/#breadcrumb","itemListElement":[{"@type":"ListItem","position":1,"name":"Strona g\u0142\u00f3wna","item":"https:\/\/freekids.pl\/de\/"},{"@type":"ListItem","position":2,"name":"Programm Aktive Spielpl\u00e4tze 2025"}]},{"@type":"WebSite","@id":"https:\/\/freekids.pl\/de\/#website","url":"https:\/\/freekids.pl\/de\/","name":"FreeKids Playgrounds | Sport | Urban Furniture","description":"Dream it, do it !","potentialAction":[{"@type":"SearchAction","target":{"@type":"EntryPoint","urlTemplate":"https:\/\/freekids.pl\/de\/?s={search_term_string}"},"query-input":{"@type":"PropertyValueSpecification","valueRequired":true,"valueName":"search_term_string"}}],"inLanguage":"de"}]}},"_links":{"self":[{"href":"https:\/\/freekids.pl\/de\/wp-json\/wp\/v2\/pages\/186234","targetHints":{"allow":["GET"]}}],"collection":[{"href":"https:\/\/freekids.pl\/de\/wp-json\/wp\/v2\/pages"}],"about":[{"href":"https:\/\/freekids.pl\/de\/wp-json\/wp\/v2\/types\/page"}],"author":[{"embeddable":true,"href":"https:\/\/freekids.pl\/de\/wp-json\/wp\/v2\/users\/7"}],"replies":[{"embeddable":true,"href":"https:\/\/freekids.pl\/de\/wp-json\/wp\/v2\/comments?post=186234"}],"version-history":[{"count":5,"href":"https:\/\/freekids.pl\/de\/wp-json\/wp\/v2\/pages\/186234\/revisions"}],"predecessor-version":[{"id":187013,"href":"https:\/\/freekids.pl\/de\/wp-json\/wp\/v2\/pages\/186234\/revisions\/187013"}],"wp:attachment":[{"href":"https:\/\/freekids.pl\/de\/wp-json\/wp\/v2\/media?parent=186234"}],"curies":[{"name":"wp","href":"https:\/\/api.w.org\/{rel}","templated":true}]}}