{"id":186261,"date":"2025-04-01T12:24:29","date_gmt":"2025-04-01T10:24:29","guid":{"rendered":"https:\/\/freekids.pl\/programm-aktivitaet-fuer-alle-sport-und-erholung-vor-ort\/"},"modified":"2025-10-17T14:36:20","modified_gmt":"2025-10-17T12:36:20","slug":"programm-aktivitaet-fuer-alle-sport-und-erholung-vor-ort","status":"publish","type":"page","link":"https:\/\/freekids.pl\/de\/programm-aktivitaet-fuer-alle-sport-und-erholung-vor-ort\/","title":{"rendered":"Programm &#8222;Aktivit\u00e4t f\u00fcr alle&#8220; &#8211; Sport und Erholung vor Ort"},"content":{"rendered":"<p><img loading=\"lazy\" decoding=\"async\" class=\"aligncenter wp-image-186958 size-full\" src=\"https:\/\/freekids.pl\/wp-content\/uploads\/2025\/04\/Street-Workout-9297-scaled.jpg\" alt=\"\" width=\"2560\" height=\"1707\" srcset=\"https:\/\/freekids.pl\/wp-content\/uploads\/2025\/04\/Street-Workout-9297-scaled.jpg 2560w, https:\/\/freekids.pl\/wp-content\/uploads\/2025\/04\/Street-Workout-9297-300x200.jpg 300w, https:\/\/freekids.pl\/wp-content\/uploads\/2025\/04\/Street-Workout-9297-1024x683.jpg 1024w, https:\/\/freekids.pl\/wp-content\/uploads\/2025\/04\/Street-Workout-9297-768x512.jpg 768w, https:\/\/freekids.pl\/wp-content\/uploads\/2025\/04\/Street-Workout-9297-1536x1024.jpg 1536w, https:\/\/freekids.pl\/wp-content\/uploads\/2025\/04\/Street-Workout-9297-2048x1365.jpg 2048w, https:\/\/freekids.pl\/wp-content\/uploads\/2025\/04\/Street-Workout-9297-800x533.jpg 800w, https:\/\/freekids.pl\/wp-content\/uploads\/2025\/04\/Street-Workout-9297-64x43.jpg 64w\" sizes=\"auto, (max-width: 2560px) 100vw, 2560px\" \/><\/p>\n<h2>FreeKids &#8211; Ihre Unterst\u00fctzung f\u00fcr das Programm &#8222;Aktivit\u00e4t f\u00fcr alle&#8220;.<\/h2>\n<p><span style=\"font-weight: 400;\">Das Programm &#8218;Aktivit\u00e4t f\u00fcr alle&#8216;, das vom Ministerium f\u00fcr Sport und Tourismus mit einem Budget von 115.700.000 PLN aufgelegt wurde, zielt darauf ab, die k\u00f6rperliche Aktivit\u00e4t von B\u00fcrgern aller Altersgruppen und Schichten zu erh\u00f6hen. Die Initiative umfasst die Unterst\u00fctzung von lokalen Freizeitprojekten, den Kauf von Sport- und Rehabilitationsger\u00e4ten sowie Schulungen und Kampagnen zur F\u00f6rderung einer gesunden Lebensweise. Besonderes Augenmerk wird auf Kleinst\u00e4dte und Randbezirke gelegt, in denen der Zugang zu Sporteinrichtungen begrenzt ist.  <\/span><\/p>\n<h3>Wie k\u00f6nnen wir bei der Umsetzung des Programms helfen?<\/h3>\n<p><span style=\"font-weight: 400;\">\u2714\ufe0f <\/span><b>Lokale Erholungsprojekte<\/b><span style=\"font-weight: 400;\"> &#8211; FreeKids unterst\u00fctzt die Schaffung und Aufwertung von Erholungsr\u00e4umen, wie z.B. Gesundheitspfade, Aktivit\u00e4tszonen oder Mini-Sportparks, die die Bewohner zu k\u00f6rperlicher Aktivit\u00e4t anregen.<\/span><\/p>\n<p><span style=\"font-weight: 400;\">\u2714\ufe0f <\/span><b>Kauf von Sport- und Rehabilitationsger\u00e4ten<\/b><span style=\"font-weight: 400;\"> &#8211; Wir bieten eine gro\u00dfe Auswahl an Ger\u00e4ten zur Unterst\u00fctzung von k\u00f6rperlicher Aktivit\u00e4t und Rehabilitation, die auf die Bed\u00fcrfnisse verschiedener Alters- und Gesundheitsgruppen zugeschnitten sind.<\/span><\/p>\n<p><span style=\"font-weight: 400;\">\u2714\ufe0f <\/span><b>Schulungen und Kampagnen zur F\u00f6rderung eines gesunden Lebensstils<\/b><span style=\"font-weight: 400;\"> &#8211; Wir helfen bei der Organisation von Trainingskursen und Kampagnen zur F\u00f6rderung von k\u00f6rperlicher Aktivit\u00e4t und gesunder Lebensweise und integrieren die Einwohner in gemeinsame Sportinitiativen.<\/span><\/p>\n<p><span style=\"font-weight: 400;\">\u2714\ufe0f <\/span><b>Unterst\u00fctzung f\u00fcr NGOs und Sportvereine<\/b><span style=\"font-weight: 400;\"> &#8211; Das Programm unterst\u00fctzt integrative Organisationen. So bietet FreeKids Unterst\u00fctzung f\u00fcr Projekte, die lokale Gemeinschaften integrieren und k\u00f6rperliche Aktivit\u00e4t unter Menschen mit unterschiedlichem Hintergrund f\u00f6rdern.<\/span><\/p>\n<h3>Warum FreeKids?<\/h3>\n<p><span style=\"font-weight: 400;\">Mit mehr als 15 Jahren Erfahrung in Sportprojekten ist FreeKids ein Experte f\u00fcr die Schaffung von Infrastrukturen, die k\u00f6rperliche Aktivit\u00e4t und einen gesunden Lebensstil unterst\u00fctzen. Mit engagierten Fachleuten in jeder Provinz bieten wir umfassende Unterst\u00fctzung in jeder Phase Ihres Projekts &#8211; von der Angebotserstellung bis zur Fertigstellung. Kontaktieren Sie uns, um herauszufinden, wie wir Ihr Projekt durch das Programm begleiten k\u00f6nnen!  <\/span><\/p>\n","protected":false},"excerpt":{"rendered":"<p>FreeKids &#8211; Ihre Unterst\u00fctzung f\u00fcr das Programm &#8222;Aktivit\u00e4t f\u00fcr alle&#8220;. Das Programm &#8218;Aktivit\u00e4t f\u00fcr alle&#8216;, das vom Ministerium f\u00fcr Sport und Tourismus mit einem Budget von 115.700.000 PLN aufgelegt wurde, zielt darauf ab, die k\u00f6rperliche Aktivit\u00e4t von B\u00fcrgern aller Altersgruppen und Schichten zu erh\u00f6hen. Die Initiative umfasst die Unterst\u00fctzung von lokalen Freizeitprojekten, den Kauf von [&hellip;]<\/p>\n","protected":false},"author":7,"featured_media":0,"parent":0,"menu_order":0,"comment_status":"closed","ping_status":"closed","template":"","meta":{"_acf_changed":false,"ep_exclude_from_search":false,"footnotes":""},"class_list":["post-186261","page","type-page","status-publish","hentry"],"acf":[],"yoast_head":"<!-- This site is optimized with the Yoast SEO plugin v27.4 - https:\/\/yoast.com\/product\/yoast-seo-wordpress\/ -->\n<title>Programm &quot;Aktivit\u00e4t f\u00fcr alle&quot; - Sport und Erholung vor Ort - Freekids.pl<\/title>\n<meta name=\"robots\" content=\"index, follow, max-snippet:-1, max-image-preview:large, max-video-preview:-1\" \/>\n<link rel=\"canonical\" href=\"https:\/\/freekids.pl\/de\/programm-aktivitaet-fuer-alle-sport-und-erholung-vor-ort\/\" \/>\n<meta property=\"og:locale\" content=\"de_DE\" \/>\n<meta property=\"og:type\" content=\"article\" \/>\n<meta property=\"og:title\" content=\"Programm &quot;Aktivit\u00e4t f\u00fcr alle&quot; - Sport und Erholung vor Ort - Freekids.pl\" \/>\n<meta property=\"og:description\" content=\"FreeKids &#8211; Ihre Unterst\u00fctzung f\u00fcr das Programm &#8222;Aktivit\u00e4t f\u00fcr alle&#8220;. Das Programm &#8218;Aktivit\u00e4t f\u00fcr alle&#8216;, das vom Ministerium f\u00fcr Sport und Tourismus mit einem Budget von 115.700.000 PLN aufgelegt wurde, zielt darauf ab, die k\u00f6rperliche Aktivit\u00e4t von B\u00fcrgern aller Altersgruppen und Schichten zu erh\u00f6hen. Die Initiative umfasst die Unterst\u00fctzung von lokalen Freizeitprojekten, den Kauf von [&hellip;]\" \/>\n<meta property=\"og:url\" content=\"https:\/\/freekids.pl\/de\/programm-aktivitaet-fuer-alle-sport-und-erholung-vor-ort\/\" \/>\n<meta property=\"og:site_name\" content=\"FreeKids Playgrounds | Sport | Urban Furniture\" \/>\n<meta property=\"article:modified_time\" content=\"2025-10-17T12:36:20+00:00\" \/>\n<meta property=\"og:image\" content=\"https:\/\/freekids.pl\/wp-content\/uploads\/2025\/04\/Street-Workout-9297-scaled.jpg\" \/>\n<meta name=\"twitter:card\" content=\"summary_large_image\" \/>\n<meta name=\"twitter:label1\" content=\"Gesch\u00e4tzte Lesezeit\" \/>\n\t<meta name=\"twitter:data1\" content=\"2\u00a0Minuten\" \/>\n<script type=\"application\/ld+json\" class=\"yoast-schema-graph\">{\"@context\":\"https:\\\/\\\/schema.org\",\"@graph\":[{\"@type\":\"WebPage\",\"@id\":\"https:\\\/\\\/freekids.pl\\\/de\\\/programm-aktivitaet-fuer-alle-sport-und-erholung-vor-ort\\\/\",\"url\":\"https:\\\/\\\/freekids.pl\\\/de\\\/programm-aktivitaet-fuer-alle-sport-und-erholung-vor-ort\\\/\",\"name\":\"Programm \\\"Aktivit\u00e4t f\u00fcr alle\\\" - Sport und Erholung vor Ort - Freekids.pl\",\"isPartOf\":{\"@id\":\"https:\\\/\\\/freekids.pl\\\/de\\\/#website\"},\"primaryImageOfPage\":{\"@id\":\"https:\\\/\\\/freekids.pl\\\/de\\\/programm-aktivitaet-fuer-alle-sport-und-erholung-vor-ort\\\/#primaryimage\"},\"image\":{\"@id\":\"https:\\\/\\\/freekids.pl\\\/de\\\/programm-aktivitaet-fuer-alle-sport-und-erholung-vor-ort\\\/#primaryimage\"},\"thumbnailUrl\":\"https:\\\/\\\/freekids.pl\\\/wp-content\\\/uploads\\\/2025\\\/04\\\/Street-Workout-9297-scaled.jpg\",\"datePublished\":\"2025-04-01T10:24:29+00:00\",\"dateModified\":\"2025-10-17T12:36:20+00:00\",\"breadcrumb\":{\"@id\":\"https:\\\/\\\/freekids.pl\\\/de\\\/programm-aktivitaet-fuer-alle-sport-und-erholung-vor-ort\\\/#breadcrumb\"},\"inLanguage\":\"de\",\"potentialAction\":[{\"@type\":\"ReadAction\",\"target\":[\"https:\\\/\\\/freekids.pl\\\/de\\\/programm-aktivitaet-fuer-alle-sport-und-erholung-vor-ort\\\/\"]}]},{\"@type\":\"ImageObject\",\"inLanguage\":\"de\",\"@id\":\"https:\\\/\\\/freekids.pl\\\/de\\\/programm-aktivitaet-fuer-alle-sport-und-erholung-vor-ort\\\/#primaryimage\",\"url\":\"https:\\\/\\\/freekids.pl\\\/wp-content\\\/uploads\\\/2025\\\/04\\\/Street-Workout-9297-scaled.jpg\",\"contentUrl\":\"https:\\\/\\\/freekids.pl\\\/wp-content\\\/uploads\\\/2025\\\/04\\\/Street-Workout-9297-scaled.jpg\"},{\"@type\":\"BreadcrumbList\",\"@id\":\"https:\\\/\\\/freekids.pl\\\/de\\\/programm-aktivitaet-fuer-alle-sport-und-erholung-vor-ort\\\/#breadcrumb\",\"itemListElement\":[{\"@type\":\"ListItem\",\"position\":1,\"name\":\"Strona g\u0142\u00f3wna\",\"item\":\"https:\\\/\\\/freekids.pl\\\/de\\\/\"},{\"@type\":\"ListItem\",\"position\":2,\"name\":\"Programm &#8222;Aktivit\u00e4t f\u00fcr alle&#8221; &#8211; Sport und Erholung vor Ort\"}]},{\"@type\":\"WebSite\",\"@id\":\"https:\\\/\\\/freekids.pl\\\/de\\\/#website\",\"url\":\"https:\\\/\\\/freekids.pl\\\/de\\\/\",\"name\":\"FreeKids Playgrounds | Sport | Urban Furniture\",\"description\":\"Dream it, do it !\",\"potentialAction\":[{\"@type\":\"SearchAction\",\"target\":{\"@type\":\"EntryPoint\",\"urlTemplate\":\"https:\\\/\\\/freekids.pl\\\/de\\\/?s={search_term_string}\"},\"query-input\":{\"@type\":\"PropertyValueSpecification\",\"valueRequired\":true,\"valueName\":\"search_term_string\"}}],\"inLanguage\":\"de\"}]}<\/script>\n<!-- \/ Yoast SEO plugin. -->","yoast_head_json":{"title":"Programm \"Aktivit\u00e4t f\u00fcr alle\" - Sport und Erholung vor Ort - Freekids.pl","robots":{"index":"index","follow":"follow","max-snippet":"max-snippet:-1","max-image-preview":"max-image-preview:large","max-video-preview":"max-video-preview:-1"},"canonical":"https:\/\/freekids.pl\/de\/programm-aktivitaet-fuer-alle-sport-und-erholung-vor-ort\/","og_locale":"de_DE","og_type":"article","og_title":"Programm \"Aktivit\u00e4t f\u00fcr alle\" - Sport und Erholung vor Ort - Freekids.pl","og_description":"FreeKids &#8211; Ihre Unterst\u00fctzung f\u00fcr das Programm &#8222;Aktivit\u00e4t f\u00fcr alle&#8220;. Das Programm &#8218;Aktivit\u00e4t f\u00fcr alle&#8216;, das vom Ministerium f\u00fcr Sport und Tourismus mit einem Budget von 115.700.000 PLN aufgelegt wurde, zielt darauf ab, die k\u00f6rperliche Aktivit\u00e4t von B\u00fcrgern aller Altersgruppen und Schichten zu erh\u00f6hen. Die Initiative umfasst die Unterst\u00fctzung von lokalen Freizeitprojekten, den Kauf von [&hellip;]","og_url":"https:\/\/freekids.pl\/de\/programm-aktivitaet-fuer-alle-sport-und-erholung-vor-ort\/","og_site_name":"FreeKids Playgrounds | Sport | Urban Furniture","article_modified_time":"2025-10-17T12:36:20+00:00","og_image":[{"url":"https:\/\/freekids.pl\/wp-content\/uploads\/2025\/04\/Street-Workout-9297-scaled.jpg","type":"","width":"","height":""}],"twitter_card":"summary_large_image","twitter_misc":{"Gesch\u00e4tzte Lesezeit":"2\u00a0Minuten"},"schema":{"@context":"https:\/\/schema.org","@graph":[{"@type":"WebPage","@id":"https:\/\/freekids.pl\/de\/programm-aktivitaet-fuer-alle-sport-und-erholung-vor-ort\/","url":"https:\/\/freekids.pl\/de\/programm-aktivitaet-fuer-alle-sport-und-erholung-vor-ort\/","name":"Programm \"Aktivit\u00e4t f\u00fcr alle\" - Sport und Erholung vor Ort - Freekids.pl","isPartOf":{"@id":"https:\/\/freekids.pl\/de\/#website"},"primaryImageOfPage":{"@id":"https:\/\/freekids.pl\/de\/programm-aktivitaet-fuer-alle-sport-und-erholung-vor-ort\/#primaryimage"},"image":{"@id":"https:\/\/freekids.pl\/de\/programm-aktivitaet-fuer-alle-sport-und-erholung-vor-ort\/#primaryimage"},"thumbnailUrl":"https:\/\/freekids.pl\/wp-content\/uploads\/2025\/04\/Street-Workout-9297-scaled.jpg","datePublished":"2025-04-01T10:24:29+00:00","dateModified":"2025-10-17T12:36:20+00:00","breadcrumb":{"@id":"https:\/\/freekids.pl\/de\/programm-aktivitaet-fuer-alle-sport-und-erholung-vor-ort\/#breadcrumb"},"inLanguage":"de","potentialAction":[{"@type":"ReadAction","target":["https:\/\/freekids.pl\/de\/programm-aktivitaet-fuer-alle-sport-und-erholung-vor-ort\/"]}]},{"@type":"ImageObject","inLanguage":"de","@id":"https:\/\/freekids.pl\/de\/programm-aktivitaet-fuer-alle-sport-und-erholung-vor-ort\/#primaryimage","url":"https:\/\/freekids.pl\/wp-content\/uploads\/2025\/04\/Street-Workout-9297-scaled.jpg","contentUrl":"https:\/\/freekids.pl\/wp-content\/uploads\/2025\/04\/Street-Workout-9297-scaled.jpg"},{"@type":"BreadcrumbList","@id":"https:\/\/freekids.pl\/de\/programm-aktivitaet-fuer-alle-sport-und-erholung-vor-ort\/#breadcrumb","itemListElement":[{"@type":"ListItem","position":1,"name":"Strona g\u0142\u00f3wna","item":"https:\/\/freekids.pl\/de\/"},{"@type":"ListItem","position":2,"name":"Programm &#8222;Aktivit\u00e4t f\u00fcr alle&#8221; &#8211; Sport und Erholung vor Ort"}]},{"@type":"WebSite","@id":"https:\/\/freekids.pl\/de\/#website","url":"https:\/\/freekids.pl\/de\/","name":"FreeKids Playgrounds | Sport | Urban Furniture","description":"Dream it, do it !","potentialAction":[{"@type":"SearchAction","target":{"@type":"EntryPoint","urlTemplate":"https:\/\/freekids.pl\/de\/?s={search_term_string}"},"query-input":{"@type":"PropertyValueSpecification","valueRequired":true,"valueName":"search_term_string"}}],"inLanguage":"de"}]}},"_links":{"self":[{"href":"https:\/\/freekids.pl\/de\/wp-json\/wp\/v2\/pages\/186261","targetHints":{"allow":["GET"]}}],"collection":[{"href":"https:\/\/freekids.pl\/de\/wp-json\/wp\/v2\/pages"}],"about":[{"href":"https:\/\/freekids.pl\/de\/wp-json\/wp\/v2\/types\/page"}],"author":[{"embeddable":true,"href":"https:\/\/freekids.pl\/de\/wp-json\/wp\/v2\/users\/7"}],"replies":[{"embeddable":true,"href":"https:\/\/freekids.pl\/de\/wp-json\/wp\/v2\/comments?post=186261"}],"version-history":[{"count":1,"href":"https:\/\/freekids.pl\/de\/wp-json\/wp\/v2\/pages\/186261\/revisions"}],"predecessor-version":[{"id":186970,"href":"https:\/\/freekids.pl\/de\/wp-json\/wp\/v2\/pages\/186261\/revisions\/186970"}],"wp:attachment":[{"href":"https:\/\/freekids.pl\/de\/wp-json\/wp\/v2\/media?parent=186261"}],"curies":[{"name":"wp","href":"https:\/\/api.w.org\/{rel}","templated":true}]}}