{"id":186272,"date":"2025-04-01T11:16:47","date_gmt":"2025-04-01T09:16:47","guid":{"rendered":"https:\/\/freekids.pl\/finanzierung\/"},"modified":"2025-10-17T14:36:56","modified_gmt":"2025-10-17T12:36:56","slug":"finanzierung","status":"publish","type":"page","link":"https:\/\/freekids.pl\/de\/finanzierung\/","title":{"rendered":"Finanzierung"},"content":{"rendered":"<div style=\"height:40px\" aria-hidden=\"true\" class=\"wp-block-spacer\"><\/div><h2 class=\"wp-block-heading has-inter-font-family\"><strong>Programme<\/strong><\/h2><div style=\"height:40px\" aria-hidden=\"true\" class=\"wp-block-spacer\"><\/div><div class=\"row fk-home-series-list programs-list d-none d-lg-flex\">\n  <div class=\"fk-series-col col-12 col-lg-4\">\n    <div class=\"fk-series-col-box series-color-green-darker t-center\">\n      <span>Programm<\/span>\n      <p class=\"program-name\">Aktive Spielpl\u00e4tze<\/p>\n      <div class=\"fk-series-short-text\">\n        <p>2025<\/p>\n      <\/div>\n      <div>\n        <a class=\"fk-button fk-button-green-darker mt-20\" href=\"https:\/\/freekids.pl\/de\/programm-aktive-spielplaetze-2025\/\">\n  Details pr\u00fcfen\n        <\/a>\n      <\/div>\n    <\/div>\n  <\/div>\n\n  <div class=\"fk-series-col col-12 col-lg-4\">\n    <div class=\"fk-series-col-box series-color-green-darker t-center\">\n      <span>Programm<\/span>\n      <p class=\"program-name\">&#8222;Aktivit\u00e4t f\u00fcr alle&#8220;<\/p>\n      <div class=\"fk-series-short-text\">\n        <p>Sport- und Freizeitangebote vor Ort<\/p>\n      <\/div>\n      <div class=\"fk-series-col-box-desc mt-20\" role=\"button\" aria-expanded=\"false\">\n        <span class=\"fk-series-fade-effect\"><\/span>\n      <\/div>\n      <div>\n        <a class=\"fk-button fk-button-green-darker mt-20\" href=\"https:\/\/freekids.pl\/de\/programm-aktivitaet-fuer-alle-sport-und-erholung-vor-ort\/\">\n  Details pr\u00fcfen\n        <\/a>\n      <\/div>\n    <\/div>\n  <\/div>\n\n  <div class=\"fk-series-col col-12 col-lg-4\">\n    <div class=\"fk-series-col-box series-color-green-darker t-center\">\n      <span>Programm<\/span>\n      <p class=\"program-name\">F\u00f6rderung des Sports f\u00fcr Menschen mit Behinderungen<\/p>\n      <div class=\"fk-series-short-text\">\n        <p><\/p>\n      <\/div>\n      <div class=\"fk-series-col-box-desc mt-20\" role=\"button\" aria-expanded=\"false\">\n        <span class=\"fk-series-fade-effect\"><\/span>\n      <\/div>\n      <div>\n        <a class=\"fk-button fk-button-green-darker mt-20\" href=\"https:\/\/freekids.pl\/de\/programm-zur-foerderung-des-sports-fuer-menschen-mit-behinderungen\/\">\n  Details pr\u00fcfen\n        <\/a>\n      <\/div>\n    <\/div>\n  <\/div>\n\n  <div class=\"fk-series-col col-12 col-lg-4\">\n    <div class=\"fk-series-col-box series-color-green-darker t-center\">\n      <span>Programm<\/span>\n      <p class=\"program-name\">Bau von Orlik-Sportkomplexen<\/p>\n      <div class=\"fk-series-short-text\">\n        <p>Ausgabe 2025<\/p>\n      <\/div>\n      <div class=\"fk-series-col-box-desc mt-20\" role=\"button\" aria-expanded=\"false\">\n        <span class=\"fk-series-fade-effect\"><\/span>\n      <\/div>\n      <div>\n        <a class=\"fk-button fk-button-green-darker mt-20\" href=\"https:\/\/freekids.pl\/de\/programm-fuer-den-bau-von-orlik-sportanlagen-ausgabe-2025\/\">\n  Details pr\u00fcfen\n        <\/a>\n    <\/div>\n    <\/div>\n  <\/div>\n<\/div><p><\/p><h3 class=\"wp-block-heading\"><b>Wie k\u00f6nnen wir Ihnen helfen?<\/b><\/h3><h3 class=\"wp-block-heading\"><\/h3><p>Die Umsetzung eines Projekts mit F\u00f6rdermitteln ist f\u00fcr viele lokale Beh\u00f6rden und Institutionen eine Herausforderung &#8211; Zeit, Verfahren, Verantwortung. Deshalb entwerfen wir bei Freekids nicht nur Spielpl\u00e4tze, Sportpl\u00e4tze und Stadtmobiliar &#8211; <strong data-start=\"429\" data-end=\"487\">wir \u00fcbernehmen auch die Last des Papierkrams und der Koordination<\/strong>. <\/p><p>Wir f\u00fchren seit 15 Jahren Projekte im Rahmen von Regierungsprogrammen im ganzen Land durch &#8211; wir wissen, wie man sicher durch jede Phase kommt.<\/p><p><strong data-start=\"628\" data-end=\"681\">Wir helfen Ihnen, Ihr Projekt an die Anforderungen des Programms anzupassen<\/strong> &#8211; wir wissen, welche Fehler zu vermeiden sind, was die Abnahme beschleunigen und was sie verz\u00f6gern kann.<\/p><p><\/p><p><span style=\"font-weight: 400;\">\u2714\ufe0f<\/span> <strong>Wir f\u00fchren Sie gemeinsam durch den Antragsprozess<\/strong> &#8211; von den Unterlagen bis zum Zeitplan und den Kostenvoranschl\u00e4gen.<\/p><p><span style=\"font-weight: 400;\">\u2714\ufe0f<\/span> <strong data-start=\"893\" data-end=\"952\">Wir sorgen f\u00fcr eine zeitnahe Umsetzung &#8211; vom Konzept bis zur Installation<\/strong> &#8211; in \u00dcbereinstimmung mit den aktuellen Standards und den Erwartungen der Bewohner.<\/p><p><span style=\"font-weight: 400;\">\u2714\ufe0f<\/span> <strong data-start=\"1020\" data-end=\"1072\">Sie haben in jeder Provinz einen eigenen Mentor<\/strong> &#8211; Sie werden mit keiner Frage und keinem Problem allein gelassen.<\/p><p>So k\u00f6nnen Sie sich auf den Zweck des Projekts konzentrieren und nicht auf seine Abl\u00e4ufe.<br data-start=\"1212\" data-end=\"1215\"\/>Rufen Sie an, schreiben Sie, fragen Sie &#8211; <strong data-start=\"1242\" data-end=\"1292\">wir sind vom ersten Schritt an auf Ihrer Seite<\/strong>.<\/p>","protected":false},"excerpt":{"rendered":"<p>Programme Programm Aktive Spielpl\u00e4tze 2025 Details pr\u00fcfen Programm &#8222;Aktivit\u00e4t f\u00fcr alle&#8220; Sport- und Freizeitangebote vor Ort Details pr\u00fcfen Programm F\u00f6rderung des Sports f\u00fcr Menschen mit Behinderungen Details pr\u00fcfen Programm Bau von Orlik-Sportkomplexen Ausgabe 2025 Details pr\u00fcfen Wie k\u00f6nnen wir Ihnen helfen? Die Umsetzung eines Projekts mit F\u00f6rdermitteln ist f\u00fcr viele lokale Beh\u00f6rden und Institutionen eine [&hellip;]<\/p>\n","protected":false},"author":7,"featured_media":0,"parent":0,"menu_order":0,"comment_status":"closed","ping_status":"closed","template":"","meta":{"_acf_changed":false,"footnotes":""},"class_list":["post-186272","page","type-page","status-publish","hentry"],"acf":[],"yoast_head":"<!-- This site is optimized with the Yoast SEO plugin v26.4 - https:\/\/yoast.com\/wordpress\/plugins\/seo\/ -->\n<title>Finanzierung - Freekids.pl<\/title>\n<meta name=\"robots\" content=\"index, follow, max-snippet:-1, max-image-preview:large, max-video-preview:-1\" \/>\n<link rel=\"canonical\" href=\"https:\/\/freekids.pl\/de\/finanzierung\/\" \/>\n<meta property=\"og:locale\" content=\"de_DE\" \/>\n<meta property=\"og:type\" content=\"article\" \/>\n<meta property=\"og:title\" content=\"Finanzierung - Freekids.pl\" \/>\n<meta property=\"og:description\" content=\"Programme Programm Aktive Spielpl\u00e4tze 2025 Details pr\u00fcfen Programm &#8222;Aktivit\u00e4t f\u00fcr alle&#8220; Sport- und Freizeitangebote vor Ort Details pr\u00fcfen Programm F\u00f6rderung des Sports f\u00fcr Menschen mit Behinderungen Details pr\u00fcfen Programm Bau von Orlik-Sportkomplexen Ausgabe 2025 Details pr\u00fcfen Wie k\u00f6nnen wir Ihnen helfen? Die Umsetzung eines Projekts mit F\u00f6rdermitteln ist f\u00fcr viele lokale Beh\u00f6rden und Institutionen eine [&hellip;]\" \/>\n<meta property=\"og:url\" content=\"https:\/\/freekids.pl\/de\/finanzierung\/\" \/>\n<meta property=\"og:site_name\" content=\"FreeKids Playgrounds | Sport | Urban Furniture\" \/>\n<meta property=\"article:modified_time\" content=\"2025-10-17T12:36:56+00:00\" \/>\n<meta name=\"twitter:card\" content=\"summary_large_image\" \/>\n<meta name=\"twitter:label1\" content=\"Gesch\u00e4tzte Lesezeit\" \/>\n\t<meta name=\"twitter:data1\" content=\"1\u00a0Minute\" \/>\n<script type=\"application\/ld+json\" class=\"yoast-schema-graph\">{\"@context\":\"https:\/\/schema.org\",\"@graph\":[{\"@type\":\"WebPage\",\"@id\":\"https:\/\/freekids.pl\/de\/finanzierung\/\",\"url\":\"https:\/\/freekids.pl\/de\/finanzierung\/\",\"name\":\"Finanzierung - Freekids.pl\",\"isPartOf\":{\"@id\":\"https:\/\/freekids.pl\/de\/#website\"},\"datePublished\":\"2025-04-01T09:16:47+00:00\",\"dateModified\":\"2025-10-17T12:36:56+00:00\",\"breadcrumb\":{\"@id\":\"https:\/\/freekids.pl\/de\/finanzierung\/#breadcrumb\"},\"inLanguage\":\"de\",\"potentialAction\":[{\"@type\":\"ReadAction\",\"target\":[\"https:\/\/freekids.pl\/de\/finanzierung\/\"]}]},{\"@type\":\"BreadcrumbList\",\"@id\":\"https:\/\/freekids.pl\/de\/finanzierung\/#breadcrumb\",\"itemListElement\":[{\"@type\":\"ListItem\",\"position\":1,\"name\":\"Strona g\u0142\u00f3wna\",\"item\":\"https:\/\/freekids.pl\/de\/\"},{\"@type\":\"ListItem\",\"position\":2,\"name\":\"Finanzierung\"}]},{\"@type\":\"WebSite\",\"@id\":\"https:\/\/freekids.pl\/de\/#website\",\"url\":\"https:\/\/freekids.pl\/de\/\",\"name\":\"FreeKids Playgrounds | Sport | Urban Furniture\",\"description\":\"Dream it, do it !\",\"potentialAction\":[{\"@type\":\"SearchAction\",\"target\":{\"@type\":\"EntryPoint\",\"urlTemplate\":\"https:\/\/freekids.pl\/de\/?s={search_term_string}\"},\"query-input\":{\"@type\":\"PropertyValueSpecification\",\"valueRequired\":true,\"valueName\":\"search_term_string\"}}],\"inLanguage\":\"de\"}]}<\/script>\n<!-- \/ Yoast SEO plugin. -->","yoast_head_json":{"title":"Finanzierung - Freekids.pl","robots":{"index":"index","follow":"follow","max-snippet":"max-snippet:-1","max-image-preview":"max-image-preview:large","max-video-preview":"max-video-preview:-1"},"canonical":"https:\/\/freekids.pl\/de\/finanzierung\/","og_locale":"de_DE","og_type":"article","og_title":"Finanzierung - Freekids.pl","og_description":"Programme Programm Aktive Spielpl\u00e4tze 2025 Details pr\u00fcfen Programm &#8222;Aktivit\u00e4t f\u00fcr alle&#8220; Sport- und Freizeitangebote vor Ort Details pr\u00fcfen Programm F\u00f6rderung des Sports f\u00fcr Menschen mit Behinderungen Details pr\u00fcfen Programm Bau von Orlik-Sportkomplexen Ausgabe 2025 Details pr\u00fcfen Wie k\u00f6nnen wir Ihnen helfen? Die Umsetzung eines Projekts mit F\u00f6rdermitteln ist f\u00fcr viele lokale Beh\u00f6rden und Institutionen eine [&hellip;]","og_url":"https:\/\/freekids.pl\/de\/finanzierung\/","og_site_name":"FreeKids Playgrounds | Sport | Urban Furniture","article_modified_time":"2025-10-17T12:36:56+00:00","twitter_card":"summary_large_image","twitter_misc":{"Gesch\u00e4tzte Lesezeit":"1\u00a0Minute"},"schema":{"@context":"https:\/\/schema.org","@graph":[{"@type":"WebPage","@id":"https:\/\/freekids.pl\/de\/finanzierung\/","url":"https:\/\/freekids.pl\/de\/finanzierung\/","name":"Finanzierung - Freekids.pl","isPartOf":{"@id":"https:\/\/freekids.pl\/de\/#website"},"datePublished":"2025-04-01T09:16:47+00:00","dateModified":"2025-10-17T12:36:56+00:00","breadcrumb":{"@id":"https:\/\/freekids.pl\/de\/finanzierung\/#breadcrumb"},"inLanguage":"de","potentialAction":[{"@type":"ReadAction","target":["https:\/\/freekids.pl\/de\/finanzierung\/"]}]},{"@type":"BreadcrumbList","@id":"https:\/\/freekids.pl\/de\/finanzierung\/#breadcrumb","itemListElement":[{"@type":"ListItem","position":1,"name":"Strona g\u0142\u00f3wna","item":"https:\/\/freekids.pl\/de\/"},{"@type":"ListItem","position":2,"name":"Finanzierung"}]},{"@type":"WebSite","@id":"https:\/\/freekids.pl\/de\/#website","url":"https:\/\/freekids.pl\/de\/","name":"FreeKids Playgrounds | Sport | Urban Furniture","description":"Dream it, do it !","potentialAction":[{"@type":"SearchAction","target":{"@type":"EntryPoint","urlTemplate":"https:\/\/freekids.pl\/de\/?s={search_term_string}"},"query-input":{"@type":"PropertyValueSpecification","valueRequired":true,"valueName":"search_term_string"}}],"inLanguage":"de"}]}},"_links":{"self":[{"href":"https:\/\/freekids.pl\/de\/wp-json\/wp\/v2\/pages\/186272","targetHints":{"allow":["GET"]}}],"collection":[{"href":"https:\/\/freekids.pl\/de\/wp-json\/wp\/v2\/pages"}],"about":[{"href":"https:\/\/freekids.pl\/de\/wp-json\/wp\/v2\/types\/page"}],"author":[{"embeddable":true,"href":"https:\/\/freekids.pl\/de\/wp-json\/wp\/v2\/users\/7"}],"replies":[{"embeddable":true,"href":"https:\/\/freekids.pl\/de\/wp-json\/wp\/v2\/comments?post=186272"}],"version-history":[{"count":3,"href":"https:\/\/freekids.pl\/de\/wp-json\/wp\/v2\/pages\/186272\/revisions"}],"predecessor-version":[{"id":199553,"href":"https:\/\/freekids.pl\/de\/wp-json\/wp\/v2\/pages\/186272\/revisions\/199553"}],"wp:attachment":[{"href":"https:\/\/freekids.pl\/de\/wp-json\/wp\/v2\/media?parent=186272"}],"curies":[{"name":"wp","href":"https:\/\/api.w.org\/{rel}","templated":true}]}}