{"id":186298,"date":"2025-04-01T12:42:09","date_gmt":"2025-04-01T10:42:09","guid":{"rendered":"https:\/\/freekids.pl\/programm-fuer-den-bau-von-orlik-sportanlagen-ausgabe-2025\/"},"modified":"2025-10-17T14:34:47","modified_gmt":"2025-10-17T12:34:47","slug":"programm-fuer-den-bau-von-orlik-sportanlagen-ausgabe-2025","status":"publish","type":"page","link":"https:\/\/freekids.pl\/de\/programm-fuer-den-bau-von-orlik-sportanlagen-ausgabe-2025\/","title":{"rendered":"Programm f\u00fcr den Bau von Orlik-Sportanlagen &#8211; Ausgabe 2025"},"content":{"rendered":"<p><img loading=\"lazy\" decoding=\"async\" class=\"aligncenter wp-image-186934 size-full\" src=\"https:\/\/freekids.pl\/wp-content\/uploads\/2025\/04\/DJI_0865-scaled.jpg\" alt=\"Adler\" width=\"2560\" height=\"1440\" srcset=\"https:\/\/freekids.pl\/wp-content\/uploads\/2025\/04\/DJI_0865-scaled.jpg 2560w, https:\/\/freekids.pl\/wp-content\/uploads\/2025\/04\/DJI_0865-300x169.jpg 300w, https:\/\/freekids.pl\/wp-content\/uploads\/2025\/04\/DJI_0865-1024x576.jpg 1024w, https:\/\/freekids.pl\/wp-content\/uploads\/2025\/04\/DJI_0865-768x432.jpg 768w, https:\/\/freekids.pl\/wp-content\/uploads\/2025\/04\/DJI_0865-1536x864.jpg 1536w, https:\/\/freekids.pl\/wp-content\/uploads\/2025\/04\/DJI_0865-2048x1152.jpg 2048w, https:\/\/freekids.pl\/wp-content\/uploads\/2025\/04\/DJI_0865-800x450.jpg 800w, https:\/\/freekids.pl\/wp-content\/uploads\/2025\/04\/DJI_0865-64x36.jpg 64w\" sizes=\"auto, (max-width: 2560px) 100vw, 2560px\" \/><\/p>\n<h2>FreeKids &#8211; Ihr Partner im Programm zum Aufbau von Adlern<\/h2>\n<p><span style=\"font-weight: 400;\">Das Bauprogramm Eagles 2025 zielt darauf ab, moderne Sportkomplexe zu schaffen, die allen Einwohnern zug\u00e4nglich sind und die k\u00f6rperliche Aktivit\u00e4t und die Integration in die Gemeinschaft f\u00f6rdern. Im Rahmen des Programms ist es m\u00f6glich, Finanzmittel f\u00fcr den Bau von Fu\u00dfballpl\u00e4tzen, Multifunktionspl\u00e4tzen, Sanit\u00e4r- und Umkleideeinrichtungen, Beleuchtung und Umz\u00e4unung des Komplexes zu erhalten. Es ist auch m\u00f6glich, das Projekt um zus\u00e4tzliche Einrichtungen wie einen Skatepark, einen Pumptrack oder einen Spielplatz zu erweitern. Die H\u00f6he der Finanzierung kann je nach Umfang der Investition bis zu 2,8 Millionen PLN betragen.   <\/span><\/p>\n<h3>Wie k\u00f6nnen wir bei der Umsetzung des Programms helfen?<\/h3>\n<p><span style=\"font-weight: 400;\">\u2714\ufe0f <\/span><b>Umfassende Planung<\/b><span style=\"font-weight: 400;\"> &#8211; Wir unterst\u00fctzen Sie bei der Planung von Sportanlagen, die alle Anforderungen des Programms erf\u00fcllen, einschlie\u00dflich Fu\u00dfballpl\u00e4tze, Mehrzweckpl\u00e4tze, Sanit\u00e4r- und Umkleider\u00e4ume sowie die erforderlichen Installationen (Beleuchtung, Z\u00e4une, Fahrradst\u00e4nder).<\/span><\/p>\n<p><span style=\"font-weight: 400;\">\u2714\ufe0f <\/span><b>Optionale Sporteinrichtungen<\/b><span style=\"font-weight: 400;\"> &#8211; Im Rahmen des Programms helfen wir dabei, zus\u00e4tzliche Einrichtungen wie einen Skatepark, einen Pumptrack oder Sportpl\u00e4tze zu errichten, je nach den lokalen Bed\u00fcrfnissen.<\/span><\/p>\n<p><span style=\"font-weight: 400;\">\u2714\ufe0f <\/span><b>Unterst\u00fctzung bei der Beantragung von Zusch\u00fcssen<\/b><span style=\"font-weight: 400;\"> &#8211; Unsere Experten unterst\u00fctzen Sie bei der Vorbereitung des Antrags und erleichtern Ihnen so die Beantragung von F\u00f6rdermitteln in H\u00f6he von bis zu 70% der Investitionskosten.<\/span><\/p>\n<h3>Warum FreeKids?<\/h3>\n<p><span style=\"font-weight: 400;\">Mit mehr als 15 Jahren Erfahrung in Projekten in Polen und im Ausland, <\/span><b>FreeKids<\/b><span style=\"font-weight: 400;\">  bietet Ihnen einen kompletten Service &#8211; vom Entwurf bis zur Fertigstellung. Wir gew\u00e4hrleisten hohe Qualit\u00e4t, P\u00fcnktlichkeit und engen Kontakt durch unsere engagierten Handwerker in jeder Provinz. Kontaktieren Sie uns, um herauszufinden, wie wir Ihnen helfen k\u00f6nnen, Ihr Eagles-Projekt zu verwirklichen! <\/span><\/p>\n","protected":false},"excerpt":{"rendered":"<p>FreeKids &#8211; Ihr Partner im Programm zum Aufbau von Adlern Das Bauprogramm Eagles 2025 zielt darauf ab, moderne Sportkomplexe zu schaffen, die allen Einwohnern zug\u00e4nglich sind und die k\u00f6rperliche Aktivit\u00e4t und die Integration in die Gemeinschaft f\u00f6rdern. Im Rahmen des Programms ist es m\u00f6glich, Finanzmittel f\u00fcr den Bau von Fu\u00dfballpl\u00e4tzen, Multifunktionspl\u00e4tzen, Sanit\u00e4r- und Umkleideeinrichtungen, Beleuchtung [&hellip;]<\/p>\n","protected":false},"author":7,"featured_media":0,"parent":0,"menu_order":0,"comment_status":"closed","ping_status":"closed","template":"","meta":{"_acf_changed":false,"ep_exclude_from_search":false,"footnotes":""},"class_list":["post-186298","page","type-page","status-publish","hentry"],"acf":[],"yoast_head":"<!-- This site is optimized with the Yoast SEO plugin v27.4 - https:\/\/yoast.com\/product\/yoast-seo-wordpress\/ -->\n<title>Programm f\u00fcr den Bau von Orlik-Sportanlagen - Ausgabe 2025 - Freekids.pl<\/title>\n<meta name=\"robots\" content=\"index, follow, max-snippet:-1, max-image-preview:large, max-video-preview:-1\" \/>\n<link rel=\"canonical\" href=\"https:\/\/freekids.pl\/de\/programm-fuer-den-bau-von-orlik-sportanlagen-ausgabe-2025\/\" \/>\n<meta property=\"og:locale\" content=\"de_DE\" \/>\n<meta property=\"og:type\" content=\"article\" \/>\n<meta property=\"og:title\" content=\"Programm f\u00fcr den Bau von Orlik-Sportanlagen - Ausgabe 2025 - Freekids.pl\" \/>\n<meta property=\"og:description\" content=\"FreeKids &#8211; Ihr Partner im Programm zum Aufbau von Adlern Das Bauprogramm Eagles 2025 zielt darauf ab, moderne Sportkomplexe zu schaffen, die allen Einwohnern zug\u00e4nglich sind und die k\u00f6rperliche Aktivit\u00e4t und die Integration in die Gemeinschaft f\u00f6rdern. Im Rahmen des Programms ist es m\u00f6glich, Finanzmittel f\u00fcr den Bau von Fu\u00dfballpl\u00e4tzen, Multifunktionspl\u00e4tzen, Sanit\u00e4r- und Umkleideeinrichtungen, Beleuchtung [&hellip;]\" \/>\n<meta property=\"og:url\" content=\"https:\/\/freekids.pl\/de\/programm-fuer-den-bau-von-orlik-sportanlagen-ausgabe-2025\/\" \/>\n<meta property=\"og:site_name\" content=\"FreeKids Playgrounds | Sport | Urban Furniture\" \/>\n<meta property=\"article:modified_time\" content=\"2025-10-17T12:34:47+00:00\" \/>\n<meta property=\"og:image\" content=\"https:\/\/freekids.pl\/wp-content\/uploads\/2025\/04\/DJI_0865-scaled.jpg\" \/>\n<meta name=\"twitter:card\" content=\"summary_large_image\" \/>\n<meta name=\"twitter:label1\" content=\"Gesch\u00e4tzte Lesezeit\" \/>\n\t<meta name=\"twitter:data1\" content=\"1\u00a0Minute\" \/>\n<script type=\"application\/ld+json\" class=\"yoast-schema-graph\">{\"@context\":\"https:\\\/\\\/schema.org\",\"@graph\":[{\"@type\":\"WebPage\",\"@id\":\"https:\\\/\\\/freekids.pl\\\/de\\\/programm-fuer-den-bau-von-orlik-sportanlagen-ausgabe-2025\\\/\",\"url\":\"https:\\\/\\\/freekids.pl\\\/de\\\/programm-fuer-den-bau-von-orlik-sportanlagen-ausgabe-2025\\\/\",\"name\":\"Programm f\u00fcr den Bau von Orlik-Sportanlagen - Ausgabe 2025 - Freekids.pl\",\"isPartOf\":{\"@id\":\"https:\\\/\\\/freekids.pl\\\/de\\\/#website\"},\"primaryImageOfPage\":{\"@id\":\"https:\\\/\\\/freekids.pl\\\/de\\\/programm-fuer-den-bau-von-orlik-sportanlagen-ausgabe-2025\\\/#primaryimage\"},\"image\":{\"@id\":\"https:\\\/\\\/freekids.pl\\\/de\\\/programm-fuer-den-bau-von-orlik-sportanlagen-ausgabe-2025\\\/#primaryimage\"},\"thumbnailUrl\":\"https:\\\/\\\/freekids.pl\\\/wp-content\\\/uploads\\\/2025\\\/04\\\/DJI_0865-scaled.jpg\",\"datePublished\":\"2025-04-01T10:42:09+00:00\",\"dateModified\":\"2025-10-17T12:34:47+00:00\",\"breadcrumb\":{\"@id\":\"https:\\\/\\\/freekids.pl\\\/de\\\/programm-fuer-den-bau-von-orlik-sportanlagen-ausgabe-2025\\\/#breadcrumb\"},\"inLanguage\":\"de\",\"potentialAction\":[{\"@type\":\"ReadAction\",\"target\":[\"https:\\\/\\\/freekids.pl\\\/de\\\/programm-fuer-den-bau-von-orlik-sportanlagen-ausgabe-2025\\\/\"]}]},{\"@type\":\"ImageObject\",\"inLanguage\":\"de\",\"@id\":\"https:\\\/\\\/freekids.pl\\\/de\\\/programm-fuer-den-bau-von-orlik-sportanlagen-ausgabe-2025\\\/#primaryimage\",\"url\":\"https:\\\/\\\/freekids.pl\\\/wp-content\\\/uploads\\\/2025\\\/04\\\/DJI_0865-scaled.jpg\",\"contentUrl\":\"https:\\\/\\\/freekids.pl\\\/wp-content\\\/uploads\\\/2025\\\/04\\\/DJI_0865-scaled.jpg\"},{\"@type\":\"BreadcrumbList\",\"@id\":\"https:\\\/\\\/freekids.pl\\\/de\\\/programm-fuer-den-bau-von-orlik-sportanlagen-ausgabe-2025\\\/#breadcrumb\",\"itemListElement\":[{\"@type\":\"ListItem\",\"position\":1,\"name\":\"Strona g\u0142\u00f3wna\",\"item\":\"https:\\\/\\\/freekids.pl\\\/de\\\/\"},{\"@type\":\"ListItem\",\"position\":2,\"name\":\"Programm f\u00fcr den Bau von Orlik-Sportanlagen &#8211; Ausgabe 2025\"}]},{\"@type\":\"WebSite\",\"@id\":\"https:\\\/\\\/freekids.pl\\\/de\\\/#website\",\"url\":\"https:\\\/\\\/freekids.pl\\\/de\\\/\",\"name\":\"FreeKids Playgrounds | Sport | Urban Furniture\",\"description\":\"Dream it, do it !\",\"potentialAction\":[{\"@type\":\"SearchAction\",\"target\":{\"@type\":\"EntryPoint\",\"urlTemplate\":\"https:\\\/\\\/freekids.pl\\\/de\\\/?s={search_term_string}\"},\"query-input\":{\"@type\":\"PropertyValueSpecification\",\"valueRequired\":true,\"valueName\":\"search_term_string\"}}],\"inLanguage\":\"de\"}]}<\/script>\n<!-- \/ Yoast SEO plugin. -->","yoast_head_json":{"title":"Programm f\u00fcr den Bau von Orlik-Sportanlagen - Ausgabe 2025 - Freekids.pl","robots":{"index":"index","follow":"follow","max-snippet":"max-snippet:-1","max-image-preview":"max-image-preview:large","max-video-preview":"max-video-preview:-1"},"canonical":"https:\/\/freekids.pl\/de\/programm-fuer-den-bau-von-orlik-sportanlagen-ausgabe-2025\/","og_locale":"de_DE","og_type":"article","og_title":"Programm f\u00fcr den Bau von Orlik-Sportanlagen - Ausgabe 2025 - Freekids.pl","og_description":"FreeKids &#8211; Ihr Partner im Programm zum Aufbau von Adlern Das Bauprogramm Eagles 2025 zielt darauf ab, moderne Sportkomplexe zu schaffen, die allen Einwohnern zug\u00e4nglich sind und die k\u00f6rperliche Aktivit\u00e4t und die Integration in die Gemeinschaft f\u00f6rdern. Im Rahmen des Programms ist es m\u00f6glich, Finanzmittel f\u00fcr den Bau von Fu\u00dfballpl\u00e4tzen, Multifunktionspl\u00e4tzen, Sanit\u00e4r- und Umkleideeinrichtungen, Beleuchtung [&hellip;]","og_url":"https:\/\/freekids.pl\/de\/programm-fuer-den-bau-von-orlik-sportanlagen-ausgabe-2025\/","og_site_name":"FreeKids Playgrounds | Sport | Urban Furniture","article_modified_time":"2025-10-17T12:34:47+00:00","og_image":[{"url":"https:\/\/freekids.pl\/wp-content\/uploads\/2025\/04\/DJI_0865-scaled.jpg","type":"","width":"","height":""}],"twitter_card":"summary_large_image","twitter_misc":{"Gesch\u00e4tzte Lesezeit":"1\u00a0Minute"},"schema":{"@context":"https:\/\/schema.org","@graph":[{"@type":"WebPage","@id":"https:\/\/freekids.pl\/de\/programm-fuer-den-bau-von-orlik-sportanlagen-ausgabe-2025\/","url":"https:\/\/freekids.pl\/de\/programm-fuer-den-bau-von-orlik-sportanlagen-ausgabe-2025\/","name":"Programm f\u00fcr den Bau von Orlik-Sportanlagen - Ausgabe 2025 - Freekids.pl","isPartOf":{"@id":"https:\/\/freekids.pl\/de\/#website"},"primaryImageOfPage":{"@id":"https:\/\/freekids.pl\/de\/programm-fuer-den-bau-von-orlik-sportanlagen-ausgabe-2025\/#primaryimage"},"image":{"@id":"https:\/\/freekids.pl\/de\/programm-fuer-den-bau-von-orlik-sportanlagen-ausgabe-2025\/#primaryimage"},"thumbnailUrl":"https:\/\/freekids.pl\/wp-content\/uploads\/2025\/04\/DJI_0865-scaled.jpg","datePublished":"2025-04-01T10:42:09+00:00","dateModified":"2025-10-17T12:34:47+00:00","breadcrumb":{"@id":"https:\/\/freekids.pl\/de\/programm-fuer-den-bau-von-orlik-sportanlagen-ausgabe-2025\/#breadcrumb"},"inLanguage":"de","potentialAction":[{"@type":"ReadAction","target":["https:\/\/freekids.pl\/de\/programm-fuer-den-bau-von-orlik-sportanlagen-ausgabe-2025\/"]}]},{"@type":"ImageObject","inLanguage":"de","@id":"https:\/\/freekids.pl\/de\/programm-fuer-den-bau-von-orlik-sportanlagen-ausgabe-2025\/#primaryimage","url":"https:\/\/freekids.pl\/wp-content\/uploads\/2025\/04\/DJI_0865-scaled.jpg","contentUrl":"https:\/\/freekids.pl\/wp-content\/uploads\/2025\/04\/DJI_0865-scaled.jpg"},{"@type":"BreadcrumbList","@id":"https:\/\/freekids.pl\/de\/programm-fuer-den-bau-von-orlik-sportanlagen-ausgabe-2025\/#breadcrumb","itemListElement":[{"@type":"ListItem","position":1,"name":"Strona g\u0142\u00f3wna","item":"https:\/\/freekids.pl\/de\/"},{"@type":"ListItem","position":2,"name":"Programm f\u00fcr den Bau von Orlik-Sportanlagen &#8211; Ausgabe 2025"}]},{"@type":"WebSite","@id":"https:\/\/freekids.pl\/de\/#website","url":"https:\/\/freekids.pl\/de\/","name":"FreeKids Playgrounds | Sport | Urban Furniture","description":"Dream it, do it !","potentialAction":[{"@type":"SearchAction","target":{"@type":"EntryPoint","urlTemplate":"https:\/\/freekids.pl\/de\/?s={search_term_string}"},"query-input":{"@type":"PropertyValueSpecification","valueRequired":true,"valueName":"search_term_string"}}],"inLanguage":"de"}]}},"_links":{"self":[{"href":"https:\/\/freekids.pl\/de\/wp-json\/wp\/v2\/pages\/186298","targetHints":{"allow":["GET"]}}],"collection":[{"href":"https:\/\/freekids.pl\/de\/wp-json\/wp\/v2\/pages"}],"about":[{"href":"https:\/\/freekids.pl\/de\/wp-json\/wp\/v2\/types\/page"}],"author":[{"embeddable":true,"href":"https:\/\/freekids.pl\/de\/wp-json\/wp\/v2\/users\/7"}],"replies":[{"embeddable":true,"href":"https:\/\/freekids.pl\/de\/wp-json\/wp\/v2\/comments?post=186298"}],"version-history":[{"count":3,"href":"https:\/\/freekids.pl\/de\/wp-json\/wp\/v2\/pages\/186298\/revisions"}],"predecessor-version":[{"id":186957,"href":"https:\/\/freekids.pl\/de\/wp-json\/wp\/v2\/pages\/186298\/revisions\/186957"}],"wp:attachment":[{"href":"https:\/\/freekids.pl\/de\/wp-json\/wp\/v2\/media?parent=186298"}],"curies":[{"name":"wp","href":"https:\/\/api.w.org\/{rel}","templated":true}]}}