{"id":186304,"date":"2025-04-01T12:36:13","date_gmt":"2025-04-01T10:36:13","guid":{"rendered":"https:\/\/freekids.pl\/programm-zur-foerderung-des-sports-fuer-menschen-mit-behinderungen\/"},"modified":"2025-10-17T14:36:20","modified_gmt":"2025-10-17T12:36:20","slug":"programm-zur-foerderung-des-sports-fuer-menschen-mit-behinderungen","status":"publish","type":"page","link":"https:\/\/freekids.pl\/de\/programm-zur-foerderung-des-sports-fuer-menschen-mit-behinderungen\/","title":{"rendered":"Programm zur F\u00f6rderung des Sports f\u00fcr Menschen mit Behinderungen"},"content":{"rendered":"<p><img loading=\"lazy\" decoding=\"async\" class=\"aligncenter wp-image-182337 size-full\" src=\"https:\/\/freekids.pl\/wp-content\/uploads\/2025\/01\/wdsci02_sciezka_sensoryczna_-_wiz.4.jpg-scaled.jpg\" alt=\"\" width=\"2560\" height=\"1945\" srcset=\"https:\/\/freekids.pl\/wp-content\/uploads\/2025\/01\/wdsci02_sciezka_sensoryczna_-_wiz.4.jpg-scaled.jpg 2560w, https:\/\/freekids.pl\/wp-content\/uploads\/2025\/01\/wdsci02_sciezka_sensoryczna_-_wiz.4.jpg-300x228.jpg 300w, https:\/\/freekids.pl\/wp-content\/uploads\/2025\/01\/wdsci02_sciezka_sensoryczna_-_wiz.4.jpg-scaled-800x608.jpg 800w, https:\/\/freekids.pl\/wp-content\/uploads\/2025\/01\/wdsci02_sciezka_sensoryczna_-_wiz.4.jpg-scaled-64x49.jpg 64w, https:\/\/freekids.pl\/wp-content\/uploads\/2025\/01\/wdsci02_sciezka_sensoryczna_-_wiz.4.jpg-1024x778.jpg 1024w, https:\/\/freekids.pl\/wp-content\/uploads\/2025\/01\/wdsci02_sciezka_sensoryczna_-_wiz.4.jpg-768x584.jpg 768w, https:\/\/freekids.pl\/wp-content\/uploads\/2025\/01\/wdsci02_sciezka_sensoryczna_-_wiz.4.jpg-1536x1167.jpg 1536w, https:\/\/freekids.pl\/wp-content\/uploads\/2025\/01\/wdsci02_sciezka_sensoryczna_-_wiz.4.jpg-2048x1556.jpg 2048w\" sizes=\"auto, (max-width: 2560px) 100vw, 2560px\" \/><\/p>\n<h2>FreeKids &#8211; Ihre Unterst\u00fctzung f\u00fcr das Programm zur F\u00f6rderung des Sports f\u00fcr Menschen mit Behinderungen<\/h2>\n<p><span style=\"font-weight: 400;\">Das Programm zur F\u00f6rderung des Sports f\u00fcr Menschen mit Behinderungen mit einem Budget von 35.000.000 PLN ist ein wichtiges Instrument zur Unterst\u00fctzung der sportlichen Integration. Das Programm richtet sich an Nichtregierungsorganisationen, Sportvereine und lokale Beh\u00f6rden und bietet Finanzmittel f\u00fcr den Kauf von Spezialausr\u00fcstung, die Organisation von Sportveranstaltungen und die Anpassung der Infrastruktur, wie Rampen, Umkleider\u00e4ume oder Toiletten, die an die Bed\u00fcrfnisse von Menschen mit Behinderungen angepasst sind. <\/span><\/p>\n<h3>Wie k\u00f6nnen wir bei der Umsetzung des Programms helfen?<\/h3>\n<p><span style=\"font-weight: 400;\">\u2714\ufe0f <\/span><b>Kauf von Ausr\u00fcstung f\u00fcr verschiedene Behinderungen<\/b><span style=\"font-weight: 400;\"> &#8211; Wir bieten eine breite Palette von Sportger\u00e4ten an, die den Bed\u00fcrfnissen von Menschen mit unterschiedlichen Behinderungen entsprechen und so den Zugang zu k\u00f6rperlicher Aktivit\u00e4t f\u00fcr alle gew\u00e4hrleisten.<\/span><\/p>\n<p><span style=\"font-weight: 400;\">\u2714\ufe0f <\/span><b>Anpassung der Infrastruktur<\/b><span style=\"font-weight: 400;\"> &#8211; Wir helfen bei der Anpassung der bestehenden Infrastruktur, einschlie\u00dflich der Installation von Rampen, der Anpassung von Umkleider\u00e4umen und Toiletten, um sie f\u00fcr Menschen mit Behinderungen vollst\u00e4ndig zug\u00e4nglich und komfortabel zu machen.<\/span><\/p>\n<p><span style=\"font-weight: 400;\">\u2714\ufe0f <\/span><b>Organisation von Sportveranstaltungen und Camps<\/b><span style=\"font-weight: 400;\"> &#8211; Wir unterst\u00fctzen die Organisation von Sportveranstaltungen und -camps, die die k\u00f6rperliche Aktivit\u00e4t von Menschen mit Behinderungen f\u00f6rdern und einen Raum f\u00fcr Integration und sportlichen Wettbewerb schaffen.<\/span><\/p>\n<p><span style=\"font-weight: 400;\">\u2714\ufe0f <\/span><b>Niedrige Schwelle f\u00fcr den Eigenbeitrag<\/b><span style=\"font-weight: 400;\"> &#8211; Das Programm bietet eine niedrige Schwelle f\u00fcr einen Eigenbeitrag von nur 5%, der durch die Arbeit von Freiwilligen oder die Bereitstellung von Infrastrukturen abgedeckt werden kann.<\/span><\/p>\n<h3>Warum FreeKids?<\/h3>\n<p><span style=\"font-weight: 400;\">Mit mehr als 15 Jahren Erfahrung in der Durchf\u00fchrung von Sportprojekten in Polen, <\/span><b>FreeKids<\/b><span style=\"font-weight: 400;\">  ist Experte f\u00fcr die Schaffung barrierefreier und inklusiver Sportr\u00e4ume. Unsere L\u00f6sungen sind auf die Bed\u00fcrfnisse von Menschen mit einer Reihe von Behinderungen zugeschnitten und gew\u00e4hrleisten Sicherheit und Komfort. Mit engagierten Handwerkern in jeder Provinz bieten wir umfassende Unterst\u00fctzung bei der Beantragung von F\u00f6rdermitteln und der Projektumsetzung. Kontaktieren Sie uns, um herauszufinden, wie wir Ihr Projekt durch das Programm unterst\u00fctzen k\u00f6nnen!   <\/span><\/p>\n","protected":false},"excerpt":{"rendered":"<p>FreeKids &#8211; Ihre Unterst\u00fctzung f\u00fcr das Programm zur F\u00f6rderung des Sports f\u00fcr Menschen mit Behinderungen Das Programm zur F\u00f6rderung des Sports f\u00fcr Menschen mit Behinderungen mit einem Budget von 35.000.000 PLN ist ein wichtiges Instrument zur Unterst\u00fctzung der sportlichen Integration. Das Programm richtet sich an Nichtregierungsorganisationen, Sportvereine und lokale Beh\u00f6rden und bietet Finanzmittel f\u00fcr den [&hellip;]<\/p>\n","protected":false},"author":7,"featured_media":0,"parent":0,"menu_order":0,"comment_status":"closed","ping_status":"closed","template":"","meta":{"_acf_changed":false,"footnotes":""},"class_list":["post-186304","page","type-page","status-publish","hentry"],"acf":[],"yoast_head":"<!-- This site is optimized with the Yoast SEO plugin v26.4 - https:\/\/yoast.com\/wordpress\/plugins\/seo\/ -->\n<title>Programm zur F\u00f6rderung des Sports f\u00fcr Menschen mit Behinderungen - Freekids.pl<\/title>\n<meta name=\"robots\" content=\"index, follow, max-snippet:-1, max-image-preview:large, max-video-preview:-1\" \/>\n<link rel=\"canonical\" href=\"https:\/\/freekids.pl\/de\/programm-zur-foerderung-des-sports-fuer-menschen-mit-behinderungen\/\" \/>\n<meta property=\"og:locale\" content=\"de_DE\" \/>\n<meta property=\"og:type\" content=\"article\" \/>\n<meta property=\"og:title\" content=\"Programm zur F\u00f6rderung des Sports f\u00fcr Menschen mit Behinderungen - Freekids.pl\" \/>\n<meta property=\"og:description\" content=\"FreeKids &#8211; Ihre Unterst\u00fctzung f\u00fcr das Programm zur F\u00f6rderung des Sports f\u00fcr Menschen mit Behinderungen Das Programm zur F\u00f6rderung des Sports f\u00fcr Menschen mit Behinderungen mit einem Budget von 35.000.000 PLN ist ein wichtiges Instrument zur Unterst\u00fctzung der sportlichen Integration. Das Programm richtet sich an Nichtregierungsorganisationen, Sportvereine und lokale Beh\u00f6rden und bietet Finanzmittel f\u00fcr den [&hellip;]\" \/>\n<meta property=\"og:url\" content=\"https:\/\/freekids.pl\/de\/programm-zur-foerderung-des-sports-fuer-menschen-mit-behinderungen\/\" \/>\n<meta property=\"og:site_name\" content=\"FreeKids Playgrounds | Sport | Urban Furniture\" \/>\n<meta property=\"article:modified_time\" content=\"2025-10-17T12:36:20+00:00\" \/>\n<meta property=\"og:image\" content=\"https:\/\/freekids.pl\/wp-content\/uploads\/2025\/01\/wdsci02_sciezka_sensoryczna_-_wiz.4.jpg-scaled.jpg\" \/>\n<meta name=\"twitter:card\" content=\"summary_large_image\" \/>\n<meta name=\"twitter:label1\" content=\"Gesch\u00e4tzte Lesezeit\" \/>\n\t<meta name=\"twitter:data1\" content=\"2\u00a0Minuten\" \/>\n<script type=\"application\/ld+json\" class=\"yoast-schema-graph\">{\"@context\":\"https:\/\/schema.org\",\"@graph\":[{\"@type\":\"WebPage\",\"@id\":\"https:\/\/freekids.pl\/de\/programm-zur-foerderung-des-sports-fuer-menschen-mit-behinderungen\/\",\"url\":\"https:\/\/freekids.pl\/de\/programm-zur-foerderung-des-sports-fuer-menschen-mit-behinderungen\/\",\"name\":\"Programm zur F\u00f6rderung des Sports f\u00fcr Menschen mit Behinderungen - Freekids.pl\",\"isPartOf\":{\"@id\":\"https:\/\/freekids.pl\/de\/#website\"},\"primaryImageOfPage\":{\"@id\":\"https:\/\/freekids.pl\/de\/programm-zur-foerderung-des-sports-fuer-menschen-mit-behinderungen\/#primaryimage\"},\"image\":{\"@id\":\"https:\/\/freekids.pl\/de\/programm-zur-foerderung-des-sports-fuer-menschen-mit-behinderungen\/#primaryimage\"},\"thumbnailUrl\":\"https:\/\/freekids.pl\/wp-content\/uploads\/2025\/01\/wdsci02_sciezka_sensoryczna_-_wiz.4.jpg-scaled.jpg\",\"datePublished\":\"2025-04-01T10:36:13+00:00\",\"dateModified\":\"2025-10-17T12:36:20+00:00\",\"breadcrumb\":{\"@id\":\"https:\/\/freekids.pl\/de\/programm-zur-foerderung-des-sports-fuer-menschen-mit-behinderungen\/#breadcrumb\"},\"inLanguage\":\"de\",\"potentialAction\":[{\"@type\":\"ReadAction\",\"target\":[\"https:\/\/freekids.pl\/de\/programm-zur-foerderung-des-sports-fuer-menschen-mit-behinderungen\/\"]}]},{\"@type\":\"ImageObject\",\"inLanguage\":\"de\",\"@id\":\"https:\/\/freekids.pl\/de\/programm-zur-foerderung-des-sports-fuer-menschen-mit-behinderungen\/#primaryimage\",\"url\":\"https:\/\/freekids.pl\/wp-content\/uploads\/2025\/01\/wdsci02_sciezka_sensoryczna_-_wiz.4.jpg-scaled.jpg\",\"contentUrl\":\"https:\/\/freekids.pl\/wp-content\/uploads\/2025\/01\/wdsci02_sciezka_sensoryczna_-_wiz.4.jpg-scaled.jpg\"},{\"@type\":\"BreadcrumbList\",\"@id\":\"https:\/\/freekids.pl\/de\/programm-zur-foerderung-des-sports-fuer-menschen-mit-behinderungen\/#breadcrumb\",\"itemListElement\":[{\"@type\":\"ListItem\",\"position\":1,\"name\":\"Strona g\u0142\u00f3wna\",\"item\":\"https:\/\/freekids.pl\/de\/\"},{\"@type\":\"ListItem\",\"position\":2,\"name\":\"Programm zur F\u00f6rderung des Sports f\u00fcr Menschen mit Behinderungen\"}]},{\"@type\":\"WebSite\",\"@id\":\"https:\/\/freekids.pl\/de\/#website\",\"url\":\"https:\/\/freekids.pl\/de\/\",\"name\":\"FreeKids Playgrounds | Sport | Urban Furniture\",\"description\":\"Dream it, do it !\",\"potentialAction\":[{\"@type\":\"SearchAction\",\"target\":{\"@type\":\"EntryPoint\",\"urlTemplate\":\"https:\/\/freekids.pl\/de\/?s={search_term_string}\"},\"query-input\":{\"@type\":\"PropertyValueSpecification\",\"valueRequired\":true,\"valueName\":\"search_term_string\"}}],\"inLanguage\":\"de\"}]}<\/script>\n<!-- \/ Yoast SEO plugin. -->","yoast_head_json":{"title":"Programm zur F\u00f6rderung des Sports f\u00fcr Menschen mit Behinderungen - Freekids.pl","robots":{"index":"index","follow":"follow","max-snippet":"max-snippet:-1","max-image-preview":"max-image-preview:large","max-video-preview":"max-video-preview:-1"},"canonical":"https:\/\/freekids.pl\/de\/programm-zur-foerderung-des-sports-fuer-menschen-mit-behinderungen\/","og_locale":"de_DE","og_type":"article","og_title":"Programm zur F\u00f6rderung des Sports f\u00fcr Menschen mit Behinderungen - Freekids.pl","og_description":"FreeKids &#8211; Ihre Unterst\u00fctzung f\u00fcr das Programm zur F\u00f6rderung des Sports f\u00fcr Menschen mit Behinderungen Das Programm zur F\u00f6rderung des Sports f\u00fcr Menschen mit Behinderungen mit einem Budget von 35.000.000 PLN ist ein wichtiges Instrument zur Unterst\u00fctzung der sportlichen Integration. Das Programm richtet sich an Nichtregierungsorganisationen, Sportvereine und lokale Beh\u00f6rden und bietet Finanzmittel f\u00fcr den [&hellip;]","og_url":"https:\/\/freekids.pl\/de\/programm-zur-foerderung-des-sports-fuer-menschen-mit-behinderungen\/","og_site_name":"FreeKids Playgrounds | Sport | Urban Furniture","article_modified_time":"2025-10-17T12:36:20+00:00","og_image":[{"url":"https:\/\/freekids.pl\/wp-content\/uploads\/2025\/01\/wdsci02_sciezka_sensoryczna_-_wiz.4.jpg-scaled.jpg","type":"","width":"","height":""}],"twitter_card":"summary_large_image","twitter_misc":{"Gesch\u00e4tzte Lesezeit":"2\u00a0Minuten"},"schema":{"@context":"https:\/\/schema.org","@graph":[{"@type":"WebPage","@id":"https:\/\/freekids.pl\/de\/programm-zur-foerderung-des-sports-fuer-menschen-mit-behinderungen\/","url":"https:\/\/freekids.pl\/de\/programm-zur-foerderung-des-sports-fuer-menschen-mit-behinderungen\/","name":"Programm zur F\u00f6rderung des Sports f\u00fcr Menschen mit Behinderungen - Freekids.pl","isPartOf":{"@id":"https:\/\/freekids.pl\/de\/#website"},"primaryImageOfPage":{"@id":"https:\/\/freekids.pl\/de\/programm-zur-foerderung-des-sports-fuer-menschen-mit-behinderungen\/#primaryimage"},"image":{"@id":"https:\/\/freekids.pl\/de\/programm-zur-foerderung-des-sports-fuer-menschen-mit-behinderungen\/#primaryimage"},"thumbnailUrl":"https:\/\/freekids.pl\/wp-content\/uploads\/2025\/01\/wdsci02_sciezka_sensoryczna_-_wiz.4.jpg-scaled.jpg","datePublished":"2025-04-01T10:36:13+00:00","dateModified":"2025-10-17T12:36:20+00:00","breadcrumb":{"@id":"https:\/\/freekids.pl\/de\/programm-zur-foerderung-des-sports-fuer-menschen-mit-behinderungen\/#breadcrumb"},"inLanguage":"de","potentialAction":[{"@type":"ReadAction","target":["https:\/\/freekids.pl\/de\/programm-zur-foerderung-des-sports-fuer-menschen-mit-behinderungen\/"]}]},{"@type":"ImageObject","inLanguage":"de","@id":"https:\/\/freekids.pl\/de\/programm-zur-foerderung-des-sports-fuer-menschen-mit-behinderungen\/#primaryimage","url":"https:\/\/freekids.pl\/wp-content\/uploads\/2025\/01\/wdsci02_sciezka_sensoryczna_-_wiz.4.jpg-scaled.jpg","contentUrl":"https:\/\/freekids.pl\/wp-content\/uploads\/2025\/01\/wdsci02_sciezka_sensoryczna_-_wiz.4.jpg-scaled.jpg"},{"@type":"BreadcrumbList","@id":"https:\/\/freekids.pl\/de\/programm-zur-foerderung-des-sports-fuer-menschen-mit-behinderungen\/#breadcrumb","itemListElement":[{"@type":"ListItem","position":1,"name":"Strona g\u0142\u00f3wna","item":"https:\/\/freekids.pl\/de\/"},{"@type":"ListItem","position":2,"name":"Programm zur F\u00f6rderung des Sports f\u00fcr Menschen mit Behinderungen"}]},{"@type":"WebSite","@id":"https:\/\/freekids.pl\/de\/#website","url":"https:\/\/freekids.pl\/de\/","name":"FreeKids Playgrounds | Sport | Urban Furniture","description":"Dream it, do it !","potentialAction":[{"@type":"SearchAction","target":{"@type":"EntryPoint","urlTemplate":"https:\/\/freekids.pl\/de\/?s={search_term_string}"},"query-input":{"@type":"PropertyValueSpecification","valueRequired":true,"valueName":"search_term_string"}}],"inLanguage":"de"}]}},"_links":{"self":[{"href":"https:\/\/freekids.pl\/de\/wp-json\/wp\/v2\/pages\/186304","targetHints":{"allow":["GET"]}}],"collection":[{"href":"https:\/\/freekids.pl\/de\/wp-json\/wp\/v2\/pages"}],"about":[{"href":"https:\/\/freekids.pl\/de\/wp-json\/wp\/v2\/types\/page"}],"author":[{"embeddable":true,"href":"https:\/\/freekids.pl\/de\/wp-json\/wp\/v2\/users\/7"}],"replies":[{"embeddable":true,"href":"https:\/\/freekids.pl\/de\/wp-json\/wp\/v2\/comments?post=186304"}],"version-history":[{"count":1,"href":"https:\/\/freekids.pl\/de\/wp-json\/wp\/v2\/pages\/186304\/revisions"}],"predecessor-version":[{"id":199552,"href":"https:\/\/freekids.pl\/de\/wp-json\/wp\/v2\/pages\/186304\/revisions\/199552"}],"wp:attachment":[{"href":"https:\/\/freekids.pl\/de\/wp-json\/wp\/v2\/media?parent=186304"}],"curies":[{"name":"wp","href":"https:\/\/api.w.org\/{rel}","templated":true}]}}