{"id":199569,"date":"2024-08-13T17:12:15","date_gmt":"2024-08-13T15:12:15","guid":{"rendered":"https:\/\/freekids.pl\/datenschutzbestimmungen\/"},"modified":"2025-10-17T14:37:56","modified_gmt":"2025-10-17T12:37:56","slug":"datenschutzbestimmungen","status":"publish","type":"page","link":"https:\/\/freekids.pl\/de\/datenschutzbestimmungen\/","title":{"rendered":"Datenschutzbestimmungen"},"content":{"rendered":"\n<p>Der Schutz der Privatsph\u00e4re der Nutzer ist f\u00fcr <strong>FREEKIDS S.C. ARTUR G\u0104SIOREK, ZBIGNIEW ANDRUSZEWSKI<\/strong> besonders wichtig. Aus diesem Grund wird den Nutzern der Website <strong>www.freekids.pl<\/strong> ein hoher Standard beim Schutz der Privatsph\u00e4re garantiert. Als Datenverwalter k\u00fcmmert sich <strong>FREEKIDS S.C. ARTUR G\u0104SIOREK, ZBIGNIEW ANDRUSZEWSKI<\/strong> um die Sicherheit der von den Nutzern bereitgestellten Daten. <\/p>\n\n<p>Es ist auch das Ziel des Administrators, die Nutzer ordnungsgem\u00e4\u00df \u00fcber ihre Rechte und Pflichten in Bezug auf die Verarbeitung personenbezogener Daten zu informieren, insbesondere im Hinblick auf den Inhalt der Datenschutzbestimmungen, die in der Verordnung (EU) 2016\/679 des Europ\u00e4ischen Parlaments und des Rates vom 27.04.2016 zum Schutz nat\u00fcrlicher Personen bei der Verarbeitung personenbezogener Daten, zum freien Datenverkehr und zur Aufhebung der Richtlinie 95\/46\/EG (im Folgenden &#8222;RODO&#8220;) festgelegt sind. Um die Privatsph\u00e4re der Nutzer der Website zu sch\u00fctzen, informiert der Administrator daher in diesem Dokument \u00fcber die Rechtsgrundlage f\u00fcr die Verarbeitung personenbezogener Daten, die von den Nutzern im Zusammenhang mit der Nutzung der Website <strong>www.freekids.pl<\/strong> <em>(im Folgenden die &#8222;Website&#8220;)<\/em> zur Verf\u00fcgung gestellt werden, \u00fcber die Methoden der Erhebung, Verarbeitung und des Schutzes personenbezogener Daten sowie \u00fcber die Rechte der Nutzer.  <\/p>\n\n<p>Ein Nutzer ist jede nat\u00fcrliche Person, auf die sich die Daten beziehen, die die Website <strong>www.freekids.pl<\/strong> oder die \u00fcber die Website verf\u00fcgbaren elektronischen Dienste nutzt.<\/p>\n\n<p>Der Verwalter der vom Nutzer auf der Website <strong>www.freekids.pl<\/strong> bereitgestellten personenbezogenen Daten ist <strong>FREEKIDS S.C. ARTUR G\u0104SIOREK, ZBIGNIEW ANDRUSZEWSKI, Trz\u0119sowice 32, 55-106 Zawonia, NIP 9151766609, <\/strong><em>(im Folgenden &#8222;Verwalter&#8220; genannt)<\/em>.<\/p>\n\n<ol class=\"wp-block-list\">\n<li><strong>ZUSTIMMUNG DES NUTZERS<\/strong><br\/>Die Nutzung von <strong>www.freekids.pl<\/strong> durch den Nutzer bedeutet, dass der Nutzer akzeptiert, dass der Administrator personenbezogene Daten in \u00dcbereinstimmung mit dieser Datenschutzrichtlinie sammelt und verwendet Die personenbezogenen Daten des Nutzers des Dienstes werden vom Administrator auf der Grundlage der Zustimmung des Nutzers und in bestimmten, hier beschriebenen F\u00e4llen im Rahmen des berechtigten Interesses des Administrators verarbeitet. Der Nutzer hat das Recht, seine zuvor erteilte Zustimmung jederzeit zu widerrufen. Der Widerruf der Zustimmung ber\u00fchrt nicht die Rechtm\u00e4\u00dfigkeit der Verarbeitung, die auf der Grundlage der Zustimmung vor dem Widerruf erfolgt ist. Sollte es eine \u00c4nderung dieser Datenschutzerkl\u00e4rung geben und der Nutzer den Dienst weiterhin nutzen, gilt dies als Zustimmung zu den aktuellen Bedingungen der Datenschutzerkl\u00e4rung.  <\/li>\n\n\n\n<li><strong>VOM F\u00dcR DIE VERARBEITUNG VERANTWORTLICHEN VERARBEITETE PERSONENBEZOGENE DATEN<\/strong>\n<ol class=\"wp-block-list\">\n<li><strong>Methode zur Beschaffung personenbezogener Daten<\/strong><br\/>Der Administrator erh\u00e4lt personenbezogene Daten direkt vom Nutzer \u00fcber die Website, indem der Nutzer das auf der Website verf\u00fcgbare Kontaktformular ausf\u00fcllt und eine Nachricht an den Administrator sendet.die Angabe der im Kontaktformular enthaltenen personenbezogenen Daten ist freiwillig.<\/li>\n\n\n\n<li><strong>Arten der verarbeiteten personenbezogenen Daten<\/strong><br>Der Administrator sammelt die folgenden personenbezogenen Daten des Nutzers \u00fcber den Service:\n<ol class=\"wp-block-list\">\n<li>Name;<\/li>\n\n\n\n<li>E-Mail Adresse;<\/li>\n\n\n\n<li>Rufnummer;<\/li>\n\n\n\n<li>Adresse;<\/li>\n\n\n\n<li>Inhalt der Nachricht;<\/li>\n\n\n\n<li>Name des Unternehmens.<\/li>\n<\/ol>\n<\/li>\n<\/ol>\n<\/li>\n\n\n\n<li><strong>ZWECKE DER VERARBEITUNG PERSONENBEZOGENER DATEN<\/strong><br>Die Art und Weise, in der der Verwalter die Daten des Nutzers verarbeitet, h\u00e4ngt von der Nutzung der Website durch den Nutzer und den darin verf\u00fcgbaren Funktionalit\u00e4ten ab. Der Administrator verarbeitet die personenbezogenen Daten des Nutzers f\u00fcr die folgenden Zwecke: <ol><li><strong>Kommunikation mit dem Benutzer.<\/strong>  Der Administrator verwendet die pers\u00f6nlichen Daten des Nutzers, um mit dem Nutzer auf personalisierte Weise zu kommunizieren. Die Informationen, die dem Nutzer mitgeteilt werden, betreffen die angebotenen Produkte oder Dienstleistungen, die Sicherheit der pers\u00f6nlichen Daten, Netzwerk-Updates, Erinnerungen, aber auch vorgeschlagene Angebote des Administrators oder seiner Partner. Die Kommunikation mit dem Benutzer bezieht sich auch auf den Service des Benutzers. Personenbezogene Daten werden verwendet, um den Nutzer zu unterst\u00fctzen, technische Probleme zu l\u00f6sen und auf Beschwerden oder Anspr\u00fcche des Nutzers zu reagieren.   <strong>Dem Nutzer kommerzielle Angebote auf elektronischem Wege zukommen zu lassen.<\/strong>Der Zweck der Verwendung der personenbezogenen Daten des Nutzers, die dieser \u00fcber das auf der Website verf\u00fcgbare Kontaktformular zur Verf\u00fcgung stellt, ist die Marketingkommunikation, die der Verwalter im Rahmen seiner Gesch\u00e4ftst\u00e4tigkeit durchf\u00fchrt, insbesondere die Pr\u00e4sentation kommerzieller Angebote an den Nutzer auf elektronischem Wege.<strong>Unterbreiten Sie dem Nutzer per Telefon kommerzielle Angebote.<\/strong>  Der Zweck der Verwendung der personenbezogenen Daten des Nutzers, die dieser \u00fcber das auf der Website verf\u00fcgbare Kontaktformular zur Verf\u00fcgung stellt, ist die Marketingkommunikation, die der Administrator im Rahmen seiner Gesch\u00e4ftst\u00e4tigkeit durchf\u00fchrt, insbesondere indem er dem Nutzer in einem telefonischen Kontakt Handelsangebote pr\u00e4sentiert. Der Verwalter verwendet die personenbezogenen Daten des Nutzers, um dem Nutzer die M\u00f6glichkeit zu geben, <strong>Kommentare\/Meinungen<\/strong>zu den Aktivit\u00e4ten, Dienstleistungen oder Produkten des Verwalters oder der mit ihm kooperierenden Unternehmen abzugeben.<\/li><\/ol>Der Administrator kann die im Kontaktformular angegebenen personenbezogenen Daten des Nutzers auch f\u00fcr die folgenden Zwecke verarbeiten:\n<ol class=\"wp-block-list\">\n<li>um einen m\u00f6glichen Vertrag zwischen dem Nutzer und dem Verwalter abzuschlie\u00dfen und zu erf\u00fcllen und um den Nutzer als Kunden des Verwalters gem\u00e4\u00df Artikel 6 Absatz 1 Buchstabe b der RODO zu bedienen;  <\/li>\n\n\n\n<li>um finanzielle Abrechnungen mit dem Nutzer, der Kunde des Verwalters ist, zum Zwecke der Erf\u00fcllung eines etwaigen zwischen den Parteien geschlossenen Vertrages sowie einer etwaigen Forderung des Nutzers, der Kunde ist, im Rahmen des berechtigten Interesses des Verwalters gem\u00e4\u00df Artikel 6 Absatz 1 Buchstabe f) RODO und zur Erf\u00fcllung der gesetzlichen Verpflichtungen des Verwalters gegen\u00fcber den Steuerbeh\u00f6rden auf der Grundlage gesonderter Regelungen gem\u00e4\u00df Artikel 6 Absatz 1 Buchstabe c) RODO durchzuf\u00fchren;    <\/li>\n\n\n\n<li>zum Zweck der Durchf\u00fchrung der Marketingaktivit\u00e4ten des Verwalters im Rahmen des berechtigten Interesses des Verwalters im Sinne von Artikel 6(1)(f) der DSGVO und in \u00dcbereinstimmung mit den gegen\u00fcber dem Verwalter abgegebenen Willenserkl\u00e4rungen bez\u00fcglich Marketingkommunikation. Zustimmungen, die in Bezug auf Marketingkommunikation erteilt wurden (z.B. f\u00fcr die Zusendung kommerzieller Informationen per E-Mail oder telefonischen Kontakt zu Direktmarketingzwecken), k\u00f6nnen jederzeit widerrufen werden, ohne dass die Rechtm\u00e4\u00dfigkeit der Verarbeitung, die auf der Grundlage der Zustimmung vor deren Widerruf erfolgte, beeintr\u00e4chtigt wird;   <\/li>\n\n\n\n<li>um die in der RODO festgelegten rechtlichen Verpflichtungen des Administrators gegen\u00fcber dem Nutzer im Sinne von Artikel 6(1)(c) der RODO zu erf\u00fcllen.  <\/li>\n<\/ol>\n<\/li>\n\n\n\n<li>WEITERGABE <strong>PERSONENBEZOGENER DATEN<\/strong><br>Ihre pers\u00f6nlichen Daten werden oder k\u00f6nnen an die folgenden Kategorien von Empf\u00e4ngern weitergegeben werden:\n<ol class=\"wp-block-list\">\n<li>externe Vertriebsgesellschaften.<\/li>\n<\/ol>\n<\/li>\n\n\n\n<li><strong>BENUTZERRECHTE<\/strong>\n<ol class=\"wp-block-list\">\n<li><strong>Rechte des Nutzers<\/strong><br\/>Dem Nutzer steht in jeder Phase der Verarbeitung seiner Daten eine Reihe von Rechten zu, die es ihm erm\u00f6glichen, auf seine Daten zuzugreifen, die Richtigkeit der Datenverarbeitung zu \u00fcberpr\u00fcfen, die Daten zu berichtigen sowie das Recht, der Datenverarbeitung zu widersprechen, die L\u00f6schung der Daten, die Einschr\u00e4nkung der Datenverarbeitung oder die \u00dcbertragung der Daten zu verlangen.Wenn der Nutzer seine Rechte als Betroffener wahrnehmen m\u00f6chte, kann er sich unter den folgenden Kontaktdaten an den Administrator wenden: <strong>FREEKIDS S.C. ARTUR G\u0104SIOREK, ZBIGNIEW ANDRUSZEWSKI, Trz\u0119sowice 32, 55-106 Zawonia, <a href=\"mailto:u.semeniuk@freekids.pl\">u.semeniuk@freekids.pl.<\/a><\/strong><\/li>\n\n\n\n<li><strong>Recht auf Beschwerde bei der Aufsichtsbeh\u00f6rde<\/strong><br\/>Der Nutzer, dessen personenbezogene Daten von dem f\u00fcr die Verarbeitung Verantwortlichen verarbeitet werden, hat das Recht, eine Beschwerde bei der f\u00fcr den Schutz personenbezogener Daten zust\u00e4ndigen Aufsichtsbeh\u00f6rde (Pr\u00e4sident des Amtes f\u00fcr den Schutz personenbezogener Daten) einzureichen.<\/li>\n<\/ol>\n<\/li>\n\n\n\n<li><strong>COOKIES<\/strong>\n<ol class=\"wp-block-list\">\n<li>Der Administrator informiert, dass w\u00e4hrend der Nutzung der Website kurze Textinformationen, sogenannte &#8222;Cookies&#8220;, auf dem Endger\u00e4t des Nutzers gespeichert werden. Die &#8222;Cookies&#8220;-Dateien enthalten IT-Daten wie: die IP-Adresse des Nutzers, den Namen der Website, von der sie stammen, die Zeit, in der sie auf dem Endger\u00e4t des Nutzers gespeichert werden, die Aufzeichnung von Parametern und Statistiken sowie eine eindeutige Nummer. Die Cookies werden \u00fcber den auf dem Endger\u00e4t des Nutzers installierten Webbrowser an den Server des Dienstes weitergeleitet. Cookies werden auf der Website verwendet, um:     <ol><li>die technische Korrektheit und Kontinuit\u00e4t der Sitzung zwischen dem Service-Server und dem Endger\u00e4t des Nutzers zu gew\u00e4hrleisten;<\/li><li>die Optimierung der Nutzung der Seiten der Website durch den Nutzer und die Anpassung der Darstellung auf den Endger\u00e4ten des Nutzers;<\/li><li>die sichere Nutzung der Website zu gew\u00e4hrleisten;<\/li><li>Statistiken \u00fcber die Besuche auf den Seiten der Website zu sammeln, um deren Struktur und Inhalt zu verbessern;<\/li><li>auf dem Endger\u00e4t des Nutzers Werbeinhalte anzuzeigen, die optimal auf die Pr\u00e4ferenzen des Nutzers zugeschnitten sind.<\/li><\/ol>  Im Rahmen des Dienstes werden zwei Arten von &#8222;Cookies&#8220; verwendet: &#8222;Session&#8220; und &#8222;permanente&#8220;. &#8222;Session&#8220;-Cookies&#8220; sind Dateien, die automatisch vom Endger\u00e4t des Nutzers gel\u00f6scht werden, nachdem sich der Nutzer vom Dienst abgemeldet hat oder nachdem er die Websites des Dienstes verlassen oder den Internetbrowser ausgeschaltet hat. &#8222;Permanente&#8220; &#8222;Cookies&#8220; werden auf dem Endger\u00e4t des Nutzers f\u00fcr die in den Parametern der &#8222;Cookies&#8220; angegebene Zeit oder bis zu ihrer L\u00f6schung durch den Nutzer gespeichert. &#8222;Permanente&#8220; &#8222;Cookies&#8220; werden auf dem Endger\u00e4t des Nutzers nur mit dessen Zustimmung installiert. Der Administrator informiert dar\u00fcber:      <ol><li>Internetbrowser akzeptieren standardm\u00e4\u00dfig die Installation von &#8222;Cookies&#8220; auf dem Endger\u00e4t des Benutzers. Jeder Nutzer der Website kann jederzeit die Einstellungen bez\u00fcglich der &#8222;Cookies&#8220;-Dateien in dem von ihm verwendeten Internetbrowser so \u00e4ndern, dass der Browser die &#8222;Cookies&#8220;-Dateien automatisch blockiert oder den Nutzer jedes Mal dar\u00fcber informiert, wenn sie in seinem Endger\u00e4t platziert werden. Detaillierte Informationen \u00fcber die M\u00f6glichkeit und die Methoden der Handhabung von &#8222;Cookies&#8220; sind in den Einstellungen des vom Nutzer der Website verwendeten Internetbrowsers verf\u00fcgbar.  <\/li><li>Die Einschr\u00e4nkung der Verwendung von Cookies durch den Nutzer kann sich negativ auf die Korrektheit und Kontinuit\u00e4t der Bereitstellung der Dienste auf der Website auswirken.<\/li><\/ol>  Cookies, die auf dem Endger\u00e4t des Nutzers des Dienstes installiert sind, k\u00f6nnen von Werbetreibenden oder Gesch\u00e4ftspartnern, die mit dem Administrator zusammenarbeiten, verwendet werden.<br\/>Cookies k\u00f6nnen nur in Verbindung mit anderen Daten zur Identifizierung der Identit\u00e4t, die dem Administrator vom Nutzer w\u00e4hrend der Nutzung des Dienstes zur Verf\u00fcgung gestellt werden, als personenbezogene Daten angesehen werden.<br\/>Nur der Administrator hat Zugriff auf die vom Server des Dienstes verarbeiteten Cookies.<br\/>Wenn der Nutzer nicht damit einverstanden ist, Informationen in Cookies zu speichern und zu erhalten, kann er die Regeln bez\u00fcglich Cookies \u00fcber die Einstellungen seines Webbrowsers \u00e4ndern.<\/li>\n<\/ol>\n<\/li>\n\n\n\n<li><strong>ANDERE WICHTIGE INFORMATIONEN<\/strong>\n<ol class=\"wp-block-list\">\n<li><strong>Sicherheit der pers\u00f6nlichen Daten<\/strong><br\/>Der Administrator ergreift geeignete Ma\u00dfnahmen, um die Sicherheit der pers\u00f6nlichen Daten des Nutzers zu gew\u00e4hrleisten. Die sichere Nutzung der Website wird durch die Systeme und Verfahren gew\u00e4hrleistet, die zum Schutz vor dem Zugriff und der Weitergabe von Daten an Unbefugte eingesetzt werden. Dar\u00fcber hinaus werden die vom Administrator verwendeten Systeme und Verfahren regelm\u00e4\u00dfig \u00fcberwacht, um m\u00f6gliche Bedrohungen zu erkennen. Die vom Administrator erhaltenen pers\u00f6nlichen Daten werden in Computersystemen gespeichert, zu denen der Zugang streng begrenzt ist.   <\/li>\n\n\n\n<li><strong>Speicherung personenbezogener Daten<\/strong><br\/>Die Dauer der Speicherung der personenbezogenen Daten der Nutzer h\u00e4ngt von den Zwecken der Verarbeitung durch den Administrator ab.<br\/>Der Administrator speichert personenbezogene Daten so lange, wie es zur Erreichung der angegebenen Zwecke erforderlich ist, d.h.:<ul><li>f\u00fcr die Dauer der Gesch\u00e4ftst\u00e4tigkeit des Verwalters.<\/li><\/ul>  In jedem der oben genannten F\u00e4lle d\u00fcrfen die Daten nach Ablauf des erforderlichen Verarbeitungszeitraums nur zum Zwecke der Geltendmachung von Anspr\u00fcchen vor dem Hintergrund des Verh\u00e4ltnisses zwischen den Parteien verarbeitet werden, bis diese Anspr\u00fcche auf rechtlichem Wege endg\u00fcltig gekl\u00e4rt sind.<\/li>\n\n\n\n<li><strong>\u00c4nderungen<\/strong> der Datenschutzrichtlinie<br\/>Um die in dieser Datenschutzrichtlinie enthaltenen Informationen zu aktualisieren und sie mit den geltenden Gesetzen in Einklang zu bringen, kann diese Datenschutzrichtlinie ge\u00e4ndert werden. Wenn der Inhalt der Datenschutzrichtlinie ge\u00e4ndert wird, wird das am Ende des Textes angegebene Aktualisierungsdatum ge\u00e4ndert. Um sich \u00fcber den Schutz personenbezogener Daten zu informieren, empfiehlt der Administrator den Nutzern, die Bestimmungen der Datenschutzrichtlinie regelm\u00e4\u00dfig zu lesen.  <\/li>\n\n\n\n<li><strong>Kontaktinformationen<\/strong><br\/>Bei Fragen zu dieser Datenschutzrichtlinie kann sich der Nutzer an den Verwalter der pers\u00f6nlichen Daten wenden: <strong>FREEKIDS S.C. ARTUR G\u0104SIOREK, ZBIGNIEW ANDRUSZEWSKI, Trz\u0119sowice 32, 55-106 Zawonia, <\/strong>unter den folgenden Kontaktdaten: <strong>u.semeniuk@freekids.pl.Ponadto<\/strong>. Es besteht auch die M\u00f6glichkeit, sich per Post an die Adresse zu wenden: <strong>Trz\u0119sowice 32, 55-106 Zawonia<\/strong>.  <\/li>\n<\/ol>\n<\/li>\n<\/ol>\n\n<p><\/p>\n\n<p>Dieses Dokument wurde zuletzt am 13.07.2018 aktualisiert.<\/p>\n","protected":false},"excerpt":{"rendered":"<p>Der Schutz der Privatsph\u00e4re der Nutzer ist f\u00fcr FREEKIDS S.C. ARTUR G\u0104SIOREK, ZBIGNIEW ANDRUSZEWSKI besonders wichtig. Aus diesem Grund wird den Nutzern der Website www.freekids.pl ein hoher Standard beim Schutz der Privatsph\u00e4re garantiert. Als Datenverwalter k\u00fcmmert sich FREEKIDS S.C. ARTUR G\u0104SIOREK, ZBIGNIEW ANDRUSZEWSKI um die Sicherheit der von den Nutzern bereitgestellten Daten. Es ist auch [&hellip;]<\/p>\n","protected":false},"author":1,"featured_media":0,"parent":0,"menu_order":0,"comment_status":"closed","ping_status":"closed","template":"page-templates\/page-sidebar-none.php","meta":{"_acf_changed":false,"ep_exclude_from_search":false,"footnotes":""},"class_list":["post-199569","page","type-page","status-publish","hentry"],"acf":[],"yoast_head":"<!-- This site is optimized with the Yoast SEO plugin v27.4 - https:\/\/yoast.com\/product\/yoast-seo-wordpress\/ -->\n<title>Datenschutzbestimmungen - Freekids.pl<\/title>\n<meta name=\"robots\" content=\"index, follow, max-snippet:-1, max-image-preview:large, max-video-preview:-1\" \/>\n<link rel=\"canonical\" href=\"https:\/\/freekids.pl\/de\/datenschutzbestimmungen\/\" \/>\n<meta property=\"og:locale\" content=\"de_DE\" \/>\n<meta property=\"og:type\" content=\"article\" \/>\n<meta property=\"og:title\" content=\"Datenschutzbestimmungen - Freekids.pl\" \/>\n<meta property=\"og:description\" content=\"Der Schutz der Privatsph\u00e4re der Nutzer ist f\u00fcr FREEKIDS S.C. ARTUR G\u0104SIOREK, ZBIGNIEW ANDRUSZEWSKI besonders wichtig. Aus diesem Grund wird den Nutzern der Website www.freekids.pl ein hoher Standard beim Schutz der Privatsph\u00e4re garantiert. Als Datenverwalter k\u00fcmmert sich FREEKIDS S.C. ARTUR G\u0104SIOREK, ZBIGNIEW ANDRUSZEWSKI um die Sicherheit der von den Nutzern bereitgestellten Daten. Es ist auch [&hellip;]\" \/>\n<meta property=\"og:url\" content=\"https:\/\/freekids.pl\/de\/datenschutzbestimmungen\/\" \/>\n<meta property=\"og:site_name\" content=\"FreeKids Playgrounds | Sport | Urban Furniture\" \/>\n<meta property=\"article:modified_time\" content=\"2025-10-17T12:37:56+00:00\" \/>\n<meta name=\"twitter:card\" content=\"summary_large_image\" \/>\n<meta name=\"twitter:label1\" content=\"Gesch\u00e4tzte Lesezeit\" \/>\n\t<meta name=\"twitter:data1\" content=\"10\u00a0Minuten\" \/>\n<script type=\"application\/ld+json\" class=\"yoast-schema-graph\">{\"@context\":\"https:\\\/\\\/schema.org\",\"@graph\":[{\"@type\":\"WebPage\",\"@id\":\"https:\\\/\\\/freekids.pl\\\/de\\\/datenschutzbestimmungen\\\/\",\"url\":\"https:\\\/\\\/freekids.pl\\\/de\\\/datenschutzbestimmungen\\\/\",\"name\":\"Datenschutzbestimmungen - Freekids.pl\",\"isPartOf\":{\"@id\":\"https:\\\/\\\/freekids.pl\\\/de\\\/#website\"},\"datePublished\":\"2024-08-13T15:12:15+00:00\",\"dateModified\":\"2025-10-17T12:37:56+00:00\",\"breadcrumb\":{\"@id\":\"https:\\\/\\\/freekids.pl\\\/de\\\/datenschutzbestimmungen\\\/#breadcrumb\"},\"inLanguage\":\"de\",\"potentialAction\":[{\"@type\":\"ReadAction\",\"target\":[\"https:\\\/\\\/freekids.pl\\\/de\\\/datenschutzbestimmungen\\\/\"]}]},{\"@type\":\"BreadcrumbList\",\"@id\":\"https:\\\/\\\/freekids.pl\\\/de\\\/datenschutzbestimmungen\\\/#breadcrumb\",\"itemListElement\":[{\"@type\":\"ListItem\",\"position\":1,\"name\":\"Strona g\u0142\u00f3wna\",\"item\":\"https:\\\/\\\/freekids.pl\\\/de\\\/\"},{\"@type\":\"ListItem\",\"position\":2,\"name\":\"Datenschutzbestimmungen\"}]},{\"@type\":\"WebSite\",\"@id\":\"https:\\\/\\\/freekids.pl\\\/de\\\/#website\",\"url\":\"https:\\\/\\\/freekids.pl\\\/de\\\/\",\"name\":\"FreeKids Playgrounds | Sport | Urban Furniture\",\"description\":\"Dream it, do it !\",\"potentialAction\":[{\"@type\":\"SearchAction\",\"target\":{\"@type\":\"EntryPoint\",\"urlTemplate\":\"https:\\\/\\\/freekids.pl\\\/de\\\/?s={search_term_string}\"},\"query-input\":{\"@type\":\"PropertyValueSpecification\",\"valueRequired\":true,\"valueName\":\"search_term_string\"}}],\"inLanguage\":\"de\"}]}<\/script>\n<!-- \/ Yoast SEO plugin. -->","yoast_head_json":{"title":"Datenschutzbestimmungen - Freekids.pl","robots":{"index":"index","follow":"follow","max-snippet":"max-snippet:-1","max-image-preview":"max-image-preview:large","max-video-preview":"max-video-preview:-1"},"canonical":"https:\/\/freekids.pl\/de\/datenschutzbestimmungen\/","og_locale":"de_DE","og_type":"article","og_title":"Datenschutzbestimmungen - Freekids.pl","og_description":"Der Schutz der Privatsph\u00e4re der Nutzer ist f\u00fcr FREEKIDS S.C. ARTUR G\u0104SIOREK, ZBIGNIEW ANDRUSZEWSKI besonders wichtig. Aus diesem Grund wird den Nutzern der Website www.freekids.pl ein hoher Standard beim Schutz der Privatsph\u00e4re garantiert. Als Datenverwalter k\u00fcmmert sich FREEKIDS S.C. ARTUR G\u0104SIOREK, ZBIGNIEW ANDRUSZEWSKI um die Sicherheit der von den Nutzern bereitgestellten Daten. Es ist auch [&hellip;]","og_url":"https:\/\/freekids.pl\/de\/datenschutzbestimmungen\/","og_site_name":"FreeKids Playgrounds | Sport | Urban Furniture","article_modified_time":"2025-10-17T12:37:56+00:00","twitter_card":"summary_large_image","twitter_misc":{"Gesch\u00e4tzte Lesezeit":"10\u00a0Minuten"},"schema":{"@context":"https:\/\/schema.org","@graph":[{"@type":"WebPage","@id":"https:\/\/freekids.pl\/de\/datenschutzbestimmungen\/","url":"https:\/\/freekids.pl\/de\/datenschutzbestimmungen\/","name":"Datenschutzbestimmungen - Freekids.pl","isPartOf":{"@id":"https:\/\/freekids.pl\/de\/#website"},"datePublished":"2024-08-13T15:12:15+00:00","dateModified":"2025-10-17T12:37:56+00:00","breadcrumb":{"@id":"https:\/\/freekids.pl\/de\/datenschutzbestimmungen\/#breadcrumb"},"inLanguage":"de","potentialAction":[{"@type":"ReadAction","target":["https:\/\/freekids.pl\/de\/datenschutzbestimmungen\/"]}]},{"@type":"BreadcrumbList","@id":"https:\/\/freekids.pl\/de\/datenschutzbestimmungen\/#breadcrumb","itemListElement":[{"@type":"ListItem","position":1,"name":"Strona g\u0142\u00f3wna","item":"https:\/\/freekids.pl\/de\/"},{"@type":"ListItem","position":2,"name":"Datenschutzbestimmungen"}]},{"@type":"WebSite","@id":"https:\/\/freekids.pl\/de\/#website","url":"https:\/\/freekids.pl\/de\/","name":"FreeKids Playgrounds | Sport | Urban Furniture","description":"Dream it, do it !","potentialAction":[{"@type":"SearchAction","target":{"@type":"EntryPoint","urlTemplate":"https:\/\/freekids.pl\/de\/?s={search_term_string}"},"query-input":{"@type":"PropertyValueSpecification","valueRequired":true,"valueName":"search_term_string"}}],"inLanguage":"de"}]}},"_links":{"self":[{"href":"https:\/\/freekids.pl\/de\/wp-json\/wp\/v2\/pages\/199569","targetHints":{"allow":["GET"]}}],"collection":[{"href":"https:\/\/freekids.pl\/de\/wp-json\/wp\/v2\/pages"}],"about":[{"href":"https:\/\/freekids.pl\/de\/wp-json\/wp\/v2\/types\/page"}],"author":[{"embeddable":true,"href":"https:\/\/freekids.pl\/de\/wp-json\/wp\/v2\/users\/1"}],"replies":[{"embeddable":true,"href":"https:\/\/freekids.pl\/de\/wp-json\/wp\/v2\/comments?post=199569"}],"version-history":[{"count":1,"href":"https:\/\/freekids.pl\/de\/wp-json\/wp\/v2\/pages\/199569\/revisions"}],"predecessor-version":[{"id":199570,"href":"https:\/\/freekids.pl\/de\/wp-json\/wp\/v2\/pages\/199569\/revisions\/199570"}],"wp:attachment":[{"href":"https:\/\/freekids.pl\/de\/wp-json\/wp\/v2\/media?parent=199569"}],"curies":[{"name":"wp","href":"https:\/\/api.w.org\/{rel}","templated":true}]}}