{"id":191950,"date":"2024-10-23T21:12:17","date_gmt":"2024-10-23T19:12:17","guid":{"rendered":"https:\/\/freekids.pl\/produkt\/max-2\/"},"modified":"2025-10-17T14:56:17","modified_gmt":"2025-10-17T12:56:17","slug":"max-2","status":"publish","type":"product","link":"https:\/\/freekids.pl\/de\/produkt\/max-2\/","title":{"rendered":"MAX 2"},"content":{"rendered":"","protected":false},"excerpt":{"rendered":"<p>Die Anlage in Form eines Aussichtsturms, umgeben von R\u00f6hrenrutschen mit verschiedenen Einstiegsm\u00f6glichkeiten im Inneren. Jede zweite Wand besteht aus perforiertem Blech, das die Sichtbarkeit der Kinder im Inneren der Anlage und die Bel\u00fcftung gew\u00e4hrleistet. Die Aussichtspunkte an den h\u00f6chsten Punkten der Anlage sind gegen\u00fcber der Basis verbreitert, um eine bessere Sicht zu gew\u00e4hrleisten. Der mittlere vertikale Durchgang ist so gestaltet, dass ein Erwachsener ein Kind von ganz oben nach unten bringen kann.   <\/p>\n<div id=\"highlighter--hover-tools\" style=\"display: none;\">\n<div id=\"highlighter--hover-tools--container\">\n<div class=\"highlighter--icon highlighter--icon-copy\" title=\"Kopieren Sie\"><\/div>\n<div class=\"highlighter--icon highlighter--icon-change-color\" title=\"Farbe \u00e4ndern\"><\/div>\n<div class=\"highlighter--icon highlighter--icon-delete\" title=\"L\u00f6schen\"><\/div>\n<\/div>\n<\/div>\n","protected":false},"featured_media":171446,"template":"","meta":{"_acf_changed":false},"product_cat":[550,477,757],"product_tag":[],"class_list":{"0":"post-191950","1":"product","2":"type-product","3":"status-publish","4":"has-post-thumbnail","6":"product_series-max-de","7":"product_group-original-de","8":"product_cat-multifunktionale-sets","9":"product_cat-spielplatze","10":"product_cat-wysokie-konstrukcje-de","12":"first","13":"outofstock","14":"shipping-taxable","15":"purchasable","16":"product-type-simple"},"acf":[],"yoast_head":"<!-- This site is optimized with the Yoast SEO plugin v27.4 - https:\/\/yoast.com\/product\/yoast-seo-wordpress\/ -->\n<title>MAX 2 Spielplatz mit Rutschen - Freekids.pl<\/title>\n<meta name=\"robots\" content=\"index, follow, max-snippet:-1, max-image-preview:large, max-video-preview:-1\" \/>\n<link rel=\"canonical\" href=\"https:\/\/freekids.pl\/de\/produkt\/max-2\/\" \/>\n<meta property=\"og:locale\" content=\"de_DE\" \/>\n<meta property=\"og:type\" content=\"article\" \/>\n<meta property=\"og:title\" content=\"MAX 2 Spielplatz mit Rutschen - Freekids.pl\" \/>\n<meta property=\"og:description\" content=\"Die Anlage in Form eines Aussichtsturms, umgeben von R\u00f6hrenrutschen mit verschiedenen Einstiegsm\u00f6glichkeiten im Inneren. Jede zweite Wand besteht aus perforiertem Blech, das die Sichtbarkeit der Kinder im Inneren der Anlage und die Bel\u00fcftung gew\u00e4hrleistet. Die Aussichtspunkte an den h\u00f6chsten Punkten der Anlage sind gegen\u00fcber der Basis verbreitert, um eine bessere Sicht zu gew\u00e4hrleisten. Der mittlere vertikale Durchgang ist so gestaltet, dass ein Erwachsener ein Kind von ganz oben nach unten bringen kann.\" \/>\n<meta property=\"og:url\" content=\"https:\/\/freekids.pl\/de\/produkt\/max-2\/\" \/>\n<meta property=\"og:site_name\" content=\"FreeKids Playgrounds | Sport | Urban Furniture\" \/>\n<meta property=\"article:modified_time\" content=\"2025-10-17T12:56:17+00:00\" \/>\n<meta property=\"og:image\" content=\"https:\/\/freekids.pl\/wp-content\/uploads\/2025\/01\/0370002_max_nord2_-wiz.1.jpg\" \/>\n\t<meta property=\"og:image:width\" content=\"2000\" \/>\n\t<meta property=\"og:image:height\" content=\"2000\" \/>\n\t<meta property=\"og:image:type\" content=\"image\/jpeg\" \/>\n<meta name=\"twitter:card\" content=\"summary_large_image\" \/>\n<script type=\"application\/ld+json\" class=\"yoast-schema-graph\">{\"@context\":\"https:\\\/\\\/schema.org\",\"@graph\":[{\"@type\":\"WebPage\",\"@id\":\"https:\\\/\\\/freekids.pl\\\/de\\\/produkt\\\/max-2\\\/\",\"url\":\"https:\\\/\\\/freekids.pl\\\/de\\\/produkt\\\/max-2\\\/\",\"name\":\"MAX 2 Spielplatz mit Rutschen - Freekids.pl\",\"isPartOf\":{\"@id\":\"https:\\\/\\\/freekids.pl\\\/de\\\/#website\"},\"primaryImageOfPage\":{\"@id\":\"https:\\\/\\\/freekids.pl\\\/de\\\/produkt\\\/max-2\\\/#primaryimage\"},\"image\":{\"@id\":\"https:\\\/\\\/freekids.pl\\\/de\\\/produkt\\\/max-2\\\/#primaryimage\"},\"thumbnailUrl\":\"https:\\\/\\\/freekids.pl\\\/wp-content\\\/uploads\\\/2025\\\/01\\\/0370002_max_nord2_-wiz.1.jpg\",\"datePublished\":\"2024-10-23T19:12:17+00:00\",\"dateModified\":\"2025-10-17T12:56:17+00:00\",\"breadcrumb\":{\"@id\":\"https:\\\/\\\/freekids.pl\\\/de\\\/produkt\\\/max-2\\\/#breadcrumb\"},\"inLanguage\":\"de\",\"potentialAction\":[{\"@type\":\"ReadAction\",\"target\":[\"https:\\\/\\\/freekids.pl\\\/de\\\/produkt\\\/max-2\\\/\"]}]},{\"@type\":\"ImageObject\",\"inLanguage\":\"de\",\"@id\":\"https:\\\/\\\/freekids.pl\\\/de\\\/produkt\\\/max-2\\\/#primaryimage\",\"url\":\"https:\\\/\\\/freekids.pl\\\/wp-content\\\/uploads\\\/2025\\\/01\\\/0370002_max_nord2_-wiz.1.jpg\",\"contentUrl\":\"https:\\\/\\\/freekids.pl\\\/wp-content\\\/uploads\\\/2025\\\/01\\\/0370002_max_nord2_-wiz.1.jpg\",\"width\":2000,\"height\":2000},{\"@type\":\"BreadcrumbList\",\"@id\":\"https:\\\/\\\/freekids.pl\\\/de\\\/produkt\\\/max-2\\\/#breadcrumb\",\"itemListElement\":[{\"@type\":\"ListItem\",\"position\":1,\"name\":\"Strona g\u0142\u00f3wna\",\"item\":\"https:\\\/\\\/freekids.pl\\\/de\\\/\"},{\"@type\":\"ListItem\",\"position\":2,\"name\":\"Produkte\",\"item\":\"https:\\\/\\\/freekids.pl\\\/de\\\/produkte\\\/\"},{\"@type\":\"ListItem\",\"position\":3,\"name\":\"MAX 2\"}]},{\"@type\":\"WebSite\",\"@id\":\"https:\\\/\\\/freekids.pl\\\/de\\\/#website\",\"url\":\"https:\\\/\\\/freekids.pl\\\/de\\\/\",\"name\":\"FreeKids Playgrounds | Sport | Urban Furniture\",\"description\":\"Dream it, do it !\",\"potentialAction\":[{\"@type\":\"SearchAction\",\"target\":{\"@type\":\"EntryPoint\",\"urlTemplate\":\"https:\\\/\\\/freekids.pl\\\/de\\\/?s={search_term_string}\"},\"query-input\":{\"@type\":\"PropertyValueSpecification\",\"valueRequired\":true,\"valueName\":\"search_term_string\"}}],\"inLanguage\":\"de\"}]}<\/script>\n<!-- \/ Yoast SEO plugin. -->","yoast_head_json":{"title":"MAX 2 Spielplatz mit Rutschen - Freekids.pl","robots":{"index":"index","follow":"follow","max-snippet":"max-snippet:-1","max-image-preview":"max-image-preview:large","max-video-preview":"max-video-preview:-1"},"canonical":"https:\/\/freekids.pl\/de\/produkt\/max-2\/","og_locale":"de_DE","og_type":"article","og_title":"MAX 2 Spielplatz mit Rutschen - Freekids.pl","og_description":"Die Anlage in Form eines Aussichtsturms, umgeben von R\u00f6hrenrutschen mit verschiedenen Einstiegsm\u00f6glichkeiten im Inneren. Jede zweite Wand besteht aus perforiertem Blech, das die Sichtbarkeit der Kinder im Inneren der Anlage und die Bel\u00fcftung gew\u00e4hrleistet. Die Aussichtspunkte an den h\u00f6chsten Punkten der Anlage sind gegen\u00fcber der Basis verbreitert, um eine bessere Sicht zu gew\u00e4hrleisten. Der mittlere vertikale Durchgang ist so gestaltet, dass ein Erwachsener ein Kind von ganz oben nach unten bringen kann.","og_url":"https:\/\/freekids.pl\/de\/produkt\/max-2\/","og_site_name":"FreeKids Playgrounds | Sport | Urban Furniture","article_modified_time":"2025-10-17T12:56:17+00:00","og_image":[{"width":2000,"height":2000,"url":"https:\/\/freekids.pl\/wp-content\/uploads\/2025\/01\/0370002_max_nord2_-wiz.1.jpg","type":"image\/jpeg"}],"twitter_card":"summary_large_image","schema":{"@context":"https:\/\/schema.org","@graph":[{"@type":"WebPage","@id":"https:\/\/freekids.pl\/de\/produkt\/max-2\/","url":"https:\/\/freekids.pl\/de\/produkt\/max-2\/","name":"MAX 2 Spielplatz mit Rutschen - Freekids.pl","isPartOf":{"@id":"https:\/\/freekids.pl\/de\/#website"},"primaryImageOfPage":{"@id":"https:\/\/freekids.pl\/de\/produkt\/max-2\/#primaryimage"},"image":{"@id":"https:\/\/freekids.pl\/de\/produkt\/max-2\/#primaryimage"},"thumbnailUrl":"https:\/\/freekids.pl\/wp-content\/uploads\/2025\/01\/0370002_max_nord2_-wiz.1.jpg","datePublished":"2024-10-23T19:12:17+00:00","dateModified":"2025-10-17T12:56:17+00:00","breadcrumb":{"@id":"https:\/\/freekids.pl\/de\/produkt\/max-2\/#breadcrumb"},"inLanguage":"de","potentialAction":[{"@type":"ReadAction","target":["https:\/\/freekids.pl\/de\/produkt\/max-2\/"]}]},{"@type":"ImageObject","inLanguage":"de","@id":"https:\/\/freekids.pl\/de\/produkt\/max-2\/#primaryimage","url":"https:\/\/freekids.pl\/wp-content\/uploads\/2025\/01\/0370002_max_nord2_-wiz.1.jpg","contentUrl":"https:\/\/freekids.pl\/wp-content\/uploads\/2025\/01\/0370002_max_nord2_-wiz.1.jpg","width":2000,"height":2000},{"@type":"BreadcrumbList","@id":"https:\/\/freekids.pl\/de\/produkt\/max-2\/#breadcrumb","itemListElement":[{"@type":"ListItem","position":1,"name":"Strona g\u0142\u00f3wna","item":"https:\/\/freekids.pl\/de\/"},{"@type":"ListItem","position":2,"name":"Produkte","item":"https:\/\/freekids.pl\/de\/produkte\/"},{"@type":"ListItem","position":3,"name":"MAX 2"}]},{"@type":"WebSite","@id":"https:\/\/freekids.pl\/de\/#website","url":"https:\/\/freekids.pl\/de\/","name":"FreeKids Playgrounds | Sport | Urban Furniture","description":"Dream it, do it !","potentialAction":[{"@type":"SearchAction","target":{"@type":"EntryPoint","urlTemplate":"https:\/\/freekids.pl\/de\/?s={search_term_string}"},"query-input":{"@type":"PropertyValueSpecification","valueRequired":true,"valueName":"search_term_string"}}],"inLanguage":"de"}]}},"_links":{"self":[{"href":"https:\/\/freekids.pl\/de\/wp-json\/wp\/v2\/product\/191950","targetHints":{"allow":["GET"]}}],"collection":[{"href":"https:\/\/freekids.pl\/de\/wp-json\/wp\/v2\/product"}],"about":[{"href":"https:\/\/freekids.pl\/de\/wp-json\/wp\/v2\/types\/product"}],"wp:featuredmedia":[{"embeddable":true,"href":"https:\/\/freekids.pl\/de\/wp-json\/wp\/v2\/media\/171446"}],"wp:attachment":[{"href":"https:\/\/freekids.pl\/de\/wp-json\/wp\/v2\/media?parent=191950"}],"wp:term":[{"taxonomy":"product_cat","embeddable":true,"href":"https:\/\/freekids.pl\/de\/wp-json\/wp\/v2\/product_cat?post=191950"},{"taxonomy":"product_tag","embeddable":true,"href":"https:\/\/freekids.pl\/de\/wp-json\/wp\/v2\/product_tag?post=191950"}],"curies":[{"name":"wp","href":"https:\/\/api.w.org\/{rel}","templated":true}]}}