{"id":191969,"date":"2024-10-23T21:13:35","date_gmt":"2024-10-23T19:13:35","guid":{"rendered":"https:\/\/freekids.pl\/produkt\/kraken-angriff\/"},"modified":"2025-10-17T14:57:40","modified_gmt":"2025-10-17T12:57:40","slug":"kraken-angriff","status":"publish","type":"product","link":"https:\/\/freekids.pl\/de\/produkt\/kraken-angriff\/","title":{"rendered":"Kraken-Angriff"},"content":{"rendered":"","protected":false},"excerpt":{"rendered":"<p>Die Anlage besteht aus einem Kraken und einem sinkenden Schiff. Die krakenf\u00f6rmige Anlage ist kreisf\u00f6rmig angelegt und hat vier Paar Tentakel. Die Tentakel bestehen aus Segmenten, die auf Federn befestigt und mit Seilen miteinander verbunden sind. Der Kopf des Kraken ist mit einer rostfreien, gewundenen R\u00f6hrenrutsche, Plattformen sowie Seilnetzen und Raumseilen ausgestattet. Die Anlage in Form eines gesunkenen Schiffes besteht aus einem leicht zug\u00e4nglichen Bugteil, einem schwer zug\u00e4nglichen Heckteil, Plattformen auf Federn in Form eines Hais und Schiffswracks sowie einem Seilnetz, das einen umgest\u00fcrzten Mast imitiert. Der Bugbereich ist mit einer Treppe, einer schr\u00e4gen Kletterwand, einer Rutsche und einem Seilnetz ausgestattet. Der Heckbereich ist vollst\u00e4ndig in einem Winkel von 20 Grad geneigt. Alle Laufstege und Pf\u00e4hle sollten in einem Winkel ausgef\u00fchrt sein, der ein sinkendes Schiff imitiert. Zus\u00e4tzlich sollten zahlreiche Seilnetze, ein Steuerrad und bewegliche Kanonen zur Ausstattung geh\u00f6ren.        <\/p>\n<div id=\"highlighter--hover-tools\" style=\"display: none;\">\n<div id=\"highlighter--hover-tools--container\">\n<div class=\"highlighter--icon highlighter--icon-copy\" title=\"Kopieren Sie\"><\/div>\n<div class=\"highlighter--icon highlighter--icon-change-color\" title=\"Farbe \u00e4ndern\"><\/div>\n<div class=\"highlighter--icon highlighter--icon-delete\" title=\"L\u00f6schen\"><\/div>\n<\/div>\n<\/div>\n","protected":false},"featured_media":170749,"template":"","meta":{"_acf_changed":false,"ep_exclude_from_search":false},"product_cat":[550,477],"product_tag":[],"class_list":{"0":"post-191969","1":"product","2":"type-product","3":"status-publish","4":"has-post-thumbnail","6":"product_series-by-the-sea-de","7":"product_group-original-de","8":"product_cat-multifunktionale-sets","9":"product_cat-spielplatze","11":"first","12":"outofstock","13":"shipping-taxable","14":"purchasable","15":"product-type-simple"},"acf":[],"yoast_head":"<!-- This site is optimized with the Yoast SEO plugin v27.4 - https:\/\/yoast.com\/product\/yoast-seo-wordpress\/ -->\n<title>Set \u201eKraken-Angriff\u201d Spielplatz mit Seilen und Rutschen \u2013 Freekids.pl<\/title>\n<meta name=\"robots\" content=\"index, follow, max-snippet:-1, max-image-preview:large, max-video-preview:-1\" \/>\n<link rel=\"canonical\" href=\"https:\/\/freekids.pl\/de\/produkt\/kraken-angriff\/\" \/>\n<meta property=\"og:locale\" content=\"de_DE\" \/>\n<meta property=\"og:type\" content=\"article\" \/>\n<meta property=\"og:title\" content=\"Set \u201eKraken-Angriff\u201d Spielplatz mit Seilen und Rutschen \u2013 Freekids.pl\" \/>\n<meta property=\"og:description\" content=\"Die Anlage besteht aus einem Kraken und einem sinkenden Schiff. Die krakenf\u00f6rmige Anlage ist kreisf\u00f6rmig angelegt und hat vier Paar Tentakel. Die Tentakel bestehen aus Segmenten, die auf Federn befestigt und mit Seilen miteinander verbunden sind. Der Kopf des Kraken ist mit einer rostfreien, gewundenen R\u00f6hrenrutsche, Plattformen sowie Seilnetzen und Raumseilen ausgestattet. Die Anlage in Form eines gesunkenen Schiffes besteht aus einem leicht zug\u00e4nglichen Bugteil, einem schwer zug\u00e4nglichen Heckteil, Plattformen auf Federn in Form eines Hais und Schiffswracks sowie einem Seilnetz, das einen umgest\u00fcrzten Mast imitiert. Der Bugbereich ist mit einer Treppe, einer schr\u00e4gen Kletterwand, einer Rutsche und einem Seilnetz ausgestattet. Der Heckbereich ist vollst\u00e4ndig in einem Winkel von 20 Grad geneigt. Alle Laufstege und Pf\u00e4hle sollten in einem Winkel ausgef\u00fchrt sein, der ein sinkendes Schiff imitiert. Zus\u00e4tzlich sollten zahlreiche Seilnetze, ein Steuerrad und bewegliche Kanonen zur Ausstattung geh\u00f6ren.\" \/>\n<meta property=\"og:url\" content=\"https:\/\/freekids.pl\/de\/produkt\/kraken-angriff\/\" \/>\n<meta property=\"og:site_name\" content=\"FreeKids Playgrounds | Sport | Urban Furniture\" \/>\n<meta property=\"article:modified_time\" content=\"2025-10-17T12:57:40+00:00\" \/>\n<meta property=\"og:image\" content=\"https:\/\/freekids.pl\/wp-content\/uploads\/2024\/11\/0280071AtakKrakena-wiz.1-3-scaled.jpg\" \/>\n\t<meta property=\"og:image:width\" content=\"2560\" \/>\n\t<meta property=\"og:image:height\" content=\"2560\" \/>\n\t<meta property=\"og:image:type\" content=\"image\/jpeg\" \/>\n<meta name=\"twitter:card\" content=\"summary_large_image\" \/>\n<script type=\"application\/ld+json\" class=\"yoast-schema-graph\">{\"@context\":\"https:\\\/\\\/schema.org\",\"@graph\":[{\"@type\":\"WebPage\",\"@id\":\"https:\\\/\\\/freekids.pl\\\/de\\\/produkt\\\/kraken-angriff\\\/\",\"url\":\"https:\\\/\\\/freekids.pl\\\/de\\\/produkt\\\/kraken-angriff\\\/\",\"name\":\"Set \u201eKraken-Angriff\u201d Spielplatz mit Seilen und Rutschen \u2013 Freekids.pl\",\"isPartOf\":{\"@id\":\"https:\\\/\\\/freekids.pl\\\/de\\\/#website\"},\"primaryImageOfPage\":{\"@id\":\"https:\\\/\\\/freekids.pl\\\/de\\\/produkt\\\/kraken-angriff\\\/#primaryimage\"},\"image\":{\"@id\":\"https:\\\/\\\/freekids.pl\\\/de\\\/produkt\\\/kraken-angriff\\\/#primaryimage\"},\"thumbnailUrl\":\"https:\\\/\\\/freekids.pl\\\/wp-content\\\/uploads\\\/2024\\\/11\\\/0280071AtakKrakena-wiz.1-3-scaled.jpg\",\"datePublished\":\"2024-10-23T19:13:35+00:00\",\"dateModified\":\"2025-10-17T12:57:40+00:00\",\"breadcrumb\":{\"@id\":\"https:\\\/\\\/freekids.pl\\\/de\\\/produkt\\\/kraken-angriff\\\/#breadcrumb\"},\"inLanguage\":\"de\",\"potentialAction\":[{\"@type\":\"ReadAction\",\"target\":[\"https:\\\/\\\/freekids.pl\\\/de\\\/produkt\\\/kraken-angriff\\\/\"]}]},{\"@type\":\"ImageObject\",\"inLanguage\":\"de\",\"@id\":\"https:\\\/\\\/freekids.pl\\\/de\\\/produkt\\\/kraken-angriff\\\/#primaryimage\",\"url\":\"https:\\\/\\\/freekids.pl\\\/wp-content\\\/uploads\\\/2024\\\/11\\\/0280071AtakKrakena-wiz.1-3-scaled.jpg\",\"contentUrl\":\"https:\\\/\\\/freekids.pl\\\/wp-content\\\/uploads\\\/2024\\\/11\\\/0280071AtakKrakena-wiz.1-3-scaled.jpg\",\"width\":2560,\"height\":2560},{\"@type\":\"BreadcrumbList\",\"@id\":\"https:\\\/\\\/freekids.pl\\\/de\\\/produkt\\\/kraken-angriff\\\/#breadcrumb\",\"itemListElement\":[{\"@type\":\"ListItem\",\"position\":1,\"name\":\"Strona g\u0142\u00f3wna\",\"item\":\"https:\\\/\\\/freekids.pl\\\/de\\\/\"},{\"@type\":\"ListItem\",\"position\":2,\"name\":\"Produkte\",\"item\":\"https:\\\/\\\/freekids.pl\\\/de\\\/produkte\\\/\"},{\"@type\":\"ListItem\",\"position\":3,\"name\":\"Kraken-Angriff\"}]},{\"@type\":\"WebSite\",\"@id\":\"https:\\\/\\\/freekids.pl\\\/de\\\/#website\",\"url\":\"https:\\\/\\\/freekids.pl\\\/de\\\/\",\"name\":\"FreeKids Playgrounds | Sport | Urban Furniture\",\"description\":\"Dream it, do it !\",\"potentialAction\":[{\"@type\":\"SearchAction\",\"target\":{\"@type\":\"EntryPoint\",\"urlTemplate\":\"https:\\\/\\\/freekids.pl\\\/de\\\/?s={search_term_string}\"},\"query-input\":{\"@type\":\"PropertyValueSpecification\",\"valueRequired\":true,\"valueName\":\"search_term_string\"}}],\"inLanguage\":\"de\"}]}<\/script>\n<!-- \/ Yoast SEO plugin. -->","yoast_head_json":{"title":"Set \u201eKraken-Angriff\u201d Spielplatz mit Seilen und Rutschen \u2013 Freekids.pl","robots":{"index":"index","follow":"follow","max-snippet":"max-snippet:-1","max-image-preview":"max-image-preview:large","max-video-preview":"max-video-preview:-1"},"canonical":"https:\/\/freekids.pl\/de\/produkt\/kraken-angriff\/","og_locale":"de_DE","og_type":"article","og_title":"Set \u201eKraken-Angriff\u201d Spielplatz mit Seilen und Rutschen \u2013 Freekids.pl","og_description":"Die Anlage besteht aus einem Kraken und einem sinkenden Schiff. Die krakenf\u00f6rmige Anlage ist kreisf\u00f6rmig angelegt und hat vier Paar Tentakel. Die Tentakel bestehen aus Segmenten, die auf Federn befestigt und mit Seilen miteinander verbunden sind. Der Kopf des Kraken ist mit einer rostfreien, gewundenen R\u00f6hrenrutsche, Plattformen sowie Seilnetzen und Raumseilen ausgestattet. Die Anlage in Form eines gesunkenen Schiffes besteht aus einem leicht zug\u00e4nglichen Bugteil, einem schwer zug\u00e4nglichen Heckteil, Plattformen auf Federn in Form eines Hais und Schiffswracks sowie einem Seilnetz, das einen umgest\u00fcrzten Mast imitiert. Der Bugbereich ist mit einer Treppe, einer schr\u00e4gen Kletterwand, einer Rutsche und einem Seilnetz ausgestattet. Der Heckbereich ist vollst\u00e4ndig in einem Winkel von 20 Grad geneigt. Alle Laufstege und Pf\u00e4hle sollten in einem Winkel ausgef\u00fchrt sein, der ein sinkendes Schiff imitiert. Zus\u00e4tzlich sollten zahlreiche Seilnetze, ein Steuerrad und bewegliche Kanonen zur Ausstattung geh\u00f6ren.","og_url":"https:\/\/freekids.pl\/de\/produkt\/kraken-angriff\/","og_site_name":"FreeKids Playgrounds | Sport | Urban Furniture","article_modified_time":"2025-10-17T12:57:40+00:00","og_image":[{"width":2560,"height":2560,"url":"https:\/\/freekids.pl\/wp-content\/uploads\/2024\/11\/0280071AtakKrakena-wiz.1-3-scaled.jpg","type":"image\/jpeg"}],"twitter_card":"summary_large_image","schema":{"@context":"https:\/\/schema.org","@graph":[{"@type":"WebPage","@id":"https:\/\/freekids.pl\/de\/produkt\/kraken-angriff\/","url":"https:\/\/freekids.pl\/de\/produkt\/kraken-angriff\/","name":"Set \u201eKraken-Angriff\u201d Spielplatz mit Seilen und Rutschen \u2013 Freekids.pl","isPartOf":{"@id":"https:\/\/freekids.pl\/de\/#website"},"primaryImageOfPage":{"@id":"https:\/\/freekids.pl\/de\/produkt\/kraken-angriff\/#primaryimage"},"image":{"@id":"https:\/\/freekids.pl\/de\/produkt\/kraken-angriff\/#primaryimage"},"thumbnailUrl":"https:\/\/freekids.pl\/wp-content\/uploads\/2024\/11\/0280071AtakKrakena-wiz.1-3-scaled.jpg","datePublished":"2024-10-23T19:13:35+00:00","dateModified":"2025-10-17T12:57:40+00:00","breadcrumb":{"@id":"https:\/\/freekids.pl\/de\/produkt\/kraken-angriff\/#breadcrumb"},"inLanguage":"de","potentialAction":[{"@type":"ReadAction","target":["https:\/\/freekids.pl\/de\/produkt\/kraken-angriff\/"]}]},{"@type":"ImageObject","inLanguage":"de","@id":"https:\/\/freekids.pl\/de\/produkt\/kraken-angriff\/#primaryimage","url":"https:\/\/freekids.pl\/wp-content\/uploads\/2024\/11\/0280071AtakKrakena-wiz.1-3-scaled.jpg","contentUrl":"https:\/\/freekids.pl\/wp-content\/uploads\/2024\/11\/0280071AtakKrakena-wiz.1-3-scaled.jpg","width":2560,"height":2560},{"@type":"BreadcrumbList","@id":"https:\/\/freekids.pl\/de\/produkt\/kraken-angriff\/#breadcrumb","itemListElement":[{"@type":"ListItem","position":1,"name":"Strona g\u0142\u00f3wna","item":"https:\/\/freekids.pl\/de\/"},{"@type":"ListItem","position":2,"name":"Produkte","item":"https:\/\/freekids.pl\/de\/produkte\/"},{"@type":"ListItem","position":3,"name":"Kraken-Angriff"}]},{"@type":"WebSite","@id":"https:\/\/freekids.pl\/de\/#website","url":"https:\/\/freekids.pl\/de\/","name":"FreeKids Playgrounds | Sport | Urban Furniture","description":"Dream it, do it !","potentialAction":[{"@type":"SearchAction","target":{"@type":"EntryPoint","urlTemplate":"https:\/\/freekids.pl\/de\/?s={search_term_string}"},"query-input":{"@type":"PropertyValueSpecification","valueRequired":true,"valueName":"search_term_string"}}],"inLanguage":"de"}]}},"_links":{"self":[{"href":"https:\/\/freekids.pl\/de\/wp-json\/wp\/v2\/product\/191969","targetHints":{"allow":["GET"]}}],"collection":[{"href":"https:\/\/freekids.pl\/de\/wp-json\/wp\/v2\/product"}],"about":[{"href":"https:\/\/freekids.pl\/de\/wp-json\/wp\/v2\/types\/product"}],"wp:featuredmedia":[{"embeddable":true,"href":"https:\/\/freekids.pl\/de\/wp-json\/wp\/v2\/media\/170749"}],"wp:attachment":[{"href":"https:\/\/freekids.pl\/de\/wp-json\/wp\/v2\/media?parent=191969"}],"wp:term":[{"taxonomy":"product_cat","embeddable":true,"href":"https:\/\/freekids.pl\/de\/wp-json\/wp\/v2\/product_cat?post=191969"},{"taxonomy":"product_tag","embeddable":true,"href":"https:\/\/freekids.pl\/de\/wp-json\/wp\/v2\/product_tag?post=191969"}],"curies":[{"name":"wp","href":"https:\/\/api.w.org\/{rel}","templated":true}]}}