{"id":193920,"date":"2024-10-23T21:15:24","date_gmt":"2024-10-23T19:15:24","guid":{"rendered":"https:\/\/freekids.pl\/produkt\/schiffswrack\/"},"modified":"2025-10-17T14:57:02","modified_gmt":"2025-10-17T12:57:02","slug":"schiffswrack","status":"publish","type":"product","link":"https:\/\/freekids.pl\/de\/produkt\/schiffswrack\/","title":{"rendered":"Schiffswrack"},"content":{"rendered":"","protected":false},"excerpt":{"rendered":"<p>Eine Anlage in Form eines versunkenen Schiffes, bestehend aus einem leicht zug\u00e4nglichen Bugteil, einem schwer zug\u00e4nglichen Heckteil, Plattformen auf Federn in Form eines Hais und Schiffsresten sowie einem Seilnetz, das einen umgest\u00fcrzten Mast imitiert. Der Bug ist mit einer Treppe, einer schr\u00e4gen Kletterwand, einer Rutsche und einem Seilnetz ausgestattet. Der Heckbereich ist vollst\u00e4ndig in einem Winkel von 20 Grad geneigt. Alle Laufstege und Pf\u00e4hle sollten in einem Winkel angebracht sein, der ein sinkendes Schiff imitiert. Zus\u00e4tzlich sollten zahlreiche Seilnetze, ein Steuerrad und bewegliche Kanonen zur Ausstattung geh\u00f6ren.    <\/p>\n<div id=\"highlighter--hover-tools\" style=\"display: none;\">\n<div id=\"highlighter--hover-tools--container\">\n<div class=\"highlighter--icon highlighter--icon-copy\" title=\"Kopieren Sie\"><\/div>\n<div class=\"highlighter--icon highlighter--icon-change-color\" title=\"Farbe \u00e4ndern\"><\/div>\n<div class=\"highlighter--icon highlighter--icon-delete\" title=\"L\u00f6schen\"><\/div>\n<\/div>\n<\/div>\n<div id=\"highlighter--hover-tools\" style=\"display: none;\">\n<div id=\"highlighter--hover-tools--container\">\n<div class=\"highlighter--icon highlighter--icon-copy\" title=\"Kopieren Sie\"><\/div>\n<div class=\"highlighter--icon highlighter--icon-change-color\" title=\"Farbe \u00e4ndern\"><\/div>\n<div class=\"highlighter--icon highlighter--icon-delete\" title=\"L\u00f6schen\"><\/div>\n<\/div>\n<\/div>\n<div id=\"highlighter--hover-tools\" style=\"display: none;\">\n<div id=\"highlighter--hover-tools--container\">\n<div class=\"highlighter--icon highlighter--icon-copy\" title=\"Kopieren Sie\"><\/div>\n<div class=\"highlighter--icon highlighter--icon-change-color\" title=\"Farbe \u00e4ndern\"><\/div>\n<div class=\"highlighter--icon highlighter--icon-delete\" title=\"L\u00f6schen\"><\/div>\n<\/div>\n<\/div>\n","protected":false},"featured_media":171506,"template":"","meta":{"_acf_changed":false,"ep_exclude_from_search":false},"product_brand":[],"product_cat":[550,477],"product_tag":[],"class_list":{"0":"post-193920","1":"product","2":"type-product","3":"status-publish","4":"has-post-thumbnail","6":"product_series-by-the-sea-de","7":"product_group-original-de","8":"product_cat-multifunktionale-sets","9":"product_cat-spielplatze","11":"first","12":"outofstock","13":"shipping-taxable","14":"purchasable","15":"product-type-simple"},"acf":[],"yoast_head":"<!-- This site is optimized with the Yoast SEO plugin v27.4 - https:\/\/yoast.com\/product\/yoast-seo-wordpress\/ -->\n<title>Set Schiffwrack-Spielplatz mit Seilen \u2013 Freekids.pl<\/title>\n<meta name=\"robots\" content=\"index, follow, max-snippet:-1, max-image-preview:large, max-video-preview:-1\" \/>\n<link rel=\"canonical\" href=\"https:\/\/freekids.pl\/de\/produkt\/schiffswrack\/\" \/>\n<meta property=\"og:locale\" content=\"de_DE\" \/>\n<meta property=\"og:type\" content=\"article\" \/>\n<meta property=\"og:title\" content=\"Set Schiffwrack-Spielplatz mit Seilen \u2013 Freekids.pl\" \/>\n<meta property=\"og:description\" content=\"Eine Anlage in Form eines versunkenen Schiffes, bestehend aus einem leicht zug\u00e4nglichen Bugteil, einem schwer zug\u00e4nglichen Heckteil, Plattformen auf Federn in Form eines Hais und Schiffsresten sowie einem Seilnetz, das einen umgest\u00fcrzten Mast imitiert. Der Bug ist mit einer Treppe, einer schr\u00e4gen Kletterwand, einer Rutsche und einem Seilnetz ausgestattet. Der Heckbereich ist vollst\u00e4ndig in einem Winkel von 20 Grad geneigt. Alle Laufstege und Pf\u00e4hle sollten in einem Winkel angebracht sein, der ein sinkendes Schiff imitiert. Zus\u00e4tzlich sollten zahlreiche Seilnetze, ein Steuerrad und bewegliche Kanonen zur Ausstattung geh\u00f6ren.\" \/>\n<meta property=\"og:url\" content=\"https:\/\/freekids.pl\/de\/produkt\/schiffswrack\/\" \/>\n<meta property=\"og:site_name\" content=\"FreeKids Playgrounds | Sport | Urban Furniture\" \/>\n<meta property=\"article:modified_time\" content=\"2025-10-17T12:57:02+00:00\" \/>\n<meta property=\"og:image\" content=\"https:\/\/freekids.pl\/wp-content\/uploads\/2025\/01\/0280073_wrak_statku_-_wiz.1-scaled.jpg\" \/>\n\t<meta property=\"og:image:width\" content=\"2560\" \/>\n\t<meta property=\"og:image:height\" content=\"1657\" \/>\n\t<meta property=\"og:image:type\" content=\"image\/jpeg\" \/>\n<meta name=\"twitter:card\" content=\"summary_large_image\" \/>\n<script type=\"application\/ld+json\" class=\"yoast-schema-graph\">{\"@context\":\"https:\\\/\\\/schema.org\",\"@graph\":[{\"@type\":\"WebPage\",\"@id\":\"https:\\\/\\\/freekids.pl\\\/de\\\/produkt\\\/schiffswrack\\\/\",\"url\":\"https:\\\/\\\/freekids.pl\\\/de\\\/produkt\\\/schiffswrack\\\/\",\"name\":\"Set Schiffwrack-Spielplatz mit Seilen \u2013 Freekids.pl\",\"isPartOf\":{\"@id\":\"https:\\\/\\\/freekids.pl\\\/de\\\/#website\"},\"primaryImageOfPage\":{\"@id\":\"https:\\\/\\\/freekids.pl\\\/de\\\/produkt\\\/schiffswrack\\\/#primaryimage\"},\"image\":{\"@id\":\"https:\\\/\\\/freekids.pl\\\/de\\\/produkt\\\/schiffswrack\\\/#primaryimage\"},\"thumbnailUrl\":\"https:\\\/\\\/freekids.pl\\\/wp-content\\\/uploads\\\/2025\\\/01\\\/0280073_wrak_statku_-_wiz.1-scaled.jpg\",\"datePublished\":\"2024-10-23T19:15:24+00:00\",\"dateModified\":\"2025-10-17T12:57:02+00:00\",\"breadcrumb\":{\"@id\":\"https:\\\/\\\/freekids.pl\\\/de\\\/produkt\\\/schiffswrack\\\/#breadcrumb\"},\"inLanguage\":\"de\",\"potentialAction\":[{\"@type\":\"ReadAction\",\"target\":[\"https:\\\/\\\/freekids.pl\\\/de\\\/produkt\\\/schiffswrack\\\/\"]}]},{\"@type\":\"ImageObject\",\"inLanguage\":\"de\",\"@id\":\"https:\\\/\\\/freekids.pl\\\/de\\\/produkt\\\/schiffswrack\\\/#primaryimage\",\"url\":\"https:\\\/\\\/freekids.pl\\\/wp-content\\\/uploads\\\/2025\\\/01\\\/0280073_wrak_statku_-_wiz.1-scaled.jpg\",\"contentUrl\":\"https:\\\/\\\/freekids.pl\\\/wp-content\\\/uploads\\\/2025\\\/01\\\/0280073_wrak_statku_-_wiz.1-scaled.jpg\",\"width\":2560,\"height\":1657},{\"@type\":\"BreadcrumbList\",\"@id\":\"https:\\\/\\\/freekids.pl\\\/de\\\/produkt\\\/schiffswrack\\\/#breadcrumb\",\"itemListElement\":[{\"@type\":\"ListItem\",\"position\":1,\"name\":\"Strona g\u0142\u00f3wna\",\"item\":\"https:\\\/\\\/freekids.pl\\\/de\\\/\"},{\"@type\":\"ListItem\",\"position\":2,\"name\":\"Produkte\",\"item\":\"https:\\\/\\\/freekids.pl\\\/de\\\/produkte\\\/\"},{\"@type\":\"ListItem\",\"position\":3,\"name\":\"Schiffswrack\"}]},{\"@type\":\"WebSite\",\"@id\":\"https:\\\/\\\/freekids.pl\\\/de\\\/#website\",\"url\":\"https:\\\/\\\/freekids.pl\\\/de\\\/\",\"name\":\"FreeKids Playgrounds | Sport | Urban Furniture\",\"description\":\"Dream it, do it !\",\"potentialAction\":[{\"@type\":\"SearchAction\",\"target\":{\"@type\":\"EntryPoint\",\"urlTemplate\":\"https:\\\/\\\/freekids.pl\\\/de\\\/?s={search_term_string}\"},\"query-input\":{\"@type\":\"PropertyValueSpecification\",\"valueRequired\":true,\"valueName\":\"search_term_string\"}}],\"inLanguage\":\"de\"}]}<\/script>\n<!-- \/ Yoast SEO plugin. -->","yoast_head_json":{"title":"Set Schiffwrack-Spielplatz mit Seilen \u2013 Freekids.pl","robots":{"index":"index","follow":"follow","max-snippet":"max-snippet:-1","max-image-preview":"max-image-preview:large","max-video-preview":"max-video-preview:-1"},"canonical":"https:\/\/freekids.pl\/de\/produkt\/schiffswrack\/","og_locale":"de_DE","og_type":"article","og_title":"Set Schiffwrack-Spielplatz mit Seilen \u2013 Freekids.pl","og_description":"Eine Anlage in Form eines versunkenen Schiffes, bestehend aus einem leicht zug\u00e4nglichen Bugteil, einem schwer zug\u00e4nglichen Heckteil, Plattformen auf Federn in Form eines Hais und Schiffsresten sowie einem Seilnetz, das einen umgest\u00fcrzten Mast imitiert. Der Bug ist mit einer Treppe, einer schr\u00e4gen Kletterwand, einer Rutsche und einem Seilnetz ausgestattet. Der Heckbereich ist vollst\u00e4ndig in einem Winkel von 20 Grad geneigt. Alle Laufstege und Pf\u00e4hle sollten in einem Winkel angebracht sein, der ein sinkendes Schiff imitiert. Zus\u00e4tzlich sollten zahlreiche Seilnetze, ein Steuerrad und bewegliche Kanonen zur Ausstattung geh\u00f6ren.","og_url":"https:\/\/freekids.pl\/de\/produkt\/schiffswrack\/","og_site_name":"FreeKids Playgrounds | Sport | Urban Furniture","article_modified_time":"2025-10-17T12:57:02+00:00","og_image":[{"width":2560,"height":1657,"url":"https:\/\/freekids.pl\/wp-content\/uploads\/2025\/01\/0280073_wrak_statku_-_wiz.1-scaled.jpg","type":"image\/jpeg"}],"twitter_card":"summary_large_image","schema":{"@context":"https:\/\/schema.org","@graph":[{"@type":"WebPage","@id":"https:\/\/freekids.pl\/de\/produkt\/schiffswrack\/","url":"https:\/\/freekids.pl\/de\/produkt\/schiffswrack\/","name":"Set Schiffwrack-Spielplatz mit Seilen \u2013 Freekids.pl","isPartOf":{"@id":"https:\/\/freekids.pl\/de\/#website"},"primaryImageOfPage":{"@id":"https:\/\/freekids.pl\/de\/produkt\/schiffswrack\/#primaryimage"},"image":{"@id":"https:\/\/freekids.pl\/de\/produkt\/schiffswrack\/#primaryimage"},"thumbnailUrl":"https:\/\/freekids.pl\/wp-content\/uploads\/2025\/01\/0280073_wrak_statku_-_wiz.1-scaled.jpg","datePublished":"2024-10-23T19:15:24+00:00","dateModified":"2025-10-17T12:57:02+00:00","breadcrumb":{"@id":"https:\/\/freekids.pl\/de\/produkt\/schiffswrack\/#breadcrumb"},"inLanguage":"de","potentialAction":[{"@type":"ReadAction","target":["https:\/\/freekids.pl\/de\/produkt\/schiffswrack\/"]}]},{"@type":"ImageObject","inLanguage":"de","@id":"https:\/\/freekids.pl\/de\/produkt\/schiffswrack\/#primaryimage","url":"https:\/\/freekids.pl\/wp-content\/uploads\/2025\/01\/0280073_wrak_statku_-_wiz.1-scaled.jpg","contentUrl":"https:\/\/freekids.pl\/wp-content\/uploads\/2025\/01\/0280073_wrak_statku_-_wiz.1-scaled.jpg","width":2560,"height":1657},{"@type":"BreadcrumbList","@id":"https:\/\/freekids.pl\/de\/produkt\/schiffswrack\/#breadcrumb","itemListElement":[{"@type":"ListItem","position":1,"name":"Strona g\u0142\u00f3wna","item":"https:\/\/freekids.pl\/de\/"},{"@type":"ListItem","position":2,"name":"Produkte","item":"https:\/\/freekids.pl\/de\/produkte\/"},{"@type":"ListItem","position":3,"name":"Schiffswrack"}]},{"@type":"WebSite","@id":"https:\/\/freekids.pl\/de\/#website","url":"https:\/\/freekids.pl\/de\/","name":"FreeKids Playgrounds | Sport | Urban Furniture","description":"Dream it, do it !","potentialAction":[{"@type":"SearchAction","target":{"@type":"EntryPoint","urlTemplate":"https:\/\/freekids.pl\/de\/?s={search_term_string}"},"query-input":{"@type":"PropertyValueSpecification","valueRequired":true,"valueName":"search_term_string"}}],"inLanguage":"de"}]}},"_links":{"self":[{"href":"https:\/\/freekids.pl\/de\/wp-json\/wp\/v2\/product\/193920","targetHints":{"allow":["GET"]}}],"collection":[{"href":"https:\/\/freekids.pl\/de\/wp-json\/wp\/v2\/product"}],"about":[{"href":"https:\/\/freekids.pl\/de\/wp-json\/wp\/v2\/types\/product"}],"wp:featuredmedia":[{"embeddable":true,"href":"https:\/\/freekids.pl\/de\/wp-json\/wp\/v2\/media\/171506"}],"wp:attachment":[{"href":"https:\/\/freekids.pl\/de\/wp-json\/wp\/v2\/media?parent=193920"}],"wp:term":[{"taxonomy":"product_brand","embeddable":true,"href":"https:\/\/freekids.pl\/de\/wp-json\/wp\/v2\/product_brand?post=193920"},{"taxonomy":"product_cat","embeddable":true,"href":"https:\/\/freekids.pl\/de\/wp-json\/wp\/v2\/product_cat?post=193920"},{"taxonomy":"product_tag","embeddable":true,"href":"https:\/\/freekids.pl\/de\/wp-json\/wp\/v2\/product_tag?post=193920"}],"curies":[{"name":"wp","href":"https:\/\/api.w.org\/{rel}","templated":true}]}}