{"id":197948,"date":"2025-01-18T22:12:36","date_gmt":"2025-01-18T21:12:36","guid":{"rendered":"https:\/\/freekids.pl\/produkt\/lumi-lot\/"},"modified":"2025-10-21T07:44:47","modified_gmt":"2025-10-21T05:44:47","slug":"lumi-lot","status":"publish","type":"product","link":"https:\/\/freekids.pl\/de\/produkt\/lumi-lot\/","title":{"rendered":"LumiLOT"},"content":{"rendered":"","protected":false},"excerpt":{"rendered":"<p>Eine Halterung in Form eines futuristischen Flugzeugs, das auf Federn sitzt. Hergestellt aus einem geschwei\u00dften Edelstahlrahmen und Balken aus gebogenem Brettschichtholz. Ausgestattet mit einem Sitz aus HDPE und Edelstahl, zwei Lichtpaneelen, die durch Photovoltaik aufgeladen werden und sich nach Einbruch der Dunkelheit einschalten, eingeschlossen in einem Metallgeh\u00e4use, zwei schr\u00e4gen Kletterw\u00e4nden, zwei HDPE-Tunneln in Form von Motoren, einem horizontalen Linarium, zwei Feuerwehrrutschen und manipulativen Elementen.  <\/p>\n","protected":false},"featured_media":172513,"template":"","meta":{"_acf_changed":false,"ep_exclude_from_search":false},"product_brand":[],"product_cat":[527,472,550,477],"product_tag":[],"class_list":{"0":"post-197948","1":"product","2":"type-product","3":"status-publish","4":"has-post-thumbnail","6":"product_series-lumi-de","7":"product_group-original-de","8":"product_cat-fahrzeuge","9":"product_cat-keine-kategorie","10":"product_cat-multifunktionale-sets","11":"product_cat-spielplatze","13":"first","14":"instock","15":"shipping-taxable","16":"purchasable","17":"product-type-simple"},"acf":[],"yoast_head":"<!-- This site is optimized with the Yoast SEO plugin v27.4 - https:\/\/yoast.com\/product\/yoast-seo-wordpress\/ -->\n<title>Lumi Flight Federfahrzeug f\u00fcr den Spielplatz - Freekids.de<\/title>\n<meta name=\"robots\" content=\"index, follow, max-snippet:-1, max-image-preview:large, max-video-preview:-1\" \/>\n<link rel=\"canonical\" href=\"https:\/\/freekids.pl\/de\/produkt\/lumi-lot\/\" \/>\n<meta property=\"og:locale\" content=\"de_DE\" \/>\n<meta property=\"og:type\" content=\"article\" \/>\n<meta property=\"og:title\" content=\"Lumi Flight Federfahrzeug f\u00fcr den Spielplatz - Freekids.de\" \/>\n<meta property=\"og:description\" content=\"Eine Halterung in Form eines futuristischen Flugzeugs, das auf Federn sitzt. Hergestellt aus einem geschwei\u00dften Edelstahlrahmen und Balken aus gebogenem Brettschichtholz. Ausgestattet mit einem Sitz aus HDPE und Edelstahl, zwei Lichtpaneelen, die durch Photovoltaik aufgeladen werden und sich nach Einbruch der Dunkelheit einschalten, eingeschlossen in einem Metallgeh\u00e4use, zwei schr\u00e4gen Kletterw\u00e4nden, zwei HDPE-Tunneln in Form von Motoren, einem horizontalen Linarium, zwei Feuerwehrrutschen und manipulativen Elementen.\" \/>\n<meta property=\"og:url\" content=\"https:\/\/freekids.pl\/de\/produkt\/lumi-lot\/\" \/>\n<meta property=\"og:site_name\" content=\"FreeKids Playgrounds | Sport | Urban Furniture\" \/>\n<meta property=\"article:modified_time\" content=\"2025-10-21T05:44:47+00:00\" \/>\n<meta property=\"og:image\" content=\"https:\/\/freekids.pl\/wp-content\/uploads\/2025\/01\/0230002_lumi_lot_-_wiz.1-scaled.jpg\" \/>\n\t<meta property=\"og:image:width\" content=\"2560\" \/>\n\t<meta property=\"og:image:height\" content=\"1921\" \/>\n\t<meta property=\"og:image:type\" content=\"image\/jpeg\" \/>\n<meta name=\"twitter:card\" content=\"summary_large_image\" \/>\n<script type=\"application\/ld+json\" class=\"yoast-schema-graph\">{\"@context\":\"https:\\\/\\\/schema.org\",\"@graph\":[{\"@type\":\"WebPage\",\"@id\":\"https:\\\/\\\/freekids.pl\\\/de\\\/produkt\\\/lumi-lot\\\/\",\"url\":\"https:\\\/\\\/freekids.pl\\\/de\\\/produkt\\\/lumi-lot\\\/\",\"name\":\"Lumi Flight Federfahrzeug f\u00fcr den Spielplatz - Freekids.de\",\"isPartOf\":{\"@id\":\"https:\\\/\\\/freekids.pl\\\/de\\\/#website\"},\"primaryImageOfPage\":{\"@id\":\"https:\\\/\\\/freekids.pl\\\/de\\\/produkt\\\/lumi-lot\\\/#primaryimage\"},\"image\":{\"@id\":\"https:\\\/\\\/freekids.pl\\\/de\\\/produkt\\\/lumi-lot\\\/#primaryimage\"},\"thumbnailUrl\":\"https:\\\/\\\/freekids.pl\\\/wp-content\\\/uploads\\\/2025\\\/01\\\/0230002_lumi_lot_-_wiz.1-scaled.jpg\",\"datePublished\":\"2025-01-18T21:12:36+00:00\",\"dateModified\":\"2025-10-21T05:44:47+00:00\",\"breadcrumb\":{\"@id\":\"https:\\\/\\\/freekids.pl\\\/de\\\/produkt\\\/lumi-lot\\\/#breadcrumb\"},\"inLanguage\":\"de\",\"potentialAction\":[{\"@type\":\"ReadAction\",\"target\":[\"https:\\\/\\\/freekids.pl\\\/de\\\/produkt\\\/lumi-lot\\\/\"]}]},{\"@type\":\"ImageObject\",\"inLanguage\":\"de\",\"@id\":\"https:\\\/\\\/freekids.pl\\\/de\\\/produkt\\\/lumi-lot\\\/#primaryimage\",\"url\":\"https:\\\/\\\/freekids.pl\\\/wp-content\\\/uploads\\\/2025\\\/01\\\/0230002_lumi_lot_-_wiz.1-scaled.jpg\",\"contentUrl\":\"https:\\\/\\\/freekids.pl\\\/wp-content\\\/uploads\\\/2025\\\/01\\\/0230002_lumi_lot_-_wiz.1-scaled.jpg\",\"width\":2560,\"height\":1921},{\"@type\":\"BreadcrumbList\",\"@id\":\"https:\\\/\\\/freekids.pl\\\/de\\\/produkt\\\/lumi-lot\\\/#breadcrumb\",\"itemListElement\":[{\"@type\":\"ListItem\",\"position\":1,\"name\":\"Strona g\u0142\u00f3wna\",\"item\":\"https:\\\/\\\/freekids.pl\\\/de\\\/\"},{\"@type\":\"ListItem\",\"position\":2,\"name\":\"Produkte\",\"item\":\"https:\\\/\\\/freekids.pl\\\/de\\\/produkte\\\/\"},{\"@type\":\"ListItem\",\"position\":3,\"name\":\"Lumi Lot\"}]},{\"@type\":\"WebSite\",\"@id\":\"https:\\\/\\\/freekids.pl\\\/de\\\/#website\",\"url\":\"https:\\\/\\\/freekids.pl\\\/de\\\/\",\"name\":\"FreeKids Playgrounds | Sport | Urban Furniture\",\"description\":\"Dream it, do it !\",\"potentialAction\":[{\"@type\":\"SearchAction\",\"target\":{\"@type\":\"EntryPoint\",\"urlTemplate\":\"https:\\\/\\\/freekids.pl\\\/de\\\/?s={search_term_string}\"},\"query-input\":{\"@type\":\"PropertyValueSpecification\",\"valueRequired\":true,\"valueName\":\"search_term_string\"}}],\"inLanguage\":\"de\"}]}<\/script>\n<!-- \/ Yoast SEO plugin. -->","yoast_head_json":{"title":"Lumi Flight Federfahrzeug f\u00fcr den Spielplatz - Freekids.de","robots":{"index":"index","follow":"follow","max-snippet":"max-snippet:-1","max-image-preview":"max-image-preview:large","max-video-preview":"max-video-preview:-1"},"canonical":"https:\/\/freekids.pl\/de\/produkt\/lumi-lot\/","og_locale":"de_DE","og_type":"article","og_title":"Lumi Flight Federfahrzeug f\u00fcr den Spielplatz - Freekids.de","og_description":"Eine Halterung in Form eines futuristischen Flugzeugs, das auf Federn sitzt. Hergestellt aus einem geschwei\u00dften Edelstahlrahmen und Balken aus gebogenem Brettschichtholz. Ausgestattet mit einem Sitz aus HDPE und Edelstahl, zwei Lichtpaneelen, die durch Photovoltaik aufgeladen werden und sich nach Einbruch der Dunkelheit einschalten, eingeschlossen in einem Metallgeh\u00e4use, zwei schr\u00e4gen Kletterw\u00e4nden, zwei HDPE-Tunneln in Form von Motoren, einem horizontalen Linarium, zwei Feuerwehrrutschen und manipulativen Elementen.","og_url":"https:\/\/freekids.pl\/de\/produkt\/lumi-lot\/","og_site_name":"FreeKids Playgrounds | Sport | Urban Furniture","article_modified_time":"2025-10-21T05:44:47+00:00","og_image":[{"width":2560,"height":1921,"url":"https:\/\/freekids.pl\/wp-content\/uploads\/2025\/01\/0230002_lumi_lot_-_wiz.1-scaled.jpg","type":"image\/jpeg"}],"twitter_card":"summary_large_image","schema":{"@context":"https:\/\/schema.org","@graph":[{"@type":"WebPage","@id":"https:\/\/freekids.pl\/de\/produkt\/lumi-lot\/","url":"https:\/\/freekids.pl\/de\/produkt\/lumi-lot\/","name":"Lumi Flight Federfahrzeug f\u00fcr den Spielplatz - Freekids.de","isPartOf":{"@id":"https:\/\/freekids.pl\/de\/#website"},"primaryImageOfPage":{"@id":"https:\/\/freekids.pl\/de\/produkt\/lumi-lot\/#primaryimage"},"image":{"@id":"https:\/\/freekids.pl\/de\/produkt\/lumi-lot\/#primaryimage"},"thumbnailUrl":"https:\/\/freekids.pl\/wp-content\/uploads\/2025\/01\/0230002_lumi_lot_-_wiz.1-scaled.jpg","datePublished":"2025-01-18T21:12:36+00:00","dateModified":"2025-10-21T05:44:47+00:00","breadcrumb":{"@id":"https:\/\/freekids.pl\/de\/produkt\/lumi-lot\/#breadcrumb"},"inLanguage":"de","potentialAction":[{"@type":"ReadAction","target":["https:\/\/freekids.pl\/de\/produkt\/lumi-lot\/"]}]},{"@type":"ImageObject","inLanguage":"de","@id":"https:\/\/freekids.pl\/de\/produkt\/lumi-lot\/#primaryimage","url":"https:\/\/freekids.pl\/wp-content\/uploads\/2025\/01\/0230002_lumi_lot_-_wiz.1-scaled.jpg","contentUrl":"https:\/\/freekids.pl\/wp-content\/uploads\/2025\/01\/0230002_lumi_lot_-_wiz.1-scaled.jpg","width":2560,"height":1921},{"@type":"BreadcrumbList","@id":"https:\/\/freekids.pl\/de\/produkt\/lumi-lot\/#breadcrumb","itemListElement":[{"@type":"ListItem","position":1,"name":"Strona g\u0142\u00f3wna","item":"https:\/\/freekids.pl\/de\/"},{"@type":"ListItem","position":2,"name":"Produkte","item":"https:\/\/freekids.pl\/de\/produkte\/"},{"@type":"ListItem","position":3,"name":"Lumi Lot"}]},{"@type":"WebSite","@id":"https:\/\/freekids.pl\/de\/#website","url":"https:\/\/freekids.pl\/de\/","name":"FreeKids Playgrounds | Sport | Urban Furniture","description":"Dream it, do it !","potentialAction":[{"@type":"SearchAction","target":{"@type":"EntryPoint","urlTemplate":"https:\/\/freekids.pl\/de\/?s={search_term_string}"},"query-input":{"@type":"PropertyValueSpecification","valueRequired":true,"valueName":"search_term_string"}}],"inLanguage":"de"}]}},"_links":{"self":[{"href":"https:\/\/freekids.pl\/de\/wp-json\/wp\/v2\/product\/197948","targetHints":{"allow":["GET"]}}],"collection":[{"href":"https:\/\/freekids.pl\/de\/wp-json\/wp\/v2\/product"}],"about":[{"href":"https:\/\/freekids.pl\/de\/wp-json\/wp\/v2\/types\/product"}],"wp:featuredmedia":[{"embeddable":true,"href":"https:\/\/freekids.pl\/de\/wp-json\/wp\/v2\/media\/172513"}],"wp:attachment":[{"href":"https:\/\/freekids.pl\/de\/wp-json\/wp\/v2\/media?parent=197948"}],"wp:term":[{"taxonomy":"product_brand","embeddable":true,"href":"https:\/\/freekids.pl\/de\/wp-json\/wp\/v2\/product_brand?post=197948"},{"taxonomy":"product_cat","embeddable":true,"href":"https:\/\/freekids.pl\/de\/wp-json\/wp\/v2\/product_cat?post=197948"},{"taxonomy":"product_tag","embeddable":true,"href":"https:\/\/freekids.pl\/de\/wp-json\/wp\/v2\/product_tag?post=197948"}],"curies":[{"name":"wp","href":"https:\/\/api.w.org\/{rel}","templated":true}]}}