{"id":197957,"date":"2025-01-18T22:00:45","date_gmt":"2025-01-18T21:00:45","guid":{"rendered":"https:\/\/freekids.pl\/produkt\/kipper\/"},"modified":"2025-11-04T08:42:38","modified_gmt":"2025-11-04T07:42:38","slug":"kipper","status":"publish","type":"product","link":"https:\/\/freekids.pl\/de\/produkt\/kipper\/","title":{"rendered":"Kipper"},"content":{"rendered":"<h2>Materialspezifikation:<\/h2>\n<table class=\"spec-table-modern\">\n<tbody>\n<tr>\n<th>Baumaterial<\/th>\n<td>verzinkter Stahl und dann mit einer Pulverbeschichtung f\u00fcr Haltbarkeit und Korrosionsbest\u00e4ndigkeit beschichtet, oder Edelstahl<\/td>\n<\/tr>\n<tr>\n<th>Zus\u00e4tzliche Handlaufelemente<\/th>\n<td>schwarzer Stahl verzinkt und anschlie\u00dfend pulverbeschichtet oder Edelstahl<\/td>\n<\/tr>\n<tr>\n<th>Plattformen<\/th>\n<td>Sperrholz- oder HPL-Platten<\/td>\n<\/tr>\n<tr>\n<th>Fundament<\/th>\n<td>bis zu einer bestimmten Tiefe in den Boden eingegraben und mit Beton von min. B-20 oder auf Betonboden verschraubt <\/td>\n<\/tr>\n<tr>\n<th>Platten<\/th>\n<td>HDPE-Platte mit gefr\u00e4sten Zeichnungen oder langlebige HPL-Platte<\/td>\n<\/tr>\n<tr>\n<th>Andere<\/th>\n<td>Schrauben aus Edelstahl mit Polyamidkappen. Statten Sie die Ferienh\u00e4user mit hochwertigen Elementen wie einer Edelstahlsp\u00fcle und Ventilen f\u00fcr den Anschluss und den Wasserfluss aus. Klettersteine aus strapazierf\u00e4higem Kunststoff. Tunnel aus doppelwandigem Rohr aus Polypropylen. Feuerwehrausg\u00e4nge aus Edelstahl.    <\/td>\n<\/tr>\n<\/tbody>\n<\/table>\n","protected":false},"excerpt":{"rendered":"<p>Ein Ger\u00e4t in Form eines Kipplasters, das eine Ladung abkippt. Bestehend aus einer Fahrerkabine mit einem Sitz, einem beweglichen Lenkrad und einem \u00dcbergang zur Kippmulde, die eine schr\u00e4ge Kletterwand ist. <\/p>\n<div id=\"highlighter--hover-tools\" style=\"display: none;\">\n<div id=\"highlighter--hover-tools--container\">\n<div class=\"highlighter--icon highlighter--icon-copy\" title=\"Kopieren Sie\"><\/div>\n<div class=\"highlighter--icon highlighter--icon-change-color\" title=\"Farbe \u00e4ndern\"><\/div>\n<div class=\"highlighter--icon highlighter--icon-delete\" title=\"L\u00f6schen\"><\/div>\n<\/div>\n<\/div>\n","protected":false},"featured_media":171855,"template":"","meta":{"_acf_changed":false,"ep_exclude_from_search":false},"product_cat":[527,472,477],"product_tag":[],"class_list":{"0":"post-197957","1":"product","2":"type-product","3":"status-publish","4":"has-post-thumbnail","6":"product_series-mini-city-de","7":"product_group-original-de","8":"product_cat-fahrzeuge","9":"product_cat-keine-kategorie","10":"product_cat-spielplatze","12":"first","13":"instock","14":"shipping-taxable","15":"purchasable","16":"product-type-simple"},"acf":[],"yoast_head":"<!-- This site is optimized with the Yoast SEO plugin v27.4 - https:\/\/yoast.com\/product\/yoast-seo-wordpress\/ -->\n<title>Kipplaster f\u00fcr den Spielplatz - Freekids.de<\/title>\n<meta name=\"robots\" content=\"index, follow, max-snippet:-1, max-image-preview:large, max-video-preview:-1\" \/>\n<link rel=\"canonical\" href=\"https:\/\/freekids.pl\/de\/produkt\/kipper\/\" \/>\n<meta property=\"og:locale\" content=\"de_DE\" \/>\n<meta property=\"og:type\" content=\"article\" \/>\n<meta property=\"og:title\" content=\"Kipplaster f\u00fcr den Spielplatz - Freekids.de\" \/>\n<meta property=\"og:description\" content=\"Ein Ger\u00e4t in Form eines Kipplasters, das eine Ladung abkippt. Bestehend aus einer Fahrerkabine mit einem Sitz, einem beweglichen Lenkrad und einem \u00dcbergang zur Kippmulde, die eine schr\u00e4ge Kletterwand ist.\" \/>\n<meta property=\"og:url\" content=\"https:\/\/freekids.pl\/de\/produkt\/kipper\/\" \/>\n<meta property=\"og:site_name\" content=\"FreeKids Playgrounds | Sport | Urban Furniture\" \/>\n<meta property=\"article:modified_time\" content=\"2025-11-04T07:42:38+00:00\" \/>\n<meta property=\"og:image\" content=\"https:\/\/freekids.pl\/wp-content\/uploads\/2025\/01\/0210011_wywrotka_-_wiz.1-scaled.jpg\" \/>\n\t<meta property=\"og:image:width\" content=\"2560\" \/>\n\t<meta property=\"og:image:height\" content=\"2005\" \/>\n\t<meta property=\"og:image:type\" content=\"image\/jpeg\" \/>\n<meta name=\"twitter:card\" content=\"summary_large_image\" \/>\n<meta name=\"twitter:label1\" content=\"Gesch\u00e4tzte Lesezeit\" \/>\n\t<meta name=\"twitter:data1\" content=\"1\u00a0Minute\" \/>\n<script type=\"application\/ld+json\" class=\"yoast-schema-graph\">{\"@context\":\"https:\\\/\\\/schema.org\",\"@graph\":[{\"@type\":\"WebPage\",\"@id\":\"https:\\\/\\\/freekids.pl\\\/de\\\/produkt\\\/kipper\\\/\",\"url\":\"https:\\\/\\\/freekids.pl\\\/de\\\/produkt\\\/kipper\\\/\",\"name\":\"Kipplaster f\u00fcr den Spielplatz - Freekids.de\",\"isPartOf\":{\"@id\":\"https:\\\/\\\/freekids.pl\\\/de\\\/#website\"},\"primaryImageOfPage\":{\"@id\":\"https:\\\/\\\/freekids.pl\\\/de\\\/produkt\\\/kipper\\\/#primaryimage\"},\"image\":{\"@id\":\"https:\\\/\\\/freekids.pl\\\/de\\\/produkt\\\/kipper\\\/#primaryimage\"},\"thumbnailUrl\":\"https:\\\/\\\/freekids.pl\\\/wp-content\\\/uploads\\\/2025\\\/01\\\/0210011_wywrotka_-_wiz.1-scaled.jpg\",\"datePublished\":\"2025-01-18T21:00:45+00:00\",\"dateModified\":\"2025-11-04T07:42:38+00:00\",\"breadcrumb\":{\"@id\":\"https:\\\/\\\/freekids.pl\\\/de\\\/produkt\\\/kipper\\\/#breadcrumb\"},\"inLanguage\":\"de\",\"potentialAction\":[{\"@type\":\"ReadAction\",\"target\":[\"https:\\\/\\\/freekids.pl\\\/de\\\/produkt\\\/kipper\\\/\"]}]},{\"@type\":\"ImageObject\",\"inLanguage\":\"de\",\"@id\":\"https:\\\/\\\/freekids.pl\\\/de\\\/produkt\\\/kipper\\\/#primaryimage\",\"url\":\"https:\\\/\\\/freekids.pl\\\/wp-content\\\/uploads\\\/2025\\\/01\\\/0210011_wywrotka_-_wiz.1-scaled.jpg\",\"contentUrl\":\"https:\\\/\\\/freekids.pl\\\/wp-content\\\/uploads\\\/2025\\\/01\\\/0210011_wywrotka_-_wiz.1-scaled.jpg\",\"width\":2560,\"height\":2005},{\"@type\":\"BreadcrumbList\",\"@id\":\"https:\\\/\\\/freekids.pl\\\/de\\\/produkt\\\/kipper\\\/#breadcrumb\",\"itemListElement\":[{\"@type\":\"ListItem\",\"position\":1,\"name\":\"Strona g\u0142\u00f3wna\",\"item\":\"https:\\\/\\\/freekids.pl\\\/de\\\/\"},{\"@type\":\"ListItem\",\"position\":2,\"name\":\"Produkte\",\"item\":\"https:\\\/\\\/freekids.pl\\\/de\\\/produkte\\\/\"},{\"@type\":\"ListItem\",\"position\":3,\"name\":\"Kipper\"}]},{\"@type\":\"WebSite\",\"@id\":\"https:\\\/\\\/freekids.pl\\\/de\\\/#website\",\"url\":\"https:\\\/\\\/freekids.pl\\\/de\\\/\",\"name\":\"FreeKids Playgrounds | Sport | Urban Furniture\",\"description\":\"Dream it, do it !\",\"potentialAction\":[{\"@type\":\"SearchAction\",\"target\":{\"@type\":\"EntryPoint\",\"urlTemplate\":\"https:\\\/\\\/freekids.pl\\\/de\\\/?s={search_term_string}\"},\"query-input\":{\"@type\":\"PropertyValueSpecification\",\"valueRequired\":true,\"valueName\":\"search_term_string\"}}],\"inLanguage\":\"de\"}]}<\/script>\n<!-- \/ Yoast SEO plugin. -->","yoast_head_json":{"title":"Kipplaster f\u00fcr den Spielplatz - Freekids.de","robots":{"index":"index","follow":"follow","max-snippet":"max-snippet:-1","max-image-preview":"max-image-preview:large","max-video-preview":"max-video-preview:-1"},"canonical":"https:\/\/freekids.pl\/de\/produkt\/kipper\/","og_locale":"de_DE","og_type":"article","og_title":"Kipplaster f\u00fcr den Spielplatz - Freekids.de","og_description":"Ein Ger\u00e4t in Form eines Kipplasters, das eine Ladung abkippt. Bestehend aus einer Fahrerkabine mit einem Sitz, einem beweglichen Lenkrad und einem \u00dcbergang zur Kippmulde, die eine schr\u00e4ge Kletterwand ist.","og_url":"https:\/\/freekids.pl\/de\/produkt\/kipper\/","og_site_name":"FreeKids Playgrounds | Sport | Urban Furniture","article_modified_time":"2025-11-04T07:42:38+00:00","og_image":[{"width":2560,"height":2005,"url":"https:\/\/freekids.pl\/wp-content\/uploads\/2025\/01\/0210011_wywrotka_-_wiz.1-scaled.jpg","type":"image\/jpeg"}],"twitter_card":"summary_large_image","twitter_misc":{"Gesch\u00e4tzte Lesezeit":"1\u00a0Minute"},"schema":{"@context":"https:\/\/schema.org","@graph":[{"@type":"WebPage","@id":"https:\/\/freekids.pl\/de\/produkt\/kipper\/","url":"https:\/\/freekids.pl\/de\/produkt\/kipper\/","name":"Kipplaster f\u00fcr den Spielplatz - Freekids.de","isPartOf":{"@id":"https:\/\/freekids.pl\/de\/#website"},"primaryImageOfPage":{"@id":"https:\/\/freekids.pl\/de\/produkt\/kipper\/#primaryimage"},"image":{"@id":"https:\/\/freekids.pl\/de\/produkt\/kipper\/#primaryimage"},"thumbnailUrl":"https:\/\/freekids.pl\/wp-content\/uploads\/2025\/01\/0210011_wywrotka_-_wiz.1-scaled.jpg","datePublished":"2025-01-18T21:00:45+00:00","dateModified":"2025-11-04T07:42:38+00:00","breadcrumb":{"@id":"https:\/\/freekids.pl\/de\/produkt\/kipper\/#breadcrumb"},"inLanguage":"de","potentialAction":[{"@type":"ReadAction","target":["https:\/\/freekids.pl\/de\/produkt\/kipper\/"]}]},{"@type":"ImageObject","inLanguage":"de","@id":"https:\/\/freekids.pl\/de\/produkt\/kipper\/#primaryimage","url":"https:\/\/freekids.pl\/wp-content\/uploads\/2025\/01\/0210011_wywrotka_-_wiz.1-scaled.jpg","contentUrl":"https:\/\/freekids.pl\/wp-content\/uploads\/2025\/01\/0210011_wywrotka_-_wiz.1-scaled.jpg","width":2560,"height":2005},{"@type":"BreadcrumbList","@id":"https:\/\/freekids.pl\/de\/produkt\/kipper\/#breadcrumb","itemListElement":[{"@type":"ListItem","position":1,"name":"Strona g\u0142\u00f3wna","item":"https:\/\/freekids.pl\/de\/"},{"@type":"ListItem","position":2,"name":"Produkte","item":"https:\/\/freekids.pl\/de\/produkte\/"},{"@type":"ListItem","position":3,"name":"Kipper"}]},{"@type":"WebSite","@id":"https:\/\/freekids.pl\/de\/#website","url":"https:\/\/freekids.pl\/de\/","name":"FreeKids Playgrounds | Sport | Urban Furniture","description":"Dream it, do it !","potentialAction":[{"@type":"SearchAction","target":{"@type":"EntryPoint","urlTemplate":"https:\/\/freekids.pl\/de\/?s={search_term_string}"},"query-input":{"@type":"PropertyValueSpecification","valueRequired":true,"valueName":"search_term_string"}}],"inLanguage":"de"}]}},"_links":{"self":[{"href":"https:\/\/freekids.pl\/de\/wp-json\/wp\/v2\/product\/197957","targetHints":{"allow":["GET"]}}],"collection":[{"href":"https:\/\/freekids.pl\/de\/wp-json\/wp\/v2\/product"}],"about":[{"href":"https:\/\/freekids.pl\/de\/wp-json\/wp\/v2\/types\/product"}],"wp:featuredmedia":[{"embeddable":true,"href":"https:\/\/freekids.pl\/de\/wp-json\/wp\/v2\/media\/171855"}],"wp:attachment":[{"href":"https:\/\/freekids.pl\/de\/wp-json\/wp\/v2\/media?parent=197957"}],"wp:term":[{"taxonomy":"product_cat","embeddable":true,"href":"https:\/\/freekids.pl\/de\/wp-json\/wp\/v2\/product_cat?post=197957"},{"taxonomy":"product_tag","embeddable":true,"href":"https:\/\/freekids.pl\/de\/wp-json\/wp\/v2\/product_tag?post=197957"}],"curies":[{"name":"wp","href":"https:\/\/api.w.org\/{rel}","templated":true}]}}