{"id":198043,"date":"2024-10-24T03:20:56","date_gmt":"2024-10-24T01:20:56","guid":{"rendered":"https:\/\/freekids.pl\/produkt\/elipso-4\/"},"modified":"2025-11-04T08:43:25","modified_gmt":"2025-11-04T07:43:25","slug":"elipso-4","status":"publish","type":"product","link":"https:\/\/freekids.pl\/de\/produkt\/elipso-4\/","title":{"rendered":"Elipso 4"},"content":{"rendered":"<h2>Materialspezifikation:<\/h2>\n<table class=\"spec-table-modern\">\n<tbody>\n<tr>\n<th>Baumaterial<\/th>\n<td>verzinkter Stahl und dann mit einer Pulverbeschichtung f\u00fcr Haltbarkeit und Korrosionsbest\u00e4ndigkeit beschichtet, oder Edelstahl<\/td>\n<\/tr>\n<tr>\n<th>Zus\u00e4tzliche Handlaufelemente<\/th>\n<td>schwarzer Stahl verzinkt und anschlie\u00dfend pulverbeschichtet oder Edelstahl<\/td>\n<\/tr>\n<tr>\n<th>Fundament<\/th>\n<td>bis zu einer bestimmten Tiefe in den Boden eingegraben und mit Beton von min. B-20 oder auf Betonboden verschraubt <\/td>\n<\/tr>\n<tr>\n<th>Platten<\/th>\n<td>HDPE-Platten mit gefr\u00e4sten Zeichnungen<\/td>\n<\/tr>\n<tr>\n<th>Diapositive<\/th>\n<td>Edelstahl, Rohr, Rohr oder mit HDPE-Seiten<\/td>\n<\/tr>\n<tr>\n<th>Andere<\/th>\n<td>Schrauben aus Edelstahl mit Polyamidkappen. Strukturelle S\u00e4ulen mit halbkugelf\u00f6rmigen Gummikappen. Klettersteine aus strapazierf\u00e4higem Kunststoff. Steckdosen aus Polycarbonat. Tunnel aus doppelwandigem Rohr aus Polypropylen.    <\/td>\n<\/tr>\n<\/tbody>\n<\/table>\n","protected":false},"excerpt":{"rendered":"<p><span data-sheets-root=\"1\">Vorrichtung auf runden Stahlpfosten. Die Pfosten sind mit kugelf\u00f6rmigen Gummiabdeckungen versehen. Bedienfelder mit Abmessungen von mindestens 100 x 70 cm.  <\/span><\/p>\n<div id=\"highlighter--hover-tools\" style=\"display: none;\">\n<div id=\"highlighter--hover-tools--container\">\n<div class=\"highlighter--icon highlighter--icon-copy\" title=\"Kopieren Sie\"><\/div>\n<div class=\"highlighter--icon highlighter--icon-change-color\" title=\"Farbe \u00e4ndern\"><\/div>\n<div class=\"highlighter--icon highlighter--icon-delete\" title=\"L\u00f6schen\"><\/div>\n<\/div>\n<\/div>\n","protected":false},"featured_media":173269,"template":"","meta":{"_acf_changed":false,"ep_exclude_from_search":false},"product_cat":[532,550,477],"product_tag":[723],"class_list":{"0":"post-198043","1":"product","2":"type-product","3":"status-publish","4":"has-post-thumbnail","6":"product_series-elipso-de","7":"product_group-metal-de","8":"product_cat-bildungstafeln","9":"product_cat-multifunktionale-sets","10":"product_cat-spielplatze","11":"product_tag-inklusivitaet","13":"first","14":"outofstock","15":"shipping-taxable","16":"purchasable","17":"product-type-simple"},"acf":[],"yoast_head":"<!-- This site is optimized with the Yoast SEO plugin v27.4 - https:\/\/yoast.com\/product\/yoast-seo-wordpress\/ -->\n<title>Set Elipso 4 mit Spielplatztunnel - Freekids.de<\/title>\n<meta name=\"robots\" content=\"index, follow, max-snippet:-1, max-image-preview:large, max-video-preview:-1\" \/>\n<link rel=\"canonical\" href=\"https:\/\/freekids.pl\/de\/produkt\/elipso-4\/\" \/>\n<meta property=\"og:locale\" content=\"de_DE\" \/>\n<meta property=\"og:type\" content=\"article\" \/>\n<meta property=\"og:title\" content=\"Set Elipso 4 mit Spielplatztunnel - Freekids.de\" \/>\n<meta property=\"og:description\" content=\"Vorrichtung auf runden Stahlpfosten. Die Pfosten sind mit kugelf\u00f6rmigen Gummiabdeckungen versehen. Bedienfelder mit Abmessungen von mindestens 100 x 70 cm.\" \/>\n<meta property=\"og:url\" content=\"https:\/\/freekids.pl\/de\/produkt\/elipso-4\/\" \/>\n<meta property=\"og:site_name\" content=\"FreeKids Playgrounds | Sport | Urban Furniture\" \/>\n<meta property=\"article:modified_time\" content=\"2025-11-04T07:43:25+00:00\" \/>\n<meta property=\"og:image\" content=\"https:\/\/freekids.pl\/wp-content\/uploads\/2025\/01\/0094034_elipso_4-wiz.1.jpg-scaled.jpg\" \/>\n\t<meta property=\"og:image:width\" content=\"2560\" \/>\n\t<meta property=\"og:image:height\" content=\"2560\" \/>\n\t<meta property=\"og:image:type\" content=\"image\/jpeg\" \/>\n<meta name=\"twitter:card\" content=\"summary_large_image\" \/>\n<script type=\"application\/ld+json\" class=\"yoast-schema-graph\">{\"@context\":\"https:\\\/\\\/schema.org\",\"@graph\":[{\"@type\":\"WebPage\",\"@id\":\"https:\\\/\\\/freekids.pl\\\/de\\\/produkt\\\/elipso-4\\\/\",\"url\":\"https:\\\/\\\/freekids.pl\\\/de\\\/produkt\\\/elipso-4\\\/\",\"name\":\"Set Elipso 4 mit Spielplatztunnel - Freekids.de\",\"isPartOf\":{\"@id\":\"https:\\\/\\\/freekids.pl\\\/de\\\/#website\"},\"primaryImageOfPage\":{\"@id\":\"https:\\\/\\\/freekids.pl\\\/de\\\/produkt\\\/elipso-4\\\/#primaryimage\"},\"image\":{\"@id\":\"https:\\\/\\\/freekids.pl\\\/de\\\/produkt\\\/elipso-4\\\/#primaryimage\"},\"thumbnailUrl\":\"https:\\\/\\\/freekids.pl\\\/wp-content\\\/uploads\\\/2025\\\/01\\\/0094034_elipso_4-wiz.1.jpg-scaled.jpg\",\"datePublished\":\"2024-10-24T01:20:56+00:00\",\"dateModified\":\"2025-11-04T07:43:25+00:00\",\"breadcrumb\":{\"@id\":\"https:\\\/\\\/freekids.pl\\\/de\\\/produkt\\\/elipso-4\\\/#breadcrumb\"},\"inLanguage\":\"de\",\"potentialAction\":[{\"@type\":\"ReadAction\",\"target\":[\"https:\\\/\\\/freekids.pl\\\/de\\\/produkt\\\/elipso-4\\\/\"]}]},{\"@type\":\"ImageObject\",\"inLanguage\":\"de\",\"@id\":\"https:\\\/\\\/freekids.pl\\\/de\\\/produkt\\\/elipso-4\\\/#primaryimage\",\"url\":\"https:\\\/\\\/freekids.pl\\\/wp-content\\\/uploads\\\/2025\\\/01\\\/0094034_elipso_4-wiz.1.jpg-scaled.jpg\",\"contentUrl\":\"https:\\\/\\\/freekids.pl\\\/wp-content\\\/uploads\\\/2025\\\/01\\\/0094034_elipso_4-wiz.1.jpg-scaled.jpg\",\"width\":2560,\"height\":2560},{\"@type\":\"BreadcrumbList\",\"@id\":\"https:\\\/\\\/freekids.pl\\\/de\\\/produkt\\\/elipso-4\\\/#breadcrumb\",\"itemListElement\":[{\"@type\":\"ListItem\",\"position\":1,\"name\":\"Strona g\u0142\u00f3wna\",\"item\":\"https:\\\/\\\/freekids.pl\\\/de\\\/\"},{\"@type\":\"ListItem\",\"position\":2,\"name\":\"Produkte\",\"item\":\"https:\\\/\\\/freekids.pl\\\/de\\\/produkte\\\/\"},{\"@type\":\"ListItem\",\"position\":3,\"name\":\"Elipso 4\"}]},{\"@type\":\"WebSite\",\"@id\":\"https:\\\/\\\/freekids.pl\\\/de\\\/#website\",\"url\":\"https:\\\/\\\/freekids.pl\\\/de\\\/\",\"name\":\"FreeKids Playgrounds | Sport | Urban Furniture\",\"description\":\"Dream it, do it !\",\"potentialAction\":[{\"@type\":\"SearchAction\",\"target\":{\"@type\":\"EntryPoint\",\"urlTemplate\":\"https:\\\/\\\/freekids.pl\\\/de\\\/?s={search_term_string}\"},\"query-input\":{\"@type\":\"PropertyValueSpecification\",\"valueRequired\":true,\"valueName\":\"search_term_string\"}}],\"inLanguage\":\"de\"}]}<\/script>\n<!-- \/ Yoast SEO plugin. -->","yoast_head_json":{"title":"Set Elipso 4 mit Spielplatztunnel - Freekids.de","robots":{"index":"index","follow":"follow","max-snippet":"max-snippet:-1","max-image-preview":"max-image-preview:large","max-video-preview":"max-video-preview:-1"},"canonical":"https:\/\/freekids.pl\/de\/produkt\/elipso-4\/","og_locale":"de_DE","og_type":"article","og_title":"Set Elipso 4 mit Spielplatztunnel - Freekids.de","og_description":"Vorrichtung auf runden Stahlpfosten. Die Pfosten sind mit kugelf\u00f6rmigen Gummiabdeckungen versehen. Bedienfelder mit Abmessungen von mindestens 100 x 70 cm.","og_url":"https:\/\/freekids.pl\/de\/produkt\/elipso-4\/","og_site_name":"FreeKids Playgrounds | Sport | Urban Furniture","article_modified_time":"2025-11-04T07:43:25+00:00","og_image":[{"width":2560,"height":2560,"url":"https:\/\/freekids.pl\/wp-content\/uploads\/2025\/01\/0094034_elipso_4-wiz.1.jpg-scaled.jpg","type":"image\/jpeg"}],"twitter_card":"summary_large_image","schema":{"@context":"https:\/\/schema.org","@graph":[{"@type":"WebPage","@id":"https:\/\/freekids.pl\/de\/produkt\/elipso-4\/","url":"https:\/\/freekids.pl\/de\/produkt\/elipso-4\/","name":"Set Elipso 4 mit Spielplatztunnel - Freekids.de","isPartOf":{"@id":"https:\/\/freekids.pl\/de\/#website"},"primaryImageOfPage":{"@id":"https:\/\/freekids.pl\/de\/produkt\/elipso-4\/#primaryimage"},"image":{"@id":"https:\/\/freekids.pl\/de\/produkt\/elipso-4\/#primaryimage"},"thumbnailUrl":"https:\/\/freekids.pl\/wp-content\/uploads\/2025\/01\/0094034_elipso_4-wiz.1.jpg-scaled.jpg","datePublished":"2024-10-24T01:20:56+00:00","dateModified":"2025-11-04T07:43:25+00:00","breadcrumb":{"@id":"https:\/\/freekids.pl\/de\/produkt\/elipso-4\/#breadcrumb"},"inLanguage":"de","potentialAction":[{"@type":"ReadAction","target":["https:\/\/freekids.pl\/de\/produkt\/elipso-4\/"]}]},{"@type":"ImageObject","inLanguage":"de","@id":"https:\/\/freekids.pl\/de\/produkt\/elipso-4\/#primaryimage","url":"https:\/\/freekids.pl\/wp-content\/uploads\/2025\/01\/0094034_elipso_4-wiz.1.jpg-scaled.jpg","contentUrl":"https:\/\/freekids.pl\/wp-content\/uploads\/2025\/01\/0094034_elipso_4-wiz.1.jpg-scaled.jpg","width":2560,"height":2560},{"@type":"BreadcrumbList","@id":"https:\/\/freekids.pl\/de\/produkt\/elipso-4\/#breadcrumb","itemListElement":[{"@type":"ListItem","position":1,"name":"Strona g\u0142\u00f3wna","item":"https:\/\/freekids.pl\/de\/"},{"@type":"ListItem","position":2,"name":"Produkte","item":"https:\/\/freekids.pl\/de\/produkte\/"},{"@type":"ListItem","position":3,"name":"Elipso 4"}]},{"@type":"WebSite","@id":"https:\/\/freekids.pl\/de\/#website","url":"https:\/\/freekids.pl\/de\/","name":"FreeKids Playgrounds | Sport | Urban Furniture","description":"Dream it, do it !","potentialAction":[{"@type":"SearchAction","target":{"@type":"EntryPoint","urlTemplate":"https:\/\/freekids.pl\/de\/?s={search_term_string}"},"query-input":{"@type":"PropertyValueSpecification","valueRequired":true,"valueName":"search_term_string"}}],"inLanguage":"de"}]}},"_links":{"self":[{"href":"https:\/\/freekids.pl\/de\/wp-json\/wp\/v2\/product\/198043","targetHints":{"allow":["GET"]}}],"collection":[{"href":"https:\/\/freekids.pl\/de\/wp-json\/wp\/v2\/product"}],"about":[{"href":"https:\/\/freekids.pl\/de\/wp-json\/wp\/v2\/types\/product"}],"wp:featuredmedia":[{"embeddable":true,"href":"https:\/\/freekids.pl\/de\/wp-json\/wp\/v2\/media\/173269"}],"wp:attachment":[{"href":"https:\/\/freekids.pl\/de\/wp-json\/wp\/v2\/media?parent=198043"}],"wp:term":[{"taxonomy":"product_cat","embeddable":true,"href":"https:\/\/freekids.pl\/de\/wp-json\/wp\/v2\/product_cat?post=198043"},{"taxonomy":"product_tag","embeddable":true,"href":"https:\/\/freekids.pl\/de\/wp-json\/wp\/v2\/product_tag?post=198043"}],"curies":[{"name":"wp","href":"https:\/\/api.w.org\/{rel}","templated":true}]}}