{"id":199282,"date":"2024-10-24T03:01:35","date_gmt":"2024-10-24T01:01:35","guid":{"rendered":"https:\/\/freekids.pl\/produkt\/leuchtturm\/"},"modified":"2025-10-21T08:39:06","modified_gmt":"2025-10-21T06:39:06","slug":"leuchtturm","status":"publish","type":"product","link":"https:\/\/freekids.pl\/de\/produkt\/leuchtturm\/","title":{"rendered":"Leuchtturm"},"content":{"rendered":"","protected":false},"excerpt":{"rendered":"<p>Ein turmf\u00f6rmiges Ger\u00e4t, das auf einem sechseckigen Grundriss gebaut ist. Der untere Teil des Ger\u00e4ts verj\u00fcngt sich nach oben. Ausgestattet mit einer Au\u00dfentreppe und einer Kletterwand. Im Inneren, im sich nach oben verj\u00fcngenden Teil, befindet sich eine Wendeltreppe, die zur ersten Rutsche f\u00fchrt. Zwischen der ersten und der zweiten Rutsche befinden sich spiralf\u00f6rmige Plattformen und zahlreiche Fenster. Ganz oben befindet sich ein Aussichtspunkt mit einer Rutsche und W\u00e4nden aus Polykarbonat, die von einem sechseckigen Dach mit einer Fahne \u00fcberdacht werden.     <\/p>\n<div id=\"highlighter--hover-tools\" style=\"display: none;\">\n<div id=\"highlighter--hover-tools--container\">\n<div class=\"highlighter--icon highlighter--icon-copy\" title=\"Kopieren Sie\"><\/div>\n<div class=\"highlighter--icon highlighter--icon-change-color\" title=\"Farbe \u00e4ndern\"><\/div>\n<div class=\"highlighter--icon highlighter--icon-delete\" title=\"L\u00f6schen\"><\/div>\n<\/div>\n<\/div>\n<div id=\"highlighter--hover-tools\" style=\"display: none;\">\n<div id=\"highlighter--hover-tools--container\">\n<div class=\"highlighter--icon highlighter--icon-copy\" title=\"Kopieren Sie\"><\/div>\n<div class=\"highlighter--icon highlighter--icon-change-color\" title=\"Farbe \u00e4ndern\"><\/div>\n<div class=\"highlighter--icon highlighter--icon-delete\" title=\"L\u00f6schen\"><\/div>\n<\/div>\n<\/div>\n<div id=\"highlighter--hover-tools\" style=\"display: none;\">\n<div id=\"highlighter--hover-tools--container\">\n<div class=\"highlighter--icon highlighter--icon-copy\" title=\"Kopieren Sie\"><\/div>\n<div class=\"highlighter--icon highlighter--icon-change-color\" title=\"Farbe \u00e4ndern\"><\/div>\n<div class=\"highlighter--icon highlighter--icon-delete\" title=\"L\u00f6schen\"><\/div>\n<\/div>\n<\/div>\n","protected":false},"featured_media":171548,"template":"","meta":{"_acf_changed":false,"ep_exclude_from_search":false},"product_brand":[],"product_cat":[550,477,757],"product_tag":[],"class_list":{"0":"post-199282","1":"product","2":"type-product","3":"status-publish","4":"has-post-thumbnail","6":"product_series-by-the-sea-de","7":"product_group-original-de","8":"product_cat-multifunktionale-sets","9":"product_cat-spielplatze","10":"product_cat-wysokie-konstrukcje-de","12":"first","13":"outofstock","14":"shipping-taxable","15":"purchasable","16":"product-type-simple"},"acf":[],"yoast_head":"<!-- This site is optimized with the Yoast SEO plugin v27.4 - https:\/\/yoast.com\/product\/yoast-seo-wordpress\/ -->\n<title>Leuchtturm-Set - Turmspielplatz mit Rutschen - Freekids.de<\/title>\n<meta name=\"robots\" content=\"index, follow, max-snippet:-1, max-image-preview:large, max-video-preview:-1\" \/>\n<link rel=\"canonical\" href=\"https:\/\/freekids.pl\/de\/produkt\/leuchtturm\/\" \/>\n<meta property=\"og:locale\" content=\"de_DE\" \/>\n<meta property=\"og:type\" content=\"article\" \/>\n<meta property=\"og:title\" content=\"Leuchtturm-Set - Turmspielplatz mit Rutschen - Freekids.de\" \/>\n<meta property=\"og:description\" content=\"Ein turmf\u00f6rmiges Ger\u00e4t, das auf einem sechseckigen Grundriss gebaut ist. Der untere Teil des Ger\u00e4ts verj\u00fcngt sich nach oben. Ausgestattet mit einer Au\u00dfentreppe und einer Kletterwand. Im Inneren, im sich nach oben verj\u00fcngenden Teil, befindet sich eine Wendeltreppe, die zur ersten Rutsche f\u00fchrt. Zwischen der ersten und der zweiten Rutsche befinden sich spiralf\u00f6rmige Plattformen und zahlreiche Fenster. Ganz oben befindet sich ein Aussichtspunkt mit einer Rutsche und W\u00e4nden aus Polykarbonat, die von einem sechseckigen Dach mit einer Fahne \u00fcberdacht werden.\" \/>\n<meta property=\"og:url\" content=\"https:\/\/freekids.pl\/de\/produkt\/leuchtturm\/\" \/>\n<meta property=\"og:site_name\" content=\"FreeKids Playgrounds | Sport | Urban Furniture\" \/>\n<meta property=\"article:modified_time\" content=\"2025-10-21T06:39:06+00:00\" \/>\n<meta property=\"og:image\" content=\"https:\/\/freekids.pl\/wp-content\/uploads\/2025\/01\/0280069_latarnia_baszta_-_wiz.1-scaled.jpg\" \/>\n\t<meta property=\"og:image:width\" content=\"2560\" \/>\n\t<meta property=\"og:image:height\" content=\"1657\" \/>\n\t<meta property=\"og:image:type\" content=\"image\/jpeg\" \/>\n<meta name=\"twitter:card\" content=\"summary_large_image\" \/>\n<script type=\"application\/ld+json\" class=\"yoast-schema-graph\">{\"@context\":\"https:\\\/\\\/schema.org\",\"@graph\":[{\"@type\":\"WebPage\",\"@id\":\"https:\\\/\\\/freekids.pl\\\/de\\\/produkt\\\/leuchtturm\\\/\",\"url\":\"https:\\\/\\\/freekids.pl\\\/de\\\/produkt\\\/leuchtturm\\\/\",\"name\":\"Leuchtturm-Set - Turmspielplatz mit Rutschen - Freekids.de\",\"isPartOf\":{\"@id\":\"https:\\\/\\\/freekids.pl\\\/de\\\/#website\"},\"primaryImageOfPage\":{\"@id\":\"https:\\\/\\\/freekids.pl\\\/de\\\/produkt\\\/leuchtturm\\\/#primaryimage\"},\"image\":{\"@id\":\"https:\\\/\\\/freekids.pl\\\/de\\\/produkt\\\/leuchtturm\\\/#primaryimage\"},\"thumbnailUrl\":\"https:\\\/\\\/freekids.pl\\\/wp-content\\\/uploads\\\/2025\\\/01\\\/0280069_latarnia_baszta_-_wiz.1-scaled.jpg\",\"datePublished\":\"2024-10-24T01:01:35+00:00\",\"dateModified\":\"2025-10-21T06:39:06+00:00\",\"breadcrumb\":{\"@id\":\"https:\\\/\\\/freekids.pl\\\/de\\\/produkt\\\/leuchtturm\\\/#breadcrumb\"},\"inLanguage\":\"de\",\"potentialAction\":[{\"@type\":\"ReadAction\",\"target\":[\"https:\\\/\\\/freekids.pl\\\/de\\\/produkt\\\/leuchtturm\\\/\"]}]},{\"@type\":\"ImageObject\",\"inLanguage\":\"de\",\"@id\":\"https:\\\/\\\/freekids.pl\\\/de\\\/produkt\\\/leuchtturm\\\/#primaryimage\",\"url\":\"https:\\\/\\\/freekids.pl\\\/wp-content\\\/uploads\\\/2025\\\/01\\\/0280069_latarnia_baszta_-_wiz.1-scaled.jpg\",\"contentUrl\":\"https:\\\/\\\/freekids.pl\\\/wp-content\\\/uploads\\\/2025\\\/01\\\/0280069_latarnia_baszta_-_wiz.1-scaled.jpg\",\"width\":2560,\"height\":1657},{\"@type\":\"BreadcrumbList\",\"@id\":\"https:\\\/\\\/freekids.pl\\\/de\\\/produkt\\\/leuchtturm\\\/#breadcrumb\",\"itemListElement\":[{\"@type\":\"ListItem\",\"position\":1,\"name\":\"Strona g\u0142\u00f3wna\",\"item\":\"https:\\\/\\\/freekids.pl\\\/de\\\/\"},{\"@type\":\"ListItem\",\"position\":2,\"name\":\"Produkte\",\"item\":\"https:\\\/\\\/freekids.pl\\\/de\\\/produkte\\\/\"},{\"@type\":\"ListItem\",\"position\":3,\"name\":\"Leuchtturm\"}]},{\"@type\":\"WebSite\",\"@id\":\"https:\\\/\\\/freekids.pl\\\/de\\\/#website\",\"url\":\"https:\\\/\\\/freekids.pl\\\/de\\\/\",\"name\":\"FreeKids Playgrounds | Sport | Urban Furniture\",\"description\":\"Dream it, do it !\",\"potentialAction\":[{\"@type\":\"SearchAction\",\"target\":{\"@type\":\"EntryPoint\",\"urlTemplate\":\"https:\\\/\\\/freekids.pl\\\/de\\\/?s={search_term_string}\"},\"query-input\":{\"@type\":\"PropertyValueSpecification\",\"valueRequired\":true,\"valueName\":\"search_term_string\"}}],\"inLanguage\":\"de\"}]}<\/script>\n<!-- \/ Yoast SEO plugin. -->","yoast_head_json":{"title":"Leuchtturm-Set - Turmspielplatz mit Rutschen - Freekids.de","robots":{"index":"index","follow":"follow","max-snippet":"max-snippet:-1","max-image-preview":"max-image-preview:large","max-video-preview":"max-video-preview:-1"},"canonical":"https:\/\/freekids.pl\/de\/produkt\/leuchtturm\/","og_locale":"de_DE","og_type":"article","og_title":"Leuchtturm-Set - Turmspielplatz mit Rutschen - Freekids.de","og_description":"Ein turmf\u00f6rmiges Ger\u00e4t, das auf einem sechseckigen Grundriss gebaut ist. Der untere Teil des Ger\u00e4ts verj\u00fcngt sich nach oben. Ausgestattet mit einer Au\u00dfentreppe und einer Kletterwand. Im Inneren, im sich nach oben verj\u00fcngenden Teil, befindet sich eine Wendeltreppe, die zur ersten Rutsche f\u00fchrt. Zwischen der ersten und der zweiten Rutsche befinden sich spiralf\u00f6rmige Plattformen und zahlreiche Fenster. Ganz oben befindet sich ein Aussichtspunkt mit einer Rutsche und W\u00e4nden aus Polykarbonat, die von einem sechseckigen Dach mit einer Fahne \u00fcberdacht werden.","og_url":"https:\/\/freekids.pl\/de\/produkt\/leuchtturm\/","og_site_name":"FreeKids Playgrounds | Sport | Urban Furniture","article_modified_time":"2025-10-21T06:39:06+00:00","og_image":[{"width":2560,"height":1657,"url":"https:\/\/freekids.pl\/wp-content\/uploads\/2025\/01\/0280069_latarnia_baszta_-_wiz.1-scaled.jpg","type":"image\/jpeg"}],"twitter_card":"summary_large_image","schema":{"@context":"https:\/\/schema.org","@graph":[{"@type":"WebPage","@id":"https:\/\/freekids.pl\/de\/produkt\/leuchtturm\/","url":"https:\/\/freekids.pl\/de\/produkt\/leuchtturm\/","name":"Leuchtturm-Set - Turmspielplatz mit Rutschen - Freekids.de","isPartOf":{"@id":"https:\/\/freekids.pl\/de\/#website"},"primaryImageOfPage":{"@id":"https:\/\/freekids.pl\/de\/produkt\/leuchtturm\/#primaryimage"},"image":{"@id":"https:\/\/freekids.pl\/de\/produkt\/leuchtturm\/#primaryimage"},"thumbnailUrl":"https:\/\/freekids.pl\/wp-content\/uploads\/2025\/01\/0280069_latarnia_baszta_-_wiz.1-scaled.jpg","datePublished":"2024-10-24T01:01:35+00:00","dateModified":"2025-10-21T06:39:06+00:00","breadcrumb":{"@id":"https:\/\/freekids.pl\/de\/produkt\/leuchtturm\/#breadcrumb"},"inLanguage":"de","potentialAction":[{"@type":"ReadAction","target":["https:\/\/freekids.pl\/de\/produkt\/leuchtturm\/"]}]},{"@type":"ImageObject","inLanguage":"de","@id":"https:\/\/freekids.pl\/de\/produkt\/leuchtturm\/#primaryimage","url":"https:\/\/freekids.pl\/wp-content\/uploads\/2025\/01\/0280069_latarnia_baszta_-_wiz.1-scaled.jpg","contentUrl":"https:\/\/freekids.pl\/wp-content\/uploads\/2025\/01\/0280069_latarnia_baszta_-_wiz.1-scaled.jpg","width":2560,"height":1657},{"@type":"BreadcrumbList","@id":"https:\/\/freekids.pl\/de\/produkt\/leuchtturm\/#breadcrumb","itemListElement":[{"@type":"ListItem","position":1,"name":"Strona g\u0142\u00f3wna","item":"https:\/\/freekids.pl\/de\/"},{"@type":"ListItem","position":2,"name":"Produkte","item":"https:\/\/freekids.pl\/de\/produkte\/"},{"@type":"ListItem","position":3,"name":"Leuchtturm"}]},{"@type":"WebSite","@id":"https:\/\/freekids.pl\/de\/#website","url":"https:\/\/freekids.pl\/de\/","name":"FreeKids Playgrounds | Sport | Urban Furniture","description":"Dream it, do it !","potentialAction":[{"@type":"SearchAction","target":{"@type":"EntryPoint","urlTemplate":"https:\/\/freekids.pl\/de\/?s={search_term_string}"},"query-input":{"@type":"PropertyValueSpecification","valueRequired":true,"valueName":"search_term_string"}}],"inLanguage":"de"}]}},"_links":{"self":[{"href":"https:\/\/freekids.pl\/de\/wp-json\/wp\/v2\/product\/199282","targetHints":{"allow":["GET"]}}],"collection":[{"href":"https:\/\/freekids.pl\/de\/wp-json\/wp\/v2\/product"}],"about":[{"href":"https:\/\/freekids.pl\/de\/wp-json\/wp\/v2\/types\/product"}],"wp:featuredmedia":[{"embeddable":true,"href":"https:\/\/freekids.pl\/de\/wp-json\/wp\/v2\/media\/171548"}],"wp:attachment":[{"href":"https:\/\/freekids.pl\/de\/wp-json\/wp\/v2\/media?parent=199282"}],"wp:term":[{"taxonomy":"product_brand","embeddable":true,"href":"https:\/\/freekids.pl\/de\/wp-json\/wp\/v2\/product_brand?post=199282"},{"taxonomy":"product_cat","embeddable":true,"href":"https:\/\/freekids.pl\/de\/wp-json\/wp\/v2\/product_cat?post=199282"},{"taxonomy":"product_tag","embeddable":true,"href":"https:\/\/freekids.pl\/de\/wp-json\/wp\/v2\/product_tag?post=199282"}],"curies":[{"name":"wp","href":"https:\/\/api.w.org\/{rel}","templated":true}]}}