{"id":201527,"date":"2024-10-24T00:40:48","date_gmt":"2024-10-23T22:40:48","guid":{"rendered":"https:\/\/freekids.pl\/produkt\/rainboway-2\/"},"modified":"2024-10-24T00:40:48","modified_gmt":"2024-10-23T22:40:48","slug":"rainboway-2","status":"publish","type":"product","link":"https:\/\/freekids.pl\/de\/produkt\/rainboway-2\/","title":{"rendered":"RainboWay 2"},"content":{"rendered":"","protected":false},"excerpt":{"rendered":"<p>Ein Ger\u00e4t in Form eines Pfades zum Erlernen des Gleichgewichts, bestehend aus Plattformen in den Farben des Regenbogens, die in B\u00f6gen angeordnet sind und mit zus\u00e4tzlichen Ger\u00e4ten wie Portalen, Tunneln, Treppen und Rutschen durchsetzt sind. Plattformen aus mehrfarbigem HDPE auf einem Stahlrahmen gelagert, Polycarbonat-Tunnel mit transparentem UV-Druck, vertikale Kum-Applikationen aus HPL mit UV-Druck. <\/p>\n<div id=\"highlighter--hover-tools\" style=\"display: none;\">\n<div id=\"highlighter--hover-tools--container\">\n<div class=\"highlighter--icon highlighter--icon-copy\" title=\"Kopieren Sie\"><\/div>\n<div class=\"highlighter--icon highlighter--icon-change-color\" title=\"Farbe \u00e4ndern\"><\/div>\n<div class=\"highlighter--icon highlighter--icon-delete\" title=\"L\u00f6schen\"><\/div>\n<\/div>\n<\/div>\n","protected":false},"featured_media":177440,"template":"","meta":{"_acf_changed":false},"product_cat":[550,477],"product_tag":[],"class_list":{"0":"post-201527","1":"product","2":"type-product","3":"status-publish","4":"has-post-thumbnail","6":"product_series-rainboway-de","7":"product_group-original-de","8":"product_cat-multifunktionale-sets","9":"product_cat-spielplatze","11":"first","12":"outofstock","13":"shipping-taxable","14":"purchasable","15":"product-type-simple"},"acf":[],"yoast_head":"<!-- This site is optimized with the Yoast SEO plugin v27.4 - https:\/\/yoast.com\/product\/yoast-seo-wordpress\/ -->\n<title>RainboWay 2 - Freekids.pl<\/title>\n<meta name=\"robots\" content=\"index, follow, max-snippet:-1, max-image-preview:large, max-video-preview:-1\" \/>\n<link rel=\"canonical\" href=\"https:\/\/freekids.pl\/de\/produkt\/rainboway-2\/\" \/>\n<meta property=\"og:locale\" content=\"de_DE\" \/>\n<meta property=\"og:type\" content=\"article\" \/>\n<meta property=\"og:title\" content=\"RainboWay 2 - Freekids.pl\" \/>\n<meta property=\"og:description\" content=\"Ein Ger\u00e4t in Form eines Pfades zum Erlernen des Gleichgewichts, bestehend aus Plattformen in den Farben des Regenbogens, die in B\u00f6gen angeordnet sind und mit zus\u00e4tzlichen Ger\u00e4ten wie Portalen, Tunneln, Treppen und Rutschen durchsetzt sind. Plattformen aus mehrfarbigem HDPE auf einem Stahlrahmen gelagert, Polycarbonat-Tunnel mit transparentem UV-Druck, vertikale Kum-Applikationen aus HPL mit UV-Druck.\" \/>\n<meta property=\"og:url\" content=\"https:\/\/freekids.pl\/de\/produkt\/rainboway-2\/\" \/>\n<meta property=\"og:site_name\" content=\"FreeKids Playgrounds | Sport | Urban Furniture\" \/>\n<meta property=\"og:image\" content=\"https:\/\/freekids.pl\/wp-content\/uploads\/2025\/01\/rbw-z2_1.jpg\" \/>\n\t<meta property=\"og:image:width\" content=\"2000\" \/>\n\t<meta property=\"og:image:height\" content=\"1033\" \/>\n\t<meta property=\"og:image:type\" content=\"image\/jpeg\" \/>\n<meta name=\"twitter:card\" content=\"summary_large_image\" \/>\n<script type=\"application\/ld+json\" class=\"yoast-schema-graph\">{\"@context\":\"https:\\\/\\\/schema.org\",\"@graph\":[{\"@type\":\"WebPage\",\"@id\":\"https:\\\/\\\/freekids.pl\\\/de\\\/produkt\\\/rainboway-2\\\/\",\"url\":\"https:\\\/\\\/freekids.pl\\\/de\\\/produkt\\\/rainboway-2\\\/\",\"name\":\"RainboWay 2 - Freekids.pl\",\"isPartOf\":{\"@id\":\"https:\\\/\\\/freekids.pl\\\/de\\\/#website\"},\"primaryImageOfPage\":{\"@id\":\"https:\\\/\\\/freekids.pl\\\/de\\\/produkt\\\/rainboway-2\\\/#primaryimage\"},\"image\":{\"@id\":\"https:\\\/\\\/freekids.pl\\\/de\\\/produkt\\\/rainboway-2\\\/#primaryimage\"},\"thumbnailUrl\":\"https:\\\/\\\/freekids.pl\\\/wp-content\\\/uploads\\\/2025\\\/01\\\/rbw-z2_1.jpg\",\"datePublished\":\"2024-10-23T22:40:48+00:00\",\"breadcrumb\":{\"@id\":\"https:\\\/\\\/freekids.pl\\\/de\\\/produkt\\\/rainboway-2\\\/#breadcrumb\"},\"inLanguage\":\"de\",\"potentialAction\":[{\"@type\":\"ReadAction\",\"target\":[\"https:\\\/\\\/freekids.pl\\\/de\\\/produkt\\\/rainboway-2\\\/\"]}]},{\"@type\":\"ImageObject\",\"inLanguage\":\"de\",\"@id\":\"https:\\\/\\\/freekids.pl\\\/de\\\/produkt\\\/rainboway-2\\\/#primaryimage\",\"url\":\"https:\\\/\\\/freekids.pl\\\/wp-content\\\/uploads\\\/2025\\\/01\\\/rbw-z2_1.jpg\",\"contentUrl\":\"https:\\\/\\\/freekids.pl\\\/wp-content\\\/uploads\\\/2025\\\/01\\\/rbw-z2_1.jpg\",\"width\":2000,\"height\":1033},{\"@type\":\"BreadcrumbList\",\"@id\":\"https:\\\/\\\/freekids.pl\\\/de\\\/produkt\\\/rainboway-2\\\/#breadcrumb\",\"itemListElement\":[{\"@type\":\"ListItem\",\"position\":1,\"name\":\"Strona g\u0142\u00f3wna\",\"item\":\"https:\\\/\\\/freekids.pl\\\/de\\\/\"},{\"@type\":\"ListItem\",\"position\":2,\"name\":\"Produkte\",\"item\":\"https:\\\/\\\/freekids.pl\\\/de\\\/produkte\\\/\"},{\"@type\":\"ListItem\",\"position\":3,\"name\":\"RainboWay 2\"}]},{\"@type\":\"WebSite\",\"@id\":\"https:\\\/\\\/freekids.pl\\\/de\\\/#website\",\"url\":\"https:\\\/\\\/freekids.pl\\\/de\\\/\",\"name\":\"FreeKids Playgrounds | Sport | Urban Furniture\",\"description\":\"Dream it, do it !\",\"potentialAction\":[{\"@type\":\"SearchAction\",\"target\":{\"@type\":\"EntryPoint\",\"urlTemplate\":\"https:\\\/\\\/freekids.pl\\\/de\\\/?s={search_term_string}\"},\"query-input\":{\"@type\":\"PropertyValueSpecification\",\"valueRequired\":true,\"valueName\":\"search_term_string\"}}],\"inLanguage\":\"de\"}]}<\/script>\n<!-- \/ Yoast SEO plugin. -->","yoast_head_json":{"title":"RainboWay 2 - Freekids.pl","robots":{"index":"index","follow":"follow","max-snippet":"max-snippet:-1","max-image-preview":"max-image-preview:large","max-video-preview":"max-video-preview:-1"},"canonical":"https:\/\/freekids.pl\/de\/produkt\/rainboway-2\/","og_locale":"de_DE","og_type":"article","og_title":"RainboWay 2 - Freekids.pl","og_description":"Ein Ger\u00e4t in Form eines Pfades zum Erlernen des Gleichgewichts, bestehend aus Plattformen in den Farben des Regenbogens, die in B\u00f6gen angeordnet sind und mit zus\u00e4tzlichen Ger\u00e4ten wie Portalen, Tunneln, Treppen und Rutschen durchsetzt sind. Plattformen aus mehrfarbigem HDPE auf einem Stahlrahmen gelagert, Polycarbonat-Tunnel mit transparentem UV-Druck, vertikale Kum-Applikationen aus HPL mit UV-Druck.","og_url":"https:\/\/freekids.pl\/de\/produkt\/rainboway-2\/","og_site_name":"FreeKids Playgrounds | Sport | Urban Furniture","og_image":[{"width":2000,"height":1033,"url":"https:\/\/freekids.pl\/wp-content\/uploads\/2025\/01\/rbw-z2_1.jpg","type":"image\/jpeg"}],"twitter_card":"summary_large_image","schema":{"@context":"https:\/\/schema.org","@graph":[{"@type":"WebPage","@id":"https:\/\/freekids.pl\/de\/produkt\/rainboway-2\/","url":"https:\/\/freekids.pl\/de\/produkt\/rainboway-2\/","name":"RainboWay 2 - Freekids.pl","isPartOf":{"@id":"https:\/\/freekids.pl\/de\/#website"},"primaryImageOfPage":{"@id":"https:\/\/freekids.pl\/de\/produkt\/rainboway-2\/#primaryimage"},"image":{"@id":"https:\/\/freekids.pl\/de\/produkt\/rainboway-2\/#primaryimage"},"thumbnailUrl":"https:\/\/freekids.pl\/wp-content\/uploads\/2025\/01\/rbw-z2_1.jpg","datePublished":"2024-10-23T22:40:48+00:00","breadcrumb":{"@id":"https:\/\/freekids.pl\/de\/produkt\/rainboway-2\/#breadcrumb"},"inLanguage":"de","potentialAction":[{"@type":"ReadAction","target":["https:\/\/freekids.pl\/de\/produkt\/rainboway-2\/"]}]},{"@type":"ImageObject","inLanguage":"de","@id":"https:\/\/freekids.pl\/de\/produkt\/rainboway-2\/#primaryimage","url":"https:\/\/freekids.pl\/wp-content\/uploads\/2025\/01\/rbw-z2_1.jpg","contentUrl":"https:\/\/freekids.pl\/wp-content\/uploads\/2025\/01\/rbw-z2_1.jpg","width":2000,"height":1033},{"@type":"BreadcrumbList","@id":"https:\/\/freekids.pl\/de\/produkt\/rainboway-2\/#breadcrumb","itemListElement":[{"@type":"ListItem","position":1,"name":"Strona g\u0142\u00f3wna","item":"https:\/\/freekids.pl\/de\/"},{"@type":"ListItem","position":2,"name":"Produkte","item":"https:\/\/freekids.pl\/de\/produkte\/"},{"@type":"ListItem","position":3,"name":"RainboWay 2"}]},{"@type":"WebSite","@id":"https:\/\/freekids.pl\/de\/#website","url":"https:\/\/freekids.pl\/de\/","name":"FreeKids Playgrounds | Sport | Urban Furniture","description":"Dream it, do it !","potentialAction":[{"@type":"SearchAction","target":{"@type":"EntryPoint","urlTemplate":"https:\/\/freekids.pl\/de\/?s={search_term_string}"},"query-input":{"@type":"PropertyValueSpecification","valueRequired":true,"valueName":"search_term_string"}}],"inLanguage":"de"}]}},"_links":{"self":[{"href":"https:\/\/freekids.pl\/de\/wp-json\/wp\/v2\/product\/201527","targetHints":{"allow":["GET"]}}],"collection":[{"href":"https:\/\/freekids.pl\/de\/wp-json\/wp\/v2\/product"}],"about":[{"href":"https:\/\/freekids.pl\/de\/wp-json\/wp\/v2\/types\/product"}],"wp:featuredmedia":[{"embeddable":true,"href":"https:\/\/freekids.pl\/de\/wp-json\/wp\/v2\/media\/177440"}],"wp:attachment":[{"href":"https:\/\/freekids.pl\/de\/wp-json\/wp\/v2\/media?parent=201527"}],"wp:term":[{"taxonomy":"product_cat","embeddable":true,"href":"https:\/\/freekids.pl\/de\/wp-json\/wp\/v2\/product_cat?post=201527"},{"taxonomy":"product_tag","embeddable":true,"href":"https:\/\/freekids.pl\/de\/wp-json\/wp\/v2\/product_tag?post=201527"}],"curies":[{"name":"wp","href":"https:\/\/api.w.org\/{rel}","templated":true}]}}