{"id":201662,"date":"2024-10-24T00:50:04","date_gmt":"2024-10-23T22:50:04","guid":{"rendered":"https:\/\/freekids.pl\/produkt\/twist-konus\/"},"modified":"2024-10-24T00:50:04","modified_gmt":"2024-10-23T22:50:04","slug":"twist-konus","status":"publish","type":"product","link":"https:\/\/freekids.pl\/de\/produkt\/twist-konus\/","title":{"rendered":"Twist-Konus"},"content":{"rendered":"","protected":false},"excerpt":{"rendered":"<p>Eine Seilvorrichtung in Form eines vertikalen konischen Lianariums, das sich nach unten ausdehnt. Der Seilkonus hat die F\u00e4higkeit, sich um die Stange zu drehen. Die Seile im unteren Teil sind verdickt, um die Beine zu st\u00fctzen, \u00e4hnlich an zwei Stellen auf H\u00f6he des Randes, um die M\u00f6glichkeit zum Sitzen zu bieten.  <\/p>\n","protected":false},"featured_media":177832,"template":"","meta":{"_acf_changed":false,"ep_exclude_from_search":false},"product_brand":[],"product_cat":[507,512,477],"product_tag":[],"class_list":{"0":"post-201662","1":"product","2":"type-product","3":"status-publish","4":"has-post-thumbnail","6":"product_series-spider-de","7":"product_group-original-de","8":"product_cat-karussells","9":"product_cat-linaria-de","10":"product_cat-spielplatze","12":"first","13":"outofstock","14":"shipping-taxable","15":"purchasable","16":"product-type-simple"},"acf":[],"yoast_head":"<!-- This site is optimized with the Yoast SEO plugin v27.4 - https:\/\/yoast.com\/product\/yoast-seo-wordpress\/ -->\n<title>Twist-Konus - Freekids.pl<\/title>\n<meta name=\"robots\" content=\"index, follow, max-snippet:-1, max-image-preview:large, max-video-preview:-1\" \/>\n<link rel=\"canonical\" href=\"https:\/\/freekids.pl\/de\/produkt\/twist-konus\/\" \/>\n<meta property=\"og:locale\" content=\"de_DE\" \/>\n<meta property=\"og:type\" content=\"article\" \/>\n<meta property=\"og:title\" content=\"Twist-Konus - Freekids.pl\" \/>\n<meta property=\"og:description\" content=\"Eine Seilvorrichtung in Form eines vertikalen konischen Lianariums, das sich nach unten ausdehnt. Der Seilkonus hat die F\u00e4higkeit, sich um die Stange zu drehen. Die Seile im unteren Teil sind verdickt, um die Beine zu st\u00fctzen, \u00e4hnlich an zwei Stellen auf H\u00f6he des Randes, um die M\u00f6glichkeit zum Sitzen zu bieten.\" \/>\n<meta property=\"og:url\" content=\"https:\/\/freekids.pl\/de\/produkt\/twist-konus\/\" \/>\n<meta property=\"og:site_name\" content=\"FreeKids Playgrounds | Sport | Urban Furniture\" \/>\n<meta property=\"og:image\" content=\"https:\/\/freekids.pl\/wp-content\/uploads\/2025\/01\/0080007_stozek__twist_-_wiz.1-scaled.jpg\" \/>\n\t<meta property=\"og:image:width\" content=\"2560\" \/>\n\t<meta property=\"og:image:height\" content=\"1657\" \/>\n\t<meta property=\"og:image:type\" content=\"image\/jpeg\" \/>\n<meta name=\"twitter:card\" content=\"summary_large_image\" \/>\n<script type=\"application\/ld+json\" class=\"yoast-schema-graph\">{\"@context\":\"https:\\\/\\\/schema.org\",\"@graph\":[{\"@type\":\"WebPage\",\"@id\":\"https:\\\/\\\/freekids.pl\\\/de\\\/produkt\\\/twist-konus\\\/\",\"url\":\"https:\\\/\\\/freekids.pl\\\/de\\\/produkt\\\/twist-konus\\\/\",\"name\":\"Twist-Konus - Freekids.pl\",\"isPartOf\":{\"@id\":\"https:\\\/\\\/freekids.pl\\\/de\\\/#website\"},\"primaryImageOfPage\":{\"@id\":\"https:\\\/\\\/freekids.pl\\\/de\\\/produkt\\\/twist-konus\\\/#primaryimage\"},\"image\":{\"@id\":\"https:\\\/\\\/freekids.pl\\\/de\\\/produkt\\\/twist-konus\\\/#primaryimage\"},\"thumbnailUrl\":\"https:\\\/\\\/freekids.pl\\\/wp-content\\\/uploads\\\/2025\\\/01\\\/0080007_stozek__twist_-_wiz.1-scaled.jpg\",\"datePublished\":\"2024-10-23T22:50:04+00:00\",\"breadcrumb\":{\"@id\":\"https:\\\/\\\/freekids.pl\\\/de\\\/produkt\\\/twist-konus\\\/#breadcrumb\"},\"inLanguage\":\"de\",\"potentialAction\":[{\"@type\":\"ReadAction\",\"target\":[\"https:\\\/\\\/freekids.pl\\\/de\\\/produkt\\\/twist-konus\\\/\"]}]},{\"@type\":\"ImageObject\",\"inLanguage\":\"de\",\"@id\":\"https:\\\/\\\/freekids.pl\\\/de\\\/produkt\\\/twist-konus\\\/#primaryimage\",\"url\":\"https:\\\/\\\/freekids.pl\\\/wp-content\\\/uploads\\\/2025\\\/01\\\/0080007_stozek__twist_-_wiz.1-scaled.jpg\",\"contentUrl\":\"https:\\\/\\\/freekids.pl\\\/wp-content\\\/uploads\\\/2025\\\/01\\\/0080007_stozek__twist_-_wiz.1-scaled.jpg\",\"width\":2560,\"height\":1657},{\"@type\":\"BreadcrumbList\",\"@id\":\"https:\\\/\\\/freekids.pl\\\/de\\\/produkt\\\/twist-konus\\\/#breadcrumb\",\"itemListElement\":[{\"@type\":\"ListItem\",\"position\":1,\"name\":\"Strona g\u0142\u00f3wna\",\"item\":\"https:\\\/\\\/freekids.pl\\\/de\\\/\"},{\"@type\":\"ListItem\",\"position\":2,\"name\":\"Produkte\",\"item\":\"https:\\\/\\\/freekids.pl\\\/de\\\/produkte\\\/\"},{\"@type\":\"ListItem\",\"position\":3,\"name\":\"Twist-Konus\"}]},{\"@type\":\"WebSite\",\"@id\":\"https:\\\/\\\/freekids.pl\\\/de\\\/#website\",\"url\":\"https:\\\/\\\/freekids.pl\\\/de\\\/\",\"name\":\"FreeKids Playgrounds | Sport | Urban Furniture\",\"description\":\"Dream it, do it !\",\"potentialAction\":[{\"@type\":\"SearchAction\",\"target\":{\"@type\":\"EntryPoint\",\"urlTemplate\":\"https:\\\/\\\/freekids.pl\\\/de\\\/?s={search_term_string}\"},\"query-input\":{\"@type\":\"PropertyValueSpecification\",\"valueRequired\":true,\"valueName\":\"search_term_string\"}}],\"inLanguage\":\"de\"}]}<\/script>\n<!-- \/ Yoast SEO plugin. -->","yoast_head_json":{"title":"Twist-Konus - Freekids.pl","robots":{"index":"index","follow":"follow","max-snippet":"max-snippet:-1","max-image-preview":"max-image-preview:large","max-video-preview":"max-video-preview:-1"},"canonical":"https:\/\/freekids.pl\/de\/produkt\/twist-konus\/","og_locale":"de_DE","og_type":"article","og_title":"Twist-Konus - Freekids.pl","og_description":"Eine Seilvorrichtung in Form eines vertikalen konischen Lianariums, das sich nach unten ausdehnt. Der Seilkonus hat die F\u00e4higkeit, sich um die Stange zu drehen. Die Seile im unteren Teil sind verdickt, um die Beine zu st\u00fctzen, \u00e4hnlich an zwei Stellen auf H\u00f6he des Randes, um die M\u00f6glichkeit zum Sitzen zu bieten.","og_url":"https:\/\/freekids.pl\/de\/produkt\/twist-konus\/","og_site_name":"FreeKids Playgrounds | Sport | Urban Furniture","og_image":[{"width":2560,"height":1657,"url":"https:\/\/freekids.pl\/wp-content\/uploads\/2025\/01\/0080007_stozek__twist_-_wiz.1-scaled.jpg","type":"image\/jpeg"}],"twitter_card":"summary_large_image","schema":{"@context":"https:\/\/schema.org","@graph":[{"@type":"WebPage","@id":"https:\/\/freekids.pl\/de\/produkt\/twist-konus\/","url":"https:\/\/freekids.pl\/de\/produkt\/twist-konus\/","name":"Twist-Konus - Freekids.pl","isPartOf":{"@id":"https:\/\/freekids.pl\/de\/#website"},"primaryImageOfPage":{"@id":"https:\/\/freekids.pl\/de\/produkt\/twist-konus\/#primaryimage"},"image":{"@id":"https:\/\/freekids.pl\/de\/produkt\/twist-konus\/#primaryimage"},"thumbnailUrl":"https:\/\/freekids.pl\/wp-content\/uploads\/2025\/01\/0080007_stozek__twist_-_wiz.1-scaled.jpg","datePublished":"2024-10-23T22:50:04+00:00","breadcrumb":{"@id":"https:\/\/freekids.pl\/de\/produkt\/twist-konus\/#breadcrumb"},"inLanguage":"de","potentialAction":[{"@type":"ReadAction","target":["https:\/\/freekids.pl\/de\/produkt\/twist-konus\/"]}]},{"@type":"ImageObject","inLanguage":"de","@id":"https:\/\/freekids.pl\/de\/produkt\/twist-konus\/#primaryimage","url":"https:\/\/freekids.pl\/wp-content\/uploads\/2025\/01\/0080007_stozek__twist_-_wiz.1-scaled.jpg","contentUrl":"https:\/\/freekids.pl\/wp-content\/uploads\/2025\/01\/0080007_stozek__twist_-_wiz.1-scaled.jpg","width":2560,"height":1657},{"@type":"BreadcrumbList","@id":"https:\/\/freekids.pl\/de\/produkt\/twist-konus\/#breadcrumb","itemListElement":[{"@type":"ListItem","position":1,"name":"Strona g\u0142\u00f3wna","item":"https:\/\/freekids.pl\/de\/"},{"@type":"ListItem","position":2,"name":"Produkte","item":"https:\/\/freekids.pl\/de\/produkte\/"},{"@type":"ListItem","position":3,"name":"Twist-Konus"}]},{"@type":"WebSite","@id":"https:\/\/freekids.pl\/de\/#website","url":"https:\/\/freekids.pl\/de\/","name":"FreeKids Playgrounds | Sport | Urban Furniture","description":"Dream it, do it !","potentialAction":[{"@type":"SearchAction","target":{"@type":"EntryPoint","urlTemplate":"https:\/\/freekids.pl\/de\/?s={search_term_string}"},"query-input":{"@type":"PropertyValueSpecification","valueRequired":true,"valueName":"search_term_string"}}],"inLanguage":"de"}]}},"_links":{"self":[{"href":"https:\/\/freekids.pl\/de\/wp-json\/wp\/v2\/product\/201662","targetHints":{"allow":["GET"]}}],"collection":[{"href":"https:\/\/freekids.pl\/de\/wp-json\/wp\/v2\/product"}],"about":[{"href":"https:\/\/freekids.pl\/de\/wp-json\/wp\/v2\/types\/product"}],"wp:featuredmedia":[{"embeddable":true,"href":"https:\/\/freekids.pl\/de\/wp-json\/wp\/v2\/media\/177832"}],"wp:attachment":[{"href":"https:\/\/freekids.pl\/de\/wp-json\/wp\/v2\/media?parent=201662"}],"wp:term":[{"taxonomy":"product_brand","embeddable":true,"href":"https:\/\/freekids.pl\/de\/wp-json\/wp\/v2\/product_brand?post=201662"},{"taxonomy":"product_cat","embeddable":true,"href":"https:\/\/freekids.pl\/de\/wp-json\/wp\/v2\/product_cat?post=201662"},{"taxonomy":"product_tag","embeddable":true,"href":"https:\/\/freekids.pl\/de\/wp-json\/wp\/v2\/product_tag?post=201662"}],"curies":[{"name":"wp","href":"https:\/\/api.w.org\/{rel}","templated":true}]}}