{"id":201703,"date":"2024-10-24T00:46:17","date_gmt":"2024-10-23T22:46:17","guid":{"rendered":"https:\/\/freekids.pl\/produkt\/tarantel\/"},"modified":"2024-10-24T00:46:17","modified_gmt":"2024-10-23T22:46:17","slug":"tarantel","status":"publish","type":"product","link":"https:\/\/freekids.pl\/de\/produkt\/tarantel\/","title":{"rendered":"Tarantel"},"content":{"rendered":"","protected":false},"excerpt":{"rendered":"<p>Ein Seilger\u00e4t in Form einer Spinne, bestehend aus einer Seilpyramide, einer Seilbr\u00fccke und einem Seildom mit Rutsche. Die Seilkuppel im Mittelteil ist mit einem Turm mit abwechselnd angeordneten Plattformen ausgestattet, um den sich ein r\u00e4umliches Seilhaus befindet. Abgerundet wird das Ganze durch Spinnenapplikationen auf Polycarbonat. Die Seilbr\u00fccke, die auf einer unregelm\u00e4\u00dfigen Linie verlegt ist, wird auf 6 Pylone gespannt, die auf Federn montiert sind.   <\/p>\n<div id=\"highlighter--hover-tools\" style=\"display: none;\">\n<div id=\"highlighter--hover-tools--container\">\n<div class=\"highlighter--icon highlighter--icon-copy\" title=\"Kopieren Sie\"><\/div>\n<div class=\"highlighter--icon highlighter--icon-change-color\" title=\"Farbe \u00e4ndern\"><\/div>\n<div class=\"highlighter--icon highlighter--icon-delete\" title=\"L\u00f6schen\"><\/div>\n<\/div>\n<\/div>\n","protected":false},"featured_media":177699,"template":"","meta":{"_acf_changed":false,"ep_exclude_from_search":false},"product_cat":[512,477],"product_tag":[],"class_list":{"0":"post-201703","1":"product","2":"type-product","3":"status-publish","4":"has-post-thumbnail","6":"product_series-spider-de","7":"product_group-original-de","8":"product_cat-linaria-de","9":"product_cat-spielplatze","11":"first","12":"outofstock","13":"shipping-taxable","14":"purchasable","15":"product-type-simple"},"acf":[],"yoast_head":"<!-- This site is optimized with the Yoast SEO plugin v27.4 - https:\/\/yoast.com\/product\/yoast-seo-wordpress\/ -->\n<title>Tarantel - Freekids.pl<\/title>\n<meta name=\"robots\" content=\"index, follow, max-snippet:-1, max-image-preview:large, max-video-preview:-1\" \/>\n<link rel=\"canonical\" href=\"https:\/\/freekids.pl\/de\/produkt\/tarantel\/\" \/>\n<meta property=\"og:locale\" content=\"de_DE\" \/>\n<meta property=\"og:type\" content=\"article\" \/>\n<meta property=\"og:title\" content=\"Tarantel - Freekids.pl\" \/>\n<meta property=\"og:description\" content=\"Ein Seilger\u00e4t in Form einer Spinne, bestehend aus einer Seilpyramide, einer Seilbr\u00fccke und einem Seildom mit Rutsche. Die Seilkuppel im Mittelteil ist mit einem Turm mit abwechselnd angeordneten Plattformen ausgestattet, um den sich ein r\u00e4umliches Seilhaus befindet. Abgerundet wird das Ganze durch Spinnenapplikationen auf Polycarbonat. Die Seilbr\u00fccke, die auf einer unregelm\u00e4\u00dfigen Linie verlegt ist, wird auf 6 Pylone gespannt, die auf Federn montiert sind.\" \/>\n<meta property=\"og:url\" content=\"https:\/\/freekids.pl\/de\/produkt\/tarantel\/\" \/>\n<meta property=\"og:site_name\" content=\"FreeKids Playgrounds | Sport | Urban Furniture\" \/>\n<meta property=\"og:image\" content=\"https:\/\/freekids.pl\/wp-content\/uploads\/2025\/01\/0080010_tarantula_-_wiz.1-scaled.jpg\" \/>\n\t<meta property=\"og:image:width\" content=\"2560\" \/>\n\t<meta property=\"og:image:height\" content=\"1657\" \/>\n\t<meta property=\"og:image:type\" content=\"image\/jpeg\" \/>\n<meta name=\"twitter:card\" content=\"summary_large_image\" \/>\n<script type=\"application\/ld+json\" class=\"yoast-schema-graph\">{\"@context\":\"https:\\\/\\\/schema.org\",\"@graph\":[{\"@type\":\"WebPage\",\"@id\":\"https:\\\/\\\/freekids.pl\\\/de\\\/produkt\\\/tarantel\\\/\",\"url\":\"https:\\\/\\\/freekids.pl\\\/de\\\/produkt\\\/tarantel\\\/\",\"name\":\"Tarantel - Freekids.pl\",\"isPartOf\":{\"@id\":\"https:\\\/\\\/freekids.pl\\\/de\\\/#website\"},\"primaryImageOfPage\":{\"@id\":\"https:\\\/\\\/freekids.pl\\\/de\\\/produkt\\\/tarantel\\\/#primaryimage\"},\"image\":{\"@id\":\"https:\\\/\\\/freekids.pl\\\/de\\\/produkt\\\/tarantel\\\/#primaryimage\"},\"thumbnailUrl\":\"https:\\\/\\\/freekids.pl\\\/wp-content\\\/uploads\\\/2025\\\/01\\\/0080010_tarantula_-_wiz.1-scaled.jpg\",\"datePublished\":\"2024-10-23T22:46:17+00:00\",\"breadcrumb\":{\"@id\":\"https:\\\/\\\/freekids.pl\\\/de\\\/produkt\\\/tarantel\\\/#breadcrumb\"},\"inLanguage\":\"de\",\"potentialAction\":[{\"@type\":\"ReadAction\",\"target\":[\"https:\\\/\\\/freekids.pl\\\/de\\\/produkt\\\/tarantel\\\/\"]}]},{\"@type\":\"ImageObject\",\"inLanguage\":\"de\",\"@id\":\"https:\\\/\\\/freekids.pl\\\/de\\\/produkt\\\/tarantel\\\/#primaryimage\",\"url\":\"https:\\\/\\\/freekids.pl\\\/wp-content\\\/uploads\\\/2025\\\/01\\\/0080010_tarantula_-_wiz.1-scaled.jpg\",\"contentUrl\":\"https:\\\/\\\/freekids.pl\\\/wp-content\\\/uploads\\\/2025\\\/01\\\/0080010_tarantula_-_wiz.1-scaled.jpg\",\"width\":2560,\"height\":1657},{\"@type\":\"BreadcrumbList\",\"@id\":\"https:\\\/\\\/freekids.pl\\\/de\\\/produkt\\\/tarantel\\\/#breadcrumb\",\"itemListElement\":[{\"@type\":\"ListItem\",\"position\":1,\"name\":\"Strona g\u0142\u00f3wna\",\"item\":\"https:\\\/\\\/freekids.pl\\\/de\\\/\"},{\"@type\":\"ListItem\",\"position\":2,\"name\":\"Produkte\",\"item\":\"https:\\\/\\\/freekids.pl\\\/de\\\/produkte\\\/\"},{\"@type\":\"ListItem\",\"position\":3,\"name\":\"Tarantel\"}]},{\"@type\":\"WebSite\",\"@id\":\"https:\\\/\\\/freekids.pl\\\/de\\\/#website\",\"url\":\"https:\\\/\\\/freekids.pl\\\/de\\\/\",\"name\":\"FreeKids Playgrounds | Sport | Urban Furniture\",\"description\":\"Dream it, do it !\",\"potentialAction\":[{\"@type\":\"SearchAction\",\"target\":{\"@type\":\"EntryPoint\",\"urlTemplate\":\"https:\\\/\\\/freekids.pl\\\/de\\\/?s={search_term_string}\"},\"query-input\":{\"@type\":\"PropertyValueSpecification\",\"valueRequired\":true,\"valueName\":\"search_term_string\"}}],\"inLanguage\":\"de\"}]}<\/script>\n<!-- \/ Yoast SEO plugin. -->","yoast_head_json":{"title":"Tarantel - Freekids.pl","robots":{"index":"index","follow":"follow","max-snippet":"max-snippet:-1","max-image-preview":"max-image-preview:large","max-video-preview":"max-video-preview:-1"},"canonical":"https:\/\/freekids.pl\/de\/produkt\/tarantel\/","og_locale":"de_DE","og_type":"article","og_title":"Tarantel - Freekids.pl","og_description":"Ein Seilger\u00e4t in Form einer Spinne, bestehend aus einer Seilpyramide, einer Seilbr\u00fccke und einem Seildom mit Rutsche. Die Seilkuppel im Mittelteil ist mit einem Turm mit abwechselnd angeordneten Plattformen ausgestattet, um den sich ein r\u00e4umliches Seilhaus befindet. Abgerundet wird das Ganze durch Spinnenapplikationen auf Polycarbonat. Die Seilbr\u00fccke, die auf einer unregelm\u00e4\u00dfigen Linie verlegt ist, wird auf 6 Pylone gespannt, die auf Federn montiert sind.","og_url":"https:\/\/freekids.pl\/de\/produkt\/tarantel\/","og_site_name":"FreeKids Playgrounds | Sport | Urban Furniture","og_image":[{"width":2560,"height":1657,"url":"https:\/\/freekids.pl\/wp-content\/uploads\/2025\/01\/0080010_tarantula_-_wiz.1-scaled.jpg","type":"image\/jpeg"}],"twitter_card":"summary_large_image","schema":{"@context":"https:\/\/schema.org","@graph":[{"@type":"WebPage","@id":"https:\/\/freekids.pl\/de\/produkt\/tarantel\/","url":"https:\/\/freekids.pl\/de\/produkt\/tarantel\/","name":"Tarantel - Freekids.pl","isPartOf":{"@id":"https:\/\/freekids.pl\/de\/#website"},"primaryImageOfPage":{"@id":"https:\/\/freekids.pl\/de\/produkt\/tarantel\/#primaryimage"},"image":{"@id":"https:\/\/freekids.pl\/de\/produkt\/tarantel\/#primaryimage"},"thumbnailUrl":"https:\/\/freekids.pl\/wp-content\/uploads\/2025\/01\/0080010_tarantula_-_wiz.1-scaled.jpg","datePublished":"2024-10-23T22:46:17+00:00","breadcrumb":{"@id":"https:\/\/freekids.pl\/de\/produkt\/tarantel\/#breadcrumb"},"inLanguage":"de","potentialAction":[{"@type":"ReadAction","target":["https:\/\/freekids.pl\/de\/produkt\/tarantel\/"]}]},{"@type":"ImageObject","inLanguage":"de","@id":"https:\/\/freekids.pl\/de\/produkt\/tarantel\/#primaryimage","url":"https:\/\/freekids.pl\/wp-content\/uploads\/2025\/01\/0080010_tarantula_-_wiz.1-scaled.jpg","contentUrl":"https:\/\/freekids.pl\/wp-content\/uploads\/2025\/01\/0080010_tarantula_-_wiz.1-scaled.jpg","width":2560,"height":1657},{"@type":"BreadcrumbList","@id":"https:\/\/freekids.pl\/de\/produkt\/tarantel\/#breadcrumb","itemListElement":[{"@type":"ListItem","position":1,"name":"Strona g\u0142\u00f3wna","item":"https:\/\/freekids.pl\/de\/"},{"@type":"ListItem","position":2,"name":"Produkte","item":"https:\/\/freekids.pl\/de\/produkte\/"},{"@type":"ListItem","position":3,"name":"Tarantel"}]},{"@type":"WebSite","@id":"https:\/\/freekids.pl\/de\/#website","url":"https:\/\/freekids.pl\/de\/","name":"FreeKids Playgrounds | Sport | Urban Furniture","description":"Dream it, do it !","potentialAction":[{"@type":"SearchAction","target":{"@type":"EntryPoint","urlTemplate":"https:\/\/freekids.pl\/de\/?s={search_term_string}"},"query-input":{"@type":"PropertyValueSpecification","valueRequired":true,"valueName":"search_term_string"}}],"inLanguage":"de"}]}},"_links":{"self":[{"href":"https:\/\/freekids.pl\/de\/wp-json\/wp\/v2\/product\/201703","targetHints":{"allow":["GET"]}}],"collection":[{"href":"https:\/\/freekids.pl\/de\/wp-json\/wp\/v2\/product"}],"about":[{"href":"https:\/\/freekids.pl\/de\/wp-json\/wp\/v2\/types\/product"}],"wp:featuredmedia":[{"embeddable":true,"href":"https:\/\/freekids.pl\/de\/wp-json\/wp\/v2\/media\/177699"}],"wp:attachment":[{"href":"https:\/\/freekids.pl\/de\/wp-json\/wp\/v2\/media?parent=201703"}],"wp:term":[{"taxonomy":"product_cat","embeddable":true,"href":"https:\/\/freekids.pl\/de\/wp-json\/wp\/v2\/product_cat?post=201703"},{"taxonomy":"product_tag","embeddable":true,"href":"https:\/\/freekids.pl\/de\/wp-json\/wp\/v2\/product_tag?post=201703"}],"curies":[{"name":"wp","href":"https:\/\/api.w.org\/{rel}","templated":true}]}}