{"id":202389,"date":"2024-10-23T23:11:55","date_gmt":"2024-10-23T21:11:55","guid":{"rendered":"https:\/\/freekids.pl\/produkt\/slavia-tawerna\/"},"modified":"2024-10-23T23:11:55","modified_gmt":"2024-10-23T21:11:55","slug":"slavia-tawerna","status":"publish","type":"product","link":"https:\/\/freekids.pl\/de\/produkt\/slavia-tawerna\/","title":{"rendered":"Slavia Tavern"},"content":{"rendered":"","protected":false},"excerpt":{"rendered":"<p>Das Ger\u00e4t basiert auf Holzstangen mit quadratischem Querschnitt. Die R\u00e4ume unter den Bahnsteigen sind \u00fcber die gesamte H\u00f6he mit Platten bebaut, wodurch Ecken und Winkel und Tunnel entstehen. Satteld\u00e4cher aus HPL und HDPE. Platten, die zu Mustern gefr\u00e4st sind, die an Bretter und Steinmauern erinnern.    Plattformen, die mit einer rutschfesten Beschichtung \u00fcberzogen sind. An den T\u00fcrmen gibt es Erkerfenster mit einem einzigen Seatron-Dach und Fenster mit B\u00e4nken im Inneren. <\/p>\n","protected":false},"featured_media":174638,"template":"","meta":{"_acf_changed":false},"product_cat":[550,477],"product_tag":[],"class_list":{"0":"post-202389","1":"product","2":"type-product","3":"status-publish","4":"has-post-thumbnail","6":"product_series-slavia-de","7":"product_group-wood-de","8":"product_cat-multifunktionale-sets","9":"product_cat-spielplatze","11":"first","12":"outofstock","13":"shipping-taxable","14":"purchasable","15":"product-type-simple"},"acf":[],"yoast_head":"<!-- This site is optimized with the Yoast SEO plugin v27.4 - https:\/\/yoast.com\/product\/yoast-seo-wordpress\/ -->\n<title>Slavia Tawerna - Freekids.pl<\/title>\n<meta name=\"robots\" content=\"index, follow, max-snippet:-1, max-image-preview:large, max-video-preview:-1\" \/>\n<link rel=\"canonical\" href=\"https:\/\/freekids.pl\/de\/produkt\/slavia-tawerna\/\" \/>\n<meta property=\"og:locale\" content=\"de_DE\" \/>\n<meta property=\"og:type\" content=\"article\" \/>\n<meta property=\"og:title\" content=\"Slavia Tawerna - Freekids.pl\" \/>\n<meta property=\"og:description\" content=\"Das Ger\u00e4t basiert auf Holzstangen mit quadratischem Querschnitt. Die R\u00e4ume unter den Bahnsteigen sind \u00fcber die gesamte H\u00f6he mit Platten bebaut, wodurch Ecken und Winkel und Tunnel entstehen. Satteld\u00e4cher aus HPL und HDPE. Platten, die zu Mustern gefr\u00e4st sind, die an Bretter und Steinmauern erinnern.  Plattformen, die mit einer rutschfesten Beschichtung \u00fcberzogen sind. An den T\u00fcrmen gibt es Erkerfenster mit einem einzigen Seatron-Dach und Fenster mit B\u00e4nken im Inneren.\" \/>\n<meta property=\"og:url\" content=\"https:\/\/freekids.pl\/de\/produkt\/slavia-tawerna\/\" \/>\n<meta property=\"og:site_name\" content=\"FreeKids Playgrounds | Sport | Urban Furniture\" \/>\n<meta property=\"og:image\" content=\"https:\/\/freekids.pl\/wp-content\/uploads\/2025\/01\/0114005_tawerna_-_wiz.1.jpg\" \/>\n\t<meta property=\"og:image:width\" content=\"1547\" \/>\n\t<meta property=\"og:image:height\" content=\"799\" \/>\n\t<meta property=\"og:image:type\" content=\"image\/jpeg\" \/>\n<meta name=\"twitter:card\" content=\"summary_large_image\" \/>\n<script type=\"application\/ld+json\" class=\"yoast-schema-graph\">{\"@context\":\"https:\\\/\\\/schema.org\",\"@graph\":[{\"@type\":\"WebPage\",\"@id\":\"https:\\\/\\\/freekids.pl\\\/de\\\/produkt\\\/slavia-tawerna\\\/\",\"url\":\"https:\\\/\\\/freekids.pl\\\/de\\\/produkt\\\/slavia-tawerna\\\/\",\"name\":\"Slavia Tawerna - Freekids.pl\",\"isPartOf\":{\"@id\":\"https:\\\/\\\/freekids.pl\\\/de\\\/#website\"},\"primaryImageOfPage\":{\"@id\":\"https:\\\/\\\/freekids.pl\\\/de\\\/produkt\\\/slavia-tawerna\\\/#primaryimage\"},\"image\":{\"@id\":\"https:\\\/\\\/freekids.pl\\\/de\\\/produkt\\\/slavia-tawerna\\\/#primaryimage\"},\"thumbnailUrl\":\"https:\\\/\\\/freekids.pl\\\/wp-content\\\/uploads\\\/2025\\\/01\\\/0114005_tawerna_-_wiz.1.jpg\",\"datePublished\":\"2024-10-23T21:11:55+00:00\",\"breadcrumb\":{\"@id\":\"https:\\\/\\\/freekids.pl\\\/de\\\/produkt\\\/slavia-tawerna\\\/#breadcrumb\"},\"inLanguage\":\"de\",\"potentialAction\":[{\"@type\":\"ReadAction\",\"target\":[\"https:\\\/\\\/freekids.pl\\\/de\\\/produkt\\\/slavia-tawerna\\\/\"]}]},{\"@type\":\"ImageObject\",\"inLanguage\":\"de\",\"@id\":\"https:\\\/\\\/freekids.pl\\\/de\\\/produkt\\\/slavia-tawerna\\\/#primaryimage\",\"url\":\"https:\\\/\\\/freekids.pl\\\/wp-content\\\/uploads\\\/2025\\\/01\\\/0114005_tawerna_-_wiz.1.jpg\",\"contentUrl\":\"https:\\\/\\\/freekids.pl\\\/wp-content\\\/uploads\\\/2025\\\/01\\\/0114005_tawerna_-_wiz.1.jpg\",\"width\":1547,\"height\":799},{\"@type\":\"BreadcrumbList\",\"@id\":\"https:\\\/\\\/freekids.pl\\\/de\\\/produkt\\\/slavia-tawerna\\\/#breadcrumb\",\"itemListElement\":[{\"@type\":\"ListItem\",\"position\":1,\"name\":\"Strona g\u0142\u00f3wna\",\"item\":\"https:\\\/\\\/freekids.pl\\\/de\\\/\"},{\"@type\":\"ListItem\",\"position\":2,\"name\":\"Produkte\",\"item\":\"https:\\\/\\\/freekids.pl\\\/de\\\/produkte\\\/\"},{\"@type\":\"ListItem\",\"position\":3,\"name\":\"Slavia Tawerna\"}]},{\"@type\":\"WebSite\",\"@id\":\"https:\\\/\\\/freekids.pl\\\/de\\\/#website\",\"url\":\"https:\\\/\\\/freekids.pl\\\/de\\\/\",\"name\":\"FreeKids Playgrounds | Sport | Urban Furniture\",\"description\":\"Dream it, do it !\",\"potentialAction\":[{\"@type\":\"SearchAction\",\"target\":{\"@type\":\"EntryPoint\",\"urlTemplate\":\"https:\\\/\\\/freekids.pl\\\/de\\\/?s={search_term_string}\"},\"query-input\":{\"@type\":\"PropertyValueSpecification\",\"valueRequired\":true,\"valueName\":\"search_term_string\"}}],\"inLanguage\":\"de\"}]}<\/script>\n<!-- \/ Yoast SEO plugin. -->","yoast_head_json":{"title":"Slavia Tawerna - Freekids.pl","robots":{"index":"index","follow":"follow","max-snippet":"max-snippet:-1","max-image-preview":"max-image-preview:large","max-video-preview":"max-video-preview:-1"},"canonical":"https:\/\/freekids.pl\/de\/produkt\/slavia-tawerna\/","og_locale":"de_DE","og_type":"article","og_title":"Slavia Tawerna - Freekids.pl","og_description":"Das Ger\u00e4t basiert auf Holzstangen mit quadratischem Querschnitt. Die R\u00e4ume unter den Bahnsteigen sind \u00fcber die gesamte H\u00f6he mit Platten bebaut, wodurch Ecken und Winkel und Tunnel entstehen. Satteld\u00e4cher aus HPL und HDPE. Platten, die zu Mustern gefr\u00e4st sind, die an Bretter und Steinmauern erinnern.  Plattformen, die mit einer rutschfesten Beschichtung \u00fcberzogen sind. An den T\u00fcrmen gibt es Erkerfenster mit einem einzigen Seatron-Dach und Fenster mit B\u00e4nken im Inneren.","og_url":"https:\/\/freekids.pl\/de\/produkt\/slavia-tawerna\/","og_site_name":"FreeKids Playgrounds | Sport | Urban Furniture","og_image":[{"width":1547,"height":799,"url":"https:\/\/freekids.pl\/wp-content\/uploads\/2025\/01\/0114005_tawerna_-_wiz.1.jpg","type":"image\/jpeg"}],"twitter_card":"summary_large_image","schema":{"@context":"https:\/\/schema.org","@graph":[{"@type":"WebPage","@id":"https:\/\/freekids.pl\/de\/produkt\/slavia-tawerna\/","url":"https:\/\/freekids.pl\/de\/produkt\/slavia-tawerna\/","name":"Slavia Tawerna - Freekids.pl","isPartOf":{"@id":"https:\/\/freekids.pl\/de\/#website"},"primaryImageOfPage":{"@id":"https:\/\/freekids.pl\/de\/produkt\/slavia-tawerna\/#primaryimage"},"image":{"@id":"https:\/\/freekids.pl\/de\/produkt\/slavia-tawerna\/#primaryimage"},"thumbnailUrl":"https:\/\/freekids.pl\/wp-content\/uploads\/2025\/01\/0114005_tawerna_-_wiz.1.jpg","datePublished":"2024-10-23T21:11:55+00:00","breadcrumb":{"@id":"https:\/\/freekids.pl\/de\/produkt\/slavia-tawerna\/#breadcrumb"},"inLanguage":"de","potentialAction":[{"@type":"ReadAction","target":["https:\/\/freekids.pl\/de\/produkt\/slavia-tawerna\/"]}]},{"@type":"ImageObject","inLanguage":"de","@id":"https:\/\/freekids.pl\/de\/produkt\/slavia-tawerna\/#primaryimage","url":"https:\/\/freekids.pl\/wp-content\/uploads\/2025\/01\/0114005_tawerna_-_wiz.1.jpg","contentUrl":"https:\/\/freekids.pl\/wp-content\/uploads\/2025\/01\/0114005_tawerna_-_wiz.1.jpg","width":1547,"height":799},{"@type":"BreadcrumbList","@id":"https:\/\/freekids.pl\/de\/produkt\/slavia-tawerna\/#breadcrumb","itemListElement":[{"@type":"ListItem","position":1,"name":"Strona g\u0142\u00f3wna","item":"https:\/\/freekids.pl\/de\/"},{"@type":"ListItem","position":2,"name":"Produkte","item":"https:\/\/freekids.pl\/de\/produkte\/"},{"@type":"ListItem","position":3,"name":"Slavia Tawerna"}]},{"@type":"WebSite","@id":"https:\/\/freekids.pl\/de\/#website","url":"https:\/\/freekids.pl\/de\/","name":"FreeKids Playgrounds | Sport | Urban Furniture","description":"Dream it, do it !","potentialAction":[{"@type":"SearchAction","target":{"@type":"EntryPoint","urlTemplate":"https:\/\/freekids.pl\/de\/?s={search_term_string}"},"query-input":{"@type":"PropertyValueSpecification","valueRequired":true,"valueName":"search_term_string"}}],"inLanguage":"de"}]}},"_links":{"self":[{"href":"https:\/\/freekids.pl\/de\/wp-json\/wp\/v2\/product\/202389","targetHints":{"allow":["GET"]}}],"collection":[{"href":"https:\/\/freekids.pl\/de\/wp-json\/wp\/v2\/product"}],"about":[{"href":"https:\/\/freekids.pl\/de\/wp-json\/wp\/v2\/types\/product"}],"wp:featuredmedia":[{"embeddable":true,"href":"https:\/\/freekids.pl\/de\/wp-json\/wp\/v2\/media\/174638"}],"wp:attachment":[{"href":"https:\/\/freekids.pl\/de\/wp-json\/wp\/v2\/media?parent=202389"}],"wp:term":[{"taxonomy":"product_cat","embeddable":true,"href":"https:\/\/freekids.pl\/de\/wp-json\/wp\/v2\/product_cat?post=202389"},{"taxonomy":"product_tag","embeddable":true,"href":"https:\/\/freekids.pl\/de\/wp-json\/wp\/v2\/product_tag?post=202389"}],"curies":[{"name":"wp","href":"https:\/\/api.w.org\/{rel}","templated":true}]}}