{"id":202441,"date":"2024-10-23T23:08:35","date_gmt":"2024-10-23T21:08:35","guid":{"rendered":"https:\/\/freekids.pl\/produkt\/bauernhof-10\/"},"modified":"2024-10-23T23:08:35","modified_gmt":"2024-10-23T21:08:35","slug":"bauernhof-10","status":"publish","type":"product","link":"https:\/\/freekids.pl\/de\/produkt\/bauernhof-10\/","title":{"rendered":"Bauernhof 10"},"content":{"rendered":"<p>&nbsp;<\/p>\n<div id=\"highlighter--hover-tools\" style=\"display: none;\">\n<div id=\"highlighter--hover-tools--container\">\n<div class=\"highlighter--icon highlighter--icon-copy\" title=\"Kopieren\"><\/div>\n<div class=\"highlighter--icon highlighter--icon-change-color\" title=\"Farbe \u00e4ndern\"><\/div>\n<div class=\"highlighter--icon highlighter--icon-delete\" title=\"L\u00f6schen\"><\/div>\n<\/div>\n<\/div>\n","protected":false},"excerpt":{"rendered":"<p>Ein Ger\u00e4t f\u00fcr l\u00e4ndliche Anwendungen, auf Holzpf\u00e4hlen mit quadratischem Querschnitt. Die Plattformen sind mit einer rutschfesten Beschichtung \u00fcberzogen, die Gel\u00e4nder sind oben und unten mit Stahlrohren verst\u00e4rkt, die Platten sind mit UV-Druck \u00fcberzogen. Geschwei\u00dfte Stahlrohrschlangen.  <\/p>\n<div id=\"highlighter--hover-tools\" style=\"display: none;\">\n<div id=\"highlighter--hover-tools--container\">\n<div class=\"highlighter--icon highlighter--icon-copy\" title=\"Kopieren\"><\/div>\n<div class=\"highlighter--icon highlighter--icon-change-color\" title=\"Farbe \u00e4ndern\"><\/div>\n<div class=\"highlighter--icon highlighter--icon-delete\" title=\"L\u00f6schen\"><\/div>\n<\/div>\n<\/div>\n","protected":false},"featured_media":174482,"template":"","meta":{"_acf_changed":false},"product_cat":[550,477,733],"product_tag":[723],"class_list":{"0":"post-202441","1":"product","2":"type-product","3":"status-publish","4":"has-post-thumbnail","6":"product_series-farm-de","7":"product_group-wood-de","8":"product_cat-multifunktionale-sets","9":"product_cat-spielplatze","10":"product_cat-integrativ","11":"product_tag-inklusivitaet","13":"first","14":"outofstock","15":"shipping-taxable","16":"purchasable","17":"product-type-simple"},"acf":[],"yoast_head":"<!-- This site is optimized with the Yoast SEO plugin v26.4 - https:\/\/yoast.com\/wordpress\/plugins\/seo\/ -->\n<title>Bauernhof 10 - Freekids.pl<\/title>\n<meta name=\"robots\" content=\"index, follow, max-snippet:-1, max-image-preview:large, max-video-preview:-1\" \/>\n<link rel=\"canonical\" href=\"https:\/\/freekids.pl\/de\/produkt\/bauernhof-10\/\" \/>\n<meta property=\"og:locale\" content=\"de_DE\" \/>\n<meta property=\"og:type\" content=\"article\" \/>\n<meta property=\"og:title\" content=\"Bauernhof 10 - Freekids.pl\" \/>\n<meta property=\"og:description\" content=\"Ein Ger\u00e4t f\u00fcr l\u00e4ndliche Anwendungen, auf Holzpf\u00e4hlen mit quadratischem Querschnitt. Die Plattformen sind mit einer rutschfesten Beschichtung \u00fcberzogen, die Gel\u00e4nder sind oben und unten mit Stahlrohren verst\u00e4rkt, die Platten sind mit UV-Druck \u00fcberzogen. Geschwei\u00dfte Stahlrohrschlangen.\" \/>\n<meta property=\"og:url\" content=\"https:\/\/freekids.pl\/de\/produkt\/bauernhof-10\/\" \/>\n<meta property=\"og:site_name\" content=\"FreeKids Playgrounds | Sport | Urban Furniture\" \/>\n<meta property=\"og:image\" content=\"https:\/\/freekids.pl\/wp-content\/uploads\/2025\/01\/0116010_farm_10_-_wiz.1-scaled.jpg\" \/>\n\t<meta property=\"og:image:width\" content=\"2560\" \/>\n\t<meta property=\"og:image:height\" content=\"1787\" \/>\n\t<meta property=\"og:image:type\" content=\"image\/jpeg\" \/>\n<meta name=\"twitter:card\" content=\"summary_large_image\" \/>\n<script type=\"application\/ld+json\" class=\"yoast-schema-graph\">{\"@context\":\"https:\/\/schema.org\",\"@graph\":[{\"@type\":\"WebPage\",\"@id\":\"https:\/\/freekids.pl\/de\/produkt\/bauernhof-10\/\",\"url\":\"https:\/\/freekids.pl\/de\/produkt\/bauernhof-10\/\",\"name\":\"Bauernhof 10 - Freekids.pl\",\"isPartOf\":{\"@id\":\"https:\/\/freekids.pl\/de\/#website\"},\"primaryImageOfPage\":{\"@id\":\"https:\/\/freekids.pl\/de\/produkt\/bauernhof-10\/#primaryimage\"},\"image\":{\"@id\":\"https:\/\/freekids.pl\/de\/produkt\/bauernhof-10\/#primaryimage\"},\"thumbnailUrl\":\"https:\/\/freekids.pl\/wp-content\/uploads\/2025\/01\/0116010_farm_10_-_wiz.1-scaled.jpg\",\"datePublished\":\"2024-10-23T21:08:35+00:00\",\"breadcrumb\":{\"@id\":\"https:\/\/freekids.pl\/de\/produkt\/bauernhof-10\/#breadcrumb\"},\"inLanguage\":\"de\",\"potentialAction\":[{\"@type\":\"ReadAction\",\"target\":[\"https:\/\/freekids.pl\/de\/produkt\/bauernhof-10\/\"]}]},{\"@type\":\"ImageObject\",\"inLanguage\":\"de\",\"@id\":\"https:\/\/freekids.pl\/de\/produkt\/bauernhof-10\/#primaryimage\",\"url\":\"https:\/\/freekids.pl\/wp-content\/uploads\/2025\/01\/0116010_farm_10_-_wiz.1-scaled.jpg\",\"contentUrl\":\"https:\/\/freekids.pl\/wp-content\/uploads\/2025\/01\/0116010_farm_10_-_wiz.1-scaled.jpg\",\"width\":2560,\"height\":1787},{\"@type\":\"BreadcrumbList\",\"@id\":\"https:\/\/freekids.pl\/de\/produkt\/bauernhof-10\/#breadcrumb\",\"itemListElement\":[{\"@type\":\"ListItem\",\"position\":1,\"name\":\"Strona g\u0142\u00f3wna\",\"item\":\"https:\/\/freekids.pl\/de\/\"},{\"@type\":\"ListItem\",\"position\":2,\"name\":\"Produkte\",\"item\":\"https:\/\/freekids.pl\/de\/produkte\/\"},{\"@type\":\"ListItem\",\"position\":3,\"name\":\"Bauernhof 10\"}]},{\"@type\":\"WebSite\",\"@id\":\"https:\/\/freekids.pl\/de\/#website\",\"url\":\"https:\/\/freekids.pl\/de\/\",\"name\":\"FreeKids Playgrounds | Sport | Urban Furniture\",\"description\":\"Dream it, do it !\",\"potentialAction\":[{\"@type\":\"SearchAction\",\"target\":{\"@type\":\"EntryPoint\",\"urlTemplate\":\"https:\/\/freekids.pl\/de\/?s={search_term_string}\"},\"query-input\":{\"@type\":\"PropertyValueSpecification\",\"valueRequired\":true,\"valueName\":\"search_term_string\"}}],\"inLanguage\":\"de\"}]}<\/script>\n<!-- \/ Yoast SEO plugin. -->","yoast_head_json":{"title":"Bauernhof 10 - Freekids.pl","robots":{"index":"index","follow":"follow","max-snippet":"max-snippet:-1","max-image-preview":"max-image-preview:large","max-video-preview":"max-video-preview:-1"},"canonical":"https:\/\/freekids.pl\/de\/produkt\/bauernhof-10\/","og_locale":"de_DE","og_type":"article","og_title":"Bauernhof 10 - Freekids.pl","og_description":"Ein Ger\u00e4t f\u00fcr l\u00e4ndliche Anwendungen, auf Holzpf\u00e4hlen mit quadratischem Querschnitt. Die Plattformen sind mit einer rutschfesten Beschichtung \u00fcberzogen, die Gel\u00e4nder sind oben und unten mit Stahlrohren verst\u00e4rkt, die Platten sind mit UV-Druck \u00fcberzogen. Geschwei\u00dfte Stahlrohrschlangen.","og_url":"https:\/\/freekids.pl\/de\/produkt\/bauernhof-10\/","og_site_name":"FreeKids Playgrounds | Sport | Urban Furniture","og_image":[{"width":2560,"height":1787,"url":"https:\/\/freekids.pl\/wp-content\/uploads\/2025\/01\/0116010_farm_10_-_wiz.1-scaled.jpg","type":"image\/jpeg"}],"twitter_card":"summary_large_image","schema":{"@context":"https:\/\/schema.org","@graph":[{"@type":"WebPage","@id":"https:\/\/freekids.pl\/de\/produkt\/bauernhof-10\/","url":"https:\/\/freekids.pl\/de\/produkt\/bauernhof-10\/","name":"Bauernhof 10 - Freekids.pl","isPartOf":{"@id":"https:\/\/freekids.pl\/de\/#website"},"primaryImageOfPage":{"@id":"https:\/\/freekids.pl\/de\/produkt\/bauernhof-10\/#primaryimage"},"image":{"@id":"https:\/\/freekids.pl\/de\/produkt\/bauernhof-10\/#primaryimage"},"thumbnailUrl":"https:\/\/freekids.pl\/wp-content\/uploads\/2025\/01\/0116010_farm_10_-_wiz.1-scaled.jpg","datePublished":"2024-10-23T21:08:35+00:00","breadcrumb":{"@id":"https:\/\/freekids.pl\/de\/produkt\/bauernhof-10\/#breadcrumb"},"inLanguage":"de","potentialAction":[{"@type":"ReadAction","target":["https:\/\/freekids.pl\/de\/produkt\/bauernhof-10\/"]}]},{"@type":"ImageObject","inLanguage":"de","@id":"https:\/\/freekids.pl\/de\/produkt\/bauernhof-10\/#primaryimage","url":"https:\/\/freekids.pl\/wp-content\/uploads\/2025\/01\/0116010_farm_10_-_wiz.1-scaled.jpg","contentUrl":"https:\/\/freekids.pl\/wp-content\/uploads\/2025\/01\/0116010_farm_10_-_wiz.1-scaled.jpg","width":2560,"height":1787},{"@type":"BreadcrumbList","@id":"https:\/\/freekids.pl\/de\/produkt\/bauernhof-10\/#breadcrumb","itemListElement":[{"@type":"ListItem","position":1,"name":"Strona g\u0142\u00f3wna","item":"https:\/\/freekids.pl\/de\/"},{"@type":"ListItem","position":2,"name":"Produkte","item":"https:\/\/freekids.pl\/de\/produkte\/"},{"@type":"ListItem","position":3,"name":"Bauernhof 10"}]},{"@type":"WebSite","@id":"https:\/\/freekids.pl\/de\/#website","url":"https:\/\/freekids.pl\/de\/","name":"FreeKids Playgrounds | Sport | Urban Furniture","description":"Dream it, do it !","potentialAction":[{"@type":"SearchAction","target":{"@type":"EntryPoint","urlTemplate":"https:\/\/freekids.pl\/de\/?s={search_term_string}"},"query-input":{"@type":"PropertyValueSpecification","valueRequired":true,"valueName":"search_term_string"}}],"inLanguage":"de"}]}},"_links":{"self":[{"href":"https:\/\/freekids.pl\/de\/wp-json\/wp\/v2\/product\/202441","targetHints":{"allow":["GET"]}}],"collection":[{"href":"https:\/\/freekids.pl\/de\/wp-json\/wp\/v2\/product"}],"about":[{"href":"https:\/\/freekids.pl\/de\/wp-json\/wp\/v2\/types\/product"}],"wp:featuredmedia":[{"embeddable":true,"href":"https:\/\/freekids.pl\/de\/wp-json\/wp\/v2\/media\/174482"}],"wp:attachment":[{"href":"https:\/\/freekids.pl\/de\/wp-json\/wp\/v2\/media?parent=202441"}],"wp:term":[{"taxonomy":"product_cat","embeddable":true,"href":"https:\/\/freekids.pl\/de\/wp-json\/wp\/v2\/product_cat?post=202441"},{"taxonomy":"product_tag","embeddable":true,"href":"https:\/\/freekids.pl\/de\/wp-json\/wp\/v2\/product_tag?post=202441"}],"curies":[{"name":"wp","href":"https:\/\/api.w.org\/{rel}","templated":true}]}}