{"id":202489,"date":"2024-10-23T23:12:53","date_gmt":"2024-10-23T21:12:53","guid":{"rendered":"https:\/\/freekids.pl\/produkt\/armada-2\/"},"modified":"2024-10-23T23:12:53","modified_gmt":"2024-10-23T21:12:53","slug":"armada-2","status":"publish","type":"product","link":"https:\/\/freekids.pl\/de\/produkt\/armada-2\/","title":{"rendered":"Armada 2"},"content":{"rendered":"<p>&nbsp;<\/p>\n<h2>Materialspezifikation:<\/h2>\n<table class=\"spec-table-modern\">\n<tbody>\n<tr>\n<th>Baumaterial<\/th>\n<td>aus Leimholz, oberfl\u00e4chenimpr\u00e4gniert, mit einem quadratischen Querschnitt von 95 x 95 mm<\/td>\n<\/tr>\n<tr>\n<th>Zus\u00e4tzliche Handlaufelemente<\/th>\n<td>schwarzer Stahl verzinkt und anschlie\u00dfend pulverbeschichtet oder Edelstahl<\/td>\n<\/tr>\n<tr>\n<th>Plattformen<\/th>\n<td>Sperrholz- oder HPL-Platten<\/td>\n<\/tr>\n<tr>\n<th>Fundament<\/th>\n<td>bis zu einer bestimmten Tiefe in den Boden eingegraben und mit Beton von min. B-20 oder auf Betonboden verschraubt <\/td>\n<\/tr>\n<tr>\n<th>Platten<\/th>\n<td>HDPE-Platten mit gefr\u00e4sten Zeichnungen<\/td>\n<\/tr>\n<tr>\n<th>Diapositive<\/th>\n<td>Edelstahl, Rohr, Rohr oder mit HDPE-Seiten<\/td>\n<\/tr>\n<tr>\n<th>Andere<\/th>\n<td>Schrauben aus Edelstahl mit Polyamidkappen. Klettersteine aus strapazierf\u00e4higem Kunststoff. Steckdosen aus Polycarbonat. Tunnel aus doppelwandigem Rohr aus Polypropylen. Feuerwehrausg\u00e4nge aus Edelstahl.    <\/td>\n<\/tr>\n<\/tbody>\n<\/table>\n","protected":false},"excerpt":{"rendered":"<p>Das Ger\u00e4t hat die Form eines Schiffes mit Masten, auf Holzstangen mit quadratischem Querschnitt. Die Plattformen sind mit einer rutschfesten Beschichtung \u00fcberzogen, die Gel\u00e4nder sind oben und unten mit Stahlrohren verst\u00e4rkt. Verengungen aus geschwei\u00dften Stahlrohren.  <\/p>\n<div id=\"highlighter--hover-tools\" style=\"display: none;\">\n<div id=\"highlighter--hover-tools--container\">\n<div class=\"highlighter--icon highlighter--icon-copy\" title=\"Kopieren Sie\"><\/div>\n<div class=\"highlighter--icon highlighter--icon-change-color\" title=\"Farbe \u00e4ndern\"><\/div>\n<div class=\"highlighter--icon highlighter--icon-delete\" title=\"L\u00f6schen\"><\/div>\n<\/div>\n<\/div>\n","protected":false},"featured_media":174710,"template":"","meta":{"_acf_changed":false,"ep_exclude_from_search":false},"product_cat":[550,875,477],"product_tag":[],"class_list":{"0":"post-202489","1":"product","2":"type-product","3":"status-publish","4":"has-post-thumbnail","6":"product_series-slavia-de","7":"product_group-wood-de","8":"product_cat-multifunktionale-sets","9":"product_cat-schiffe","10":"product_cat-spielplatze","12":"first","13":"outofstock","14":"shipping-taxable","15":"purchasable","16":"product-type-simple"},"acf":[],"yoast_head":"<!-- This site is optimized with the Yoast SEO plugin v27.4 - https:\/\/yoast.com\/product\/yoast-seo-wordpress\/ -->\n<title>Armada 2 - Freekids.pl<\/title>\n<meta name=\"robots\" content=\"index, follow, max-snippet:-1, max-image-preview:large, max-video-preview:-1\" \/>\n<link rel=\"canonical\" href=\"https:\/\/freekids.pl\/de\/produkt\/armada-2\/\" \/>\n<meta property=\"og:locale\" content=\"de_DE\" \/>\n<meta property=\"og:type\" content=\"article\" \/>\n<meta property=\"og:title\" content=\"Armada 2 - Freekids.pl\" \/>\n<meta property=\"og:description\" content=\"Das Ger\u00e4t hat die Form eines Schiffes mit Masten, auf Holzstangen mit quadratischem Querschnitt. Die Plattformen sind mit einer rutschfesten Beschichtung \u00fcberzogen, die Gel\u00e4nder sind oben und unten mit Stahlrohren verst\u00e4rkt. Verengungen aus geschwei\u00dften Stahlrohren.\" \/>\n<meta property=\"og:url\" content=\"https:\/\/freekids.pl\/de\/produkt\/armada-2\/\" \/>\n<meta property=\"og:site_name\" content=\"FreeKids Playgrounds | Sport | Urban Furniture\" \/>\n<meta property=\"og:image\" content=\"https:\/\/freekids.pl\/wp-content\/uploads\/2025\/01\/0280076_armada_2_-_wiz.1.jpg\" \/>\n\t<meta property=\"og:image:width\" content=\"2000\" \/>\n\t<meta property=\"og:image:height\" content=\"1033\" \/>\n\t<meta property=\"og:image:type\" content=\"image\/jpeg\" \/>\n<meta name=\"twitter:card\" content=\"summary_large_image\" \/>\n<script type=\"application\/ld+json\" class=\"yoast-schema-graph\">{\"@context\":\"https:\\\/\\\/schema.org\",\"@graph\":[{\"@type\":\"WebPage\",\"@id\":\"https:\\\/\\\/freekids.pl\\\/de\\\/produkt\\\/armada-2\\\/\",\"url\":\"https:\\\/\\\/freekids.pl\\\/de\\\/produkt\\\/armada-2\\\/\",\"name\":\"Armada 2 - Freekids.pl\",\"isPartOf\":{\"@id\":\"https:\\\/\\\/freekids.pl\\\/de\\\/#website\"},\"primaryImageOfPage\":{\"@id\":\"https:\\\/\\\/freekids.pl\\\/de\\\/produkt\\\/armada-2\\\/#primaryimage\"},\"image\":{\"@id\":\"https:\\\/\\\/freekids.pl\\\/de\\\/produkt\\\/armada-2\\\/#primaryimage\"},\"thumbnailUrl\":\"https:\\\/\\\/freekids.pl\\\/wp-content\\\/uploads\\\/2025\\\/01\\\/0280076_armada_2_-_wiz.1.jpg\",\"datePublished\":\"2024-10-23T21:12:53+00:00\",\"breadcrumb\":{\"@id\":\"https:\\\/\\\/freekids.pl\\\/de\\\/produkt\\\/armada-2\\\/#breadcrumb\"},\"inLanguage\":\"de\",\"potentialAction\":[{\"@type\":\"ReadAction\",\"target\":[\"https:\\\/\\\/freekids.pl\\\/de\\\/produkt\\\/armada-2\\\/\"]}]},{\"@type\":\"ImageObject\",\"inLanguage\":\"de\",\"@id\":\"https:\\\/\\\/freekids.pl\\\/de\\\/produkt\\\/armada-2\\\/#primaryimage\",\"url\":\"https:\\\/\\\/freekids.pl\\\/wp-content\\\/uploads\\\/2025\\\/01\\\/0280076_armada_2_-_wiz.1.jpg\",\"contentUrl\":\"https:\\\/\\\/freekids.pl\\\/wp-content\\\/uploads\\\/2025\\\/01\\\/0280076_armada_2_-_wiz.1.jpg\",\"width\":2000,\"height\":1033},{\"@type\":\"BreadcrumbList\",\"@id\":\"https:\\\/\\\/freekids.pl\\\/de\\\/produkt\\\/armada-2\\\/#breadcrumb\",\"itemListElement\":[{\"@type\":\"ListItem\",\"position\":1,\"name\":\"Strona g\u0142\u00f3wna\",\"item\":\"https:\\\/\\\/freekids.pl\\\/de\\\/\"},{\"@type\":\"ListItem\",\"position\":2,\"name\":\"Produkte\",\"item\":\"https:\\\/\\\/freekids.pl\\\/de\\\/produkte\\\/\"},{\"@type\":\"ListItem\",\"position\":3,\"name\":\"Armada 2\"}]},{\"@type\":\"WebSite\",\"@id\":\"https:\\\/\\\/freekids.pl\\\/de\\\/#website\",\"url\":\"https:\\\/\\\/freekids.pl\\\/de\\\/\",\"name\":\"FreeKids Playgrounds | Sport | Urban Furniture\",\"description\":\"Dream it, do it !\",\"potentialAction\":[{\"@type\":\"SearchAction\",\"target\":{\"@type\":\"EntryPoint\",\"urlTemplate\":\"https:\\\/\\\/freekids.pl\\\/de\\\/?s={search_term_string}\"},\"query-input\":{\"@type\":\"PropertyValueSpecification\",\"valueRequired\":true,\"valueName\":\"search_term_string\"}}],\"inLanguage\":\"de\"}]}<\/script>\n<!-- \/ Yoast SEO plugin. -->","yoast_head_json":{"title":"Armada 2 - Freekids.pl","robots":{"index":"index","follow":"follow","max-snippet":"max-snippet:-1","max-image-preview":"max-image-preview:large","max-video-preview":"max-video-preview:-1"},"canonical":"https:\/\/freekids.pl\/de\/produkt\/armada-2\/","og_locale":"de_DE","og_type":"article","og_title":"Armada 2 - Freekids.pl","og_description":"Das Ger\u00e4t hat die Form eines Schiffes mit Masten, auf Holzstangen mit quadratischem Querschnitt. Die Plattformen sind mit einer rutschfesten Beschichtung \u00fcberzogen, die Gel\u00e4nder sind oben und unten mit Stahlrohren verst\u00e4rkt. Verengungen aus geschwei\u00dften Stahlrohren.","og_url":"https:\/\/freekids.pl\/de\/produkt\/armada-2\/","og_site_name":"FreeKids Playgrounds | Sport | Urban Furniture","og_image":[{"width":2000,"height":1033,"url":"https:\/\/freekids.pl\/wp-content\/uploads\/2025\/01\/0280076_armada_2_-_wiz.1.jpg","type":"image\/jpeg"}],"twitter_card":"summary_large_image","schema":{"@context":"https:\/\/schema.org","@graph":[{"@type":"WebPage","@id":"https:\/\/freekids.pl\/de\/produkt\/armada-2\/","url":"https:\/\/freekids.pl\/de\/produkt\/armada-2\/","name":"Armada 2 - Freekids.pl","isPartOf":{"@id":"https:\/\/freekids.pl\/de\/#website"},"primaryImageOfPage":{"@id":"https:\/\/freekids.pl\/de\/produkt\/armada-2\/#primaryimage"},"image":{"@id":"https:\/\/freekids.pl\/de\/produkt\/armada-2\/#primaryimage"},"thumbnailUrl":"https:\/\/freekids.pl\/wp-content\/uploads\/2025\/01\/0280076_armada_2_-_wiz.1.jpg","datePublished":"2024-10-23T21:12:53+00:00","breadcrumb":{"@id":"https:\/\/freekids.pl\/de\/produkt\/armada-2\/#breadcrumb"},"inLanguage":"de","potentialAction":[{"@type":"ReadAction","target":["https:\/\/freekids.pl\/de\/produkt\/armada-2\/"]}]},{"@type":"ImageObject","inLanguage":"de","@id":"https:\/\/freekids.pl\/de\/produkt\/armada-2\/#primaryimage","url":"https:\/\/freekids.pl\/wp-content\/uploads\/2025\/01\/0280076_armada_2_-_wiz.1.jpg","contentUrl":"https:\/\/freekids.pl\/wp-content\/uploads\/2025\/01\/0280076_armada_2_-_wiz.1.jpg","width":2000,"height":1033},{"@type":"BreadcrumbList","@id":"https:\/\/freekids.pl\/de\/produkt\/armada-2\/#breadcrumb","itemListElement":[{"@type":"ListItem","position":1,"name":"Strona g\u0142\u00f3wna","item":"https:\/\/freekids.pl\/de\/"},{"@type":"ListItem","position":2,"name":"Produkte","item":"https:\/\/freekids.pl\/de\/produkte\/"},{"@type":"ListItem","position":3,"name":"Armada 2"}]},{"@type":"WebSite","@id":"https:\/\/freekids.pl\/de\/#website","url":"https:\/\/freekids.pl\/de\/","name":"FreeKids Playgrounds | Sport | Urban Furniture","description":"Dream it, do it !","potentialAction":[{"@type":"SearchAction","target":{"@type":"EntryPoint","urlTemplate":"https:\/\/freekids.pl\/de\/?s={search_term_string}"},"query-input":{"@type":"PropertyValueSpecification","valueRequired":true,"valueName":"search_term_string"}}],"inLanguage":"de"}]}},"_links":{"self":[{"href":"https:\/\/freekids.pl\/de\/wp-json\/wp\/v2\/product\/202489","targetHints":{"allow":["GET"]}}],"collection":[{"href":"https:\/\/freekids.pl\/de\/wp-json\/wp\/v2\/product"}],"about":[{"href":"https:\/\/freekids.pl\/de\/wp-json\/wp\/v2\/types\/product"}],"wp:featuredmedia":[{"embeddable":true,"href":"https:\/\/freekids.pl\/de\/wp-json\/wp\/v2\/media\/174710"}],"wp:attachment":[{"href":"https:\/\/freekids.pl\/de\/wp-json\/wp\/v2\/media?parent=202489"}],"wp:term":[{"taxonomy":"product_cat","embeddable":true,"href":"https:\/\/freekids.pl\/de\/wp-json\/wp\/v2\/product_cat?post=202489"},{"taxonomy":"product_tag","embeddable":true,"href":"https:\/\/freekids.pl\/de\/wp-json\/wp\/v2\/product_tag?post=202489"}],"curies":[{"name":"wp","href":"https:\/\/api.w.org\/{rel}","templated":true}]}}