{"id":202514,"date":"2024-10-23T22:59:32","date_gmt":"2024-10-23T20:59:32","guid":{"rendered":"https:\/\/freekids.pl\/produkt\/schloss-16\/"},"modified":"2024-10-23T22:59:32","modified_gmt":"2024-10-23T20:59:32","slug":"schloss-16","status":"publish","type":"product","link":"https:\/\/freekids.pl\/de\/produkt\/schloss-16\/","title":{"rendered":"Schloss 16"},"content":{"rendered":"","protected":false},"excerpt":{"rendered":"<p><span data-sheets-root=\"1\">Ein Ger\u00e4t mit Burgapplikationen, auf Holzpf\u00e4hlen mit quadratischem Querschnitt. Die Plattformen sind mit einer rutschfesten Beschichtung \u00fcberzogen, die Gel\u00e4nder sind oben und unten mit Stahlrohren verst\u00e4rkt. Geschwei\u00dfte Stahlrohrschlangen.  <\/span><\/p>\n","protected":false},"featured_media":174260,"template":"","meta":{"_acf_changed":false},"product_cat":[550,477,733],"product_tag":[723],"class_list":{"0":"post-202514","1":"product","2":"type-product","3":"status-publish","4":"has-post-thumbnail","6":"product_series-castle-de","7":"product_group-wood-de","8":"product_cat-multifunktionale-sets","9":"product_cat-spielplatze","10":"product_cat-integrativ","11":"product_tag-inklusivitaet","13":"first","14":"outofstock","15":"shipping-taxable","16":"purchasable","17":"product-type-simple"},"acf":[],"yoast_head":"<!-- This site is optimized with the Yoast SEO plugin v26.4 - https:\/\/yoast.com\/wordpress\/plugins\/seo\/ -->\n<title>Schloss 16 - Freekids.pl<\/title>\n<meta name=\"robots\" content=\"index, follow, max-snippet:-1, max-image-preview:large, max-video-preview:-1\" \/>\n<link rel=\"canonical\" href=\"https:\/\/freekids.pl\/de\/produkt\/schloss-16\/\" \/>\n<meta property=\"og:locale\" content=\"de_DE\" \/>\n<meta property=\"og:type\" content=\"article\" \/>\n<meta property=\"og:title\" content=\"Schloss 16 - Freekids.pl\" \/>\n<meta property=\"og:description\" content=\"Ein Ger\u00e4t mit Burgapplikationen, auf Holzpf\u00e4hlen mit quadratischem Querschnitt. Die Plattformen sind mit einer rutschfesten Beschichtung \u00fcberzogen, die Gel\u00e4nder sind oben und unten mit Stahlrohren verst\u00e4rkt. Geschwei\u00dfte Stahlrohrschlangen.\" \/>\n<meta property=\"og:url\" content=\"https:\/\/freekids.pl\/de\/produkt\/schloss-16\/\" \/>\n<meta property=\"og:site_name\" content=\"FreeKids Playgrounds | Sport | Urban Furniture\" \/>\n<meta property=\"og:image\" content=\"https:\/\/freekids.pl\/wp-content\/uploads\/2025\/01\/0111043_castel_16_-_wiz.1-scaled.jpg\" \/>\n\t<meta property=\"og:image:width\" content=\"2560\" \/>\n\t<meta property=\"og:image:height\" content=\"1353\" \/>\n\t<meta property=\"og:image:type\" content=\"image\/jpeg\" \/>\n<meta name=\"twitter:card\" content=\"summary_large_image\" \/>\n<script type=\"application\/ld+json\" class=\"yoast-schema-graph\">{\"@context\":\"https:\/\/schema.org\",\"@graph\":[{\"@type\":\"WebPage\",\"@id\":\"https:\/\/freekids.pl\/de\/produkt\/schloss-16\/\",\"url\":\"https:\/\/freekids.pl\/de\/produkt\/schloss-16\/\",\"name\":\"Schloss 16 - Freekids.pl\",\"isPartOf\":{\"@id\":\"https:\/\/freekids.pl\/de\/#website\"},\"primaryImageOfPage\":{\"@id\":\"https:\/\/freekids.pl\/de\/produkt\/schloss-16\/#primaryimage\"},\"image\":{\"@id\":\"https:\/\/freekids.pl\/de\/produkt\/schloss-16\/#primaryimage\"},\"thumbnailUrl\":\"https:\/\/freekids.pl\/wp-content\/uploads\/2025\/01\/0111043_castel_16_-_wiz.1-scaled.jpg\",\"datePublished\":\"2024-10-23T20:59:32+00:00\",\"breadcrumb\":{\"@id\":\"https:\/\/freekids.pl\/de\/produkt\/schloss-16\/#breadcrumb\"},\"inLanguage\":\"de\",\"potentialAction\":[{\"@type\":\"ReadAction\",\"target\":[\"https:\/\/freekids.pl\/de\/produkt\/schloss-16\/\"]}]},{\"@type\":\"ImageObject\",\"inLanguage\":\"de\",\"@id\":\"https:\/\/freekids.pl\/de\/produkt\/schloss-16\/#primaryimage\",\"url\":\"https:\/\/freekids.pl\/wp-content\/uploads\/2025\/01\/0111043_castel_16_-_wiz.1-scaled.jpg\",\"contentUrl\":\"https:\/\/freekids.pl\/wp-content\/uploads\/2025\/01\/0111043_castel_16_-_wiz.1-scaled.jpg\",\"width\":2560,\"height\":1353},{\"@type\":\"BreadcrumbList\",\"@id\":\"https:\/\/freekids.pl\/de\/produkt\/schloss-16\/#breadcrumb\",\"itemListElement\":[{\"@type\":\"ListItem\",\"position\":1,\"name\":\"Strona g\u0142\u00f3wna\",\"item\":\"https:\/\/freekids.pl\/de\/\"},{\"@type\":\"ListItem\",\"position\":2,\"name\":\"Produkte\",\"item\":\"https:\/\/freekids.pl\/de\/produkte\/\"},{\"@type\":\"ListItem\",\"position\":3,\"name\":\"Schloss 16\"}]},{\"@type\":\"WebSite\",\"@id\":\"https:\/\/freekids.pl\/de\/#website\",\"url\":\"https:\/\/freekids.pl\/de\/\",\"name\":\"FreeKids Playgrounds | Sport | Urban Furniture\",\"description\":\"Dream it, do it !\",\"potentialAction\":[{\"@type\":\"SearchAction\",\"target\":{\"@type\":\"EntryPoint\",\"urlTemplate\":\"https:\/\/freekids.pl\/de\/?s={search_term_string}\"},\"query-input\":{\"@type\":\"PropertyValueSpecification\",\"valueRequired\":true,\"valueName\":\"search_term_string\"}}],\"inLanguage\":\"de\"}]}<\/script>\n<!-- \/ Yoast SEO plugin. -->","yoast_head_json":{"title":"Schloss 16 - Freekids.pl","robots":{"index":"index","follow":"follow","max-snippet":"max-snippet:-1","max-image-preview":"max-image-preview:large","max-video-preview":"max-video-preview:-1"},"canonical":"https:\/\/freekids.pl\/de\/produkt\/schloss-16\/","og_locale":"de_DE","og_type":"article","og_title":"Schloss 16 - Freekids.pl","og_description":"Ein Ger\u00e4t mit Burgapplikationen, auf Holzpf\u00e4hlen mit quadratischem Querschnitt. Die Plattformen sind mit einer rutschfesten Beschichtung \u00fcberzogen, die Gel\u00e4nder sind oben und unten mit Stahlrohren verst\u00e4rkt. Geschwei\u00dfte Stahlrohrschlangen.","og_url":"https:\/\/freekids.pl\/de\/produkt\/schloss-16\/","og_site_name":"FreeKids Playgrounds | Sport | Urban Furniture","og_image":[{"width":2560,"height":1353,"url":"https:\/\/freekids.pl\/wp-content\/uploads\/2025\/01\/0111043_castel_16_-_wiz.1-scaled.jpg","type":"image\/jpeg"}],"twitter_card":"summary_large_image","schema":{"@context":"https:\/\/schema.org","@graph":[{"@type":"WebPage","@id":"https:\/\/freekids.pl\/de\/produkt\/schloss-16\/","url":"https:\/\/freekids.pl\/de\/produkt\/schloss-16\/","name":"Schloss 16 - Freekids.pl","isPartOf":{"@id":"https:\/\/freekids.pl\/de\/#website"},"primaryImageOfPage":{"@id":"https:\/\/freekids.pl\/de\/produkt\/schloss-16\/#primaryimage"},"image":{"@id":"https:\/\/freekids.pl\/de\/produkt\/schloss-16\/#primaryimage"},"thumbnailUrl":"https:\/\/freekids.pl\/wp-content\/uploads\/2025\/01\/0111043_castel_16_-_wiz.1-scaled.jpg","datePublished":"2024-10-23T20:59:32+00:00","breadcrumb":{"@id":"https:\/\/freekids.pl\/de\/produkt\/schloss-16\/#breadcrumb"},"inLanguage":"de","potentialAction":[{"@type":"ReadAction","target":["https:\/\/freekids.pl\/de\/produkt\/schloss-16\/"]}]},{"@type":"ImageObject","inLanguage":"de","@id":"https:\/\/freekids.pl\/de\/produkt\/schloss-16\/#primaryimage","url":"https:\/\/freekids.pl\/wp-content\/uploads\/2025\/01\/0111043_castel_16_-_wiz.1-scaled.jpg","contentUrl":"https:\/\/freekids.pl\/wp-content\/uploads\/2025\/01\/0111043_castel_16_-_wiz.1-scaled.jpg","width":2560,"height":1353},{"@type":"BreadcrumbList","@id":"https:\/\/freekids.pl\/de\/produkt\/schloss-16\/#breadcrumb","itemListElement":[{"@type":"ListItem","position":1,"name":"Strona g\u0142\u00f3wna","item":"https:\/\/freekids.pl\/de\/"},{"@type":"ListItem","position":2,"name":"Produkte","item":"https:\/\/freekids.pl\/de\/produkte\/"},{"@type":"ListItem","position":3,"name":"Schloss 16"}]},{"@type":"WebSite","@id":"https:\/\/freekids.pl\/de\/#website","url":"https:\/\/freekids.pl\/de\/","name":"FreeKids Playgrounds | Sport | Urban Furniture","description":"Dream it, do it !","potentialAction":[{"@type":"SearchAction","target":{"@type":"EntryPoint","urlTemplate":"https:\/\/freekids.pl\/de\/?s={search_term_string}"},"query-input":{"@type":"PropertyValueSpecification","valueRequired":true,"valueName":"search_term_string"}}],"inLanguage":"de"}]}},"_links":{"self":[{"href":"https:\/\/freekids.pl\/de\/wp-json\/wp\/v2\/product\/202514","targetHints":{"allow":["GET"]}}],"collection":[{"href":"https:\/\/freekids.pl\/de\/wp-json\/wp\/v2\/product"}],"about":[{"href":"https:\/\/freekids.pl\/de\/wp-json\/wp\/v2\/types\/product"}],"wp:featuredmedia":[{"embeddable":true,"href":"https:\/\/freekids.pl\/de\/wp-json\/wp\/v2\/media\/174260"}],"wp:attachment":[{"href":"https:\/\/freekids.pl\/de\/wp-json\/wp\/v2\/media?parent=202514"}],"wp:term":[{"taxonomy":"product_cat","embeddable":true,"href":"https:\/\/freekids.pl\/de\/wp-json\/wp\/v2\/product_cat?post=202514"},{"taxonomy":"product_tag","embeddable":true,"href":"https:\/\/freekids.pl\/de\/wp-json\/wp\/v2\/product_tag?post=202514"}],"curies":[{"name":"wp","href":"https:\/\/api.w.org\/{rel}","templated":true}]}}