{"id":203257,"date":"2024-10-23T22:08:27","date_gmt":"2024-10-23T20:08:27","guid":{"rendered":"https:\/\/freekids.pl\/produkt\/ahoi-12\/"},"modified":"2024-10-23T22:08:27","modified_gmt":"2024-10-23T20:08:27","slug":"ahoi-12","status":"publish","type":"product","link":"https:\/\/freekids.pl\/de\/produkt\/ahoi-12\/","title":{"rendered":"Ahoi 12"},"content":{"rendered":"","protected":false},"excerpt":{"rendered":"<p><span data-sheets-root=\"1\">Das Ger\u00e4t basiert auf runden Stahlstangen. Die Plattformen bestehen aus rutschfesten Platten, die von einem geschwei\u00dften Stahlrahmen getragen werden. Gel\u00e4nder mit gewalzten Stahlrohren verst\u00e4rkt, ein Teil des Gel\u00e4nders besteht aus Polycarbonat mit einem transparenten Oberteil. Coils aus geschwei\u00dften Stahlrohren. Die Stangen sind mit kugelf\u00f6rmigen Gummikappen versehen.    <\/span><\/p>\n","protected":false},"featured_media":172987,"template":"","meta":{"_acf_changed":false,"ep_exclude_from_search":false},"product_cat":[550,477],"product_tag":[723],"class_list":{"0":"post-203257","1":"product","2":"type-product","3":"status-publish","4":"has-post-thumbnail","6":"product_series-ahoy-de","7":"product_group-metal-de","8":"product_cat-multifunktionale-sets","9":"product_cat-spielplatze","10":"product_tag-inklusivitaet","12":"first","13":"outofstock","14":"shipping-taxable","15":"purchasable","16":"product-type-simple"},"acf":[],"yoast_head":"<!-- This site is optimized with the Yoast SEO plugin v27.4 - https:\/\/yoast.com\/product\/yoast-seo-wordpress\/ -->\n<title>Ahoy 12 Spielplatzset mit Rutsche Tunnel - Freekids.pl<\/title>\n<meta name=\"robots\" content=\"index, follow, max-snippet:-1, max-image-preview:large, max-video-preview:-1\" \/>\n<link rel=\"canonical\" href=\"https:\/\/freekids.pl\/de\/produkt\/ahoi-12\/\" \/>\n<meta property=\"og:locale\" content=\"de_DE\" \/>\n<meta property=\"og:type\" content=\"article\" \/>\n<meta property=\"og:title\" content=\"Ahoy 12 Spielplatzset mit Rutsche Tunnel - Freekids.pl\" \/>\n<meta property=\"og:description\" content=\"Das Ger\u00e4t basiert auf runden Stahlstangen. Die Plattformen bestehen aus rutschfesten Platten, die von einem geschwei\u00dften Stahlrahmen getragen werden. Gel\u00e4nder mit gewalzten Stahlrohren verst\u00e4rkt, ein Teil des Gel\u00e4nders besteht aus Polycarbonat mit einem transparenten Oberteil. Coils aus geschwei\u00dften Stahlrohren. Die Stangen sind mit kugelf\u00f6rmigen Gummikappen versehen.\" \/>\n<meta property=\"og:url\" content=\"https:\/\/freekids.pl\/de\/produkt\/ahoi-12\/\" \/>\n<meta property=\"og:site_name\" content=\"FreeKids Playgrounds | Sport | Urban Furniture\" \/>\n<meta property=\"og:image\" content=\"https:\/\/freekids.pl\/wp-content\/uploads\/2025\/01\/0130004_ahoy_12_wiz.1-scaled.jpg\" \/>\n\t<meta property=\"og:image:width\" content=\"2560\" \/>\n\t<meta property=\"og:image:height\" content=\"1642\" \/>\n\t<meta property=\"og:image:type\" content=\"image\/jpeg\" \/>\n<meta name=\"twitter:card\" content=\"summary_large_image\" \/>\n<script type=\"application\/ld+json\" class=\"yoast-schema-graph\">{\"@context\":\"https:\\\/\\\/schema.org\",\"@graph\":[{\"@type\":\"WebPage\",\"@id\":\"https:\\\/\\\/freekids.pl\\\/de\\\/produkt\\\/ahoi-12\\\/\",\"url\":\"https:\\\/\\\/freekids.pl\\\/de\\\/produkt\\\/ahoi-12\\\/\",\"name\":\"Ahoy 12 Spielplatzset mit Rutsche Tunnel - Freekids.pl\",\"isPartOf\":{\"@id\":\"https:\\\/\\\/freekids.pl\\\/de\\\/#website\"},\"primaryImageOfPage\":{\"@id\":\"https:\\\/\\\/freekids.pl\\\/de\\\/produkt\\\/ahoi-12\\\/#primaryimage\"},\"image\":{\"@id\":\"https:\\\/\\\/freekids.pl\\\/de\\\/produkt\\\/ahoi-12\\\/#primaryimage\"},\"thumbnailUrl\":\"https:\\\/\\\/freekids.pl\\\/wp-content\\\/uploads\\\/2025\\\/01\\\/0130004_ahoy_12_wiz.1-scaled.jpg\",\"datePublished\":\"2024-10-23T20:08:27+00:00\",\"breadcrumb\":{\"@id\":\"https:\\\/\\\/freekids.pl\\\/de\\\/produkt\\\/ahoi-12\\\/#breadcrumb\"},\"inLanguage\":\"de\",\"potentialAction\":[{\"@type\":\"ReadAction\",\"target\":[\"https:\\\/\\\/freekids.pl\\\/de\\\/produkt\\\/ahoi-12\\\/\"]}]},{\"@type\":\"ImageObject\",\"inLanguage\":\"de\",\"@id\":\"https:\\\/\\\/freekids.pl\\\/de\\\/produkt\\\/ahoi-12\\\/#primaryimage\",\"url\":\"https:\\\/\\\/freekids.pl\\\/wp-content\\\/uploads\\\/2025\\\/01\\\/0130004_ahoy_12_wiz.1-scaled.jpg\",\"contentUrl\":\"https:\\\/\\\/freekids.pl\\\/wp-content\\\/uploads\\\/2025\\\/01\\\/0130004_ahoy_12_wiz.1-scaled.jpg\",\"width\":2560,\"height\":1642},{\"@type\":\"BreadcrumbList\",\"@id\":\"https:\\\/\\\/freekids.pl\\\/de\\\/produkt\\\/ahoi-12\\\/#breadcrumb\",\"itemListElement\":[{\"@type\":\"ListItem\",\"position\":1,\"name\":\"Strona g\u0142\u00f3wna\",\"item\":\"https:\\\/\\\/freekids.pl\\\/de\\\/\"},{\"@type\":\"ListItem\",\"position\":2,\"name\":\"Produkte\",\"item\":\"https:\\\/\\\/freekids.pl\\\/de\\\/produkte\\\/\"},{\"@type\":\"ListItem\",\"position\":3,\"name\":\"Ahoi 12\"}]},{\"@type\":\"WebSite\",\"@id\":\"https:\\\/\\\/freekids.pl\\\/de\\\/#website\",\"url\":\"https:\\\/\\\/freekids.pl\\\/de\\\/\",\"name\":\"FreeKids Playgrounds | Sport | Urban Furniture\",\"description\":\"Dream it, do it !\",\"potentialAction\":[{\"@type\":\"SearchAction\",\"target\":{\"@type\":\"EntryPoint\",\"urlTemplate\":\"https:\\\/\\\/freekids.pl\\\/de\\\/?s={search_term_string}\"},\"query-input\":{\"@type\":\"PropertyValueSpecification\",\"valueRequired\":true,\"valueName\":\"search_term_string\"}}],\"inLanguage\":\"de\"}]}<\/script>\n<!-- \/ Yoast SEO plugin. -->","yoast_head_json":{"title":"Ahoy 12 Spielplatzset mit Rutsche Tunnel - Freekids.pl","robots":{"index":"index","follow":"follow","max-snippet":"max-snippet:-1","max-image-preview":"max-image-preview:large","max-video-preview":"max-video-preview:-1"},"canonical":"https:\/\/freekids.pl\/de\/produkt\/ahoi-12\/","og_locale":"de_DE","og_type":"article","og_title":"Ahoy 12 Spielplatzset mit Rutsche Tunnel - Freekids.pl","og_description":"Das Ger\u00e4t basiert auf runden Stahlstangen. Die Plattformen bestehen aus rutschfesten Platten, die von einem geschwei\u00dften Stahlrahmen getragen werden. Gel\u00e4nder mit gewalzten Stahlrohren verst\u00e4rkt, ein Teil des Gel\u00e4nders besteht aus Polycarbonat mit einem transparenten Oberteil. Coils aus geschwei\u00dften Stahlrohren. Die Stangen sind mit kugelf\u00f6rmigen Gummikappen versehen.","og_url":"https:\/\/freekids.pl\/de\/produkt\/ahoi-12\/","og_site_name":"FreeKids Playgrounds | Sport | Urban Furniture","og_image":[{"width":2560,"height":1642,"url":"https:\/\/freekids.pl\/wp-content\/uploads\/2025\/01\/0130004_ahoy_12_wiz.1-scaled.jpg","type":"image\/jpeg"}],"twitter_card":"summary_large_image","schema":{"@context":"https:\/\/schema.org","@graph":[{"@type":"WebPage","@id":"https:\/\/freekids.pl\/de\/produkt\/ahoi-12\/","url":"https:\/\/freekids.pl\/de\/produkt\/ahoi-12\/","name":"Ahoy 12 Spielplatzset mit Rutsche Tunnel - Freekids.pl","isPartOf":{"@id":"https:\/\/freekids.pl\/de\/#website"},"primaryImageOfPage":{"@id":"https:\/\/freekids.pl\/de\/produkt\/ahoi-12\/#primaryimage"},"image":{"@id":"https:\/\/freekids.pl\/de\/produkt\/ahoi-12\/#primaryimage"},"thumbnailUrl":"https:\/\/freekids.pl\/wp-content\/uploads\/2025\/01\/0130004_ahoy_12_wiz.1-scaled.jpg","datePublished":"2024-10-23T20:08:27+00:00","breadcrumb":{"@id":"https:\/\/freekids.pl\/de\/produkt\/ahoi-12\/#breadcrumb"},"inLanguage":"de","potentialAction":[{"@type":"ReadAction","target":["https:\/\/freekids.pl\/de\/produkt\/ahoi-12\/"]}]},{"@type":"ImageObject","inLanguage":"de","@id":"https:\/\/freekids.pl\/de\/produkt\/ahoi-12\/#primaryimage","url":"https:\/\/freekids.pl\/wp-content\/uploads\/2025\/01\/0130004_ahoy_12_wiz.1-scaled.jpg","contentUrl":"https:\/\/freekids.pl\/wp-content\/uploads\/2025\/01\/0130004_ahoy_12_wiz.1-scaled.jpg","width":2560,"height":1642},{"@type":"BreadcrumbList","@id":"https:\/\/freekids.pl\/de\/produkt\/ahoi-12\/#breadcrumb","itemListElement":[{"@type":"ListItem","position":1,"name":"Strona g\u0142\u00f3wna","item":"https:\/\/freekids.pl\/de\/"},{"@type":"ListItem","position":2,"name":"Produkte","item":"https:\/\/freekids.pl\/de\/produkte\/"},{"@type":"ListItem","position":3,"name":"Ahoi 12"}]},{"@type":"WebSite","@id":"https:\/\/freekids.pl\/de\/#website","url":"https:\/\/freekids.pl\/de\/","name":"FreeKids Playgrounds | Sport | Urban Furniture","description":"Dream it, do it !","potentialAction":[{"@type":"SearchAction","target":{"@type":"EntryPoint","urlTemplate":"https:\/\/freekids.pl\/de\/?s={search_term_string}"},"query-input":{"@type":"PropertyValueSpecification","valueRequired":true,"valueName":"search_term_string"}}],"inLanguage":"de"}]}},"_links":{"self":[{"href":"https:\/\/freekids.pl\/de\/wp-json\/wp\/v2\/product\/203257","targetHints":{"allow":["GET"]}}],"collection":[{"href":"https:\/\/freekids.pl\/de\/wp-json\/wp\/v2\/product"}],"about":[{"href":"https:\/\/freekids.pl\/de\/wp-json\/wp\/v2\/types\/product"}],"wp:featuredmedia":[{"embeddable":true,"href":"https:\/\/freekids.pl\/de\/wp-json\/wp\/v2\/media\/172987"}],"wp:attachment":[{"href":"https:\/\/freekids.pl\/de\/wp-json\/wp\/v2\/media?parent=203257"}],"wp:term":[{"taxonomy":"product_cat","embeddable":true,"href":"https:\/\/freekids.pl\/de\/wp-json\/wp\/v2\/product_cat?post=203257"},{"taxonomy":"product_tag","embeddable":true,"href":"https:\/\/freekids.pl\/de\/wp-json\/wp\/v2\/product_tag?post=203257"}],"curies":[{"name":"wp","href":"https:\/\/api.w.org\/{rel}","templated":true}]}}