{"id":203294,"date":"2024-10-23T22:09:59","date_gmt":"2024-10-23T20:09:59","guid":{"rendered":"https:\/\/freekids.pl\/produkt\/baumhaus-8\/"},"modified":"2024-10-23T22:09:59","modified_gmt":"2024-10-23T20:09:59","slug":"baumhaus-8","status":"publish","type":"product","link":"https:\/\/freekids.pl\/de\/produkt\/baumhaus-8\/","title":{"rendered":"Baumhaus 8"},"content":{"rendered":"","protected":false},"excerpt":{"rendered":"<p>Ger\u00e4te, die mit einem Haus mit einer Behandlungstreppe leicht zug\u00e4nglich sind, deren obere Plattform \u00fcber die Basis hinausragt. Das Haus befindet sich auf einem achteckigen Grundriss mit einem achteckigen Dach. Das Ganze ist dicht mit Anwendungen zum Thema Wald bedeckt. Die Plattformen bestehen aus rutschfesten Platten, die von geschwei\u00dften Stahlrahmen getragen werden. Gel\u00e4nder aus 15 mm starken HDPE-Platten mit gefr\u00e4sten verst\u00e4rkten Stahlrahmen oben und unten.    <\/p>\n<div id=\"highlighter--hover-tools\" style=\"display: none;\">\n<div id=\"highlighter--hover-tools--container\">\n<div class=\"highlighter--icon highlighter--icon-copy\" title=\"Kopieren Sie\"><\/div>\n<div class=\"highlighter--icon highlighter--icon-change-color\" title=\"Farbe \u00e4ndern\"><\/div>\n<div class=\"highlighter--icon highlighter--icon-delete\" title=\"L\u00f6schen\"><\/div>\n<\/div>\n<\/div>\n","protected":false},"featured_media":212469,"template":"","meta":{"_acf_changed":false},"product_cat":[492,550,477],"product_tag":[],"class_list":{"0":"post-203294","1":"product","2":"type-product","3":"status-publish","4":"has-post-thumbnail","6":"product_series-tree-house-de","7":"product_cat-hutten","8":"product_cat-multifunktionale-sets","9":"product_cat-spielplatze","11":"first","12":"outofstock","13":"shipping-taxable","14":"purchasable","15":"product-type-simple"},"acf":[],"yoast_head":"<!-- This site is optimized with the Yoast SEO plugin v26.4 - https:\/\/yoast.com\/wordpress\/plugins\/seo\/ -->\n<title>Baumhaus 8 mit Rutsche zum Spielplatz - Freekids.pl<\/title>\n<meta name=\"robots\" content=\"index, follow, max-snippet:-1, max-image-preview:large, max-video-preview:-1\" \/>\n<link rel=\"canonical\" href=\"https:\/\/freekids.pl\/de\/produkt\/baumhaus-8\/\" \/>\n<meta property=\"og:locale\" content=\"de_DE\" \/>\n<meta property=\"og:type\" content=\"article\" \/>\n<meta property=\"og:title\" content=\"Baumhaus 8 mit Rutsche zum Spielplatz - Freekids.pl\" \/>\n<meta property=\"og:description\" content=\"Ger\u00e4te, die mit einem Haus mit einer Behandlungstreppe leicht zug\u00e4nglich sind, deren obere Plattform \u00fcber die Basis hinausragt. Das Haus befindet sich auf einem achteckigen Grundriss mit einem achteckigen Dach. Das Ganze ist dicht mit Anwendungen zum Thema Wald bedeckt. Die Plattformen bestehen aus rutschfesten Platten, die von geschwei\u00dften Stahlrahmen getragen werden. Gel\u00e4nder aus 15 mm starken HDPE-Platten mit gefr\u00e4sten verst\u00e4rkten Stahlrahmen oben und unten.\" \/>\n<meta property=\"og:url\" content=\"https:\/\/freekids.pl\/de\/produkt\/baumhaus-8\/\" \/>\n<meta property=\"og:site_name\" content=\"FreeKids Playgrounds | Sport | Urban Furniture\" \/>\n<meta property=\"og:image\" content=\"https:\/\/freekids.pl\/wp-content\/uploads\/2025\/01\/0096001_tree_house_8_-_wiz.1.jpg\" \/>\n\t<meta property=\"og:image:width\" content=\"2560\" \/>\n\t<meta property=\"og:image:height\" content=\"2245\" \/>\n\t<meta property=\"og:image:type\" content=\"image\/jpeg\" \/>\n<meta name=\"twitter:card\" content=\"summary_large_image\" \/>\n<script type=\"application\/ld+json\" class=\"yoast-schema-graph\">{\"@context\":\"https:\/\/schema.org\",\"@graph\":[{\"@type\":\"WebPage\",\"@id\":\"https:\/\/freekids.pl\/de\/produkt\/baumhaus-8\/\",\"url\":\"https:\/\/freekids.pl\/de\/produkt\/baumhaus-8\/\",\"name\":\"Baumhaus 8 mit Rutsche zum Spielplatz - Freekids.pl\",\"isPartOf\":{\"@id\":\"https:\/\/freekids.pl\/de\/#website\"},\"primaryImageOfPage\":{\"@id\":\"https:\/\/freekids.pl\/de\/produkt\/baumhaus-8\/#primaryimage\"},\"image\":{\"@id\":\"https:\/\/freekids.pl\/de\/produkt\/baumhaus-8\/#primaryimage\"},\"thumbnailUrl\":\"https:\/\/freekids.pl\/wp-content\/uploads\/2024\/10\/SI-0096001-Tree-house-8-wiz.1.jpg\",\"datePublished\":\"2024-10-23T20:09:59+00:00\",\"breadcrumb\":{\"@id\":\"https:\/\/freekids.pl\/de\/produkt\/baumhaus-8\/#breadcrumb\"},\"inLanguage\":\"de\",\"potentialAction\":[{\"@type\":\"ReadAction\",\"target\":[\"https:\/\/freekids.pl\/de\/produkt\/baumhaus-8\/\"]}]},{\"@type\":\"ImageObject\",\"inLanguage\":\"de\",\"@id\":\"https:\/\/freekids.pl\/de\/produkt\/baumhaus-8\/#primaryimage\",\"url\":\"https:\/\/freekids.pl\/wp-content\/uploads\/2024\/10\/SI-0096001-Tree-house-8-wiz.1.jpg\",\"contentUrl\":\"https:\/\/freekids.pl\/wp-content\/uploads\/2024\/10\/SI-0096001-Tree-house-8-wiz.1.jpg\",\"width\":1600,\"height\":1280},{\"@type\":\"BreadcrumbList\",\"@id\":\"https:\/\/freekids.pl\/de\/produkt\/baumhaus-8\/#breadcrumb\",\"itemListElement\":[{\"@type\":\"ListItem\",\"position\":1,\"name\":\"Strona g\u0142\u00f3wna\",\"item\":\"https:\/\/freekids.pl\/de\/\"},{\"@type\":\"ListItem\",\"position\":2,\"name\":\"Produkte\",\"item\":\"https:\/\/freekids.pl\/de\/produkte\/\"},{\"@type\":\"ListItem\",\"position\":3,\"name\":\"Baumhaus 8\"}]},{\"@type\":\"WebSite\",\"@id\":\"https:\/\/freekids.pl\/de\/#website\",\"url\":\"https:\/\/freekids.pl\/de\/\",\"name\":\"FreeKids Playgrounds | Sport | Urban Furniture\",\"description\":\"Dream it, do it !\",\"potentialAction\":[{\"@type\":\"SearchAction\",\"target\":{\"@type\":\"EntryPoint\",\"urlTemplate\":\"https:\/\/freekids.pl\/de\/?s={search_term_string}\"},\"query-input\":{\"@type\":\"PropertyValueSpecification\",\"valueRequired\":true,\"valueName\":\"search_term_string\"}}],\"inLanguage\":\"de\"}]}<\/script>\n<!-- \/ Yoast SEO plugin. -->","yoast_head_json":{"title":"Baumhaus 8 mit Rutsche zum Spielplatz - Freekids.pl","robots":{"index":"index","follow":"follow","max-snippet":"max-snippet:-1","max-image-preview":"max-image-preview:large","max-video-preview":"max-video-preview:-1"},"canonical":"https:\/\/freekids.pl\/de\/produkt\/baumhaus-8\/","og_locale":"de_DE","og_type":"article","og_title":"Baumhaus 8 mit Rutsche zum Spielplatz - Freekids.pl","og_description":"Ger\u00e4te, die mit einem Haus mit einer Behandlungstreppe leicht zug\u00e4nglich sind, deren obere Plattform \u00fcber die Basis hinausragt. Das Haus befindet sich auf einem achteckigen Grundriss mit einem achteckigen Dach. Das Ganze ist dicht mit Anwendungen zum Thema Wald bedeckt. Die Plattformen bestehen aus rutschfesten Platten, die von geschwei\u00dften Stahlrahmen getragen werden. Gel\u00e4nder aus 15 mm starken HDPE-Platten mit gefr\u00e4sten verst\u00e4rkten Stahlrahmen oben und unten.","og_url":"https:\/\/freekids.pl\/de\/produkt\/baumhaus-8\/","og_site_name":"FreeKids Playgrounds | Sport | Urban Furniture","og_image":[{"width":2560,"height":2245,"url":"https:\/\/freekids.pl\/wp-content\/uploads\/2025\/01\/0096001_tree_house_8_-_wiz.1.jpg","type":"image\/jpeg"}],"twitter_card":"summary_large_image","schema":{"@context":"https:\/\/schema.org","@graph":[{"@type":"WebPage","@id":"https:\/\/freekids.pl\/de\/produkt\/baumhaus-8\/","url":"https:\/\/freekids.pl\/de\/produkt\/baumhaus-8\/","name":"Baumhaus 8 mit Rutsche zum Spielplatz - Freekids.pl","isPartOf":{"@id":"https:\/\/freekids.pl\/de\/#website"},"primaryImageOfPage":{"@id":"https:\/\/freekids.pl\/de\/produkt\/baumhaus-8\/#primaryimage"},"image":{"@id":"https:\/\/freekids.pl\/de\/produkt\/baumhaus-8\/#primaryimage"},"thumbnailUrl":"https:\/\/freekids.pl\/wp-content\/uploads\/2024\/10\/SI-0096001-Tree-house-8-wiz.1.jpg","datePublished":"2024-10-23T20:09:59+00:00","breadcrumb":{"@id":"https:\/\/freekids.pl\/de\/produkt\/baumhaus-8\/#breadcrumb"},"inLanguage":"de","potentialAction":[{"@type":"ReadAction","target":["https:\/\/freekids.pl\/de\/produkt\/baumhaus-8\/"]}]},{"@type":"ImageObject","inLanguage":"de","@id":"https:\/\/freekids.pl\/de\/produkt\/baumhaus-8\/#primaryimage","url":"https:\/\/freekids.pl\/wp-content\/uploads\/2024\/10\/SI-0096001-Tree-house-8-wiz.1.jpg","contentUrl":"https:\/\/freekids.pl\/wp-content\/uploads\/2024\/10\/SI-0096001-Tree-house-8-wiz.1.jpg","width":1600,"height":1280},{"@type":"BreadcrumbList","@id":"https:\/\/freekids.pl\/de\/produkt\/baumhaus-8\/#breadcrumb","itemListElement":[{"@type":"ListItem","position":1,"name":"Strona g\u0142\u00f3wna","item":"https:\/\/freekids.pl\/de\/"},{"@type":"ListItem","position":2,"name":"Produkte","item":"https:\/\/freekids.pl\/de\/produkte\/"},{"@type":"ListItem","position":3,"name":"Baumhaus 8"}]},{"@type":"WebSite","@id":"https:\/\/freekids.pl\/de\/#website","url":"https:\/\/freekids.pl\/de\/","name":"FreeKids Playgrounds | Sport | Urban Furniture","description":"Dream it, do it !","potentialAction":[{"@type":"SearchAction","target":{"@type":"EntryPoint","urlTemplate":"https:\/\/freekids.pl\/de\/?s={search_term_string}"},"query-input":{"@type":"PropertyValueSpecification","valueRequired":true,"valueName":"search_term_string"}}],"inLanguage":"de"}]}},"_links":{"self":[{"href":"https:\/\/freekids.pl\/de\/wp-json\/wp\/v2\/product\/203294","targetHints":{"allow":["GET"]}}],"collection":[{"href":"https:\/\/freekids.pl\/de\/wp-json\/wp\/v2\/product"}],"about":[{"href":"https:\/\/freekids.pl\/de\/wp-json\/wp\/v2\/types\/product"}],"wp:featuredmedia":[{"embeddable":true,"href":"https:\/\/freekids.pl\/de\/wp-json\/wp\/v2\/media\/212469"}],"wp:attachment":[{"href":"https:\/\/freekids.pl\/de\/wp-json\/wp\/v2\/media?parent=203294"}],"wp:term":[{"taxonomy":"product_cat","embeddable":true,"href":"https:\/\/freekids.pl\/de\/wp-json\/wp\/v2\/product_cat?post=203294"},{"taxonomy":"product_tag","embeddable":true,"href":"https:\/\/freekids.pl\/de\/wp-json\/wp\/v2\/product_tag?post=203294"}],"curies":[{"name":"wp","href":"https:\/\/api.w.org\/{rel}","templated":true}]}}