{"id":203407,"date":"2024-10-23T21:54:29","date_gmt":"2024-10-23T19:54:29","guid":{"rendered":"https:\/\/freekids.pl\/produkt\/der-flori-teich\/"},"modified":"2024-10-23T21:54:29","modified_gmt":"2024-10-23T19:54:29","slug":"der-flori-teich","status":"publish","type":"product","link":"https:\/\/freekids.pl\/de\/produkt\/der-flori-teich\/","title":{"rendered":"Der Flori-Teich"},"content":{"rendered":"","protected":false},"excerpt":{"rendered":"<p>Ein Ger\u00e4t in Form von mehreren Metern Bl\u00fcten und Bl\u00e4ttern. Es besteht aus Plattformen auf Federn, die mit farbigem EPDM \u00fcberzogen sind, zwei Blumen mit Lichtpaneelen, die durch Photovoltaik aufgeladen werden und sich nach Einbruch der Dunkelheit einschalten, eingeschlossen in einem Metallgeh\u00e4use, und Polycarbonat-Bl\u00fctenbl\u00e4ttern mit rotem UV-Druck, \u00e4quivalent dazu Stangen, die in zarten B\u00f6gen gerollt sind und St\u00e4ngel imitieren, und Kletterw\u00e4nden auf Bl\u00e4ttern. <\/p>\n<div id=\"highlighter--hover-tools\" style=\"display: none;\">\n<div id=\"highlighter--hover-tools--container\">\n<div class=\"highlighter--icon highlighter--icon-copy\" title=\"Kopieren Sie\"><\/div>\n<div class=\"highlighter--icon highlighter--icon-change-color\" title=\"Farbe \u00e4ndern\"><\/div>\n<div class=\"highlighter--icon highlighter--icon-delete\" title=\"L\u00f6schen\"><\/div>\n<\/div>\n<\/div>\n","protected":false},"featured_media":172597,"template":"","meta":{"_acf_changed":false,"ep_exclude_from_search":false},"product_cat":[550,477],"product_tag":[917],"class_list":{"0":"post-203407","1":"product","2":"type-product","3":"status-publish","4":"has-post-thumbnail","6":"product_series-flori-de","7":"product_group-original-de","8":"product_cat-multifunktionale-sets","9":"product_cat-spielplatze","10":"product_tag-slider-auf-der-hauptstrase","12":"first","13":"outofstock","14":"shipping-taxable","15":"purchasable","16":"product-type-simple"},"acf":[],"yoast_head":"<!-- This site is optimized with the Yoast SEO plugin v27.4 - https:\/\/yoast.com\/product\/yoast-seo-wordpress\/ -->\n<title>Flori Pond Spielplatz-Set - Freekids.pl<\/title>\n<meta name=\"robots\" content=\"index, follow, max-snippet:-1, max-image-preview:large, max-video-preview:-1\" \/>\n<link rel=\"canonical\" href=\"https:\/\/freekids.pl\/de\/produkt\/der-flori-teich\/\" \/>\n<meta property=\"og:locale\" content=\"de_DE\" \/>\n<meta property=\"og:type\" content=\"article\" \/>\n<meta property=\"og:title\" content=\"Flori Pond Spielplatz-Set - Freekids.pl\" \/>\n<meta property=\"og:description\" content=\"Ein Ger\u00e4t in Form von mehreren Metern Bl\u00fcten und Bl\u00e4ttern. Es besteht aus Plattformen auf Federn, die mit farbigem EPDM \u00fcberzogen sind, zwei Blumen mit Lichtpaneelen, die durch Photovoltaik aufgeladen werden und sich nach Einbruch der Dunkelheit einschalten, eingeschlossen in einem Metallgeh\u00e4use, und Polycarbonat-Bl\u00fctenbl\u00e4ttern mit rotem UV-Druck, \u00e4quivalent dazu Stangen, die in zarten B\u00f6gen gerollt sind und St\u00e4ngel imitieren, und Kletterw\u00e4nden auf Bl\u00e4ttern.\" \/>\n<meta property=\"og:url\" content=\"https:\/\/freekids.pl\/de\/produkt\/der-flori-teich\/\" \/>\n<meta property=\"og:site_name\" content=\"FreeKids Playgrounds | Sport | Urban Furniture\" \/>\n<meta property=\"og:image\" content=\"https:\/\/freekids.pl\/wp-content\/uploads\/2025\/01\/0220002_flori_staw_-_wiz.1-scaled.jpg\" \/>\n\t<meta property=\"og:image:width\" content=\"2560\" \/>\n\t<meta property=\"og:image:height\" content=\"1657\" \/>\n\t<meta property=\"og:image:type\" content=\"image\/jpeg\" \/>\n<meta name=\"twitter:card\" content=\"summary_large_image\" \/>\n<script type=\"application\/ld+json\" class=\"yoast-schema-graph\">{\"@context\":\"https:\\\/\\\/schema.org\",\"@graph\":[{\"@type\":\"WebPage\",\"@id\":\"https:\\\/\\\/freekids.pl\\\/de\\\/produkt\\\/der-flori-teich\\\/\",\"url\":\"https:\\\/\\\/freekids.pl\\\/de\\\/produkt\\\/der-flori-teich\\\/\",\"name\":\"Flori Pond Spielplatz-Set - Freekids.pl\",\"isPartOf\":{\"@id\":\"https:\\\/\\\/freekids.pl\\\/de\\\/#website\"},\"primaryImageOfPage\":{\"@id\":\"https:\\\/\\\/freekids.pl\\\/de\\\/produkt\\\/der-flori-teich\\\/#primaryimage\"},\"image\":{\"@id\":\"https:\\\/\\\/freekids.pl\\\/de\\\/produkt\\\/der-flori-teich\\\/#primaryimage\"},\"thumbnailUrl\":\"https:\\\/\\\/freekids.pl\\\/wp-content\\\/uploads\\\/2025\\\/01\\\/0220002_flori_staw_-_wiz.1-scaled.jpg\",\"datePublished\":\"2024-10-23T19:54:29+00:00\",\"breadcrumb\":{\"@id\":\"https:\\\/\\\/freekids.pl\\\/de\\\/produkt\\\/der-flori-teich\\\/#breadcrumb\"},\"inLanguage\":\"de\",\"potentialAction\":[{\"@type\":\"ReadAction\",\"target\":[\"https:\\\/\\\/freekids.pl\\\/de\\\/produkt\\\/der-flori-teich\\\/\"]}]},{\"@type\":\"ImageObject\",\"inLanguage\":\"de\",\"@id\":\"https:\\\/\\\/freekids.pl\\\/de\\\/produkt\\\/der-flori-teich\\\/#primaryimage\",\"url\":\"https:\\\/\\\/freekids.pl\\\/wp-content\\\/uploads\\\/2025\\\/01\\\/0220002_flori_staw_-_wiz.1-scaled.jpg\",\"contentUrl\":\"https:\\\/\\\/freekids.pl\\\/wp-content\\\/uploads\\\/2025\\\/01\\\/0220002_flori_staw_-_wiz.1-scaled.jpg\",\"width\":2560,\"height\":1657},{\"@type\":\"BreadcrumbList\",\"@id\":\"https:\\\/\\\/freekids.pl\\\/de\\\/produkt\\\/der-flori-teich\\\/#breadcrumb\",\"itemListElement\":[{\"@type\":\"ListItem\",\"position\":1,\"name\":\"Strona g\u0142\u00f3wna\",\"item\":\"https:\\\/\\\/freekids.pl\\\/de\\\/\"},{\"@type\":\"ListItem\",\"position\":2,\"name\":\"Produkte\",\"item\":\"https:\\\/\\\/freekids.pl\\\/de\\\/produkte\\\/\"},{\"@type\":\"ListItem\",\"position\":3,\"name\":\"Der Flori-Teich\"}]},{\"@type\":\"WebSite\",\"@id\":\"https:\\\/\\\/freekids.pl\\\/de\\\/#website\",\"url\":\"https:\\\/\\\/freekids.pl\\\/de\\\/\",\"name\":\"FreeKids Playgrounds | Sport | Urban Furniture\",\"description\":\"Dream it, do it !\",\"potentialAction\":[{\"@type\":\"SearchAction\",\"target\":{\"@type\":\"EntryPoint\",\"urlTemplate\":\"https:\\\/\\\/freekids.pl\\\/de\\\/?s={search_term_string}\"},\"query-input\":{\"@type\":\"PropertyValueSpecification\",\"valueRequired\":true,\"valueName\":\"search_term_string\"}}],\"inLanguage\":\"de\"}]}<\/script>\n<!-- \/ Yoast SEO plugin. -->","yoast_head_json":{"title":"Flori Pond Spielplatz-Set - Freekids.pl","robots":{"index":"index","follow":"follow","max-snippet":"max-snippet:-1","max-image-preview":"max-image-preview:large","max-video-preview":"max-video-preview:-1"},"canonical":"https:\/\/freekids.pl\/de\/produkt\/der-flori-teich\/","og_locale":"de_DE","og_type":"article","og_title":"Flori Pond Spielplatz-Set - Freekids.pl","og_description":"Ein Ger\u00e4t in Form von mehreren Metern Bl\u00fcten und Bl\u00e4ttern. Es besteht aus Plattformen auf Federn, die mit farbigem EPDM \u00fcberzogen sind, zwei Blumen mit Lichtpaneelen, die durch Photovoltaik aufgeladen werden und sich nach Einbruch der Dunkelheit einschalten, eingeschlossen in einem Metallgeh\u00e4use, und Polycarbonat-Bl\u00fctenbl\u00e4ttern mit rotem UV-Druck, \u00e4quivalent dazu Stangen, die in zarten B\u00f6gen gerollt sind und St\u00e4ngel imitieren, und Kletterw\u00e4nden auf Bl\u00e4ttern.","og_url":"https:\/\/freekids.pl\/de\/produkt\/der-flori-teich\/","og_site_name":"FreeKids Playgrounds | Sport | Urban Furniture","og_image":[{"width":2560,"height":1657,"url":"https:\/\/freekids.pl\/wp-content\/uploads\/2025\/01\/0220002_flori_staw_-_wiz.1-scaled.jpg","type":"image\/jpeg"}],"twitter_card":"summary_large_image","schema":{"@context":"https:\/\/schema.org","@graph":[{"@type":"WebPage","@id":"https:\/\/freekids.pl\/de\/produkt\/der-flori-teich\/","url":"https:\/\/freekids.pl\/de\/produkt\/der-flori-teich\/","name":"Flori Pond Spielplatz-Set - Freekids.pl","isPartOf":{"@id":"https:\/\/freekids.pl\/de\/#website"},"primaryImageOfPage":{"@id":"https:\/\/freekids.pl\/de\/produkt\/der-flori-teich\/#primaryimage"},"image":{"@id":"https:\/\/freekids.pl\/de\/produkt\/der-flori-teich\/#primaryimage"},"thumbnailUrl":"https:\/\/freekids.pl\/wp-content\/uploads\/2025\/01\/0220002_flori_staw_-_wiz.1-scaled.jpg","datePublished":"2024-10-23T19:54:29+00:00","breadcrumb":{"@id":"https:\/\/freekids.pl\/de\/produkt\/der-flori-teich\/#breadcrumb"},"inLanguage":"de","potentialAction":[{"@type":"ReadAction","target":["https:\/\/freekids.pl\/de\/produkt\/der-flori-teich\/"]}]},{"@type":"ImageObject","inLanguage":"de","@id":"https:\/\/freekids.pl\/de\/produkt\/der-flori-teich\/#primaryimage","url":"https:\/\/freekids.pl\/wp-content\/uploads\/2025\/01\/0220002_flori_staw_-_wiz.1-scaled.jpg","contentUrl":"https:\/\/freekids.pl\/wp-content\/uploads\/2025\/01\/0220002_flori_staw_-_wiz.1-scaled.jpg","width":2560,"height":1657},{"@type":"BreadcrumbList","@id":"https:\/\/freekids.pl\/de\/produkt\/der-flori-teich\/#breadcrumb","itemListElement":[{"@type":"ListItem","position":1,"name":"Strona g\u0142\u00f3wna","item":"https:\/\/freekids.pl\/de\/"},{"@type":"ListItem","position":2,"name":"Produkte","item":"https:\/\/freekids.pl\/de\/produkte\/"},{"@type":"ListItem","position":3,"name":"Der Flori-Teich"}]},{"@type":"WebSite","@id":"https:\/\/freekids.pl\/de\/#website","url":"https:\/\/freekids.pl\/de\/","name":"FreeKids Playgrounds | Sport | Urban Furniture","description":"Dream it, do it !","potentialAction":[{"@type":"SearchAction","target":{"@type":"EntryPoint","urlTemplate":"https:\/\/freekids.pl\/de\/?s={search_term_string}"},"query-input":{"@type":"PropertyValueSpecification","valueRequired":true,"valueName":"search_term_string"}}],"inLanguage":"de"}]}},"_links":{"self":[{"href":"https:\/\/freekids.pl\/de\/wp-json\/wp\/v2\/product\/203407","targetHints":{"allow":["GET"]}}],"collection":[{"href":"https:\/\/freekids.pl\/de\/wp-json\/wp\/v2\/product"}],"about":[{"href":"https:\/\/freekids.pl\/de\/wp-json\/wp\/v2\/types\/product"}],"wp:featuredmedia":[{"embeddable":true,"href":"https:\/\/freekids.pl\/de\/wp-json\/wp\/v2\/media\/172597"}],"wp:attachment":[{"href":"https:\/\/freekids.pl\/de\/wp-json\/wp\/v2\/media?parent=203407"}],"wp:term":[{"taxonomy":"product_cat","embeddable":true,"href":"https:\/\/freekids.pl\/de\/wp-json\/wp\/v2\/product_cat?post=203407"},{"taxonomy":"product_tag","embeddable":true,"href":"https:\/\/freekids.pl\/de\/wp-json\/wp\/v2\/product_tag?post=203407"}],"curies":[{"name":"wp","href":"https:\/\/api.w.org\/{rel}","templated":true}]}}