{"id":203432,"date":"2024-10-23T21:52:50","date_gmt":"2024-10-23T19:52:50","guid":{"rendered":"https:\/\/freekids.pl\/produkt\/lumi-strassenbahn\/"},"modified":"2024-10-23T21:52:50","modified_gmt":"2024-10-23T19:52:50","slug":"lumi-strassenbahn","status":"publish","type":"product","link":"https:\/\/freekids.pl\/de\/produkt\/lumi-strassenbahn\/","title":{"rendered":"Lumi Stra\u00dfenbahn"},"content":{"rendered":"","protected":false},"excerpt":{"rendered":"<p>Ein Ger\u00e4t in Form einer futuristischen Stra\u00dfenbahn, das auf Federn basiert und aus 4 Segmenten besteht, die durch Seile verbunden sind. Hergestellt aus geschwei\u00dftem Edelstahlrahmen und gebogenen Leimholzbalken. Das Ger\u00e4t ist mit Sitzen aus HDPE und Edelstahl, zwei mit Photovoltaik aufgeladenen und nach Einbruch der Dunkelheit eingeschalteten Lichtpaneelen, die in einem Metallgeh\u00e4use untergebracht sind, einer Sitzbank f\u00fcr die Passagiere, Polycarbonat-Fenstern und Handhabungselementen ausgestattet.  <\/p>\n<div id=\"highlighter--hover-tools\" style=\"display: none;\">\n<div id=\"highlighter--hover-tools--container\">\n<div class=\"highlighter--icon highlighter--icon-copy\" title=\"Kopieren Sie\"><\/div>\n<div class=\"highlighter--icon highlighter--icon-change-color\" title=\"Farbe \u00e4ndern\"><\/div>\n<div class=\"highlighter--icon highlighter--icon-delete\" title=\"L\u00f6schen\"><\/div>\n<\/div>\n<\/div>\n","protected":false},"featured_media":172561,"template":"","meta":{"_acf_changed":false,"ep_exclude_from_search":false},"product_cat":[527,550,477],"product_tag":[],"class_list":{"0":"post-203432","1":"product","2":"type-product","3":"status-publish","4":"has-post-thumbnail","6":"product_series-lumi-de","7":"product_group-original-de","8":"product_cat-fahrzeuge","9":"product_cat-multifunktionale-sets","10":"product_cat-spielplatze","12":"first","13":"outofstock","14":"shipping-taxable","15":"purchasable","16":"product-type-simple"},"acf":[],"yoast_head":"<!-- This site is optimized with the Yoast SEO plugin v27.4 - https:\/\/yoast.com\/product\/yoast-seo-wordpress\/ -->\n<title>Lumi Tram Federn Fahrzeug f\u00fcr Spielplatz - Freekids.pl<\/title>\n<meta name=\"robots\" content=\"index, follow, max-snippet:-1, max-image-preview:large, max-video-preview:-1\" \/>\n<link rel=\"canonical\" href=\"https:\/\/freekids.pl\/de\/produkt\/lumi-strassenbahn\/\" \/>\n<meta property=\"og:locale\" content=\"de_DE\" \/>\n<meta property=\"og:type\" content=\"article\" \/>\n<meta property=\"og:title\" content=\"Lumi Tram Federn Fahrzeug f\u00fcr Spielplatz - Freekids.pl\" \/>\n<meta property=\"og:description\" content=\"Ein Ger\u00e4t in Form einer futuristischen Stra\u00dfenbahn, das auf Federn basiert und aus 4 Segmenten besteht, die durch Seile verbunden sind. Hergestellt aus geschwei\u00dftem Edelstahlrahmen und gebogenen Leimholzbalken. Das Ger\u00e4t ist mit Sitzen aus HDPE und Edelstahl, zwei mit Photovoltaik aufgeladenen und nach Einbruch der Dunkelheit eingeschalteten Lichtpaneelen, die in einem Metallgeh\u00e4use untergebracht sind, einer Sitzbank f\u00fcr die Passagiere, Polycarbonat-Fenstern und Handhabungselementen ausgestattet.\" \/>\n<meta property=\"og:url\" content=\"https:\/\/freekids.pl\/de\/produkt\/lumi-strassenbahn\/\" \/>\n<meta property=\"og:site_name\" content=\"FreeKids Playgrounds | Sport | Urban Furniture\" \/>\n<meta property=\"og:image\" content=\"https:\/\/freekids.pl\/wp-content\/uploads\/2025\/01\/0230005_lumi_tram_-_wiz.1-scaled.jpg\" \/>\n\t<meta property=\"og:image:width\" content=\"2560\" \/>\n\t<meta property=\"og:image:height\" content=\"1787\" \/>\n\t<meta property=\"og:image:type\" content=\"image\/jpeg\" \/>\n<meta name=\"twitter:card\" content=\"summary_large_image\" \/>\n<script type=\"application\/ld+json\" class=\"yoast-schema-graph\">{\"@context\":\"https:\\\/\\\/schema.org\",\"@graph\":[{\"@type\":\"WebPage\",\"@id\":\"https:\\\/\\\/freekids.pl\\\/de\\\/produkt\\\/lumi-strassenbahn\\\/\",\"url\":\"https:\\\/\\\/freekids.pl\\\/de\\\/produkt\\\/lumi-strassenbahn\\\/\",\"name\":\"Lumi Tram Federn Fahrzeug f\u00fcr Spielplatz - Freekids.pl\",\"isPartOf\":{\"@id\":\"https:\\\/\\\/freekids.pl\\\/de\\\/#website\"},\"primaryImageOfPage\":{\"@id\":\"https:\\\/\\\/freekids.pl\\\/de\\\/produkt\\\/lumi-strassenbahn\\\/#primaryimage\"},\"image\":{\"@id\":\"https:\\\/\\\/freekids.pl\\\/de\\\/produkt\\\/lumi-strassenbahn\\\/#primaryimage\"},\"thumbnailUrl\":\"https:\\\/\\\/freekids.pl\\\/wp-content\\\/uploads\\\/2025\\\/01\\\/0230005_lumi_tram_-_wiz.1-scaled.jpg\",\"datePublished\":\"2024-10-23T19:52:50+00:00\",\"breadcrumb\":{\"@id\":\"https:\\\/\\\/freekids.pl\\\/de\\\/produkt\\\/lumi-strassenbahn\\\/#breadcrumb\"},\"inLanguage\":\"de\",\"potentialAction\":[{\"@type\":\"ReadAction\",\"target\":[\"https:\\\/\\\/freekids.pl\\\/de\\\/produkt\\\/lumi-strassenbahn\\\/\"]}]},{\"@type\":\"ImageObject\",\"inLanguage\":\"de\",\"@id\":\"https:\\\/\\\/freekids.pl\\\/de\\\/produkt\\\/lumi-strassenbahn\\\/#primaryimage\",\"url\":\"https:\\\/\\\/freekids.pl\\\/wp-content\\\/uploads\\\/2025\\\/01\\\/0230005_lumi_tram_-_wiz.1-scaled.jpg\",\"contentUrl\":\"https:\\\/\\\/freekids.pl\\\/wp-content\\\/uploads\\\/2025\\\/01\\\/0230005_lumi_tram_-_wiz.1-scaled.jpg\",\"width\":2560,\"height\":1787},{\"@type\":\"BreadcrumbList\",\"@id\":\"https:\\\/\\\/freekids.pl\\\/de\\\/produkt\\\/lumi-strassenbahn\\\/#breadcrumb\",\"itemListElement\":[{\"@type\":\"ListItem\",\"position\":1,\"name\":\"Strona g\u0142\u00f3wna\",\"item\":\"https:\\\/\\\/freekids.pl\\\/de\\\/\"},{\"@type\":\"ListItem\",\"position\":2,\"name\":\"Produkte\",\"item\":\"https:\\\/\\\/freekids.pl\\\/de\\\/produkte\\\/\"},{\"@type\":\"ListItem\",\"position\":3,\"name\":\"Lumi Stra\u00dfenbahn\"}]},{\"@type\":\"WebSite\",\"@id\":\"https:\\\/\\\/freekids.pl\\\/de\\\/#website\",\"url\":\"https:\\\/\\\/freekids.pl\\\/de\\\/\",\"name\":\"FreeKids Playgrounds | Sport | Urban Furniture\",\"description\":\"Dream it, do it !\",\"potentialAction\":[{\"@type\":\"SearchAction\",\"target\":{\"@type\":\"EntryPoint\",\"urlTemplate\":\"https:\\\/\\\/freekids.pl\\\/de\\\/?s={search_term_string}\"},\"query-input\":{\"@type\":\"PropertyValueSpecification\",\"valueRequired\":true,\"valueName\":\"search_term_string\"}}],\"inLanguage\":\"de\"}]}<\/script>\n<!-- \/ Yoast SEO plugin. -->","yoast_head_json":{"title":"Lumi Tram Federn Fahrzeug f\u00fcr Spielplatz - Freekids.pl","robots":{"index":"index","follow":"follow","max-snippet":"max-snippet:-1","max-image-preview":"max-image-preview:large","max-video-preview":"max-video-preview:-1"},"canonical":"https:\/\/freekids.pl\/de\/produkt\/lumi-strassenbahn\/","og_locale":"de_DE","og_type":"article","og_title":"Lumi Tram Federn Fahrzeug f\u00fcr Spielplatz - Freekids.pl","og_description":"Ein Ger\u00e4t in Form einer futuristischen Stra\u00dfenbahn, das auf Federn basiert und aus 4 Segmenten besteht, die durch Seile verbunden sind. Hergestellt aus geschwei\u00dftem Edelstahlrahmen und gebogenen Leimholzbalken. Das Ger\u00e4t ist mit Sitzen aus HDPE und Edelstahl, zwei mit Photovoltaik aufgeladenen und nach Einbruch der Dunkelheit eingeschalteten Lichtpaneelen, die in einem Metallgeh\u00e4use untergebracht sind, einer Sitzbank f\u00fcr die Passagiere, Polycarbonat-Fenstern und Handhabungselementen ausgestattet.","og_url":"https:\/\/freekids.pl\/de\/produkt\/lumi-strassenbahn\/","og_site_name":"FreeKids Playgrounds | Sport | Urban Furniture","og_image":[{"width":2560,"height":1787,"url":"https:\/\/freekids.pl\/wp-content\/uploads\/2025\/01\/0230005_lumi_tram_-_wiz.1-scaled.jpg","type":"image\/jpeg"}],"twitter_card":"summary_large_image","schema":{"@context":"https:\/\/schema.org","@graph":[{"@type":"WebPage","@id":"https:\/\/freekids.pl\/de\/produkt\/lumi-strassenbahn\/","url":"https:\/\/freekids.pl\/de\/produkt\/lumi-strassenbahn\/","name":"Lumi Tram Federn Fahrzeug f\u00fcr Spielplatz - Freekids.pl","isPartOf":{"@id":"https:\/\/freekids.pl\/de\/#website"},"primaryImageOfPage":{"@id":"https:\/\/freekids.pl\/de\/produkt\/lumi-strassenbahn\/#primaryimage"},"image":{"@id":"https:\/\/freekids.pl\/de\/produkt\/lumi-strassenbahn\/#primaryimage"},"thumbnailUrl":"https:\/\/freekids.pl\/wp-content\/uploads\/2025\/01\/0230005_lumi_tram_-_wiz.1-scaled.jpg","datePublished":"2024-10-23T19:52:50+00:00","breadcrumb":{"@id":"https:\/\/freekids.pl\/de\/produkt\/lumi-strassenbahn\/#breadcrumb"},"inLanguage":"de","potentialAction":[{"@type":"ReadAction","target":["https:\/\/freekids.pl\/de\/produkt\/lumi-strassenbahn\/"]}]},{"@type":"ImageObject","inLanguage":"de","@id":"https:\/\/freekids.pl\/de\/produkt\/lumi-strassenbahn\/#primaryimage","url":"https:\/\/freekids.pl\/wp-content\/uploads\/2025\/01\/0230005_lumi_tram_-_wiz.1-scaled.jpg","contentUrl":"https:\/\/freekids.pl\/wp-content\/uploads\/2025\/01\/0230005_lumi_tram_-_wiz.1-scaled.jpg","width":2560,"height":1787},{"@type":"BreadcrumbList","@id":"https:\/\/freekids.pl\/de\/produkt\/lumi-strassenbahn\/#breadcrumb","itemListElement":[{"@type":"ListItem","position":1,"name":"Strona g\u0142\u00f3wna","item":"https:\/\/freekids.pl\/de\/"},{"@type":"ListItem","position":2,"name":"Produkte","item":"https:\/\/freekids.pl\/de\/produkte\/"},{"@type":"ListItem","position":3,"name":"Lumi Stra\u00dfenbahn"}]},{"@type":"WebSite","@id":"https:\/\/freekids.pl\/de\/#website","url":"https:\/\/freekids.pl\/de\/","name":"FreeKids Playgrounds | Sport | Urban Furniture","description":"Dream it, do it !","potentialAction":[{"@type":"SearchAction","target":{"@type":"EntryPoint","urlTemplate":"https:\/\/freekids.pl\/de\/?s={search_term_string}"},"query-input":{"@type":"PropertyValueSpecification","valueRequired":true,"valueName":"search_term_string"}}],"inLanguage":"de"}]}},"_links":{"self":[{"href":"https:\/\/freekids.pl\/de\/wp-json\/wp\/v2\/product\/203432","targetHints":{"allow":["GET"]}}],"collection":[{"href":"https:\/\/freekids.pl\/de\/wp-json\/wp\/v2\/product"}],"about":[{"href":"https:\/\/freekids.pl\/de\/wp-json\/wp\/v2\/types\/product"}],"wp:featuredmedia":[{"embeddable":true,"href":"https:\/\/freekids.pl\/de\/wp-json\/wp\/v2\/media\/172561"}],"wp:attachment":[{"href":"https:\/\/freekids.pl\/de\/wp-json\/wp\/v2\/media?parent=203432"}],"wp:term":[{"taxonomy":"product_cat","embeddable":true,"href":"https:\/\/freekids.pl\/de\/wp-json\/wp\/v2\/product_cat?post=203432"},{"taxonomy":"product_tag","embeddable":true,"href":"https:\/\/freekids.pl\/de\/wp-json\/wp\/v2\/product_tag?post=203432"}],"curies":[{"name":"wp","href":"https:\/\/api.w.org\/{rel}","templated":true}]}}