{"id":203470,"date":"2024-10-23T21:42:51","date_gmt":"2024-10-23T19:42:51","guid":{"rendered":"https:\/\/freekids.pl\/produkt\/mein\/"},"modified":"2024-10-23T21:42:51","modified_gmt":"2024-10-23T19:42:51","slug":"mein","status":"publish","type":"product","link":"https:\/\/freekids.pl\/de\/produkt\/mein\/","title":{"rendered":"Mein"},"content":{"rendered":"","protected":false},"excerpt":{"rendered":"<p>Ein Ger\u00e4t in Form einer Steampunk-Mine, bestehend aus einem F\u00f6rderturm und einem Bergbaugang. Das Ger\u00e4t basiert auf Rundstangen mit Aluminiumklemmen. Der Turm besteht aus 2 Plattformen, die mit einer rutschfesten Beschichtung bedeckt sind, die mit einem Stahlrahmen verst\u00e4rkt ist, einer Rutsche, einem R\u00f6hrentunnel, 3 Kletterw\u00e4nden aus U-f\u00f6rmigen Griffen, einer Winde mit einem Gummieimer an einer Kette, einer rostfreien Rutsche, die vom oberen Treppenabsatz zum Bergbaugang f\u00fchrt, einem gebogenen HDPE-Dach, einem Pultdach, 5 Zahnr\u00e4dern, 1 Schuh, HPL-Platten, die mit zahlreichen UV-Drucken und Fr\u00e4sungen bedeckt sind. Ein Bergbaugang in Form eines Korridors mit einem Bogengew\u00f6lbe von au\u00dfen, das als Kletterwand dient, im Inneren mit einem h\u00e4ngenden Wiegenwagen und einem Schild von Geh\u00f6rschutz und Helm.   <\/p>\n<div id=\"highlighter--hover-tools\" style=\"display: none;\">\n<div id=\"highlighter--hover-tools--container\">\n<div class=\"highlighter--icon highlighter--icon-copy\" title=\"Kopieren Sie\"><\/div>\n<div class=\"highlighter--icon highlighter--icon-change-color\" title=\"Farbe \u00e4ndern\"><\/div>\n<div class=\"highlighter--icon highlighter--icon-delete\" title=\"L\u00f6schen\"><\/div>\n<\/div>\n<\/div>\n","protected":false},"featured_media":172254,"template":"","meta":{"_acf_changed":false,"ep_exclude_from_search":false},"product_cat":[550,477],"product_tag":[],"class_list":{"0":"post-203470","1":"product","2":"type-product","3":"status-publish","4":"has-post-thumbnail","6":"product_series-industrial-de","7":"product_group-clamps-de","8":"product_cat-multifunktionale-sets","9":"product_cat-spielplatze","11":"first","12":"outofstock","13":"shipping-taxable","14":"purchasable","15":"product-type-simple"},"acf":[],"yoast_head":"<!-- This site is optimized with the Yoast SEO plugin v27.4 - https:\/\/yoast.com\/product\/yoast-seo-wordpress\/ -->\n<title>Grubenspielplatz mit Rutschengarnitur - Freekids.pl<\/title>\n<meta name=\"robots\" content=\"index, follow, max-snippet:-1, max-image-preview:large, max-video-preview:-1\" \/>\n<link rel=\"canonical\" href=\"https:\/\/freekids.pl\/de\/produkt\/mein\/\" \/>\n<meta property=\"og:locale\" content=\"de_DE\" \/>\n<meta property=\"og:type\" content=\"article\" \/>\n<meta property=\"og:title\" content=\"Grubenspielplatz mit Rutschengarnitur - Freekids.pl\" \/>\n<meta property=\"og:description\" content=\"Ein Ger\u00e4t in Form einer Steampunk-Mine, bestehend aus einem F\u00f6rderturm und einem Bergbaugang. Das Ger\u00e4t basiert auf Rundstangen mit Aluminiumklemmen. Der Turm besteht aus 2 Plattformen, die mit einer rutschfesten Beschichtung bedeckt sind, die mit einem Stahlrahmen verst\u00e4rkt ist, einer Rutsche, einem R\u00f6hrentunnel, 3 Kletterw\u00e4nden aus U-f\u00f6rmigen Griffen, einer Winde mit einem Gummieimer an einer Kette, einer rostfreien Rutsche, die vom oberen Treppenabsatz zum Bergbaugang f\u00fchrt, einem gebogenen HDPE-Dach, einem Pultdach, 5 Zahnr\u00e4dern, 1 Schuh, HPL-Platten, die mit zahlreichen UV-Drucken und Fr\u00e4sungen bedeckt sind. Ein Bergbaugang in Form eines Korridors mit einem Bogengew\u00f6lbe von au\u00dfen, das als Kletterwand dient, im Inneren mit einem h\u00e4ngenden Wiegenwagen und einem Schild von Geh\u00f6rschutz und Helm.\" \/>\n<meta property=\"og:url\" content=\"https:\/\/freekids.pl\/de\/produkt\/mein\/\" \/>\n<meta property=\"og:site_name\" content=\"FreeKids Playgrounds | Sport | Urban Furniture\" \/>\n<meta property=\"og:image\" content=\"https:\/\/freekids.pl\/wp-content\/uploads\/2025\/01\/0240001_kopalnia_-_wiz.1-scaled.jpg\" \/>\n\t<meta property=\"og:image:width\" content=\"2560\" \/>\n\t<meta property=\"og:image:height\" content=\"1439\" \/>\n\t<meta property=\"og:image:type\" content=\"image\/jpeg\" \/>\n<meta name=\"twitter:card\" content=\"summary_large_image\" \/>\n<script type=\"application\/ld+json\" class=\"yoast-schema-graph\">{\"@context\":\"https:\\\/\\\/schema.org\",\"@graph\":[{\"@type\":\"WebPage\",\"@id\":\"https:\\\/\\\/freekids.pl\\\/de\\\/produkt\\\/mein\\\/\",\"url\":\"https:\\\/\\\/freekids.pl\\\/de\\\/produkt\\\/mein\\\/\",\"name\":\"Grubenspielplatz mit Rutschengarnitur - Freekids.pl\",\"isPartOf\":{\"@id\":\"https:\\\/\\\/freekids.pl\\\/de\\\/#website\"},\"primaryImageOfPage\":{\"@id\":\"https:\\\/\\\/freekids.pl\\\/de\\\/produkt\\\/mein\\\/#primaryimage\"},\"image\":{\"@id\":\"https:\\\/\\\/freekids.pl\\\/de\\\/produkt\\\/mein\\\/#primaryimage\"},\"thumbnailUrl\":\"https:\\\/\\\/freekids.pl\\\/wp-content\\\/uploads\\\/2025\\\/01\\\/0240001_kopalnia_-_wiz.1-scaled.jpg\",\"datePublished\":\"2024-10-23T19:42:51+00:00\",\"breadcrumb\":{\"@id\":\"https:\\\/\\\/freekids.pl\\\/de\\\/produkt\\\/mein\\\/#breadcrumb\"},\"inLanguage\":\"de\",\"potentialAction\":[{\"@type\":\"ReadAction\",\"target\":[\"https:\\\/\\\/freekids.pl\\\/de\\\/produkt\\\/mein\\\/\"]}]},{\"@type\":\"ImageObject\",\"inLanguage\":\"de\",\"@id\":\"https:\\\/\\\/freekids.pl\\\/de\\\/produkt\\\/mein\\\/#primaryimage\",\"url\":\"https:\\\/\\\/freekids.pl\\\/wp-content\\\/uploads\\\/2025\\\/01\\\/0240001_kopalnia_-_wiz.1-scaled.jpg\",\"contentUrl\":\"https:\\\/\\\/freekids.pl\\\/wp-content\\\/uploads\\\/2025\\\/01\\\/0240001_kopalnia_-_wiz.1-scaled.jpg\",\"width\":2560,\"height\":1439},{\"@type\":\"BreadcrumbList\",\"@id\":\"https:\\\/\\\/freekids.pl\\\/de\\\/produkt\\\/mein\\\/#breadcrumb\",\"itemListElement\":[{\"@type\":\"ListItem\",\"position\":1,\"name\":\"Strona g\u0142\u00f3wna\",\"item\":\"https:\\\/\\\/freekids.pl\\\/de\\\/\"},{\"@type\":\"ListItem\",\"position\":2,\"name\":\"Produkte\",\"item\":\"https:\\\/\\\/freekids.pl\\\/de\\\/produkte\\\/\"},{\"@type\":\"ListItem\",\"position\":3,\"name\":\"Mein\"}]},{\"@type\":\"WebSite\",\"@id\":\"https:\\\/\\\/freekids.pl\\\/de\\\/#website\",\"url\":\"https:\\\/\\\/freekids.pl\\\/de\\\/\",\"name\":\"FreeKids Playgrounds | Sport | Urban Furniture\",\"description\":\"Dream it, do it !\",\"potentialAction\":[{\"@type\":\"SearchAction\",\"target\":{\"@type\":\"EntryPoint\",\"urlTemplate\":\"https:\\\/\\\/freekids.pl\\\/de\\\/?s={search_term_string}\"},\"query-input\":{\"@type\":\"PropertyValueSpecification\",\"valueRequired\":true,\"valueName\":\"search_term_string\"}}],\"inLanguage\":\"de\"}]}<\/script>\n<!-- \/ Yoast SEO plugin. -->","yoast_head_json":{"title":"Grubenspielplatz mit Rutschengarnitur - Freekids.pl","robots":{"index":"index","follow":"follow","max-snippet":"max-snippet:-1","max-image-preview":"max-image-preview:large","max-video-preview":"max-video-preview:-1"},"canonical":"https:\/\/freekids.pl\/de\/produkt\/mein\/","og_locale":"de_DE","og_type":"article","og_title":"Grubenspielplatz mit Rutschengarnitur - Freekids.pl","og_description":"Ein Ger\u00e4t in Form einer Steampunk-Mine, bestehend aus einem F\u00f6rderturm und einem Bergbaugang. Das Ger\u00e4t basiert auf Rundstangen mit Aluminiumklemmen. Der Turm besteht aus 2 Plattformen, die mit einer rutschfesten Beschichtung bedeckt sind, die mit einem Stahlrahmen verst\u00e4rkt ist, einer Rutsche, einem R\u00f6hrentunnel, 3 Kletterw\u00e4nden aus U-f\u00f6rmigen Griffen, einer Winde mit einem Gummieimer an einer Kette, einer rostfreien Rutsche, die vom oberen Treppenabsatz zum Bergbaugang f\u00fchrt, einem gebogenen HDPE-Dach, einem Pultdach, 5 Zahnr\u00e4dern, 1 Schuh, HPL-Platten, die mit zahlreichen UV-Drucken und Fr\u00e4sungen bedeckt sind. Ein Bergbaugang in Form eines Korridors mit einem Bogengew\u00f6lbe von au\u00dfen, das als Kletterwand dient, im Inneren mit einem h\u00e4ngenden Wiegenwagen und einem Schild von Geh\u00f6rschutz und Helm.","og_url":"https:\/\/freekids.pl\/de\/produkt\/mein\/","og_site_name":"FreeKids Playgrounds | Sport | Urban Furniture","og_image":[{"width":2560,"height":1439,"url":"https:\/\/freekids.pl\/wp-content\/uploads\/2025\/01\/0240001_kopalnia_-_wiz.1-scaled.jpg","type":"image\/jpeg"}],"twitter_card":"summary_large_image","schema":{"@context":"https:\/\/schema.org","@graph":[{"@type":"WebPage","@id":"https:\/\/freekids.pl\/de\/produkt\/mein\/","url":"https:\/\/freekids.pl\/de\/produkt\/mein\/","name":"Grubenspielplatz mit Rutschengarnitur - Freekids.pl","isPartOf":{"@id":"https:\/\/freekids.pl\/de\/#website"},"primaryImageOfPage":{"@id":"https:\/\/freekids.pl\/de\/produkt\/mein\/#primaryimage"},"image":{"@id":"https:\/\/freekids.pl\/de\/produkt\/mein\/#primaryimage"},"thumbnailUrl":"https:\/\/freekids.pl\/wp-content\/uploads\/2025\/01\/0240001_kopalnia_-_wiz.1-scaled.jpg","datePublished":"2024-10-23T19:42:51+00:00","breadcrumb":{"@id":"https:\/\/freekids.pl\/de\/produkt\/mein\/#breadcrumb"},"inLanguage":"de","potentialAction":[{"@type":"ReadAction","target":["https:\/\/freekids.pl\/de\/produkt\/mein\/"]}]},{"@type":"ImageObject","inLanguage":"de","@id":"https:\/\/freekids.pl\/de\/produkt\/mein\/#primaryimage","url":"https:\/\/freekids.pl\/wp-content\/uploads\/2025\/01\/0240001_kopalnia_-_wiz.1-scaled.jpg","contentUrl":"https:\/\/freekids.pl\/wp-content\/uploads\/2025\/01\/0240001_kopalnia_-_wiz.1-scaled.jpg","width":2560,"height":1439},{"@type":"BreadcrumbList","@id":"https:\/\/freekids.pl\/de\/produkt\/mein\/#breadcrumb","itemListElement":[{"@type":"ListItem","position":1,"name":"Strona g\u0142\u00f3wna","item":"https:\/\/freekids.pl\/de\/"},{"@type":"ListItem","position":2,"name":"Produkte","item":"https:\/\/freekids.pl\/de\/produkte\/"},{"@type":"ListItem","position":3,"name":"Mein"}]},{"@type":"WebSite","@id":"https:\/\/freekids.pl\/de\/#website","url":"https:\/\/freekids.pl\/de\/","name":"FreeKids Playgrounds | Sport | Urban Furniture","description":"Dream it, do it !","potentialAction":[{"@type":"SearchAction","target":{"@type":"EntryPoint","urlTemplate":"https:\/\/freekids.pl\/de\/?s={search_term_string}"},"query-input":{"@type":"PropertyValueSpecification","valueRequired":true,"valueName":"search_term_string"}}],"inLanguage":"de"}]}},"_links":{"self":[{"href":"https:\/\/freekids.pl\/de\/wp-json\/wp\/v2\/product\/203470","targetHints":{"allow":["GET"]}}],"collection":[{"href":"https:\/\/freekids.pl\/de\/wp-json\/wp\/v2\/product"}],"about":[{"href":"https:\/\/freekids.pl\/de\/wp-json\/wp\/v2\/types\/product"}],"wp:featuredmedia":[{"embeddable":true,"href":"https:\/\/freekids.pl\/de\/wp-json\/wp\/v2\/media\/172254"}],"wp:attachment":[{"href":"https:\/\/freekids.pl\/de\/wp-json\/wp\/v2\/media?parent=203470"}],"wp:term":[{"taxonomy":"product_cat","embeddable":true,"href":"https:\/\/freekids.pl\/de\/wp-json\/wp\/v2\/product_cat?post=203470"},{"taxonomy":"product_tag","embeddable":true,"href":"https:\/\/freekids.pl\/de\/wp-json\/wp\/v2\/product_tag?post=203470"}],"curies":[{"name":"wp","href":"https:\/\/api.w.org\/{rel}","templated":true}]}}