{"id":203510,"date":"2024-10-23T21:52:02","date_gmt":"2024-10-23T19:52:02","guid":{"rendered":"https:\/\/freekids.pl\/produkt\/lumi-schutz\/"},"modified":"2024-10-23T21:52:02","modified_gmt":"2024-10-23T19:52:02","slug":"lumi-schutz","status":"publish","type":"product","link":"https:\/\/freekids.pl\/de\/produkt\/lumi-schutz\/","title":{"rendered":"Lumi Schutz"},"content":{"rendered":"","protected":false},"excerpt":{"rendered":"<p>Ein Ger\u00e4t in Form eines futuristischen Feuerwehrautos, das durch eine Leiter mit einem Geb\u00e4ude verbunden ist, der vordere Teil des Fahrzeugs ruht auf Federn. Hergestellt aus geschwei\u00dftem Edelstahlrahmen und gebogenen Leimholzbalken. Das Ger\u00e4t ist ausgestattet mit einem Sitz aus HDPE und Edelstahl, drei photovoltaisch aufgeladenen und nach Einbruch der Dunkelheit einschaltenden Lichtpaneelen, die in einem Metallgeh\u00e4use untergebracht sind, zwei vertikalen Kletterw\u00e4nden, einer Rutsche, einer Feuerrutsche und Handhabungselementen.  <\/p>\n","protected":false},"featured_media":172537,"template":"","meta":{"_acf_changed":false,"ep_exclude_from_search":false},"product_cat":[527,550,477],"product_tag":[],"class_list":{"0":"post-203510","1":"product","2":"type-product","3":"status-publish","4":"has-post-thumbnail","6":"product_series-lumi-de","7":"product_group-original-de","8":"product_cat-fahrzeuge","9":"product_cat-multifunktionale-sets","10":"product_cat-spielplatze","12":"first","13":"outofstock","14":"shipping-taxable","15":"purchasable","16":"product-type-simple"},"acf":[],"yoast_head":"<!-- This site is optimized with the Yoast SEO plugin v27.4 - https:\/\/yoast.com\/product\/yoast-seo-wordpress\/ -->\n<title>Lumi Guard Spielplatz-Set - Freekids.pl<\/title>\n<meta name=\"robots\" content=\"index, follow, max-snippet:-1, max-image-preview:large, max-video-preview:-1\" \/>\n<link rel=\"canonical\" href=\"https:\/\/freekids.pl\/de\/produkt\/lumi-schutz\/\" \/>\n<meta property=\"og:locale\" content=\"de_DE\" \/>\n<meta property=\"og:type\" content=\"article\" \/>\n<meta property=\"og:title\" content=\"Lumi Guard Spielplatz-Set - Freekids.pl\" \/>\n<meta property=\"og:description\" content=\"Ein Ger\u00e4t in Form eines futuristischen Feuerwehrautos, das durch eine Leiter mit einem Geb\u00e4ude verbunden ist, der vordere Teil des Fahrzeugs ruht auf Federn. Hergestellt aus geschwei\u00dftem Edelstahlrahmen und gebogenen Leimholzbalken. Das Ger\u00e4t ist ausgestattet mit einem Sitz aus HDPE und Edelstahl, drei photovoltaisch aufgeladenen und nach Einbruch der Dunkelheit einschaltenden Lichtpaneelen, die in einem Metallgeh\u00e4use untergebracht sind, zwei vertikalen Kletterw\u00e4nden, einer Rutsche, einer Feuerrutsche und Handhabungselementen.\" \/>\n<meta property=\"og:url\" content=\"https:\/\/freekids.pl\/de\/produkt\/lumi-schutz\/\" \/>\n<meta property=\"og:site_name\" content=\"FreeKids Playgrounds | Sport | Urban Furniture\" \/>\n<meta property=\"og:image\" content=\"https:\/\/freekids.pl\/wp-content\/uploads\/2025\/01\/0230004_lumi_straz_-_wiz.1-scaled.jpg\" \/>\n\t<meta property=\"og:image:width\" content=\"2560\" \/>\n\t<meta property=\"og:image:height\" content=\"1787\" \/>\n\t<meta property=\"og:image:type\" content=\"image\/jpeg\" \/>\n<meta name=\"twitter:card\" content=\"summary_large_image\" \/>\n<script type=\"application\/ld+json\" class=\"yoast-schema-graph\">{\"@context\":\"https:\\\/\\\/schema.org\",\"@graph\":[{\"@type\":\"WebPage\",\"@id\":\"https:\\\/\\\/freekids.pl\\\/de\\\/produkt\\\/lumi-schutz\\\/\",\"url\":\"https:\\\/\\\/freekids.pl\\\/de\\\/produkt\\\/lumi-schutz\\\/\",\"name\":\"Lumi Guard Spielplatz-Set - Freekids.pl\",\"isPartOf\":{\"@id\":\"https:\\\/\\\/freekids.pl\\\/de\\\/#website\"},\"primaryImageOfPage\":{\"@id\":\"https:\\\/\\\/freekids.pl\\\/de\\\/produkt\\\/lumi-schutz\\\/#primaryimage\"},\"image\":{\"@id\":\"https:\\\/\\\/freekids.pl\\\/de\\\/produkt\\\/lumi-schutz\\\/#primaryimage\"},\"thumbnailUrl\":\"https:\\\/\\\/freekids.pl\\\/wp-content\\\/uploads\\\/2025\\\/01\\\/0230004_lumi_straz_-_wiz.1-scaled.jpg\",\"datePublished\":\"2024-10-23T19:52:02+00:00\",\"breadcrumb\":{\"@id\":\"https:\\\/\\\/freekids.pl\\\/de\\\/produkt\\\/lumi-schutz\\\/#breadcrumb\"},\"inLanguage\":\"de\",\"potentialAction\":[{\"@type\":\"ReadAction\",\"target\":[\"https:\\\/\\\/freekids.pl\\\/de\\\/produkt\\\/lumi-schutz\\\/\"]}]},{\"@type\":\"ImageObject\",\"inLanguage\":\"de\",\"@id\":\"https:\\\/\\\/freekids.pl\\\/de\\\/produkt\\\/lumi-schutz\\\/#primaryimage\",\"url\":\"https:\\\/\\\/freekids.pl\\\/wp-content\\\/uploads\\\/2025\\\/01\\\/0230004_lumi_straz_-_wiz.1-scaled.jpg\",\"contentUrl\":\"https:\\\/\\\/freekids.pl\\\/wp-content\\\/uploads\\\/2025\\\/01\\\/0230004_lumi_straz_-_wiz.1-scaled.jpg\",\"width\":2560,\"height\":1787},{\"@type\":\"BreadcrumbList\",\"@id\":\"https:\\\/\\\/freekids.pl\\\/de\\\/produkt\\\/lumi-schutz\\\/#breadcrumb\",\"itemListElement\":[{\"@type\":\"ListItem\",\"position\":1,\"name\":\"Strona g\u0142\u00f3wna\",\"item\":\"https:\\\/\\\/freekids.pl\\\/de\\\/\"},{\"@type\":\"ListItem\",\"position\":2,\"name\":\"Produkte\",\"item\":\"https:\\\/\\\/freekids.pl\\\/de\\\/produkte\\\/\"},{\"@type\":\"ListItem\",\"position\":3,\"name\":\"Lumi Schutz\"}]},{\"@type\":\"WebSite\",\"@id\":\"https:\\\/\\\/freekids.pl\\\/de\\\/#website\",\"url\":\"https:\\\/\\\/freekids.pl\\\/de\\\/\",\"name\":\"FreeKids Playgrounds | Sport | Urban Furniture\",\"description\":\"Dream it, do it !\",\"potentialAction\":[{\"@type\":\"SearchAction\",\"target\":{\"@type\":\"EntryPoint\",\"urlTemplate\":\"https:\\\/\\\/freekids.pl\\\/de\\\/?s={search_term_string}\"},\"query-input\":{\"@type\":\"PropertyValueSpecification\",\"valueRequired\":true,\"valueName\":\"search_term_string\"}}],\"inLanguage\":\"de\"}]}<\/script>\n<!-- \/ Yoast SEO plugin. -->","yoast_head_json":{"title":"Lumi Guard Spielplatz-Set - Freekids.pl","robots":{"index":"index","follow":"follow","max-snippet":"max-snippet:-1","max-image-preview":"max-image-preview:large","max-video-preview":"max-video-preview:-1"},"canonical":"https:\/\/freekids.pl\/de\/produkt\/lumi-schutz\/","og_locale":"de_DE","og_type":"article","og_title":"Lumi Guard Spielplatz-Set - Freekids.pl","og_description":"Ein Ger\u00e4t in Form eines futuristischen Feuerwehrautos, das durch eine Leiter mit einem Geb\u00e4ude verbunden ist, der vordere Teil des Fahrzeugs ruht auf Federn. Hergestellt aus geschwei\u00dftem Edelstahlrahmen und gebogenen Leimholzbalken. Das Ger\u00e4t ist ausgestattet mit einem Sitz aus HDPE und Edelstahl, drei photovoltaisch aufgeladenen und nach Einbruch der Dunkelheit einschaltenden Lichtpaneelen, die in einem Metallgeh\u00e4use untergebracht sind, zwei vertikalen Kletterw\u00e4nden, einer Rutsche, einer Feuerrutsche und Handhabungselementen.","og_url":"https:\/\/freekids.pl\/de\/produkt\/lumi-schutz\/","og_site_name":"FreeKids Playgrounds | Sport | Urban Furniture","og_image":[{"width":2560,"height":1787,"url":"https:\/\/freekids.pl\/wp-content\/uploads\/2025\/01\/0230004_lumi_straz_-_wiz.1-scaled.jpg","type":"image\/jpeg"}],"twitter_card":"summary_large_image","schema":{"@context":"https:\/\/schema.org","@graph":[{"@type":"WebPage","@id":"https:\/\/freekids.pl\/de\/produkt\/lumi-schutz\/","url":"https:\/\/freekids.pl\/de\/produkt\/lumi-schutz\/","name":"Lumi Guard Spielplatz-Set - Freekids.pl","isPartOf":{"@id":"https:\/\/freekids.pl\/de\/#website"},"primaryImageOfPage":{"@id":"https:\/\/freekids.pl\/de\/produkt\/lumi-schutz\/#primaryimage"},"image":{"@id":"https:\/\/freekids.pl\/de\/produkt\/lumi-schutz\/#primaryimage"},"thumbnailUrl":"https:\/\/freekids.pl\/wp-content\/uploads\/2025\/01\/0230004_lumi_straz_-_wiz.1-scaled.jpg","datePublished":"2024-10-23T19:52:02+00:00","breadcrumb":{"@id":"https:\/\/freekids.pl\/de\/produkt\/lumi-schutz\/#breadcrumb"},"inLanguage":"de","potentialAction":[{"@type":"ReadAction","target":["https:\/\/freekids.pl\/de\/produkt\/lumi-schutz\/"]}]},{"@type":"ImageObject","inLanguage":"de","@id":"https:\/\/freekids.pl\/de\/produkt\/lumi-schutz\/#primaryimage","url":"https:\/\/freekids.pl\/wp-content\/uploads\/2025\/01\/0230004_lumi_straz_-_wiz.1-scaled.jpg","contentUrl":"https:\/\/freekids.pl\/wp-content\/uploads\/2025\/01\/0230004_lumi_straz_-_wiz.1-scaled.jpg","width":2560,"height":1787},{"@type":"BreadcrumbList","@id":"https:\/\/freekids.pl\/de\/produkt\/lumi-schutz\/#breadcrumb","itemListElement":[{"@type":"ListItem","position":1,"name":"Strona g\u0142\u00f3wna","item":"https:\/\/freekids.pl\/de\/"},{"@type":"ListItem","position":2,"name":"Produkte","item":"https:\/\/freekids.pl\/de\/produkte\/"},{"@type":"ListItem","position":3,"name":"Lumi Schutz"}]},{"@type":"WebSite","@id":"https:\/\/freekids.pl\/de\/#website","url":"https:\/\/freekids.pl\/de\/","name":"FreeKids Playgrounds | Sport | Urban Furniture","description":"Dream it, do it !","potentialAction":[{"@type":"SearchAction","target":{"@type":"EntryPoint","urlTemplate":"https:\/\/freekids.pl\/de\/?s={search_term_string}"},"query-input":{"@type":"PropertyValueSpecification","valueRequired":true,"valueName":"search_term_string"}}],"inLanguage":"de"}]}},"_links":{"self":[{"href":"https:\/\/freekids.pl\/de\/wp-json\/wp\/v2\/product\/203510","targetHints":{"allow":["GET"]}}],"collection":[{"href":"https:\/\/freekids.pl\/de\/wp-json\/wp\/v2\/product"}],"about":[{"href":"https:\/\/freekids.pl\/de\/wp-json\/wp\/v2\/types\/product"}],"wp:featuredmedia":[{"embeddable":true,"href":"https:\/\/freekids.pl\/de\/wp-json\/wp\/v2\/media\/172537"}],"wp:attachment":[{"href":"https:\/\/freekids.pl\/de\/wp-json\/wp\/v2\/media?parent=203510"}],"wp:term":[{"taxonomy":"product_cat","embeddable":true,"href":"https:\/\/freekids.pl\/de\/wp-json\/wp\/v2\/product_cat?post=203510"},{"taxonomy":"product_tag","embeddable":true,"href":"https:\/\/freekids.pl\/de\/wp-json\/wp\/v2\/product_tag?post=203510"}],"curies":[{"name":"wp","href":"https:\/\/api.w.org\/{rel}","templated":true}]}}