{"id":203522,"date":"2024-10-23T21:40:54","date_gmt":"2024-10-23T19:40:54","guid":{"rendered":"https:\/\/freekids.pl\/produkt\/mini-city-1-zug-dampflokomotive\/"},"modified":"2024-10-23T21:40:54","modified_gmt":"2024-10-23T19:40:54","slug":"mini-city-1-zug-dampflokomotive","status":"publish","type":"product","link":"https:\/\/freekids.pl\/de\/produkt\/mini-city-1-zug-dampflokomotive\/","title":{"rendered":"Mini City 1 Zug (Dampflokomotive)"},"content":{"rendered":"","protected":false},"excerpt":{"rendered":"<p>Die Vorrichtung hat die Form eines Zuges, der aus einer Dampflokomotive und zwei Waggons besteht, die auf Federn montiert und durch Seilnetze verbunden sind. Dampflokomotive aus gebogenem HDPE, mit L\u00f6chern an den Seiten f\u00fcr F\u00fc\u00dfe und Griffe, mit denen Sie Cowboys spielen k\u00f6nnen. Dar\u00fcber hinaus ist es mit einem beweglichen Hebel und Knopf ausgestattet. R\u00f6hrenwagen ausgestattet mit 4 Seilen, Fu\u00dfl\u00f6chern, R\u00f6hrentunnel. Tankwagen aus gebogenem HDPE mit Beinl\u00f6chern und Klettersteinen und zwei Noppen.    <\/p>\n<div id=\"highlighter--hover-tools\" style=\"display: none;\">\n<div id=\"highlighter--hover-tools--container\">\n<div class=\"highlighter--icon highlighter--icon-copy\" title=\"Kopieren Sie\"><\/div>\n<div class=\"highlighter--icon highlighter--icon-change-color\" title=\"Farbe \u00e4ndern\"><\/div>\n<div class=\"highlighter--icon highlighter--icon-delete\" title=\"L\u00f6schen\"><\/div>\n<\/div>\n<\/div>\n","protected":false},"featured_media":172206,"template":"","meta":{"_acf_changed":false,"ep_exclude_from_search":false},"product_cat":[527,472,477],"product_tag":[],"class_list":{"0":"post-203522","1":"product","2":"type-product","3":"status-publish","4":"has-post-thumbnail","6":"product_series-mini-city-de","7":"product_group-original-de","8":"product_cat-fahrzeuge","9":"product_cat-keine-kategorie","10":"product_cat-spielplatze","12":"first","13":"outofstock","14":"shipping-taxable","15":"purchasable","16":"product-type-simple"},"acf":[],"yoast_head":"<!-- This site is optimized with the Yoast SEO plugin v27.4 - https:\/\/yoast.com\/product\/yoast-seo-wordpress\/ -->\n<title>Mini City 1 (Dampflokomotive) zum Spielplatz - Freekids.pl<\/title>\n<meta name=\"robots\" content=\"index, follow, max-snippet:-1, max-image-preview:large, max-video-preview:-1\" \/>\n<link rel=\"canonical\" href=\"https:\/\/freekids.pl\/de\/produkt\/mini-city-1-zug-dampflokomotive\/\" \/>\n<meta property=\"og:locale\" content=\"de_DE\" \/>\n<meta property=\"og:type\" content=\"article\" \/>\n<meta property=\"og:title\" content=\"Mini City 1 (Dampflokomotive) zum Spielplatz - Freekids.pl\" \/>\n<meta property=\"og:description\" content=\"Die Vorrichtung hat die Form eines Zuges, der aus einer Dampflokomotive und zwei Waggons besteht, die auf Federn montiert und durch Seilnetze verbunden sind. Dampflokomotive aus gebogenem HDPE, mit L\u00f6chern an den Seiten f\u00fcr F\u00fc\u00dfe und Griffe, mit denen Sie Cowboys spielen k\u00f6nnen. Dar\u00fcber hinaus ist es mit einem beweglichen Hebel und Knopf ausgestattet. R\u00f6hrenwagen ausgestattet mit 4 Seilen, Fu\u00dfl\u00f6chern, R\u00f6hrentunnel. Tankwagen aus gebogenem HDPE mit Beinl\u00f6chern und Klettersteinen und zwei Noppen.\" \/>\n<meta property=\"og:url\" content=\"https:\/\/freekids.pl\/de\/produkt\/mini-city-1-zug-dampflokomotive\/\" \/>\n<meta property=\"og:site_name\" content=\"FreeKids Playgrounds | Sport | Urban Furniture\" \/>\n<meta property=\"og:image\" content=\"https:\/\/freekids.pl\/wp-content\/uploads\/2025\/01\/0210031_pociag_mini_city_1_-_wiz.1-scaled.jpg\" \/>\n\t<meta property=\"og:image:width\" content=\"2560\" \/>\n\t<meta property=\"og:image:height\" content=\"1837\" \/>\n\t<meta property=\"og:image:type\" content=\"image\/jpeg\" \/>\n<meta name=\"twitter:card\" content=\"summary_large_image\" \/>\n<script type=\"application\/ld+json\" class=\"yoast-schema-graph\">{\"@context\":\"https:\\\/\\\/schema.org\",\"@graph\":[{\"@type\":\"WebPage\",\"@id\":\"https:\\\/\\\/freekids.pl\\\/de\\\/produkt\\\/mini-city-1-zug-dampflokomotive\\\/\",\"url\":\"https:\\\/\\\/freekids.pl\\\/de\\\/produkt\\\/mini-city-1-zug-dampflokomotive\\\/\",\"name\":\"Mini City 1 (Dampflokomotive) zum Spielplatz - Freekids.pl\",\"isPartOf\":{\"@id\":\"https:\\\/\\\/freekids.pl\\\/de\\\/#website\"},\"primaryImageOfPage\":{\"@id\":\"https:\\\/\\\/freekids.pl\\\/de\\\/produkt\\\/mini-city-1-zug-dampflokomotive\\\/#primaryimage\"},\"image\":{\"@id\":\"https:\\\/\\\/freekids.pl\\\/de\\\/produkt\\\/mini-city-1-zug-dampflokomotive\\\/#primaryimage\"},\"thumbnailUrl\":\"https:\\\/\\\/freekids.pl\\\/wp-content\\\/uploads\\\/2025\\\/01\\\/0210031_pociag_mini_city_1_-_wiz.1-scaled.jpg\",\"datePublished\":\"2024-10-23T19:40:54+00:00\",\"breadcrumb\":{\"@id\":\"https:\\\/\\\/freekids.pl\\\/de\\\/produkt\\\/mini-city-1-zug-dampflokomotive\\\/#breadcrumb\"},\"inLanguage\":\"de\",\"potentialAction\":[{\"@type\":\"ReadAction\",\"target\":[\"https:\\\/\\\/freekids.pl\\\/de\\\/produkt\\\/mini-city-1-zug-dampflokomotive\\\/\"]}]},{\"@type\":\"ImageObject\",\"inLanguage\":\"de\",\"@id\":\"https:\\\/\\\/freekids.pl\\\/de\\\/produkt\\\/mini-city-1-zug-dampflokomotive\\\/#primaryimage\",\"url\":\"https:\\\/\\\/freekids.pl\\\/wp-content\\\/uploads\\\/2025\\\/01\\\/0210031_pociag_mini_city_1_-_wiz.1-scaled.jpg\",\"contentUrl\":\"https:\\\/\\\/freekids.pl\\\/wp-content\\\/uploads\\\/2025\\\/01\\\/0210031_pociag_mini_city_1_-_wiz.1-scaled.jpg\",\"width\":2560,\"height\":1837},{\"@type\":\"BreadcrumbList\",\"@id\":\"https:\\\/\\\/freekids.pl\\\/de\\\/produkt\\\/mini-city-1-zug-dampflokomotive\\\/#breadcrumb\",\"itemListElement\":[{\"@type\":\"ListItem\",\"position\":1,\"name\":\"Strona g\u0142\u00f3wna\",\"item\":\"https:\\\/\\\/freekids.pl\\\/de\\\/\"},{\"@type\":\"ListItem\",\"position\":2,\"name\":\"Produkte\",\"item\":\"https:\\\/\\\/freekids.pl\\\/de\\\/produkte\\\/\"},{\"@type\":\"ListItem\",\"position\":3,\"name\":\"Mini City 1 Zug (Dampflokomotive)\"}]},{\"@type\":\"WebSite\",\"@id\":\"https:\\\/\\\/freekids.pl\\\/de\\\/#website\",\"url\":\"https:\\\/\\\/freekids.pl\\\/de\\\/\",\"name\":\"FreeKids Playgrounds | Sport | Urban Furniture\",\"description\":\"Dream it, do it !\",\"potentialAction\":[{\"@type\":\"SearchAction\",\"target\":{\"@type\":\"EntryPoint\",\"urlTemplate\":\"https:\\\/\\\/freekids.pl\\\/de\\\/?s={search_term_string}\"},\"query-input\":{\"@type\":\"PropertyValueSpecification\",\"valueRequired\":true,\"valueName\":\"search_term_string\"}}],\"inLanguage\":\"de\"}]}<\/script>\n<!-- \/ Yoast SEO plugin. -->","yoast_head_json":{"title":"Mini City 1 (Dampflokomotive) zum Spielplatz - Freekids.pl","robots":{"index":"index","follow":"follow","max-snippet":"max-snippet:-1","max-image-preview":"max-image-preview:large","max-video-preview":"max-video-preview:-1"},"canonical":"https:\/\/freekids.pl\/de\/produkt\/mini-city-1-zug-dampflokomotive\/","og_locale":"de_DE","og_type":"article","og_title":"Mini City 1 (Dampflokomotive) zum Spielplatz - Freekids.pl","og_description":"Die Vorrichtung hat die Form eines Zuges, der aus einer Dampflokomotive und zwei Waggons besteht, die auf Federn montiert und durch Seilnetze verbunden sind. Dampflokomotive aus gebogenem HDPE, mit L\u00f6chern an den Seiten f\u00fcr F\u00fc\u00dfe und Griffe, mit denen Sie Cowboys spielen k\u00f6nnen. Dar\u00fcber hinaus ist es mit einem beweglichen Hebel und Knopf ausgestattet. R\u00f6hrenwagen ausgestattet mit 4 Seilen, Fu\u00dfl\u00f6chern, R\u00f6hrentunnel. Tankwagen aus gebogenem HDPE mit Beinl\u00f6chern und Klettersteinen und zwei Noppen.","og_url":"https:\/\/freekids.pl\/de\/produkt\/mini-city-1-zug-dampflokomotive\/","og_site_name":"FreeKids Playgrounds | Sport | Urban Furniture","og_image":[{"width":2560,"height":1837,"url":"https:\/\/freekids.pl\/wp-content\/uploads\/2025\/01\/0210031_pociag_mini_city_1_-_wiz.1-scaled.jpg","type":"image\/jpeg"}],"twitter_card":"summary_large_image","schema":{"@context":"https:\/\/schema.org","@graph":[{"@type":"WebPage","@id":"https:\/\/freekids.pl\/de\/produkt\/mini-city-1-zug-dampflokomotive\/","url":"https:\/\/freekids.pl\/de\/produkt\/mini-city-1-zug-dampflokomotive\/","name":"Mini City 1 (Dampflokomotive) zum Spielplatz - Freekids.pl","isPartOf":{"@id":"https:\/\/freekids.pl\/de\/#website"},"primaryImageOfPage":{"@id":"https:\/\/freekids.pl\/de\/produkt\/mini-city-1-zug-dampflokomotive\/#primaryimage"},"image":{"@id":"https:\/\/freekids.pl\/de\/produkt\/mini-city-1-zug-dampflokomotive\/#primaryimage"},"thumbnailUrl":"https:\/\/freekids.pl\/wp-content\/uploads\/2025\/01\/0210031_pociag_mini_city_1_-_wiz.1-scaled.jpg","datePublished":"2024-10-23T19:40:54+00:00","breadcrumb":{"@id":"https:\/\/freekids.pl\/de\/produkt\/mini-city-1-zug-dampflokomotive\/#breadcrumb"},"inLanguage":"de","potentialAction":[{"@type":"ReadAction","target":["https:\/\/freekids.pl\/de\/produkt\/mini-city-1-zug-dampflokomotive\/"]}]},{"@type":"ImageObject","inLanguage":"de","@id":"https:\/\/freekids.pl\/de\/produkt\/mini-city-1-zug-dampflokomotive\/#primaryimage","url":"https:\/\/freekids.pl\/wp-content\/uploads\/2025\/01\/0210031_pociag_mini_city_1_-_wiz.1-scaled.jpg","contentUrl":"https:\/\/freekids.pl\/wp-content\/uploads\/2025\/01\/0210031_pociag_mini_city_1_-_wiz.1-scaled.jpg","width":2560,"height":1837},{"@type":"BreadcrumbList","@id":"https:\/\/freekids.pl\/de\/produkt\/mini-city-1-zug-dampflokomotive\/#breadcrumb","itemListElement":[{"@type":"ListItem","position":1,"name":"Strona g\u0142\u00f3wna","item":"https:\/\/freekids.pl\/de\/"},{"@type":"ListItem","position":2,"name":"Produkte","item":"https:\/\/freekids.pl\/de\/produkte\/"},{"@type":"ListItem","position":3,"name":"Mini City 1 Zug (Dampflokomotive)"}]},{"@type":"WebSite","@id":"https:\/\/freekids.pl\/de\/#website","url":"https:\/\/freekids.pl\/de\/","name":"FreeKids Playgrounds | Sport | Urban Furniture","description":"Dream it, do it !","potentialAction":[{"@type":"SearchAction","target":{"@type":"EntryPoint","urlTemplate":"https:\/\/freekids.pl\/de\/?s={search_term_string}"},"query-input":{"@type":"PropertyValueSpecification","valueRequired":true,"valueName":"search_term_string"}}],"inLanguage":"de"}]}},"_links":{"self":[{"href":"https:\/\/freekids.pl\/de\/wp-json\/wp\/v2\/product\/203522","targetHints":{"allow":["GET"]}}],"collection":[{"href":"https:\/\/freekids.pl\/de\/wp-json\/wp\/v2\/product"}],"about":[{"href":"https:\/\/freekids.pl\/de\/wp-json\/wp\/v2\/types\/product"}],"wp:featuredmedia":[{"embeddable":true,"href":"https:\/\/freekids.pl\/de\/wp-json\/wp\/v2\/media\/172206"}],"wp:attachment":[{"href":"https:\/\/freekids.pl\/de\/wp-json\/wp\/v2\/media?parent=203522"}],"wp:term":[{"taxonomy":"product_cat","embeddable":true,"href":"https:\/\/freekids.pl\/de\/wp-json\/wp\/v2\/product_cat?post=203522"},{"taxonomy":"product_tag","embeddable":true,"href":"https:\/\/freekids.pl\/de\/wp-json\/wp\/v2\/product_tag?post=203522"}],"curies":[{"name":"wp","href":"https:\/\/api.w.org\/{rel}","templated":true}]}}