{"id":203616,"date":"2024-10-23T21:21:51","date_gmt":"2024-10-23T19:21:51","guid":{"rendered":"https:\/\/freekids.pl\/produkt\/sandstadt-3\/"},"modified":"2024-10-23T21:21:51","modified_gmt":"2024-10-23T19:21:51","slug":"sandstadt-3","status":"publish","type":"product","link":"https:\/\/freekids.pl\/de\/produkt\/sandstadt-3\/","title":{"rendered":"Sandstadt 3"},"content":{"rendered":"","protected":false},"excerpt":{"rendered":"<p>Modularer Sandkasten bestehend aus 3 Einfassungen mit Arbeitsplatten, einem Stand, einem Caf\u00e9 und einer Landstation. Ein Stand ist ein standf\u00f6rmiges Ger\u00e4t mit einem Sattelstreifendach, das mit einer Waage, zwei geneigten Ladenregalen und einer Theke ausgestattet ist. Das Caf\u00e9 ist ein H\u00e4uschen mit schr\u00e4gen W\u00e4nden und einem Satteldach. Im Inneren gibt es eine Edelstahlsp\u00fcle und einen Ofen sowie einen imitierten Wasserhahn, mit dem Sie in einem Caf\u00e9 spielen k\u00f6nnen. Erg\u00e4nzt wird das Ganze durch ein Thekenfenster, einen Tisch mit zwei Sitzpl\u00e4tzen, ein Schild und ein Verkehrsschild. Die K\u00fcstenstation ist ein H\u00e4uschen mit schr\u00e4gen W\u00e4nden, einem Satteldach, einer Treppe, einer Rutsche und einem Zaun mit einem imitierten Rettungsring.     <\/p>\n<div id=\"highlighter--hover-tools\" style=\"display: none;\">\n<div id=\"highlighter--hover-tools--container\">\n<div class=\"highlighter--icon highlighter--icon-copy\" title=\"Kopieren Sie\"><\/div>\n<div class=\"highlighter--icon highlighter--icon-change-color\" title=\"Farbe \u00e4ndern\"><\/div>\n<div class=\"highlighter--icon highlighter--icon-delete\" title=\"L\u00f6schen\"><\/div>\n<\/div>\n<\/div>\n","protected":false},"featured_media":171674,"template":"","meta":{"_acf_changed":false,"ep_exclude_from_search":false},"product_brand":[],"product_cat":[733,522,477],"product_tag":[723],"class_list":{"0":"post-203616","1":"product","2":"type-product","3":"status-publish","4":"has-post-thumbnail","6":"product_series-mini-city-de","7":"product_group-original-de","8":"product_cat-integrativ","9":"product_cat-sandkasten-und-zubehor","10":"product_cat-spielplatze","11":"product_tag-inklusivitaet","13":"first","14":"outofstock","15":"shipping-taxable","16":"purchasable","17":"product-type-simple"},"acf":[],"yoast_head":"<!-- This site is optimized with the Yoast SEO plugin v27.4 - https:\/\/yoast.com\/product\/yoast-seo-wordpress\/ -->\n<title>Sandkasten Sand City 3 - Freekids.pl<\/title>\n<meta name=\"robots\" content=\"index, follow, max-snippet:-1, max-image-preview:large, max-video-preview:-1\" \/>\n<link rel=\"canonical\" href=\"https:\/\/freekids.pl\/de\/produkt\/sandstadt-3\/\" \/>\n<meta property=\"og:locale\" content=\"de_DE\" \/>\n<meta property=\"og:type\" content=\"article\" \/>\n<meta property=\"og:title\" content=\"Sandkasten Sand City 3 - Freekids.pl\" \/>\n<meta property=\"og:description\" content=\"Modularer Sandkasten bestehend aus 3 Einfassungen mit Arbeitsplatten, einem Stand, einem Caf\u00e9 und einer Landstation. Ein Stand ist ein standf\u00f6rmiges Ger\u00e4t mit einem Sattelstreifendach, das mit einer Waage, zwei geneigten Ladenregalen und einer Theke ausgestattet ist. Das Caf\u00e9 ist ein H\u00e4uschen mit schr\u00e4gen W\u00e4nden und einem Satteldach. Im Inneren gibt es eine Edelstahlsp\u00fcle und einen Ofen sowie einen imitierten Wasserhahn, mit dem Sie in einem Caf\u00e9 spielen k\u00f6nnen. Erg\u00e4nzt wird das Ganze durch ein Thekenfenster, einen Tisch mit zwei Sitzpl\u00e4tzen, ein Schild und ein Verkehrsschild. Die K\u00fcstenstation ist ein H\u00e4uschen mit schr\u00e4gen W\u00e4nden, einem Satteldach, einer Treppe, einer Rutsche und einem Zaun mit einem imitierten Rettungsring.\" \/>\n<meta property=\"og:url\" content=\"https:\/\/freekids.pl\/de\/produkt\/sandstadt-3\/\" \/>\n<meta property=\"og:site_name\" content=\"FreeKids Playgrounds | Sport | Urban Furniture\" \/>\n<meta property=\"og:image\" content=\"https:\/\/freekids.pl\/wp-content\/uploads\/2025\/01\/0210021_sand_city_3_-_wiz.1-scaled.jpg\" \/>\n\t<meta property=\"og:image:width\" content=\"2560\" \/>\n\t<meta property=\"og:image:height\" content=\"2005\" \/>\n\t<meta property=\"og:image:type\" content=\"image\/jpeg\" \/>\n<meta name=\"twitter:card\" content=\"summary_large_image\" \/>\n<script type=\"application\/ld+json\" class=\"yoast-schema-graph\">{\"@context\":\"https:\\\/\\\/schema.org\",\"@graph\":[{\"@type\":\"WebPage\",\"@id\":\"https:\\\/\\\/freekids.pl\\\/de\\\/produkt\\\/sandstadt-3\\\/\",\"url\":\"https:\\\/\\\/freekids.pl\\\/de\\\/produkt\\\/sandstadt-3\\\/\",\"name\":\"Sandkasten Sand City 3 - Freekids.pl\",\"isPartOf\":{\"@id\":\"https:\\\/\\\/freekids.pl\\\/de\\\/#website\"},\"primaryImageOfPage\":{\"@id\":\"https:\\\/\\\/freekids.pl\\\/de\\\/produkt\\\/sandstadt-3\\\/#primaryimage\"},\"image\":{\"@id\":\"https:\\\/\\\/freekids.pl\\\/de\\\/produkt\\\/sandstadt-3\\\/#primaryimage\"},\"thumbnailUrl\":\"https:\\\/\\\/freekids.pl\\\/wp-content\\\/uploads\\\/2025\\\/01\\\/0210021_sand_city_3_-_wiz.1-scaled.jpg\",\"datePublished\":\"2024-10-23T19:21:51+00:00\",\"breadcrumb\":{\"@id\":\"https:\\\/\\\/freekids.pl\\\/de\\\/produkt\\\/sandstadt-3\\\/#breadcrumb\"},\"inLanguage\":\"de\",\"potentialAction\":[{\"@type\":\"ReadAction\",\"target\":[\"https:\\\/\\\/freekids.pl\\\/de\\\/produkt\\\/sandstadt-3\\\/\"]}]},{\"@type\":\"ImageObject\",\"inLanguage\":\"de\",\"@id\":\"https:\\\/\\\/freekids.pl\\\/de\\\/produkt\\\/sandstadt-3\\\/#primaryimage\",\"url\":\"https:\\\/\\\/freekids.pl\\\/wp-content\\\/uploads\\\/2025\\\/01\\\/0210021_sand_city_3_-_wiz.1-scaled.jpg\",\"contentUrl\":\"https:\\\/\\\/freekids.pl\\\/wp-content\\\/uploads\\\/2025\\\/01\\\/0210021_sand_city_3_-_wiz.1-scaled.jpg\",\"width\":2560,\"height\":2005},{\"@type\":\"BreadcrumbList\",\"@id\":\"https:\\\/\\\/freekids.pl\\\/de\\\/produkt\\\/sandstadt-3\\\/#breadcrumb\",\"itemListElement\":[{\"@type\":\"ListItem\",\"position\":1,\"name\":\"Strona g\u0142\u00f3wna\",\"item\":\"https:\\\/\\\/freekids.pl\\\/de\\\/\"},{\"@type\":\"ListItem\",\"position\":2,\"name\":\"Produkte\",\"item\":\"https:\\\/\\\/freekids.pl\\\/de\\\/produkte\\\/\"},{\"@type\":\"ListItem\",\"position\":3,\"name\":\"Sandstadt 3\"}]},{\"@type\":\"WebSite\",\"@id\":\"https:\\\/\\\/freekids.pl\\\/de\\\/#website\",\"url\":\"https:\\\/\\\/freekids.pl\\\/de\\\/\",\"name\":\"FreeKids Playgrounds | Sport | Urban Furniture\",\"description\":\"Dream it, do it !\",\"potentialAction\":[{\"@type\":\"SearchAction\",\"target\":{\"@type\":\"EntryPoint\",\"urlTemplate\":\"https:\\\/\\\/freekids.pl\\\/de\\\/?s={search_term_string}\"},\"query-input\":{\"@type\":\"PropertyValueSpecification\",\"valueRequired\":true,\"valueName\":\"search_term_string\"}}],\"inLanguage\":\"de\"}]}<\/script>\n<!-- \/ Yoast SEO plugin. -->","yoast_head_json":{"title":"Sandkasten Sand City 3 - Freekids.pl","robots":{"index":"index","follow":"follow","max-snippet":"max-snippet:-1","max-image-preview":"max-image-preview:large","max-video-preview":"max-video-preview:-1"},"canonical":"https:\/\/freekids.pl\/de\/produkt\/sandstadt-3\/","og_locale":"de_DE","og_type":"article","og_title":"Sandkasten Sand City 3 - Freekids.pl","og_description":"Modularer Sandkasten bestehend aus 3 Einfassungen mit Arbeitsplatten, einem Stand, einem Caf\u00e9 und einer Landstation. Ein Stand ist ein standf\u00f6rmiges Ger\u00e4t mit einem Sattelstreifendach, das mit einer Waage, zwei geneigten Ladenregalen und einer Theke ausgestattet ist. Das Caf\u00e9 ist ein H\u00e4uschen mit schr\u00e4gen W\u00e4nden und einem Satteldach. Im Inneren gibt es eine Edelstahlsp\u00fcle und einen Ofen sowie einen imitierten Wasserhahn, mit dem Sie in einem Caf\u00e9 spielen k\u00f6nnen. Erg\u00e4nzt wird das Ganze durch ein Thekenfenster, einen Tisch mit zwei Sitzpl\u00e4tzen, ein Schild und ein Verkehrsschild. Die K\u00fcstenstation ist ein H\u00e4uschen mit schr\u00e4gen W\u00e4nden, einem Satteldach, einer Treppe, einer Rutsche und einem Zaun mit einem imitierten Rettungsring.","og_url":"https:\/\/freekids.pl\/de\/produkt\/sandstadt-3\/","og_site_name":"FreeKids Playgrounds | Sport | Urban Furniture","og_image":[{"width":2560,"height":2005,"url":"https:\/\/freekids.pl\/wp-content\/uploads\/2025\/01\/0210021_sand_city_3_-_wiz.1-scaled.jpg","type":"image\/jpeg"}],"twitter_card":"summary_large_image","schema":{"@context":"https:\/\/schema.org","@graph":[{"@type":"WebPage","@id":"https:\/\/freekids.pl\/de\/produkt\/sandstadt-3\/","url":"https:\/\/freekids.pl\/de\/produkt\/sandstadt-3\/","name":"Sandkasten Sand City 3 - Freekids.pl","isPartOf":{"@id":"https:\/\/freekids.pl\/de\/#website"},"primaryImageOfPage":{"@id":"https:\/\/freekids.pl\/de\/produkt\/sandstadt-3\/#primaryimage"},"image":{"@id":"https:\/\/freekids.pl\/de\/produkt\/sandstadt-3\/#primaryimage"},"thumbnailUrl":"https:\/\/freekids.pl\/wp-content\/uploads\/2025\/01\/0210021_sand_city_3_-_wiz.1-scaled.jpg","datePublished":"2024-10-23T19:21:51+00:00","breadcrumb":{"@id":"https:\/\/freekids.pl\/de\/produkt\/sandstadt-3\/#breadcrumb"},"inLanguage":"de","potentialAction":[{"@type":"ReadAction","target":["https:\/\/freekids.pl\/de\/produkt\/sandstadt-3\/"]}]},{"@type":"ImageObject","inLanguage":"de","@id":"https:\/\/freekids.pl\/de\/produkt\/sandstadt-3\/#primaryimage","url":"https:\/\/freekids.pl\/wp-content\/uploads\/2025\/01\/0210021_sand_city_3_-_wiz.1-scaled.jpg","contentUrl":"https:\/\/freekids.pl\/wp-content\/uploads\/2025\/01\/0210021_sand_city_3_-_wiz.1-scaled.jpg","width":2560,"height":2005},{"@type":"BreadcrumbList","@id":"https:\/\/freekids.pl\/de\/produkt\/sandstadt-3\/#breadcrumb","itemListElement":[{"@type":"ListItem","position":1,"name":"Strona g\u0142\u00f3wna","item":"https:\/\/freekids.pl\/de\/"},{"@type":"ListItem","position":2,"name":"Produkte","item":"https:\/\/freekids.pl\/de\/produkte\/"},{"@type":"ListItem","position":3,"name":"Sandstadt 3"}]},{"@type":"WebSite","@id":"https:\/\/freekids.pl\/de\/#website","url":"https:\/\/freekids.pl\/de\/","name":"FreeKids Playgrounds | Sport | Urban Furniture","description":"Dream it, do it !","potentialAction":[{"@type":"SearchAction","target":{"@type":"EntryPoint","urlTemplate":"https:\/\/freekids.pl\/de\/?s={search_term_string}"},"query-input":{"@type":"PropertyValueSpecification","valueRequired":true,"valueName":"search_term_string"}}],"inLanguage":"de"}]}},"_links":{"self":[{"href":"https:\/\/freekids.pl\/de\/wp-json\/wp\/v2\/product\/203616","targetHints":{"allow":["GET"]}}],"collection":[{"href":"https:\/\/freekids.pl\/de\/wp-json\/wp\/v2\/product"}],"about":[{"href":"https:\/\/freekids.pl\/de\/wp-json\/wp\/v2\/types\/product"}],"wp:featuredmedia":[{"embeddable":true,"href":"https:\/\/freekids.pl\/de\/wp-json\/wp\/v2\/media\/171674"}],"wp:attachment":[{"href":"https:\/\/freekids.pl\/de\/wp-json\/wp\/v2\/media?parent=203616"}],"wp:term":[{"taxonomy":"product_brand","embeddable":true,"href":"https:\/\/freekids.pl\/de\/wp-json\/wp\/v2\/product_brand?post=203616"},{"taxonomy":"product_cat","embeddable":true,"href":"https:\/\/freekids.pl\/de\/wp-json\/wp\/v2\/product_cat?post=203616"},{"taxonomy":"product_tag","embeddable":true,"href":"https:\/\/freekids.pl\/de\/wp-json\/wp\/v2\/product_tag?post=203616"}],"curies":[{"name":"wp","href":"https:\/\/api.w.org\/{rel}","templated":true}]}}