{"id":203635,"date":"2024-10-23T21:23:40","date_gmt":"2024-10-23T19:23:40","guid":{"rendered":"https:\/\/freekids.pl\/produkt\/sandstadt-5\/"},"modified":"2024-10-23T21:23:40","modified_gmt":"2024-10-23T19:23:40","slug":"sandstadt-5","status":"publish","type":"product","link":"https:\/\/freekids.pl\/de\/produkt\/sandstadt-5\/","title":{"rendered":"Sandstadt 5"},"content":{"rendered":"","protected":false},"excerpt":{"rendered":"<p>Modularer Sandkasten bestehend aus 4 Einfassungen mit Arbeitsplatten, einem Stand, einer Eisdiele, einer K\u00fcstenstation und einer Werkstatt. Ein Stand ist ein standf\u00f6rmiges Ger\u00e4t mit einem Sattelstreifendach, das mit einer Waage, zwei geneigten Ladenregalen und einer Theke ausgestattet ist. Eine Eisdiele ist ein einwandiges Ger\u00e4t mit Satteldach, einem rostfreien Ofen und einer Sp\u00fcle, einer Imitation eines Wasserhahns und eines Kochfelds, einem Fenster mit Theke und zwei Sitzpl\u00e4tzen. Die K\u00fcstenstation ist ein H\u00e4uschen mit schr\u00e4gen W\u00e4nden, einem Satteldach, einer Treppe, einer Rutsche und einem Zaun mit einem imitierten Rettungsring. Die Werkstatt ist ein Ger\u00e4t in Form eines zweist\u00f6ckigen Hauses mit schr\u00e4gen W\u00e4nden und Satteldach, ausgestattet mit einer Treppe, einer Rutsche, Nachahmungswerkzeugen, Reserver\u00e4dern, mit einem Auto auf einem Aufzug mit einem imitierten Motor, mit einem rotierenden Lenkrad, einem Aggregator mit Klemmen und einer freistehenden Zapfs\u00e4ule mit einem Schlauch in Form eines Seils zum Betanken des Autos.    <\/p>\n<div id=\"highlighter--hover-tools\" style=\"display: none;\">\n<div id=\"highlighter--hover-tools--container\">\n<div class=\"highlighter--icon highlighter--icon-copy\" title=\"Kopieren Sie\"><\/div>\n<div class=\"highlighter--icon highlighter--icon-change-color\" title=\"Farbe \u00e4ndern\"><\/div>\n<div class=\"highlighter--icon highlighter--icon-delete\" title=\"L\u00f6schen\"><\/div>\n<\/div>\n<\/div>\n","protected":false},"featured_media":171710,"template":"","meta":{"_acf_changed":false,"ep_exclude_from_search":false},"product_cat":[733,522,477],"product_tag":[723],"class_list":{"0":"post-203635","1":"product","2":"type-product","3":"status-publish","4":"has-post-thumbnail","6":"product_series-mini-city-de","7":"product_group-original-de","8":"product_cat-integrativ","9":"product_cat-sandkasten-und-zubehor","10":"product_cat-spielplatze","11":"product_tag-inklusivitaet","13":"first","14":"outofstock","15":"shipping-taxable","16":"purchasable","17":"product-type-simple"},"acf":[],"yoast_head":"<!-- This site is optimized with the Yoast SEO plugin v27.4 - https:\/\/yoast.com\/product\/yoast-seo-wordpress\/ -->\n<title>Sandkasten Sand Stadt 5 - Freekids.pl<\/title>\n<meta name=\"robots\" content=\"index, follow, max-snippet:-1, max-image-preview:large, max-video-preview:-1\" \/>\n<link rel=\"canonical\" href=\"https:\/\/freekids.pl\/de\/produkt\/sandstadt-5\/\" \/>\n<meta property=\"og:locale\" content=\"de_DE\" \/>\n<meta property=\"og:type\" content=\"article\" \/>\n<meta property=\"og:title\" content=\"Sandkasten Sand Stadt 5 - Freekids.pl\" \/>\n<meta property=\"og:description\" content=\"Modularer Sandkasten bestehend aus 4 Einfassungen mit Arbeitsplatten, einem Stand, einer Eisdiele, einer K\u00fcstenstation und einer Werkstatt. Ein Stand ist ein standf\u00f6rmiges Ger\u00e4t mit einem Sattelstreifendach, das mit einer Waage, zwei geneigten Ladenregalen und einer Theke ausgestattet ist. Eine Eisdiele ist ein einwandiges Ger\u00e4t mit Satteldach, einem rostfreien Ofen und einer Sp\u00fcle, einer Imitation eines Wasserhahns und eines Kochfelds, einem Fenster mit Theke und zwei Sitzpl\u00e4tzen. Die K\u00fcstenstation ist ein H\u00e4uschen mit schr\u00e4gen W\u00e4nden, einem Satteldach, einer Treppe, einer Rutsche und einem Zaun mit einem imitierten Rettungsring. Die Werkstatt ist ein Ger\u00e4t in Form eines zweist\u00f6ckigen Hauses mit schr\u00e4gen W\u00e4nden und Satteldach, ausgestattet mit einer Treppe, einer Rutsche, Nachahmungswerkzeugen, Reserver\u00e4dern, mit einem Auto auf einem Aufzug mit einem imitierten Motor, mit einem rotierenden Lenkrad, einem Aggregator mit Klemmen und einer freistehenden Zapfs\u00e4ule mit einem Schlauch in Form eines Seils zum Betanken des Autos.\" \/>\n<meta property=\"og:url\" content=\"https:\/\/freekids.pl\/de\/produkt\/sandstadt-5\/\" \/>\n<meta property=\"og:site_name\" content=\"FreeKids Playgrounds | Sport | Urban Furniture\" \/>\n<meta property=\"og:image\" content=\"https:\/\/freekids.pl\/wp-content\/uploads\/2025\/01\/0210023_sand_city_5_-wiz.1-scaled.jpg\" \/>\n\t<meta property=\"og:image:width\" content=\"2560\" \/>\n\t<meta property=\"og:image:height\" content=\"2560\" \/>\n\t<meta property=\"og:image:type\" content=\"image\/jpeg\" \/>\n<meta name=\"twitter:card\" content=\"summary_large_image\" \/>\n<script type=\"application\/ld+json\" class=\"yoast-schema-graph\">{\"@context\":\"https:\\\/\\\/schema.org\",\"@graph\":[{\"@type\":\"WebPage\",\"@id\":\"https:\\\/\\\/freekids.pl\\\/de\\\/produkt\\\/sandstadt-5\\\/\",\"url\":\"https:\\\/\\\/freekids.pl\\\/de\\\/produkt\\\/sandstadt-5\\\/\",\"name\":\"Sandkasten Sand Stadt 5 - Freekids.pl\",\"isPartOf\":{\"@id\":\"https:\\\/\\\/freekids.pl\\\/de\\\/#website\"},\"primaryImageOfPage\":{\"@id\":\"https:\\\/\\\/freekids.pl\\\/de\\\/produkt\\\/sandstadt-5\\\/#primaryimage\"},\"image\":{\"@id\":\"https:\\\/\\\/freekids.pl\\\/de\\\/produkt\\\/sandstadt-5\\\/#primaryimage\"},\"thumbnailUrl\":\"https:\\\/\\\/freekids.pl\\\/wp-content\\\/uploads\\\/2025\\\/01\\\/0210023_sand_city_5_-wiz.1-scaled.jpg\",\"datePublished\":\"2024-10-23T19:23:40+00:00\",\"breadcrumb\":{\"@id\":\"https:\\\/\\\/freekids.pl\\\/de\\\/produkt\\\/sandstadt-5\\\/#breadcrumb\"},\"inLanguage\":\"de\",\"potentialAction\":[{\"@type\":\"ReadAction\",\"target\":[\"https:\\\/\\\/freekids.pl\\\/de\\\/produkt\\\/sandstadt-5\\\/\"]}]},{\"@type\":\"ImageObject\",\"inLanguage\":\"de\",\"@id\":\"https:\\\/\\\/freekids.pl\\\/de\\\/produkt\\\/sandstadt-5\\\/#primaryimage\",\"url\":\"https:\\\/\\\/freekids.pl\\\/wp-content\\\/uploads\\\/2025\\\/01\\\/0210023_sand_city_5_-wiz.1-scaled.jpg\",\"contentUrl\":\"https:\\\/\\\/freekids.pl\\\/wp-content\\\/uploads\\\/2025\\\/01\\\/0210023_sand_city_5_-wiz.1-scaled.jpg\",\"width\":2560,\"height\":2560},{\"@type\":\"BreadcrumbList\",\"@id\":\"https:\\\/\\\/freekids.pl\\\/de\\\/produkt\\\/sandstadt-5\\\/#breadcrumb\",\"itemListElement\":[{\"@type\":\"ListItem\",\"position\":1,\"name\":\"Strona g\u0142\u00f3wna\",\"item\":\"https:\\\/\\\/freekids.pl\\\/de\\\/\"},{\"@type\":\"ListItem\",\"position\":2,\"name\":\"Produkte\",\"item\":\"https:\\\/\\\/freekids.pl\\\/de\\\/produkte\\\/\"},{\"@type\":\"ListItem\",\"position\":3,\"name\":\"Sandstadt 5\"}]},{\"@type\":\"WebSite\",\"@id\":\"https:\\\/\\\/freekids.pl\\\/de\\\/#website\",\"url\":\"https:\\\/\\\/freekids.pl\\\/de\\\/\",\"name\":\"FreeKids Playgrounds | Sport | Urban Furniture\",\"description\":\"Dream it, do it !\",\"potentialAction\":[{\"@type\":\"SearchAction\",\"target\":{\"@type\":\"EntryPoint\",\"urlTemplate\":\"https:\\\/\\\/freekids.pl\\\/de\\\/?s={search_term_string}\"},\"query-input\":{\"@type\":\"PropertyValueSpecification\",\"valueRequired\":true,\"valueName\":\"search_term_string\"}}],\"inLanguage\":\"de\"}]}<\/script>\n<!-- \/ Yoast SEO plugin. -->","yoast_head_json":{"title":"Sandkasten Sand Stadt 5 - Freekids.pl","robots":{"index":"index","follow":"follow","max-snippet":"max-snippet:-1","max-image-preview":"max-image-preview:large","max-video-preview":"max-video-preview:-1"},"canonical":"https:\/\/freekids.pl\/de\/produkt\/sandstadt-5\/","og_locale":"de_DE","og_type":"article","og_title":"Sandkasten Sand Stadt 5 - Freekids.pl","og_description":"Modularer Sandkasten bestehend aus 4 Einfassungen mit Arbeitsplatten, einem Stand, einer Eisdiele, einer K\u00fcstenstation und einer Werkstatt. Ein Stand ist ein standf\u00f6rmiges Ger\u00e4t mit einem Sattelstreifendach, das mit einer Waage, zwei geneigten Ladenregalen und einer Theke ausgestattet ist. Eine Eisdiele ist ein einwandiges Ger\u00e4t mit Satteldach, einem rostfreien Ofen und einer Sp\u00fcle, einer Imitation eines Wasserhahns und eines Kochfelds, einem Fenster mit Theke und zwei Sitzpl\u00e4tzen. Die K\u00fcstenstation ist ein H\u00e4uschen mit schr\u00e4gen W\u00e4nden, einem Satteldach, einer Treppe, einer Rutsche und einem Zaun mit einem imitierten Rettungsring. Die Werkstatt ist ein Ger\u00e4t in Form eines zweist\u00f6ckigen Hauses mit schr\u00e4gen W\u00e4nden und Satteldach, ausgestattet mit einer Treppe, einer Rutsche, Nachahmungswerkzeugen, Reserver\u00e4dern, mit einem Auto auf einem Aufzug mit einem imitierten Motor, mit einem rotierenden Lenkrad, einem Aggregator mit Klemmen und einer freistehenden Zapfs\u00e4ule mit einem Schlauch in Form eines Seils zum Betanken des Autos.","og_url":"https:\/\/freekids.pl\/de\/produkt\/sandstadt-5\/","og_site_name":"FreeKids Playgrounds | Sport | Urban Furniture","og_image":[{"width":2560,"height":2560,"url":"https:\/\/freekids.pl\/wp-content\/uploads\/2025\/01\/0210023_sand_city_5_-wiz.1-scaled.jpg","type":"image\/jpeg"}],"twitter_card":"summary_large_image","schema":{"@context":"https:\/\/schema.org","@graph":[{"@type":"WebPage","@id":"https:\/\/freekids.pl\/de\/produkt\/sandstadt-5\/","url":"https:\/\/freekids.pl\/de\/produkt\/sandstadt-5\/","name":"Sandkasten Sand Stadt 5 - Freekids.pl","isPartOf":{"@id":"https:\/\/freekids.pl\/de\/#website"},"primaryImageOfPage":{"@id":"https:\/\/freekids.pl\/de\/produkt\/sandstadt-5\/#primaryimage"},"image":{"@id":"https:\/\/freekids.pl\/de\/produkt\/sandstadt-5\/#primaryimage"},"thumbnailUrl":"https:\/\/freekids.pl\/wp-content\/uploads\/2025\/01\/0210023_sand_city_5_-wiz.1-scaled.jpg","datePublished":"2024-10-23T19:23:40+00:00","breadcrumb":{"@id":"https:\/\/freekids.pl\/de\/produkt\/sandstadt-5\/#breadcrumb"},"inLanguage":"de","potentialAction":[{"@type":"ReadAction","target":["https:\/\/freekids.pl\/de\/produkt\/sandstadt-5\/"]}]},{"@type":"ImageObject","inLanguage":"de","@id":"https:\/\/freekids.pl\/de\/produkt\/sandstadt-5\/#primaryimage","url":"https:\/\/freekids.pl\/wp-content\/uploads\/2025\/01\/0210023_sand_city_5_-wiz.1-scaled.jpg","contentUrl":"https:\/\/freekids.pl\/wp-content\/uploads\/2025\/01\/0210023_sand_city_5_-wiz.1-scaled.jpg","width":2560,"height":2560},{"@type":"BreadcrumbList","@id":"https:\/\/freekids.pl\/de\/produkt\/sandstadt-5\/#breadcrumb","itemListElement":[{"@type":"ListItem","position":1,"name":"Strona g\u0142\u00f3wna","item":"https:\/\/freekids.pl\/de\/"},{"@type":"ListItem","position":2,"name":"Produkte","item":"https:\/\/freekids.pl\/de\/produkte\/"},{"@type":"ListItem","position":3,"name":"Sandstadt 5"}]},{"@type":"WebSite","@id":"https:\/\/freekids.pl\/de\/#website","url":"https:\/\/freekids.pl\/de\/","name":"FreeKids Playgrounds | Sport | Urban Furniture","description":"Dream it, do it !","potentialAction":[{"@type":"SearchAction","target":{"@type":"EntryPoint","urlTemplate":"https:\/\/freekids.pl\/de\/?s={search_term_string}"},"query-input":{"@type":"PropertyValueSpecification","valueRequired":true,"valueName":"search_term_string"}}],"inLanguage":"de"}]}},"_links":{"self":[{"href":"https:\/\/freekids.pl\/de\/wp-json\/wp\/v2\/product\/203635","targetHints":{"allow":["GET"]}}],"collection":[{"href":"https:\/\/freekids.pl\/de\/wp-json\/wp\/v2\/product"}],"about":[{"href":"https:\/\/freekids.pl\/de\/wp-json\/wp\/v2\/types\/product"}],"wp:featuredmedia":[{"embeddable":true,"href":"https:\/\/freekids.pl\/de\/wp-json\/wp\/v2\/media\/171710"}],"wp:attachment":[{"href":"https:\/\/freekids.pl\/de\/wp-json\/wp\/v2\/media?parent=203635"}],"wp:term":[{"taxonomy":"product_cat","embeddable":true,"href":"https:\/\/freekids.pl\/de\/wp-json\/wp\/v2\/product_cat?post=203635"},{"taxonomy":"product_tag","embeddable":true,"href":"https:\/\/freekids.pl\/de\/wp-json\/wp\/v2\/product_tag?post=203635"}],"curies":[{"name":"wp","href":"https:\/\/api.w.org\/{rel}","templated":true}]}}