{"id":203675,"date":"2024-10-23T21:27:02","date_gmt":"2024-10-23T19:27:02","guid":{"rendered":"https:\/\/freekids.pl\/produkt\/chefkoch\/"},"modified":"2024-10-23T21:27:02","modified_gmt":"2024-10-23T19:27:02","slug":"chefkoch","status":"publish","type":"product","link":"https:\/\/freekids.pl\/de\/produkt\/chefkoch\/","title":{"rendered":"Chefkoch"},"content":{"rendered":"","protected":false},"excerpt":{"rendered":"<p>Das Ger\u00e4t zum Spielen der Matschk\u00fcche verf\u00fcgt \u00fcber einen Wasserhahn mit der M\u00f6glichkeit, einen Gartenschlauch anzuschlie\u00dfen, zus\u00e4tzlich ist es mit zwei \u00d6fen aus Edelstahl und einer Sp\u00fcle mit der M\u00f6glichkeit, einen Eimer darunter zu platzieren, ausgestattet. Auf der Arbeitsplatte befindet sich ein Cutter, der eine Heizplatte imitiert, und 8 Kn\u00f6pfe. \u00dcber der Tischplatte befinden sich 2 St\u00e4be zum Aufh\u00e4ngen von Zubeh\u00f6r, ein drehbares Zifferblatt zum Erlernen der Stunden und 2 Regale.  <\/p>\n<div id=\"highlighter--hover-tools\" style=\"display: none;\">\n<div id=\"highlighter--hover-tools--container\">\n<div class=\"highlighter--icon highlighter--icon-copy\" title=\"Kopieren Sie\"><\/div>\n<div class=\"highlighter--icon highlighter--icon-change-color\" title=\"Farbe \u00e4ndern\"><\/div>\n<div class=\"highlighter--icon highlighter--icon-delete\" title=\"L\u00f6schen\"><\/div>\n<\/div>\n<\/div>\n","protected":false},"featured_media":171794,"template":"","meta":{"_acf_changed":false,"ep_exclude_from_search":false},"product_cat":[492,733,477],"product_tag":[723],"class_list":{"0":"post-203675","1":"product","2":"type-product","3":"status-publish","4":"has-post-thumbnail","6":"product_series-mini-city-de","7":"product_group-original-de","8":"product_cat-hutten","9":"product_cat-integrativ","10":"product_cat-spielplatze","11":"product_tag-inklusivitaet","13":"first","14":"outofstock","15":"shipping-taxable","16":"purchasable","17":"product-type-simple"},"acf":[],"yoast_head":"<!-- This site is optimized with the Yoast SEO plugin v27.4 - https:\/\/yoast.com\/product\/yoast-seo-wordpress\/ -->\n<title>K\u00fcchenchef f\u00fcr den Spielplatz - Freekids.pl<\/title>\n<meta name=\"robots\" content=\"index, follow, max-snippet:-1, max-image-preview:large, max-video-preview:-1\" \/>\n<link rel=\"canonical\" href=\"https:\/\/freekids.pl\/de\/produkt\/chefkoch\/\" \/>\n<meta property=\"og:locale\" content=\"de_DE\" \/>\n<meta property=\"og:type\" content=\"article\" \/>\n<meta property=\"og:title\" content=\"K\u00fcchenchef f\u00fcr den Spielplatz - Freekids.pl\" \/>\n<meta property=\"og:description\" content=\"Das Ger\u00e4t zum Spielen der Matschk\u00fcche verf\u00fcgt \u00fcber einen Wasserhahn mit der M\u00f6glichkeit, einen Gartenschlauch anzuschlie\u00dfen, zus\u00e4tzlich ist es mit zwei \u00d6fen aus Edelstahl und einer Sp\u00fcle mit der M\u00f6glichkeit, einen Eimer darunter zu platzieren, ausgestattet. Auf der Arbeitsplatte befindet sich ein Cutter, der eine Heizplatte imitiert, und 8 Kn\u00f6pfe. \u00dcber der Tischplatte befinden sich 2 St\u00e4be zum Aufh\u00e4ngen von Zubeh\u00f6r, ein drehbares Zifferblatt zum Erlernen der Stunden und 2 Regale.\" \/>\n<meta property=\"og:url\" content=\"https:\/\/freekids.pl\/de\/produkt\/chefkoch\/\" \/>\n<meta property=\"og:site_name\" content=\"FreeKids Playgrounds | Sport | Urban Furniture\" \/>\n<meta property=\"og:image\" content=\"https:\/\/freekids.pl\/wp-content\/uploads\/2025\/01\/0210014_szef_kuchni_-_wiz.1-scaled.jpg\" \/>\n\t<meta property=\"og:image:width\" content=\"2560\" \/>\n\t<meta property=\"og:image:height\" content=\"2005\" \/>\n\t<meta property=\"og:image:type\" content=\"image\/jpeg\" \/>\n<meta name=\"twitter:card\" content=\"summary_large_image\" \/>\n<script type=\"application\/ld+json\" class=\"yoast-schema-graph\">{\"@context\":\"https:\\\/\\\/schema.org\",\"@graph\":[{\"@type\":\"WebPage\",\"@id\":\"https:\\\/\\\/freekids.pl\\\/de\\\/produkt\\\/chefkoch\\\/\",\"url\":\"https:\\\/\\\/freekids.pl\\\/de\\\/produkt\\\/chefkoch\\\/\",\"name\":\"K\u00fcchenchef f\u00fcr den Spielplatz - Freekids.pl\",\"isPartOf\":{\"@id\":\"https:\\\/\\\/freekids.pl\\\/de\\\/#website\"},\"primaryImageOfPage\":{\"@id\":\"https:\\\/\\\/freekids.pl\\\/de\\\/produkt\\\/chefkoch\\\/#primaryimage\"},\"image\":{\"@id\":\"https:\\\/\\\/freekids.pl\\\/de\\\/produkt\\\/chefkoch\\\/#primaryimage\"},\"thumbnailUrl\":\"https:\\\/\\\/freekids.pl\\\/wp-content\\\/uploads\\\/2025\\\/01\\\/0210014_szef_kuchni_-_wiz.1-scaled.jpg\",\"datePublished\":\"2024-10-23T19:27:02+00:00\",\"breadcrumb\":{\"@id\":\"https:\\\/\\\/freekids.pl\\\/de\\\/produkt\\\/chefkoch\\\/#breadcrumb\"},\"inLanguage\":\"de\",\"potentialAction\":[{\"@type\":\"ReadAction\",\"target\":[\"https:\\\/\\\/freekids.pl\\\/de\\\/produkt\\\/chefkoch\\\/\"]}]},{\"@type\":\"ImageObject\",\"inLanguage\":\"de\",\"@id\":\"https:\\\/\\\/freekids.pl\\\/de\\\/produkt\\\/chefkoch\\\/#primaryimage\",\"url\":\"https:\\\/\\\/freekids.pl\\\/wp-content\\\/uploads\\\/2025\\\/01\\\/0210014_szef_kuchni_-_wiz.1-scaled.jpg\",\"contentUrl\":\"https:\\\/\\\/freekids.pl\\\/wp-content\\\/uploads\\\/2025\\\/01\\\/0210014_szef_kuchni_-_wiz.1-scaled.jpg\",\"width\":2560,\"height\":2005},{\"@type\":\"BreadcrumbList\",\"@id\":\"https:\\\/\\\/freekids.pl\\\/de\\\/produkt\\\/chefkoch\\\/#breadcrumb\",\"itemListElement\":[{\"@type\":\"ListItem\",\"position\":1,\"name\":\"Strona g\u0142\u00f3wna\",\"item\":\"https:\\\/\\\/freekids.pl\\\/de\\\/\"},{\"@type\":\"ListItem\",\"position\":2,\"name\":\"Produkte\",\"item\":\"https:\\\/\\\/freekids.pl\\\/de\\\/produkte\\\/\"},{\"@type\":\"ListItem\",\"position\":3,\"name\":\"Chefkoch\"}]},{\"@type\":\"WebSite\",\"@id\":\"https:\\\/\\\/freekids.pl\\\/de\\\/#website\",\"url\":\"https:\\\/\\\/freekids.pl\\\/de\\\/\",\"name\":\"FreeKids Playgrounds | Sport | Urban Furniture\",\"description\":\"Dream it, do it !\",\"potentialAction\":[{\"@type\":\"SearchAction\",\"target\":{\"@type\":\"EntryPoint\",\"urlTemplate\":\"https:\\\/\\\/freekids.pl\\\/de\\\/?s={search_term_string}\"},\"query-input\":{\"@type\":\"PropertyValueSpecification\",\"valueRequired\":true,\"valueName\":\"search_term_string\"}}],\"inLanguage\":\"de\"}]}<\/script>\n<!-- \/ Yoast SEO plugin. -->","yoast_head_json":{"title":"K\u00fcchenchef f\u00fcr den Spielplatz - Freekids.pl","robots":{"index":"index","follow":"follow","max-snippet":"max-snippet:-1","max-image-preview":"max-image-preview:large","max-video-preview":"max-video-preview:-1"},"canonical":"https:\/\/freekids.pl\/de\/produkt\/chefkoch\/","og_locale":"de_DE","og_type":"article","og_title":"K\u00fcchenchef f\u00fcr den Spielplatz - Freekids.pl","og_description":"Das Ger\u00e4t zum Spielen der Matschk\u00fcche verf\u00fcgt \u00fcber einen Wasserhahn mit der M\u00f6glichkeit, einen Gartenschlauch anzuschlie\u00dfen, zus\u00e4tzlich ist es mit zwei \u00d6fen aus Edelstahl und einer Sp\u00fcle mit der M\u00f6glichkeit, einen Eimer darunter zu platzieren, ausgestattet. Auf der Arbeitsplatte befindet sich ein Cutter, der eine Heizplatte imitiert, und 8 Kn\u00f6pfe. \u00dcber der Tischplatte befinden sich 2 St\u00e4be zum Aufh\u00e4ngen von Zubeh\u00f6r, ein drehbares Zifferblatt zum Erlernen der Stunden und 2 Regale.","og_url":"https:\/\/freekids.pl\/de\/produkt\/chefkoch\/","og_site_name":"FreeKids Playgrounds | Sport | Urban Furniture","og_image":[{"width":2560,"height":2005,"url":"https:\/\/freekids.pl\/wp-content\/uploads\/2025\/01\/0210014_szef_kuchni_-_wiz.1-scaled.jpg","type":"image\/jpeg"}],"twitter_card":"summary_large_image","schema":{"@context":"https:\/\/schema.org","@graph":[{"@type":"WebPage","@id":"https:\/\/freekids.pl\/de\/produkt\/chefkoch\/","url":"https:\/\/freekids.pl\/de\/produkt\/chefkoch\/","name":"K\u00fcchenchef f\u00fcr den Spielplatz - Freekids.pl","isPartOf":{"@id":"https:\/\/freekids.pl\/de\/#website"},"primaryImageOfPage":{"@id":"https:\/\/freekids.pl\/de\/produkt\/chefkoch\/#primaryimage"},"image":{"@id":"https:\/\/freekids.pl\/de\/produkt\/chefkoch\/#primaryimage"},"thumbnailUrl":"https:\/\/freekids.pl\/wp-content\/uploads\/2025\/01\/0210014_szef_kuchni_-_wiz.1-scaled.jpg","datePublished":"2024-10-23T19:27:02+00:00","breadcrumb":{"@id":"https:\/\/freekids.pl\/de\/produkt\/chefkoch\/#breadcrumb"},"inLanguage":"de","potentialAction":[{"@type":"ReadAction","target":["https:\/\/freekids.pl\/de\/produkt\/chefkoch\/"]}]},{"@type":"ImageObject","inLanguage":"de","@id":"https:\/\/freekids.pl\/de\/produkt\/chefkoch\/#primaryimage","url":"https:\/\/freekids.pl\/wp-content\/uploads\/2025\/01\/0210014_szef_kuchni_-_wiz.1-scaled.jpg","contentUrl":"https:\/\/freekids.pl\/wp-content\/uploads\/2025\/01\/0210014_szef_kuchni_-_wiz.1-scaled.jpg","width":2560,"height":2005},{"@type":"BreadcrumbList","@id":"https:\/\/freekids.pl\/de\/produkt\/chefkoch\/#breadcrumb","itemListElement":[{"@type":"ListItem","position":1,"name":"Strona g\u0142\u00f3wna","item":"https:\/\/freekids.pl\/de\/"},{"@type":"ListItem","position":2,"name":"Produkte","item":"https:\/\/freekids.pl\/de\/produkte\/"},{"@type":"ListItem","position":3,"name":"Chefkoch"}]},{"@type":"WebSite","@id":"https:\/\/freekids.pl\/de\/#website","url":"https:\/\/freekids.pl\/de\/","name":"FreeKids Playgrounds | Sport | Urban Furniture","description":"Dream it, do it !","potentialAction":[{"@type":"SearchAction","target":{"@type":"EntryPoint","urlTemplate":"https:\/\/freekids.pl\/de\/?s={search_term_string}"},"query-input":{"@type":"PropertyValueSpecification","valueRequired":true,"valueName":"search_term_string"}}],"inLanguage":"de"}]}},"_links":{"self":[{"href":"https:\/\/freekids.pl\/de\/wp-json\/wp\/v2\/product\/203675","targetHints":{"allow":["GET"]}}],"collection":[{"href":"https:\/\/freekids.pl\/de\/wp-json\/wp\/v2\/product"}],"about":[{"href":"https:\/\/freekids.pl\/de\/wp-json\/wp\/v2\/types\/product"}],"wp:featuredmedia":[{"embeddable":true,"href":"https:\/\/freekids.pl\/de\/wp-json\/wp\/v2\/media\/171794"}],"wp:attachment":[{"href":"https:\/\/freekids.pl\/de\/wp-json\/wp\/v2\/media?parent=203675"}],"wp:term":[{"taxonomy":"product_cat","embeddable":true,"href":"https:\/\/freekids.pl\/de\/wp-json\/wp\/v2\/product_cat?post=203675"},{"taxonomy":"product_tag","embeddable":true,"href":"https:\/\/freekids.pl\/de\/wp-json\/wp\/v2\/product_tag?post=203675"}],"curies":[{"name":"wp","href":"https:\/\/api.w.org\/{rel}","templated":true}]}}