{"id":203691,"date":"2024-10-23T21:10:52","date_gmt":"2024-10-23T19:10:52","guid":{"rendered":"https:\/\/freekids.pl\/produkt\/krake-2\/"},"modified":"2024-10-23T21:10:52","modified_gmt":"2024-10-23T19:10:52","slug":"krake-2","status":"publish","type":"product","link":"https:\/\/freekids.pl\/de\/produkt\/krake-2\/","title":{"rendered":"Krake"},"content":{"rendered":"","protected":false},"excerpt":{"rendered":"<p>Ein schiffsf\u00f6rmiges Ger\u00e4t mit einem Mast im Mittelteil mit einem ovalen, nach oben erhobenen Balkon, von dem aus Sie zum Bug und Heck des Schiffes gelangen k\u00f6nnen. Der Bugteil ist mit Kletterw\u00e4nden, vertikalen und horizontalen Seilnetzen ausgestattet. Am Heck befinden sich zwei Gleiter, ein h\u00f6herer r\u00f6hrenf\u00f6rmiger und gewundener, der untere offene, der spiralf\u00f6rmig angeordnet ist. Es gibt zwei Paar gerade Treppen und eine Wendeltreppe, die zum Schiff f\u00fchren. Das Ganze ist mit zahlreichen maritimen Applikationen und Bullaugen verziert.   <\/p>\n<div id=\"highlighter--hover-tools\" style=\"display: none;\">\n<div id=\"highlighter--hover-tools--container\">\n<div class=\"highlighter--icon highlighter--icon-copy\" title=\"Kopieren Sie\"><\/div>\n<div class=\"highlighter--icon highlighter--icon-change-color\" title=\"Farbe \u00e4ndern\"><\/div>\n<div class=\"highlighter--icon highlighter--icon-delete\" title=\"L\u00f6schen\"><\/div>\n<\/div>\n<\/div>\n","protected":false},"featured_media":171566,"template":"","meta":{"_acf_changed":false},"product_cat":[550,477],"product_tag":[],"class_list":{"0":"post-203691","1":"product","2":"type-product","3":"status-publish","4":"has-post-thumbnail","6":"product_series-by-the-sea-de","7":"product_group-original-de","8":"product_cat-multifunktionale-sets","9":"product_cat-spielplatze","11":"first","12":"outofstock","13":"shipping-taxable","14":"purchasable","15":"product-type-simple"},"acf":[],"yoast_head":"<!-- This site is optimized with the Yoast SEO plugin v26.4 - https:\/\/yoast.com\/wordpress\/plugins\/seo\/ -->\n<title>Octopus Ship Spielplatz mit Rutschen - Freekids.pl<\/title>\n<meta name=\"robots\" content=\"index, follow, max-snippet:-1, max-image-preview:large, max-video-preview:-1\" \/>\n<link rel=\"canonical\" href=\"https:\/\/freekids.pl\/de\/produkt\/krake-2\/\" \/>\n<meta property=\"og:locale\" content=\"de_DE\" \/>\n<meta property=\"og:type\" content=\"article\" \/>\n<meta property=\"og:title\" content=\"Octopus Ship Spielplatz mit Rutschen - Freekids.pl\" \/>\n<meta property=\"og:description\" content=\"Ein schiffsf\u00f6rmiges Ger\u00e4t mit einem Mast im Mittelteil mit einem ovalen, nach oben erhobenen Balkon, von dem aus Sie zum Bug und Heck des Schiffes gelangen k\u00f6nnen. Der Bugteil ist mit Kletterw\u00e4nden, vertikalen und horizontalen Seilnetzen ausgestattet. Am Heck befinden sich zwei Gleiter, ein h\u00f6herer r\u00f6hrenf\u00f6rmiger und gewundener, der untere offene, der spiralf\u00f6rmig angeordnet ist. Es gibt zwei Paar gerade Treppen und eine Wendeltreppe, die zum Schiff f\u00fchren. Das Ganze ist mit zahlreichen maritimen Applikationen und Bullaugen verziert.\" \/>\n<meta property=\"og:url\" content=\"https:\/\/freekids.pl\/de\/produkt\/krake-2\/\" \/>\n<meta property=\"og:site_name\" content=\"FreeKids Playgrounds | Sport | Urban Furniture\" \/>\n<meta property=\"og:image\" content=\"https:\/\/freekids.pl\/wp-content\/uploads\/2025\/01\/0280027_octopus_-_wiz.1-scaled.jpg\" \/>\n\t<meta property=\"og:image:width\" content=\"2560\" \/>\n\t<meta property=\"og:image:height\" content=\"1439\" \/>\n\t<meta property=\"og:image:type\" content=\"image\/jpeg\" \/>\n<meta name=\"twitter:card\" content=\"summary_large_image\" \/>\n<script type=\"application\/ld+json\" class=\"yoast-schema-graph\">{\"@context\":\"https:\/\/schema.org\",\"@graph\":[{\"@type\":\"WebPage\",\"@id\":\"https:\/\/freekids.pl\/de\/produkt\/krake-2\/\",\"url\":\"https:\/\/freekids.pl\/de\/produkt\/krake-2\/\",\"name\":\"Octopus Ship Spielplatz mit Rutschen - Freekids.pl\",\"isPartOf\":{\"@id\":\"https:\/\/freekids.pl\/de\/#website\"},\"primaryImageOfPage\":{\"@id\":\"https:\/\/freekids.pl\/de\/produkt\/krake-2\/#primaryimage\"},\"image\":{\"@id\":\"https:\/\/freekids.pl\/de\/produkt\/krake-2\/#primaryimage\"},\"thumbnailUrl\":\"https:\/\/freekids.pl\/wp-content\/uploads\/2025\/01\/0280027_octopus_-_wiz.1-scaled.jpg\",\"datePublished\":\"2024-10-23T19:10:52+00:00\",\"breadcrumb\":{\"@id\":\"https:\/\/freekids.pl\/de\/produkt\/krake-2\/#breadcrumb\"},\"inLanguage\":\"de\",\"potentialAction\":[{\"@type\":\"ReadAction\",\"target\":[\"https:\/\/freekids.pl\/de\/produkt\/krake-2\/\"]}]},{\"@type\":\"ImageObject\",\"inLanguage\":\"de\",\"@id\":\"https:\/\/freekids.pl\/de\/produkt\/krake-2\/#primaryimage\",\"url\":\"https:\/\/freekids.pl\/wp-content\/uploads\/2025\/01\/0280027_octopus_-_wiz.1-scaled.jpg\",\"contentUrl\":\"https:\/\/freekids.pl\/wp-content\/uploads\/2025\/01\/0280027_octopus_-_wiz.1-scaled.jpg\",\"width\":2560,\"height\":1439},{\"@type\":\"BreadcrumbList\",\"@id\":\"https:\/\/freekids.pl\/de\/produkt\/krake-2\/#breadcrumb\",\"itemListElement\":[{\"@type\":\"ListItem\",\"position\":1,\"name\":\"Strona g\u0142\u00f3wna\",\"item\":\"https:\/\/freekids.pl\/de\/\"},{\"@type\":\"ListItem\",\"position\":2,\"name\":\"Produkte\",\"item\":\"https:\/\/freekids.pl\/de\/produkte\/\"},{\"@type\":\"ListItem\",\"position\":3,\"name\":\"Krake\"}]},{\"@type\":\"WebSite\",\"@id\":\"https:\/\/freekids.pl\/de\/#website\",\"url\":\"https:\/\/freekids.pl\/de\/\",\"name\":\"FreeKids Playgrounds | Sport | Urban Furniture\",\"description\":\"Dream it, do it !\",\"potentialAction\":[{\"@type\":\"SearchAction\",\"target\":{\"@type\":\"EntryPoint\",\"urlTemplate\":\"https:\/\/freekids.pl\/de\/?s={search_term_string}\"},\"query-input\":{\"@type\":\"PropertyValueSpecification\",\"valueRequired\":true,\"valueName\":\"search_term_string\"}}],\"inLanguage\":\"de\"}]}<\/script>\n<!-- \/ Yoast SEO plugin. -->","yoast_head_json":{"title":"Octopus Ship Spielplatz mit Rutschen - Freekids.pl","robots":{"index":"index","follow":"follow","max-snippet":"max-snippet:-1","max-image-preview":"max-image-preview:large","max-video-preview":"max-video-preview:-1"},"canonical":"https:\/\/freekids.pl\/de\/produkt\/krake-2\/","og_locale":"de_DE","og_type":"article","og_title":"Octopus Ship Spielplatz mit Rutschen - Freekids.pl","og_description":"Ein schiffsf\u00f6rmiges Ger\u00e4t mit einem Mast im Mittelteil mit einem ovalen, nach oben erhobenen Balkon, von dem aus Sie zum Bug und Heck des Schiffes gelangen k\u00f6nnen. Der Bugteil ist mit Kletterw\u00e4nden, vertikalen und horizontalen Seilnetzen ausgestattet. Am Heck befinden sich zwei Gleiter, ein h\u00f6herer r\u00f6hrenf\u00f6rmiger und gewundener, der untere offene, der spiralf\u00f6rmig angeordnet ist. Es gibt zwei Paar gerade Treppen und eine Wendeltreppe, die zum Schiff f\u00fchren. Das Ganze ist mit zahlreichen maritimen Applikationen und Bullaugen verziert.","og_url":"https:\/\/freekids.pl\/de\/produkt\/krake-2\/","og_site_name":"FreeKids Playgrounds | Sport | Urban Furniture","og_image":[{"width":2560,"height":1439,"url":"https:\/\/freekids.pl\/wp-content\/uploads\/2025\/01\/0280027_octopus_-_wiz.1-scaled.jpg","type":"image\/jpeg"}],"twitter_card":"summary_large_image","schema":{"@context":"https:\/\/schema.org","@graph":[{"@type":"WebPage","@id":"https:\/\/freekids.pl\/de\/produkt\/krake-2\/","url":"https:\/\/freekids.pl\/de\/produkt\/krake-2\/","name":"Octopus Ship Spielplatz mit Rutschen - Freekids.pl","isPartOf":{"@id":"https:\/\/freekids.pl\/de\/#website"},"primaryImageOfPage":{"@id":"https:\/\/freekids.pl\/de\/produkt\/krake-2\/#primaryimage"},"image":{"@id":"https:\/\/freekids.pl\/de\/produkt\/krake-2\/#primaryimage"},"thumbnailUrl":"https:\/\/freekids.pl\/wp-content\/uploads\/2025\/01\/0280027_octopus_-_wiz.1-scaled.jpg","datePublished":"2024-10-23T19:10:52+00:00","breadcrumb":{"@id":"https:\/\/freekids.pl\/de\/produkt\/krake-2\/#breadcrumb"},"inLanguage":"de","potentialAction":[{"@type":"ReadAction","target":["https:\/\/freekids.pl\/de\/produkt\/krake-2\/"]}]},{"@type":"ImageObject","inLanguage":"de","@id":"https:\/\/freekids.pl\/de\/produkt\/krake-2\/#primaryimage","url":"https:\/\/freekids.pl\/wp-content\/uploads\/2025\/01\/0280027_octopus_-_wiz.1-scaled.jpg","contentUrl":"https:\/\/freekids.pl\/wp-content\/uploads\/2025\/01\/0280027_octopus_-_wiz.1-scaled.jpg","width":2560,"height":1439},{"@type":"BreadcrumbList","@id":"https:\/\/freekids.pl\/de\/produkt\/krake-2\/#breadcrumb","itemListElement":[{"@type":"ListItem","position":1,"name":"Strona g\u0142\u00f3wna","item":"https:\/\/freekids.pl\/de\/"},{"@type":"ListItem","position":2,"name":"Produkte","item":"https:\/\/freekids.pl\/de\/produkte\/"},{"@type":"ListItem","position":3,"name":"Krake"}]},{"@type":"WebSite","@id":"https:\/\/freekids.pl\/de\/#website","url":"https:\/\/freekids.pl\/de\/","name":"FreeKids Playgrounds | Sport | Urban Furniture","description":"Dream it, do it !","potentialAction":[{"@type":"SearchAction","target":{"@type":"EntryPoint","urlTemplate":"https:\/\/freekids.pl\/de\/?s={search_term_string}"},"query-input":{"@type":"PropertyValueSpecification","valueRequired":true,"valueName":"search_term_string"}}],"inLanguage":"de"}]}},"_links":{"self":[{"href":"https:\/\/freekids.pl\/de\/wp-json\/wp\/v2\/product\/203691","targetHints":{"allow":["GET"]}}],"collection":[{"href":"https:\/\/freekids.pl\/de\/wp-json\/wp\/v2\/product"}],"about":[{"href":"https:\/\/freekids.pl\/de\/wp-json\/wp\/v2\/types\/product"}],"wp:featuredmedia":[{"embeddable":true,"href":"https:\/\/freekids.pl\/de\/wp-json\/wp\/v2\/media\/171566"}],"wp:attachment":[{"href":"https:\/\/freekids.pl\/de\/wp-json\/wp\/v2\/media?parent=203691"}],"wp:term":[{"taxonomy":"product_cat","embeddable":true,"href":"https:\/\/freekids.pl\/de\/wp-json\/wp\/v2\/product_cat?post=203691"},{"taxonomy":"product_tag","embeddable":true,"href":"https:\/\/freekids.pl\/de\/wp-json\/wp\/v2\/product_tag?post=203691"}],"curies":[{"name":"wp","href":"https:\/\/api.w.org\/{rel}","templated":true}]}}