{"id":186208,"date":"2024-08-13T17:12:15","date_gmt":"2024-08-13T15:12:15","guid":{"rendered":"https:\/\/freekids.pl\/politica-de-privacidad\/"},"modified":"2025-10-17T14:37:37","modified_gmt":"2025-10-17T12:37:37","slug":"politica-de-privacidad","status":"publish","type":"page","link":"https:\/\/freekids.pl\/es\/politica-de-privacidad\/","title":{"rendered":"Pol\u00edtica de privacidad"},"content":{"rendered":"<p>La protecci\u00f3n de la privacidad de los Usuarios es particularmente importante para <strong>FREEKIDS S.C. ARTUR G\u0104SIOREK, ZBIGNIEW ANDRUSZEWSKI<\/strong>. Por este motivo, se garantiza a los Usuarios del sitio web <strong>www.freekids.pl<\/strong> un alto nivel de protecci\u00f3n de la privacidad. Como administrador de datos <strong>, FREEKIDS S.C. ARTUR G\u0104SIOREK, ZBIGNIEW AND<\/strong> RUSZEWSKI se preocupa por la seguridad de los datos proporcionados por los Usuarios. <\/p><p>Asimismo, es objetivo del Administrador informar debidamente a los Usuarios de sus derechos y obligaciones en relaci\u00f3n con el tratamiento de datos personales, especialmente a la vista del contenido de las disposiciones sobre protecci\u00f3n de datos establecidas en el Reglamento (UE) 2016\/679 del Parlamento Europeo y del Consejo, de 27.04.2016, relativo a la protecci\u00f3n de las personas f\u00edsicas en lo que respecta al tratamiento de datos personales y a la libre circulaci\u00f3n de estos datos y por el que se deroga la Directiva 95\/46\/CE (en adelante, \u00abRODO\u00bb). Por lo tanto, con el fin de proteger la privacidad de los Usuarios del Sitio Web, en este documento el Administrador informa sobre la base legal para el tratamiento de los datos personales proporcionados por los Usuarios en relaci\u00f3n con su uso del Sitio Web <strong>www.freekids.pl<\/strong> <em>(en adelante, el \u00abSitio Web\u00bb)<\/em>, los m\u00e9todos de recogida, tratamiento y protecci\u00f3n de los datos personales, as\u00ed como los derechos de los Usuarios.  <\/p><p>Un Usuario es cualquier persona f\u00edsica a la que se refieren los datos que utiliza el sitio web <strong>www.freekids.pl<\/strong> o los servicios electr\u00f3nicos disponibles a trav\u00e9s del Sitio web.<\/p><p>El administrador de los datos personales facilitados por el Usuario en el sitio web <strong>www.freekids.pl<\/strong> es <strong>FREEKIDS S.C. ARTUR G\u0104SIOREK, ZBIGNIEW ANDRUSZEWSKI, Trz\u0119sowice 32, 55-106 Zawonia, NIP 9151766609, <\/strong><em>(en lo sucesivo, el \u00abAdministrador\u00bb)<\/em>.<\/p><ol class=\"wp-block-list\"><li><strong>CONSENTIMIENTO DEL US<\/strong>UARIO<br\/>El uso de <strong>www.freekids.pl<\/strong> por parte del Usuario significa que el Usuario acepta que el Administrador recopile y utilice datos personales de acuerdo con esta Pol\u00edtica de Privacidad.Los datos personales del Usuario del Servicio son procesados por el Administrador bas\u00e1ndose en el consentimiento del Usuario y, en ciertos casos descritos aqu\u00ed, dentro del inter\u00e9s leg\u00edtimo del Administrador. El Usuario tiene derecho a retirar su consentimiento previamente otorgado en cualquier momento. La retirada del consentimiento no afecta a la legalidad del procesamiento que se llev\u00f3 a cabo sobre la base del consentimiento antes de su retirada.En el caso de que se produzca un cambio en esta Pol\u00edtica de Privacidad y el Usuario contin\u00fae utilizando el Servicio, esto se considerar\u00e1 como consentimiento a los t\u00e9rminos actuales de la Pol\u00edtica de Privacidad.  <\/li>\n\n<li><strong>DATOS PERSONALES TRATADOS POR EL RESPONSABLE DEL TRATAMIENTO<\/strong><ol class=\"wp-block-list\"><li><strong>M\u00e9todo de obtenci\u00f3n de datos personales<\/strong><br\/>El Administrador obtiene los datos personales directamente del Usuario a trav\u00e9s del Sitio Web, mediante la cumplimentaci\u00f3n por parte del Usuario del formulario de contacto disponible en el Sitio Web y el env\u00edo de un mensaje al Administrador a trav\u00e9s del mismo.El suministro de los datos personales contenidos en el formulario de contacto es voluntario.<\/li>\n\n<li><strong>Tipos de datos personales tratados<\/strong><br>El Administrador recoge los siguientes datos personales relativos al Usuario a trav\u00e9s del Servicio:<ol class=\"wp-block-list\"><li>Nombre;<\/li>\n\n<li>Direcci\u00f3n de correo electr\u00f3nico;<\/li>\n\n<li>N\u00famero de tel\u00e9fono;<\/li>\n\n<li>Direcci\u00f3n;<\/li>\n\n<li>Contenido del mensaje;<\/li>\n\n<li>Nombre de la empresa.<\/li><\/ol><\/li><\/ol><\/li>\n\n<li><strong>FINALIDADES DEL TRATAMIENTO<\/strong> DE DATOS PERSONALES<br>La forma en que el Administrador trata los datos relativos al Usuario depende del uso que \u00e9ste haga del Sitio Web y de las funcionalidades disponibles en el mismo. El Administrador procesa los datos personales del Usuario para los siguientes fines: <ol><li><strong>Comunicaci\u00f3n con el Usuario.<\/strong>  El Administrador utiliza los datos personales del Usuario para comunicarse con \u00e9l de forma personalizada. La informaci\u00f3n comunicada al Usuario se refiere a los productos o servicios ofrecidos, la seguridad de los datos personales, actualizaciones de la red, recordatorios, pero tambi\u00e9n ofertas sugeridas por el Administrador o sus socios. La comunicaci\u00f3n con el Usuario tambi\u00e9n se refiere al servicio del Usuario. Los datos personales se utilizan para ayudar al Usuario, resolver problemas t\u00e9cnicos y responder a sus quejas o reclamaciones.   <strong>Proporcionar al Usuario ofertas comerciales por medios electr\u00f3nicos.<\/strong>La finalidad del uso de los datos personales del Usuario facilitados por \u00e9ste a trav\u00e9s del formulario de contacto disponible en el Sitio Web es la comunicaci\u00f3n comercial realizada por el Administrador en el marco de su actividad empresarial, en particular la presentaci\u00f3n de ofertas comerciales al Usuario por v\u00eda electr\u00f3nica.<strong>Hacer ofertas comerciales al usuario por tel\u00e9fono.<\/strong>  La finalidad del uso de los datos personales del Usuario facilitados por \u00e9ste a trav\u00e9s del formulario de contacto disponible en el Sitio Web es la comunicaci\u00f3n de marketing realizada por el Administrador en el marco de su actividad empresarial, en particular mediante la presentaci\u00f3n de ofertas comerciales al Usuario en un contacto telef\u00f3nico. <strong>Permitir al Usuario enviar comentarios u opiniones.<\/strong>El Administrador utiliza los datos personales del Usuario para permitirle comentar\/opinar sobre las actividades, servicios o productos del Administrador o de sus entidades colaboradoras.<\/li><\/ol>El Administrador tambi\u00e9n podr\u00e1 tratar los datos personales del Usuario facilitados en el formulario de contacto para los siguientes fines:<ol class=\"wp-block-list\"><li>para celebrar y ejecutar un posible contrato entre el Usuario y el Administrador y para servir al Usuario como cliente del Administrador de conformidad con el art\u00edculo 6, apartado 1, letra b), del RODO;  <\/li>\n\n<li>a efectos de liquidaciones econ\u00f3micas con el Usuario cliente del Administrador para la ejecuci\u00f3n de un posible contrato celebrado entre las partes, as\u00ed como para la posible reclamaci\u00f3n de cr\u00e9ditos por parte del Usuario cliente en el marco del inter\u00e9s leg\u00edtimo del Administrador de conformidad con el art. 6 p\u00e1rr. 1(f) RODO y para cumplir las obligaciones legales del Administrador frente a las autoridades fiscales sobre la base de regulaciones separadas de conformidad con el Art. 6 p\u00e1rr. 1(c) RODO;<\/li>\n\n<li>con el fin de llevar a cabo las actividades de marketing del Administrador como parte del inter\u00e9s leg\u00edtimo del Administrador en el sentido del art\u00edculo 6(1)(f) de la DPA, y de acuerdo con las declaraciones de intenciones relativas a las comunicaciones de marketing realizadas al Administrador. Los consentimientos otorgados en relaci\u00f3n con las comunicaciones de marketing (por ejemplo, para el env\u00edo de informaci\u00f3n comercial por correo electr\u00f3nico o contacto telef\u00f3nico con fines de marketing directo) pueden retirarse en cualquier momento, sin que ello afecte a la legalidad del tratamiento realizado sobre la base del consentimiento antes de su retirada;   <\/li>\n\n<li>para cumplir con las obligaciones legales del Administrador hacia el Usuario establecidas en el RODO, en el sentido del Art\u00edculo 6(1)(c) del RODO.  <\/li><\/ol><\/li>\n\n<li>COMPARTICI\u00d3N <strong>DE DATOS PERSONALES<\/strong><br>Tus datos personales son o pueden ser compartidos con las siguientes categor\u00edas de destinatarios:<ol class=\"wp-block-list\"><li>empresas de ventas externas.<\/li><\/ol><\/li>\n\n<li><strong>DERECHOS DEL USUARIO<\/strong><ol class=\"wp-block-list\"><li><strong>Derechos del Usuario<\/strong><br\/>El Usuario, en cada fase del tratamiento de sus datos, dispone de una serie de derechos que le permiten acceder a sus datos, verificar la exactitud del tratamiento de datos, corregir los datos, as\u00ed como el derecho a oponerse al tratamiento de datos, puede solicitar la supresi\u00f3n de los datos, la limitaci\u00f3n del tratamiento de datos o la transferencia de los datos.En caso de que el Usuario desee ejercer sus derechos como interesado, puede ponerse en contacto con el Administrador utilizando los siguientes datos de contacto: <strong>FREEKIDS S.C. ARTUR G\u0104SIOREK, ZBIGNIEW ANDRUSZEWSKI, Trz\u0119sowice 32, 55-106 Zawonia, <a href=\"mailto:u.semeniuk@freekids.pl\">u.semeniuk@freekids.pl.<\/a><\/strong><\/li>\n\n<li><strong>Derecho a presentar una reclamaci\u00f3n ante la<\/strong> autoridad de control<br\/>El usuario cuyos datos personales sean tratados por el Responsable del Tratamiento tiene derecho a presentar una reclamaci\u00f3n ante la autoridad de control competente en materia de protecci\u00f3n de datos personales (Presidente de la Oficina de Protecci\u00f3n de Datos Personales).<\/li><\/ol><\/li>\n\n<li><strong>COOKIES<\/strong><ol class=\"wp-block-list\"><li>El Administrador informa de que, durante el uso del Sitio Web, se guardan en el equipo terminal del Usuario breves informaciones de texto denominadas \u00abcookies\u00bb. Los archivos \u00abcookies\u00bb contienen datos inform\u00e1ticos como: la direcci\u00f3n IP relativa al Usuario, el nombre del sitio web del que proceden, el tiempo que permanecen almacenados en el equipo terminal del Usuario, el registro de par\u00e1metros y estad\u00edsticas y un n\u00famero \u00fanico. Las cookies se dirigen al servidor del Servicio a trav\u00e9s del navegador web instalado en el equipo terminal del Usuario. Las cookies se utilizan en el Sitio Web con el fin de:     <ol><li>mantener la correcci\u00f3n t\u00e9cnica y la continuidad de la sesi\u00f3n entre el servidor del Servicio y el equipo terminal del Usuario;<\/li><li>optimizar el uso de las p\u00e1ginas del Sitio Web por parte del Usuario y ajustar la forma en que se muestran en el equipo terminal del Usuario;<\/li><li>garantizar el uso seguro del Sitio Web;<\/li><li>recopilar estad\u00edsticas sobre las visitas a las p\u00e1ginas del Sitio Web para ayudar a mejorar su estructura y contenido;<\/li><li>mostrar en el equipo terminal del Usuario contenidos publicitarios adaptados de forma \u00f3ptima a las preferencias del Usuario.<\/li><\/ol>  En el Servicio se utilizan dos tipos de \u00abcookies\u00bb: \u00abde sesi\u00f3n\u00bb y \u00abpermanentes\u00bb. Las \u00abcookies\u00bb de \u00absesi\u00f3n\u00bb son archivos que se eliminan autom\u00e1ticamente del equipo terminal del Usuario del Servicio despu\u00e9s de que \u00e9ste cierre la sesi\u00f3n en el Servicio o despu\u00e9s de salir de los sitios web del Servicio o despu\u00e9s de apagar el navegador de Internet. Las \u00abcookies\u00bb \u00abpermanentes\u00bb se almacenan en el equipo terminal del Usuario durante el tiempo especificado en los par\u00e1metros de las \u00abcookies\u00bb o hasta que el Usuario las elimina. Las \u00abcookies\u00bb \u00abpermanentes\u00bb se instalan en el equipo final del Usuario s\u00f3lo con su consentimiento. El Administrador informa de que:      <ol><li>Los navegadores de Internet aceptan por defecto la instalaci\u00f3n de \u00abcookies\u00bb en el equipo terminal del Usuario. Cada Usuario del Sitio Web puede, en cualquier momento, modificar la configuraci\u00f3n relativa a los archivos \u00abcookies\u00bb en el navegador de Internet que utilice, de forma que el navegador bloquee autom\u00e1ticamente los archivos \u00abcookies\u00bb, o informe al Usuario de que cada vez se instalan en su equipo terminal. La informaci\u00f3n detallada sobre la posibilidad y los m\u00e9todos de gesti\u00f3n de las \u00abcookies\u00bb est\u00e1 disponible en la configuraci\u00f3n del navegador de Internet utilizado por el Usuario del Sitio Web.  <\/li><li>La restricci\u00f3n del uso de cookies por parte del Usuario puede afectar negativamente a la correcci\u00f3n y continuidad de los Servicios del Sitio Web.<\/li><\/ol>  Las cookies instaladas en el equipo terminal del Usuario del Servicio pueden ser utilizadas por anunciantes o socios comerciales que cooperen con el Administrador.<br\/>Las cookies pueden considerarse datos personales s\u00f3lo en conexi\u00f3n con otros datos identificativos de la identidad, puestos a disposici\u00f3n del Administrador por el Usuario mientras utiliza el Servicio.<br\/>S\u00f3lo el Administrador tiene acceso a las cookies procesadas por el servidor del Servicio.<br\/>Si el Usuario no est\u00e1 de acuerdo con guardar y recibir informaci\u00f3n en cookies, puede cambiar las reglas relativas a las cookies a trav\u00e9s de la configuraci\u00f3n de su navegador web.<\/li><\/ol><\/li>\n\n<li><strong>OTRA INFORMACI\u00d3N IMPORTANTE<\/strong><ol class=\"wp-block-list\"><li><strong>Protecci\u00f3n de la seguridad de los datos personales<\/strong><br\/>El Administrador aplica medidas adecuadas para garantizar la seguridad de los datos personales del Usuario. El uso seguro del Sitio Web est\u00e1 garantizado por los sistemas y procedimientos establecidos para proteger contra el acceso y la divulgaci\u00f3n de datos a personas no autorizadas. Adem\u00e1s, los sistemas y procesos utilizados por el Administrador se supervisan regularmente para detectar posibles amenazas. Los datos personales obtenidos por el Administrador se almacenan en sistemas inform\u00e1ticos cuyo acceso est\u00e1 estrictamente limitado.   <\/li>\n\n<li><strong>Almacenamiento de datos personales<\/strong><br\/>La duraci\u00f3n del almacenamiento de los datos personales de los Usuarios depende de los fines del procesamiento por parte del Administrador.<br\/>El Administrador almacena los datos personales durante el per\u00edodo necesario para alcanzar los fines especificados, es decir:<ul><li>mientras dure la actividad del Administrador.<\/li><\/ul>  En cualquiera de los casos anteriores, una vez transcurrido el plazo necesario para el tratamiento, los datos s\u00f3lo podr\u00e1n ser tratados para hacer valer reclamaciones sobre los antecedentes de la relaci\u00f3n entre las partes hasta que dichas reclamaciones hayan sido resueltas definitivamente por v\u00eda judicial.<\/li>\n\n<li><strong>Modificaciones<\/strong> de la Pol\u00edtica de Privacidad<br\/>Con el fin de actualizar la informaci\u00f3n contenida en esta Pol\u00edtica de Privacidad y hacerla conforme a las leyes aplicables, esta Pol\u00edtica de Privacidad puede ser modificada. Si se modifica el contenido de la Pol\u00edtica de Privacidad, se modificar\u00e1 la fecha de actualizaci\u00f3n indicada al final del texto. Con el fin de obtener informaci\u00f3n sobre c\u00f3mo proteger los datos personales, el Administrador recomienda a los Usuarios que lean regularmente las disposiciones de la Pol\u00edtica de Privacidad.  <\/li>\n\n<li><strong>Informaci\u00f3n de contacto<\/strong><br\/>Para cualquier informaci\u00f3n relativa a esta Pol\u00edtica de Privacidad, el Usuario puede ponerse en contacto con el Administrador de Datos Personales: <strong>FREEKIDS S.C. ARTUR G\u0104SIOREK, ZBIGNIEW ANDRUSZEWSKI, Trz\u0119sowice 32, 55-106 Zawonia, <\/strong>utilizando los siguientes datos de contacto: <strong>u.semeniuk@freekids.pl.Ponadto<\/strong>tambi\u00e9n existe la posibilidad de contactar por correo postal en la direcci\u00f3n: <strong>Trz\u0119sowice 32, 55-106 Zawonia<\/strong>.  <\/li><\/ol><\/li><\/ol><p><\/p><p>Este documento se actualiz\u00f3 por \u00faltima vez el 13.07.2018.<\/p>","protected":false},"excerpt":{"rendered":"<p>La protecci\u00f3n de la privacidad de los Usuarios es particularmente importante para FREEKIDS S.C. ARTUR G\u0104SIOREK, ZBIGNIEW ANDRUSZEWSKI. Por este motivo, se garantiza a los Usuarios del sitio web www.freekids.pl un alto nivel de protecci\u00f3n de la privacidad. Como administrador de datos , FREEKIDS S.C. ARTUR G\u0104SIOREK, ZBIGNIEW AND RUSZEWSKI se preocupa por la seguridad [&hellip;]<\/p>\n","protected":false},"author":1,"featured_media":0,"parent":0,"menu_order":0,"comment_status":"closed","ping_status":"closed","template":"page-templates\/page-sidebar-none.php","meta":{"_acf_changed":false,"footnotes":""},"class_list":["post-186208","page","type-page","status-publish","hentry"],"acf":[],"yoast_head":"<!-- This site is optimized with the Yoast SEO plugin v26.4 - https:\/\/yoast.com\/wordpress\/plugins\/seo\/ -->\n<title>Pol\u00edtica de privacidad - Freekids.pl<\/title>\n<meta name=\"robots\" content=\"index, follow, max-snippet:-1, max-image-preview:large, max-video-preview:-1\" \/>\n<link rel=\"canonical\" href=\"https:\/\/freekids.pl\/es\/politica-de-privacidad\/\" \/>\n<meta property=\"og:locale\" content=\"es_ES\" \/>\n<meta property=\"og:type\" content=\"article\" \/>\n<meta property=\"og:title\" content=\"Pol\u00edtica de privacidad - Freekids.pl\" \/>\n<meta property=\"og:description\" content=\"La protecci\u00f3n de la privacidad de los Usuarios es particularmente importante para FREEKIDS S.C. ARTUR G\u0104SIOREK, ZBIGNIEW ANDRUSZEWSKI. Por este motivo, se garantiza a los Usuarios del sitio web www.freekids.pl un alto nivel de protecci\u00f3n de la privacidad. Como administrador de datos , FREEKIDS S.C. ARTUR G\u0104SIOREK, ZBIGNIEW AND RUSZEWSKI se preocupa por la seguridad [&hellip;]\" \/>\n<meta property=\"og:url\" content=\"https:\/\/freekids.pl\/es\/politica-de-privacidad\/\" \/>\n<meta property=\"og:site_name\" content=\"FreeKids Playgrounds | Sport | Urban Furniture\" \/>\n<meta property=\"article:modified_time\" content=\"2025-10-17T12:37:37+00:00\" \/>\n<meta name=\"twitter:card\" content=\"summary_large_image\" \/>\n<meta name=\"twitter:label1\" content=\"Tiempo de lectura\" \/>\n\t<meta name=\"twitter:data1\" content=\"11 minutos\" \/>\n<script type=\"application\/ld+json\" class=\"yoast-schema-graph\">{\"@context\":\"https:\/\/schema.org\",\"@graph\":[{\"@type\":\"WebPage\",\"@id\":\"https:\/\/freekids.pl\/es\/politica-de-privacidad\/\",\"url\":\"https:\/\/freekids.pl\/es\/politica-de-privacidad\/\",\"name\":\"Pol\u00edtica de privacidad - Freekids.pl\",\"isPartOf\":{\"@id\":\"https:\/\/freekids.pl\/es\/#website\"},\"datePublished\":\"2024-08-13T15:12:15+00:00\",\"dateModified\":\"2025-10-17T12:37:37+00:00\",\"breadcrumb\":{\"@id\":\"https:\/\/freekids.pl\/es\/politica-de-privacidad\/#breadcrumb\"},\"inLanguage\":\"es\",\"potentialAction\":[{\"@type\":\"ReadAction\",\"target\":[\"https:\/\/freekids.pl\/es\/politica-de-privacidad\/\"]}]},{\"@type\":\"BreadcrumbList\",\"@id\":\"https:\/\/freekids.pl\/es\/politica-de-privacidad\/#breadcrumb\",\"itemListElement\":[{\"@type\":\"ListItem\",\"position\":1,\"name\":\"Strona g\u0142\u00f3wna\",\"item\":\"https:\/\/freekids.pl\/es\/\"},{\"@type\":\"ListItem\",\"position\":2,\"name\":\"Pol\u00edtica de privacidad\"}]},{\"@type\":\"WebSite\",\"@id\":\"https:\/\/freekids.pl\/es\/#website\",\"url\":\"https:\/\/freekids.pl\/es\/\",\"name\":\"FreeKids Playgrounds | Sport | Urban Furniture\",\"description\":\"Dream it, do it !\",\"potentialAction\":[{\"@type\":\"SearchAction\",\"target\":{\"@type\":\"EntryPoint\",\"urlTemplate\":\"https:\/\/freekids.pl\/es\/?s={search_term_string}\"},\"query-input\":{\"@type\":\"PropertyValueSpecification\",\"valueRequired\":true,\"valueName\":\"search_term_string\"}}],\"inLanguage\":\"es\"}]}<\/script>\n<!-- \/ Yoast SEO plugin. -->","yoast_head_json":{"title":"Pol\u00edtica de privacidad - Freekids.pl","robots":{"index":"index","follow":"follow","max-snippet":"max-snippet:-1","max-image-preview":"max-image-preview:large","max-video-preview":"max-video-preview:-1"},"canonical":"https:\/\/freekids.pl\/es\/politica-de-privacidad\/","og_locale":"es_ES","og_type":"article","og_title":"Pol\u00edtica de privacidad - Freekids.pl","og_description":"La protecci\u00f3n de la privacidad de los Usuarios es particularmente importante para FREEKIDS S.C. ARTUR G\u0104SIOREK, ZBIGNIEW ANDRUSZEWSKI. Por este motivo, se garantiza a los Usuarios del sitio web www.freekids.pl un alto nivel de protecci\u00f3n de la privacidad. Como administrador de datos , FREEKIDS S.C. ARTUR G\u0104SIOREK, ZBIGNIEW AND RUSZEWSKI se preocupa por la seguridad [&hellip;]","og_url":"https:\/\/freekids.pl\/es\/politica-de-privacidad\/","og_site_name":"FreeKids Playgrounds | Sport | Urban Furniture","article_modified_time":"2025-10-17T12:37:37+00:00","twitter_card":"summary_large_image","twitter_misc":{"Tiempo de lectura":"11 minutos"},"schema":{"@context":"https:\/\/schema.org","@graph":[{"@type":"WebPage","@id":"https:\/\/freekids.pl\/es\/politica-de-privacidad\/","url":"https:\/\/freekids.pl\/es\/politica-de-privacidad\/","name":"Pol\u00edtica de privacidad - Freekids.pl","isPartOf":{"@id":"https:\/\/freekids.pl\/es\/#website"},"datePublished":"2024-08-13T15:12:15+00:00","dateModified":"2025-10-17T12:37:37+00:00","breadcrumb":{"@id":"https:\/\/freekids.pl\/es\/politica-de-privacidad\/#breadcrumb"},"inLanguage":"es","potentialAction":[{"@type":"ReadAction","target":["https:\/\/freekids.pl\/es\/politica-de-privacidad\/"]}]},{"@type":"BreadcrumbList","@id":"https:\/\/freekids.pl\/es\/politica-de-privacidad\/#breadcrumb","itemListElement":[{"@type":"ListItem","position":1,"name":"Strona g\u0142\u00f3wna","item":"https:\/\/freekids.pl\/es\/"},{"@type":"ListItem","position":2,"name":"Pol\u00edtica de privacidad"}]},{"@type":"WebSite","@id":"https:\/\/freekids.pl\/es\/#website","url":"https:\/\/freekids.pl\/es\/","name":"FreeKids Playgrounds | Sport | Urban Furniture","description":"Dream it, do it !","potentialAction":[{"@type":"SearchAction","target":{"@type":"EntryPoint","urlTemplate":"https:\/\/freekids.pl\/es\/?s={search_term_string}"},"query-input":{"@type":"PropertyValueSpecification","valueRequired":true,"valueName":"search_term_string"}}],"inLanguage":"es"}]}},"_links":{"self":[{"href":"https:\/\/freekids.pl\/es\/wp-json\/wp\/v2\/pages\/186208","targetHints":{"allow":["GET"]}}],"collection":[{"href":"https:\/\/freekids.pl\/es\/wp-json\/wp\/v2\/pages"}],"about":[{"href":"https:\/\/freekids.pl\/es\/wp-json\/wp\/v2\/types\/page"}],"author":[{"embeddable":true,"href":"https:\/\/freekids.pl\/es\/wp-json\/wp\/v2\/users\/1"}],"replies":[{"embeddable":true,"href":"https:\/\/freekids.pl\/es\/wp-json\/wp\/v2\/comments?post=186208"}],"version-history":[{"count":2,"href":"https:\/\/freekids.pl\/es\/wp-json\/wp\/v2\/pages\/186208\/revisions"}],"predecessor-version":[{"id":199567,"href":"https:\/\/freekids.pl\/es\/wp-json\/wp\/v2\/pages\/186208\/revisions\/199567"}],"wp:attachment":[{"href":"https:\/\/freekids.pl\/es\/wp-json\/wp\/v2\/media?parent=186208"}],"curies":[{"name":"wp","href":"https:\/\/api.w.org\/{rel}","templated":true}]}}