{"id":186253,"date":"2025-04-01T11:35:51","date_gmt":"2025-04-01T09:35:51","guid":{"rendered":"https:\/\/freekids.pl\/programa-parques-activos-2025\/"},"modified":"2025-10-17T14:36:24","modified_gmt":"2025-10-17T12:36:24","slug":"programa-parques-activos-2025","status":"publish","type":"page","link":"https:\/\/freekids.pl\/es\/programa-parques-activos-2025\/","title":{"rendered":"Programa Parques Activos 2025"},"content":{"rendered":"<p><img loading=\"lazy\" decoding=\"async\" class=\"aligncenter wp-image-185746 size-full\" src=\"https:\/\/freekids.pl\/wp-content\/uploads\/2025\/03\/DJI_0033-scaled.jpg\" alt=\"\" width=\"2560\" height=\"1711\" srcset=\"https:\/\/freekids.pl\/wp-content\/uploads\/2025\/03\/DJI_0033-scaled.jpg 2560w, https:\/\/freekids.pl\/wp-content\/uploads\/2025\/03\/DJI_0033-300x201.jpg 300w, https:\/\/freekids.pl\/wp-content\/uploads\/2025\/03\/DJI_0033-1024x685.jpg 1024w, https:\/\/freekids.pl\/wp-content\/uploads\/2025\/03\/DJI_0033-768x513.jpg 768w, https:\/\/freekids.pl\/wp-content\/uploads\/2025\/03\/DJI_0033-1536x1027.jpg 1536w, https:\/\/freekids.pl\/wp-content\/uploads\/2025\/03\/DJI_0033-2048x1369.jpg 2048w, https:\/\/freekids.pl\/wp-content\/uploads\/2025\/03\/DJI_0033-800x535.jpg 800w, https:\/\/freekids.pl\/wp-content\/uploads\/2025\/03\/DJI_0033-64x43.jpg 64w\" sizes=\"auto, (max-width: 2560px) 100vw, 2560px\" \/><\/p>\n<p><span style=\"font-weight: 400;\">El Ministerio de Familia, Trabajo y Pol\u00edtica Social ha anunciado una convocatoria de solicitudes de financiaci\u00f3n en el marco del programa Parques Activos 2025. Se trata de una excelente oportunidad para que las instituciones que se ocupan de ni\u00f1os menores de tres a\u00f1os mejoren o acondicionen los parques infantiles existentes. <\/span><\/p>\n<h2><span style=\"font-weight: 400;\">Informaci\u00f3n clave del programa<\/span><\/h2>\n<p><span style=\"font-weight: 400;\">El programa gubernamental de Parques Activos es una iniciativa que pretende ayudar a las guarder\u00edas a crear espacios de juego modernos, seguros e inspiradores para los m\u00e1s peque\u00f1os. He aqu\u00ed los aspectos m\u00e1s destacados: <\/span><\/p>\n<ul>\n<li style=\"font-weight: 400;\" aria-level=\"1\"><span style=\"font-weight: 400;\">Presupuesto del programa: \u00a160 millones de zlotys destinados al desarrollo de parques infantiles en todo el pa\u00eds!<\/span><\/li>\n<li style=\"font-weight: 400;\" aria-level=\"1\"><span style=\"font-weight: 400;\">Importe m\u00e1ximo de la financiaci\u00f3n: Cada establecimiento puede recibir hasta 300.000 \u00a3.<\/span><\/li>\n<li style=\"font-weight: 400;\" aria-level=\"1\"><span style=\"font-weight: 400;\">Plazo de solicitud: Las solicitudes pueden presentarse hasta el 4 de febrero de 2025.<\/span><\/li>\n<\/ul>\n<p><span style=\"font-weight: 400;\">Es una oportunidad ideal para crear espacios que no s\u00f3lo sean seguros y funcionales, sino que tambi\u00e9n inspiren el juego creativo y el desarrollo de los ni\u00f1os.<\/span><\/p>\n<h3><span style=\"font-weight: 400;\">\u00bfC\u00f3mo puede ayudar FreeKids?<\/span><\/h3>\n<p><span style=\"font-weight: 400;\">Como fabricantes experimentados de parques infantiles, conocemos perfectamente las necesidades de las instituciones asistenciales y educativas. Llevamos a\u00f1os apoyando a las instituciones con proyectos que no s\u00f3lo cumplen las normas m\u00e1s estrictas, sino que tambi\u00e9n contribuyen al desarrollo armonioso de los ni\u00f1os. <\/span><\/p>\n<p><span style=\"font-weight: 400;\">Como parte del programa de Parques Activos, ofrecemos un apoyo integral:<\/span><\/p>\n<h3><span style=\"font-weight: 400;\">\u2705 Asistencia en la preparaci\u00f3n de la documentaci\u00f3n<\/span><\/h3>\n<p><span style=\"font-weight: 400;\">Nuestro equipo de expertos te asesorar\u00e1 sobre c\u00f3mo preparar adecuadamente tu solicitud para aumentar tus posibilidades de recibir financiaci\u00f3n.<\/span><\/p>\n<h3><span style=\"font-weight: 400;\">\u2705 Dise\u00f1o de parques infantiles seg\u00fan las directrices<\/span><\/h3>\n<p><span style=\"font-weight: 400;\">Creamos espacios de juego modernos y seguros, adecuados a la edad y las necesidades de los ni\u00f1os y que cumplen todas las normas.<\/span><\/p>\n<h3><span style=\"font-weight: 400;\">\u2705 Realizaci\u00f3n de proyectos al m\u00e1s alto nivel<\/span><\/h3>\n<p><span style=\"font-weight: 400;\">Participamos en la construcci\u00f3n completa de parques infantiles: desde la entrega hasta la instalaci\u00f3n y la aceptaci\u00f3n t\u00e9cnica final.<\/span><\/p>\n<h3><span style=\"font-weight: 400;\">\u00a1No te pierdas esta oportunidad \u00fanica!<\/span><\/h3>\n<p><span style=\"font-weight: 400;\">\u00a1Es hora de actuar! La convocatoria de candidaturas est\u00e1 abierta hasta el 4 de febrero de 2025. \u00a1No dejes que tu centro pierda la oportunidad de tener un parque infantil moderno y seguro!<\/span><\/p>\n<p><span style=\"font-weight: 400;\">Si quieres saber m\u00e1s sobre c\u00f3mo podemos ayudarte con tu proyecto, ponte en contacto con nosotros:<\/span><\/p>\n<p><span style=\"font-weight: 400;\">\ud83d\udcde Ll\u00e1manos o env\u00edanos un correo electr\u00f3nico para obtener m\u00e1s informaci\u00f3n y ayuda para solicitar financiaci\u00f3n.<\/span><\/p>\n<p><span style=\"font-weight: 400;\">\u00a1Juntos podemos crear un espacio que haga las delicias de los ni\u00f1os y de sus padres! \ud83c\udfa0\ud83c\udf33 <\/span><\/p>\n<div class=\"pdf-catalog-download\"><a href=\"https:\/\/freekids.pl\/wp-content\/uploads\/2025\/04\/Poradnik-Aktywne-place-zabaw-2025.pdf\" download=\"\"><img loading=\"lazy\" decoding=\"async\" class=\"aligncenter wp-image-186984 size-full\" src=\"https:\/\/freekids.pl\/wp-content\/uploads\/2025\/04\/aktywne-place-zabaw-poradnik.png\" alt=\"\" width=\"940\" height=\"788\"><\/a><\/div>\n","protected":false},"excerpt":{"rendered":"<p>El Ministerio de Familia, Trabajo y Pol\u00edtica Social ha anunciado una convocatoria de solicitudes de financiaci\u00f3n en el marco del programa Parques Activos 2025. Se trata de una excelente oportunidad para que las instituciones que se ocupan de ni\u00f1os menores de tres a\u00f1os mejoren o acondicionen los parques infantiles existentes. Informaci\u00f3n clave del programa El [&hellip;]<\/p>\n","protected":false},"author":7,"featured_media":0,"parent":0,"menu_order":0,"comment_status":"closed","ping_status":"closed","template":"","meta":{"_acf_changed":false,"ep_exclude_from_search":false,"footnotes":""},"class_list":["post-186253","page","type-page","status-publish","hentry"],"acf":[],"yoast_head":"<!-- This site is optimized with the Yoast SEO plugin v27.4 - https:\/\/yoast.com\/product\/yoast-seo-wordpress\/ -->\n<title>Programa Parques Activos 2025 - Freekids.pl<\/title>\n<meta name=\"robots\" content=\"index, follow, max-snippet:-1, max-image-preview:large, max-video-preview:-1\" \/>\n<link rel=\"canonical\" href=\"https:\/\/freekids.pl\/es\/programa-parques-activos-2025\/\" \/>\n<meta property=\"og:locale\" content=\"es_ES\" \/>\n<meta property=\"og:type\" content=\"article\" \/>\n<meta property=\"og:title\" content=\"Programa Parques Activos 2025 - Freekids.pl\" \/>\n<meta property=\"og:description\" content=\"El Ministerio de Familia, Trabajo y Pol\u00edtica Social ha anunciado una convocatoria de solicitudes de financiaci\u00f3n en el marco del programa Parques Activos 2025. Se trata de una excelente oportunidad para que las instituciones que se ocupan de ni\u00f1os menores de tres a\u00f1os mejoren o acondicionen los parques infantiles existentes. Informaci\u00f3n clave del programa El [&hellip;]\" \/>\n<meta property=\"og:url\" content=\"https:\/\/freekids.pl\/es\/programa-parques-activos-2025\/\" \/>\n<meta property=\"og:site_name\" content=\"FreeKids Playgrounds | Sport | Urban Furniture\" \/>\n<meta property=\"article:modified_time\" content=\"2025-10-17T12:36:24+00:00\" \/>\n<meta property=\"og:image\" content=\"https:\/\/freekids.pl\/wp-content\/uploads\/2025\/03\/DJI_0033-scaled.jpg\" \/>\n<meta name=\"twitter:card\" content=\"summary_large_image\" \/>\n<meta name=\"twitter:label1\" content=\"Tiempo de lectura\" \/>\n\t<meta name=\"twitter:data1\" content=\"2 minutos\" \/>\n<script type=\"application\/ld+json\" class=\"yoast-schema-graph\">{\"@context\":\"https:\\\/\\\/schema.org\",\"@graph\":[{\"@type\":\"WebPage\",\"@id\":\"https:\\\/\\\/freekids.pl\\\/es\\\/programa-parques-activos-2025\\\/\",\"url\":\"https:\\\/\\\/freekids.pl\\\/es\\\/programa-parques-activos-2025\\\/\",\"name\":\"Programa Parques Activos 2025 - Freekids.pl\",\"isPartOf\":{\"@id\":\"https:\\\/\\\/freekids.pl\\\/es\\\/#website\"},\"primaryImageOfPage\":{\"@id\":\"https:\\\/\\\/freekids.pl\\\/es\\\/programa-parques-activos-2025\\\/#primaryimage\"},\"image\":{\"@id\":\"https:\\\/\\\/freekids.pl\\\/es\\\/programa-parques-activos-2025\\\/#primaryimage\"},\"thumbnailUrl\":\"https:\\\/\\\/freekids.pl\\\/wp-content\\\/uploads\\\/2025\\\/03\\\/DJI_0033-scaled.jpg\",\"datePublished\":\"2025-04-01T09:35:51+00:00\",\"dateModified\":\"2025-10-17T12:36:24+00:00\",\"breadcrumb\":{\"@id\":\"https:\\\/\\\/freekids.pl\\\/es\\\/programa-parques-activos-2025\\\/#breadcrumb\"},\"inLanguage\":\"es\",\"potentialAction\":[{\"@type\":\"ReadAction\",\"target\":[\"https:\\\/\\\/freekids.pl\\\/es\\\/programa-parques-activos-2025\\\/\"]}]},{\"@type\":\"ImageObject\",\"inLanguage\":\"es\",\"@id\":\"https:\\\/\\\/freekids.pl\\\/es\\\/programa-parques-activos-2025\\\/#primaryimage\",\"url\":\"https:\\\/\\\/freekids.pl\\\/wp-content\\\/uploads\\\/2025\\\/03\\\/DJI_0033-scaled.jpg\",\"contentUrl\":\"https:\\\/\\\/freekids.pl\\\/wp-content\\\/uploads\\\/2025\\\/03\\\/DJI_0033-scaled.jpg\"},{\"@type\":\"BreadcrumbList\",\"@id\":\"https:\\\/\\\/freekids.pl\\\/es\\\/programa-parques-activos-2025\\\/#breadcrumb\",\"itemListElement\":[{\"@type\":\"ListItem\",\"position\":1,\"name\":\"Strona g\u0142\u00f3wna\",\"item\":\"https:\\\/\\\/freekids.pl\\\/es\\\/\"},{\"@type\":\"ListItem\",\"position\":2,\"name\":\"Programa Parques Activos 2025\"}]},{\"@type\":\"WebSite\",\"@id\":\"https:\\\/\\\/freekids.pl\\\/es\\\/#website\",\"url\":\"https:\\\/\\\/freekids.pl\\\/es\\\/\",\"name\":\"FreeKids Playgrounds | Sport | Urban Furniture\",\"description\":\"Dream it, do it !\",\"potentialAction\":[{\"@type\":\"SearchAction\",\"target\":{\"@type\":\"EntryPoint\",\"urlTemplate\":\"https:\\\/\\\/freekids.pl\\\/es\\\/?s={search_term_string}\"},\"query-input\":{\"@type\":\"PropertyValueSpecification\",\"valueRequired\":true,\"valueName\":\"search_term_string\"}}],\"inLanguage\":\"es\"}]}<\/script>\n<!-- \/ Yoast SEO plugin. -->","yoast_head_json":{"title":"Programa Parques Activos 2025 - Freekids.pl","robots":{"index":"index","follow":"follow","max-snippet":"max-snippet:-1","max-image-preview":"max-image-preview:large","max-video-preview":"max-video-preview:-1"},"canonical":"https:\/\/freekids.pl\/es\/programa-parques-activos-2025\/","og_locale":"es_ES","og_type":"article","og_title":"Programa Parques Activos 2025 - Freekids.pl","og_description":"El Ministerio de Familia, Trabajo y Pol\u00edtica Social ha anunciado una convocatoria de solicitudes de financiaci\u00f3n en el marco del programa Parques Activos 2025. Se trata de una excelente oportunidad para que las instituciones que se ocupan de ni\u00f1os menores de tres a\u00f1os mejoren o acondicionen los parques infantiles existentes. Informaci\u00f3n clave del programa El [&hellip;]","og_url":"https:\/\/freekids.pl\/es\/programa-parques-activos-2025\/","og_site_name":"FreeKids Playgrounds | Sport | Urban Furniture","article_modified_time":"2025-10-17T12:36:24+00:00","og_image":[{"url":"https:\/\/freekids.pl\/wp-content\/uploads\/2025\/03\/DJI_0033-scaled.jpg","type":"","width":"","height":""}],"twitter_card":"summary_large_image","twitter_misc":{"Tiempo de lectura":"2 minutos"},"schema":{"@context":"https:\/\/schema.org","@graph":[{"@type":"WebPage","@id":"https:\/\/freekids.pl\/es\/programa-parques-activos-2025\/","url":"https:\/\/freekids.pl\/es\/programa-parques-activos-2025\/","name":"Programa Parques Activos 2025 - Freekids.pl","isPartOf":{"@id":"https:\/\/freekids.pl\/es\/#website"},"primaryImageOfPage":{"@id":"https:\/\/freekids.pl\/es\/programa-parques-activos-2025\/#primaryimage"},"image":{"@id":"https:\/\/freekids.pl\/es\/programa-parques-activos-2025\/#primaryimage"},"thumbnailUrl":"https:\/\/freekids.pl\/wp-content\/uploads\/2025\/03\/DJI_0033-scaled.jpg","datePublished":"2025-04-01T09:35:51+00:00","dateModified":"2025-10-17T12:36:24+00:00","breadcrumb":{"@id":"https:\/\/freekids.pl\/es\/programa-parques-activos-2025\/#breadcrumb"},"inLanguage":"es","potentialAction":[{"@type":"ReadAction","target":["https:\/\/freekids.pl\/es\/programa-parques-activos-2025\/"]}]},{"@type":"ImageObject","inLanguage":"es","@id":"https:\/\/freekids.pl\/es\/programa-parques-activos-2025\/#primaryimage","url":"https:\/\/freekids.pl\/wp-content\/uploads\/2025\/03\/DJI_0033-scaled.jpg","contentUrl":"https:\/\/freekids.pl\/wp-content\/uploads\/2025\/03\/DJI_0033-scaled.jpg"},{"@type":"BreadcrumbList","@id":"https:\/\/freekids.pl\/es\/programa-parques-activos-2025\/#breadcrumb","itemListElement":[{"@type":"ListItem","position":1,"name":"Strona g\u0142\u00f3wna","item":"https:\/\/freekids.pl\/es\/"},{"@type":"ListItem","position":2,"name":"Programa Parques Activos 2025"}]},{"@type":"WebSite","@id":"https:\/\/freekids.pl\/es\/#website","url":"https:\/\/freekids.pl\/es\/","name":"FreeKids Playgrounds | Sport | Urban Furniture","description":"Dream it, do it !","potentialAction":[{"@type":"SearchAction","target":{"@type":"EntryPoint","urlTemplate":"https:\/\/freekids.pl\/es\/?s={search_term_string}"},"query-input":{"@type":"PropertyValueSpecification","valueRequired":true,"valueName":"search_term_string"}}],"inLanguage":"es"}]}},"_links":{"self":[{"href":"https:\/\/freekids.pl\/es\/wp-json\/wp\/v2\/pages\/186253","targetHints":{"allow":["GET"]}}],"collection":[{"href":"https:\/\/freekids.pl\/es\/wp-json\/wp\/v2\/pages"}],"about":[{"href":"https:\/\/freekids.pl\/es\/wp-json\/wp\/v2\/types\/page"}],"author":[{"embeddable":true,"href":"https:\/\/freekids.pl\/es\/wp-json\/wp\/v2\/users\/7"}],"replies":[{"embeddable":true,"href":"https:\/\/freekids.pl\/es\/wp-json\/wp\/v2\/comments?post=186253"}],"version-history":[{"count":5,"href":"https:\/\/freekids.pl\/es\/wp-json\/wp\/v2\/pages\/186253\/revisions"}],"predecessor-version":[{"id":187011,"href":"https:\/\/freekids.pl\/es\/wp-json\/wp\/v2\/pages\/186253\/revisions\/187011"}],"wp:attachment":[{"href":"https:\/\/freekids.pl\/es\/wp-json\/wp\/v2\/media?parent=186253"}],"curies":[{"name":"wp","href":"https:\/\/api.w.org\/{rel}","templated":true}]}}