{"id":186258,"date":"2025-04-01T11:16:47","date_gmt":"2025-04-01T09:16:47","guid":{"rendered":"https:\/\/freekids.pl\/financiacion\/"},"modified":"2025-10-17T14:37:03","modified_gmt":"2025-10-17T12:37:03","slug":"financiacion","status":"publish","type":"page","link":"https:\/\/freekids.pl\/es\/financiacion\/","title":{"rendered":"Financiaci\u00f3n"},"content":{"rendered":"<div style=\"height:40px\" aria-hidden=\"true\" class=\"wp-block-spacer\"><\/div><h2 class=\"wp-block-heading has-inter-font-family\"><strong>Programas<\/strong><\/h2><div style=\"height:40px\" aria-hidden=\"true\" class=\"wp-block-spacer\"><\/div><div class=\"row fk-home-series-list programs-list d-none d-lg-flex\">\n  <div class=\"fk-series-col col-12 col-lg-4\">\n    <div class=\"fk-series-col-box series-color-green-darker t-center\">\n      <span>Programa<\/span>\n      <p class=\"program-name\">Parques infantiles activos<\/p>\n      <div class=\"fk-series-short-text\">\n        <p>2025<\/p>\n      <\/div>\n      <div>\n        <a class=\"fk-button fk-button-green-darker mt-20\" href=\"https:\/\/freekids.pl\/es\/programa-parques-activos-2025\/\">\n  Comprueba los detalles\n        <\/a>\n      <\/div>\n    <\/div>\n  <\/div>\n\n  <div class=\"fk-series-col col-12 col-lg-4\">\n    <div class=\"fk-series-col-box series-color-green-darker t-center\">\n      <span>Programa<\/span>\n      <p class=\"program-name\">\u00abActividad para todos\u00bb<\/p>\n      <div class=\"fk-series-short-text\">\n        <p>deportes y actividades recreativas disponibles localmente<\/p>\n      <\/div>\n      <div class=\"fk-series-col-box-desc mt-20\" role=\"button\" aria-expanded=\"false\">\n        <span class=\"fk-series-fade-effect\"><\/span>\n      <\/div>\n      <div>\n        <a class=\"fk-button fk-button-green-darker mt-20\" href=\"https:\/\/freekids.pl\/es\/programa-actividad-para-todos-deportes-y-actividades-recreativas-disponibles-a-nivel-local\/\">\n  Comprueba los detalles\n        <\/a>\n      <\/div>\n    <\/div>\n  <\/div>\n\n  <div class=\"fk-series-col col-12 col-lg-4\">\n    <div class=\"fk-series-col-box series-color-green-darker t-center\">\n      <span>Programa<\/span>\n      <p class=\"program-name\">Promoci\u00f3n del Deporte para Personas con Discapacidad<\/p>\n      <div class=\"fk-series-short-text\">\n        <p><\/p>\n      <\/div>\n      <div class=\"fk-series-col-box-desc mt-20\" role=\"button\" aria-expanded=\"false\">\n        <span class=\"fk-series-fade-effect\"><\/span>\n      <\/div>\n      <div>\n        <a class=\"fk-button fk-button-green-darker mt-20\" href=\"https:\/\/freekids.pl\/es\/programa-de-promocion-del-deporte-para-personas-con-discapacidad\/\">\n  Comprueba los detalles\n        <\/a>\n      <\/div>\n    <\/div>\n  <\/div>\n\n  <div class=\"fk-series-col col-12 col-lg-4\">\n    <div class=\"fk-series-col-box series-color-green-darker t-center\">\n      <span>Programa<\/span>\n      <p class=\"program-name\">Construcci\u00f3n de complejos deportivos Orlik<\/p>\n      <div class=\"fk-series-short-text\">\n        <p>Edici\u00f3n 2025<\/p>\n      <\/div>\n      <div class=\"fk-series-col-box-desc mt-20\" role=\"button\" aria-expanded=\"false\">\n        <span class=\"fk-series-fade-effect\"><\/span>\n      <\/div>\n      <div>\n        <a class=\"fk-button fk-button-green-darker mt-20\" href=\"https:\/\/freekids.pl\/es\/programa-de-construccion-de-complejos-deportivos-orlik-edicion-2025\/\">\n  Comprueba los detalles\n        <\/a>\n    <\/div>\n    <\/div>\n  <\/div>\n<\/div><p><\/p><h3 class=\"wp-block-heading\"><b>\u00bfC\u00f3mo podemos ayudarte?<\/b><\/h3><h3 class=\"wp-block-heading\"><\/h3><p>Poner en marcha un proyecto con financiaci\u00f3n es un reto para muchas autoridades e instituciones locales: tiempo, tr\u00e1mites, responsabilidad. Por eso en Freekids no s\u00f3lo dise\u00f1amos parques infantiles, espacios deportivos y mobiliario urbano, sino que <strong data-start=\"429\" data-end=\"487\">asumimos la carga del papeleo y la coordinaci\u00f3n<\/strong>. <\/p><p>Llevamos 15 a\u00f1os realizando proyectos en el marco de programas gubernamentales en todo el pa\u00eds: sabemos c\u00f3mo superar cada fase con seguridad.<\/p><p><strong data-start=\"628\" data-end=\"681\">Te ayudaremos a adaptar tu proyecto a los requisitos del programa<\/strong>: sabemos qu\u00e9 errores hay que evitar, qu\u00e9 puede acelerar la aceptaci\u00f3n y qu\u00e9 puede retrasarla.<\/p><p><\/p><p><span style=\"font-weight: 400;\">\u2714\ufe0f<\/span> <strong>Te guiaremos juntos a trav\u00e9s del proceso de solicitud de subvenci\u00f3n<\/strong>: desde los documentos hasta el calendario y la estimaci\u00f3n de costes.<\/p><p><span style=\"font-weight: 400;\">\u2714\ufe0f<\/span> <strong data-start=\"893\" data-end=\"952\">Garantizaremos la ejecuci\u00f3n puntual -desde el concepto hasta la instalaci\u00f3n-<\/strong> de acuerdo con las normas vigentes y las expectativas de los residentes.<\/p><p><span style=\"font-weight: 400;\">\u2714\ufe0f<\/span> <strong data-start=\"1020\" data-end=\"1072\">Tienes un mentor dedicado en cada provincia<\/strong>: no te quedar\u00e1s solo con ninguna pregunta o problema.<\/p><p>Esto te permite centrarte en la finalidad del proyecto y no en sus procedimientos.<br data-start=\"1212\" data-end=\"1215\"\/>Llama, escribe, pregunta: <strong data-start=\"1242\" data-end=\"1292\">estamos a tu lado desde el primer paso<\/strong>.<\/p>","protected":false},"excerpt":{"rendered":"<p>Programas Programa Parques infantiles activos 2025 Comprueba los detalles Programa \u00abActividad para todos\u00bb deportes y actividades recreativas disponibles localmente Comprueba los detalles Programa Promoci\u00f3n del Deporte para Personas con Discapacidad Comprueba los detalles Programa Construcci\u00f3n de complejos deportivos Orlik Edici\u00f3n 2025 Comprueba los detalles \u00bfC\u00f3mo podemos ayudarte? Poner en marcha un proyecto con financiaci\u00f3n es [&hellip;]<\/p>\n","protected":false},"author":7,"featured_media":0,"parent":0,"menu_order":0,"comment_status":"closed","ping_status":"closed","template":"","meta":{"_acf_changed":false,"ep_exclude_from_search":false,"footnotes":""},"class_list":["post-186258","page","type-page","status-publish","hentry"],"acf":[],"yoast_head":"<!-- This site is optimized with the Yoast SEO plugin v27.4 - https:\/\/yoast.com\/product\/yoast-seo-wordpress\/ -->\n<title>Financiaci\u00f3n - Freekids.pl<\/title>\n<meta name=\"robots\" content=\"index, follow, max-snippet:-1, max-image-preview:large, max-video-preview:-1\" \/>\n<link rel=\"canonical\" href=\"https:\/\/freekids.pl\/es\/financiacion\/\" \/>\n<meta property=\"og:locale\" content=\"es_ES\" \/>\n<meta property=\"og:type\" content=\"article\" \/>\n<meta property=\"og:title\" content=\"Financiaci\u00f3n - Freekids.pl\" \/>\n<meta property=\"og:description\" content=\"Programas Programa Parques infantiles activos 2025 Comprueba los detalles Programa \u00abActividad para todos\u00bb deportes y actividades recreativas disponibles localmente Comprueba los detalles Programa Promoci\u00f3n del Deporte para Personas con Discapacidad Comprueba los detalles Programa Construcci\u00f3n de complejos deportivos Orlik Edici\u00f3n 2025 Comprueba los detalles \u00bfC\u00f3mo podemos ayudarte? Poner en marcha un proyecto con financiaci\u00f3n es [&hellip;]\" \/>\n<meta property=\"og:url\" content=\"https:\/\/freekids.pl\/es\/financiacion\/\" \/>\n<meta property=\"og:site_name\" content=\"FreeKids Playgrounds | Sport | Urban Furniture\" \/>\n<meta property=\"article:modified_time\" content=\"2025-10-17T12:37:03+00:00\" \/>\n<meta name=\"twitter:card\" content=\"summary_large_image\" \/>\n<meta name=\"twitter:label1\" content=\"Tiempo de lectura\" \/>\n\t<meta name=\"twitter:data1\" content=\"1 minuto\" \/>\n<script type=\"application\/ld+json\" class=\"yoast-schema-graph\">{\"@context\":\"https:\\\/\\\/schema.org\",\"@graph\":[{\"@type\":\"WebPage\",\"@id\":\"https:\\\/\\\/freekids.pl\\\/es\\\/financiacion\\\/\",\"url\":\"https:\\\/\\\/freekids.pl\\\/es\\\/financiacion\\\/\",\"name\":\"Financiaci\u00f3n - Freekids.pl\",\"isPartOf\":{\"@id\":\"https:\\\/\\\/freekids.pl\\\/es\\\/#website\"},\"datePublished\":\"2025-04-01T09:16:47+00:00\",\"dateModified\":\"2025-10-17T12:37:03+00:00\",\"breadcrumb\":{\"@id\":\"https:\\\/\\\/freekids.pl\\\/es\\\/financiacion\\\/#breadcrumb\"},\"inLanguage\":\"es\",\"potentialAction\":[{\"@type\":\"ReadAction\",\"target\":[\"https:\\\/\\\/freekids.pl\\\/es\\\/financiacion\\\/\"]}]},{\"@type\":\"BreadcrumbList\",\"@id\":\"https:\\\/\\\/freekids.pl\\\/es\\\/financiacion\\\/#breadcrumb\",\"itemListElement\":[{\"@type\":\"ListItem\",\"position\":1,\"name\":\"Strona g\u0142\u00f3wna\",\"item\":\"https:\\\/\\\/freekids.pl\\\/es\\\/\"},{\"@type\":\"ListItem\",\"position\":2,\"name\":\"Financiaci\u00f3n\"}]},{\"@type\":\"WebSite\",\"@id\":\"https:\\\/\\\/freekids.pl\\\/es\\\/#website\",\"url\":\"https:\\\/\\\/freekids.pl\\\/es\\\/\",\"name\":\"FreeKids Playgrounds | Sport | Urban Furniture\",\"description\":\"Dream it, do it !\",\"potentialAction\":[{\"@type\":\"SearchAction\",\"target\":{\"@type\":\"EntryPoint\",\"urlTemplate\":\"https:\\\/\\\/freekids.pl\\\/es\\\/?s={search_term_string}\"},\"query-input\":{\"@type\":\"PropertyValueSpecification\",\"valueRequired\":true,\"valueName\":\"search_term_string\"}}],\"inLanguage\":\"es\"}]}<\/script>\n<!-- \/ Yoast SEO plugin. -->","yoast_head_json":{"title":"Financiaci\u00f3n - Freekids.pl","robots":{"index":"index","follow":"follow","max-snippet":"max-snippet:-1","max-image-preview":"max-image-preview:large","max-video-preview":"max-video-preview:-1"},"canonical":"https:\/\/freekids.pl\/es\/financiacion\/","og_locale":"es_ES","og_type":"article","og_title":"Financiaci\u00f3n - Freekids.pl","og_description":"Programas Programa Parques infantiles activos 2025 Comprueba los detalles Programa \u00abActividad para todos\u00bb deportes y actividades recreativas disponibles localmente Comprueba los detalles Programa Promoci\u00f3n del Deporte para Personas con Discapacidad Comprueba los detalles Programa Construcci\u00f3n de complejos deportivos Orlik Edici\u00f3n 2025 Comprueba los detalles \u00bfC\u00f3mo podemos ayudarte? Poner en marcha un proyecto con financiaci\u00f3n es [&hellip;]","og_url":"https:\/\/freekids.pl\/es\/financiacion\/","og_site_name":"FreeKids Playgrounds | Sport | Urban Furniture","article_modified_time":"2025-10-17T12:37:03+00:00","twitter_card":"summary_large_image","twitter_misc":{"Tiempo de lectura":"1 minuto"},"schema":{"@context":"https:\/\/schema.org","@graph":[{"@type":"WebPage","@id":"https:\/\/freekids.pl\/es\/financiacion\/","url":"https:\/\/freekids.pl\/es\/financiacion\/","name":"Financiaci\u00f3n - Freekids.pl","isPartOf":{"@id":"https:\/\/freekids.pl\/es\/#website"},"datePublished":"2025-04-01T09:16:47+00:00","dateModified":"2025-10-17T12:37:03+00:00","breadcrumb":{"@id":"https:\/\/freekids.pl\/es\/financiacion\/#breadcrumb"},"inLanguage":"es","potentialAction":[{"@type":"ReadAction","target":["https:\/\/freekids.pl\/es\/financiacion\/"]}]},{"@type":"BreadcrumbList","@id":"https:\/\/freekids.pl\/es\/financiacion\/#breadcrumb","itemListElement":[{"@type":"ListItem","position":1,"name":"Strona g\u0142\u00f3wna","item":"https:\/\/freekids.pl\/es\/"},{"@type":"ListItem","position":2,"name":"Financiaci\u00f3n"}]},{"@type":"WebSite","@id":"https:\/\/freekids.pl\/es\/#website","url":"https:\/\/freekids.pl\/es\/","name":"FreeKids Playgrounds | Sport | Urban Furniture","description":"Dream it, do it !","potentialAction":[{"@type":"SearchAction","target":{"@type":"EntryPoint","urlTemplate":"https:\/\/freekids.pl\/es\/?s={search_term_string}"},"query-input":{"@type":"PropertyValueSpecification","valueRequired":true,"valueName":"search_term_string"}}],"inLanguage":"es"}]}},"_links":{"self":[{"href":"https:\/\/freekids.pl\/es\/wp-json\/wp\/v2\/pages\/186258","targetHints":{"allow":["GET"]}}],"collection":[{"href":"https:\/\/freekids.pl\/es\/wp-json\/wp\/v2\/pages"}],"about":[{"href":"https:\/\/freekids.pl\/es\/wp-json\/wp\/v2\/types\/page"}],"author":[{"embeddable":true,"href":"https:\/\/freekids.pl\/es\/wp-json\/wp\/v2\/users\/7"}],"replies":[{"embeddable":true,"href":"https:\/\/freekids.pl\/es\/wp-json\/wp\/v2\/comments?post=186258"}],"version-history":[{"count":5,"href":"https:\/\/freekids.pl\/es\/wp-json\/wp\/v2\/pages\/186258\/revisions"}],"predecessor-version":[{"id":199558,"href":"https:\/\/freekids.pl\/es\/wp-json\/wp\/v2\/pages\/186258\/revisions\/199558"}],"wp:attachment":[{"href":"https:\/\/freekids.pl\/es\/wp-json\/wp\/v2\/media?parent=186258"}],"curies":[{"name":"wp","href":"https:\/\/api.w.org\/{rel}","templated":true}]}}