{"id":186264,"date":"2025-04-01T12:24:29","date_gmt":"2025-04-01T10:24:29","guid":{"rendered":"https:\/\/freekids.pl\/programa-actividad-para-todos-deportes-y-actividades-recreativas-disponibles-a-nivel-local\/"},"modified":"2025-10-17T14:36:24","modified_gmt":"2025-10-17T12:36:24","slug":"programa-actividad-para-todos-deportes-y-actividades-recreativas-disponibles-a-nivel-local","status":"publish","type":"page","link":"https:\/\/freekids.pl\/es\/programa-actividad-para-todos-deportes-y-actividades-recreativas-disponibles-a-nivel-local\/","title":{"rendered":"Programa \u00abActividad para todos\u00bb: deportes y actividades recreativas disponibles a nivel local"},"content":{"rendered":"<p><img loading=\"lazy\" decoding=\"async\" class=\"aligncenter wp-image-186958 size-full\" src=\"https:\/\/freekids.pl\/wp-content\/uploads\/2025\/04\/Street-Workout-9297-scaled.jpg\" alt=\"\" width=\"2560\" height=\"1707\" srcset=\"https:\/\/freekids.pl\/wp-content\/uploads\/2025\/04\/Street-Workout-9297-scaled.jpg 2560w, https:\/\/freekids.pl\/wp-content\/uploads\/2025\/04\/Street-Workout-9297-300x200.jpg 300w, https:\/\/freekids.pl\/wp-content\/uploads\/2025\/04\/Street-Workout-9297-1024x683.jpg 1024w, https:\/\/freekids.pl\/wp-content\/uploads\/2025\/04\/Street-Workout-9297-768x512.jpg 768w, https:\/\/freekids.pl\/wp-content\/uploads\/2025\/04\/Street-Workout-9297-1536x1024.jpg 1536w, https:\/\/freekids.pl\/wp-content\/uploads\/2025\/04\/Street-Workout-9297-2048x1365.jpg 2048w, https:\/\/freekids.pl\/wp-content\/uploads\/2025\/04\/Street-Workout-9297-800x533.jpg 800w, https:\/\/freekids.pl\/wp-content\/uploads\/2025\/04\/Street-Workout-9297-64x43.jpg 64w\" sizes=\"auto, (max-width: 2560px) 100vw, 2560px\" \/><\/p>\n<h2>FreeKids &#8211; Tu apoyo en el Programa \u00abActividad para todos<\/h2>\n<p><span style=\"font-weight: 400;\">El programa \u00abActividad para todos\u00bb, puesto en marcha por el Ministerio de Deporte y Turismo con un presupuesto de 115.700.000 PLN, pretende aumentar la actividad f\u00edsica entre los ciudadanos de todas las edades y procedencias. La iniciativa incluye el apoyo a proyectos recreativos locales, la compra de equipamiento deportivo y de rehabilitaci\u00f3n, as\u00ed como formaci\u00f3n y campa\u00f1as para promover estilos de vida saludables. Se hace especial hincapi\u00e9 en las ciudades peque\u00f1as y los barrios perif\u00e9ricos, donde el acceso a las instalaciones deportivas es limitado.  <\/span><\/p>\n<h3>\u00bfC\u00f3mo podemos ayudar a poner en marcha el Programa?<\/h3>\n<p><span style=\"font-weight: 400;\">\u2714\ufe0f <\/span><b>Proyectos recreativos locales<\/b><span style=\"font-weight: 400;\"> &#8211; FreeKids apoya la creaci\u00f3n y mejora de espacios recreativos, como senderos de salud, zonas de actividad o miniparques deportivos, que animen a los residentes a mantenerse f\u00edsicamente activos.<\/span><\/p>\n<p><span style=\"font-weight: 400;\">\u2714\ufe0f <\/span><b>Compra de equipamiento deportivo y de rehabilitaci\u00f3n<\/b><span style=\"font-weight: 400;\"> &#8211; Ofrecemos una amplia gama de equipos de apoyo a la actividad f\u00edsica y la rehabilitaci\u00f3n, adaptados a las necesidades de distintos grupos de edad y salud.<\/span><\/p>\n<p><span style=\"font-weight: 400;\">\u2714\ufe0f <\/span><b>Formaci\u00f3n y campa\u00f1as para promover estilos de vida saludables<\/b><span style=\"font-weight: 400;\"> &#8211; Ayudamos a organizar cursos de formaci\u00f3n y campa\u00f1as para promover la actividad f\u00edsica, estilos de vida saludables e integrar a los residentes en torno a iniciativas deportivas comunes.<\/span><\/p>\n<p><span style=\"font-weight: 400;\">\u2714\ufe0f <\/span><b>Apoyo a ONG y clubes deportivos<\/b><span style=\"font-weight: 400;\"> &#8211; El programa apoya a las organizaciones integradoras, por lo que FreeKids ofrece apoyo a proyectos que integren a las comunidades locales y promuevan la actividad f\u00edsica entre personas de distintos or\u00edgenes.<\/span><\/p>\n<h3>\u00bfPor qu\u00e9 FreeKids?<\/h3>\n<p><span style=\"font-weight: 400;\">Con m\u00e1s de 15 a\u00f1os de experiencia en proyectos deportivos, FreeKids es experta en crear infraestructuras que apoyen la actividad f\u00edsica y estilos de vida saludables. Con personal especializado en cada provincia, proporcionamos un apoyo integral en cada fase de tu proyecto, desde la preparaci\u00f3n de la propuesta hasta su finalizaci\u00f3n. Ponte en contacto con nosotros para saber c\u00f3mo podemos ayudar a tu proyecto en el programa.  <\/span><\/p>\n","protected":false},"excerpt":{"rendered":"<p>FreeKids &#8211; Tu apoyo en el Programa \u00abActividad para todos El programa \u00abActividad para todos\u00bb, puesto en marcha por el Ministerio de Deporte y Turismo con un presupuesto de 115.700.000 PLN, pretende aumentar la actividad f\u00edsica entre los ciudadanos de todas las edades y procedencias. La iniciativa incluye el apoyo a proyectos recreativos locales, la [&hellip;]<\/p>\n","protected":false},"author":7,"featured_media":0,"parent":0,"menu_order":0,"comment_status":"closed","ping_status":"closed","template":"","meta":{"_acf_changed":false,"footnotes":""},"class_list":["post-186264","page","type-page","status-publish","hentry"],"acf":[],"yoast_head":"<!-- This site is optimized with the Yoast SEO plugin v26.4 - https:\/\/yoast.com\/wordpress\/plugins\/seo\/ -->\n<title>Programa &quot;Actividad para todos&quot;: deportes y actividades recreativas disponibles a nivel local - Freekids.pl<\/title>\n<meta name=\"robots\" content=\"index, follow, max-snippet:-1, max-image-preview:large, max-video-preview:-1\" \/>\n<link rel=\"canonical\" href=\"https:\/\/freekids.pl\/es\/programa-actividad-para-todos-deportes-y-actividades-recreativas-disponibles-a-nivel-local\/\" \/>\n<meta property=\"og:locale\" content=\"es_ES\" \/>\n<meta property=\"og:type\" content=\"article\" \/>\n<meta property=\"og:title\" content=\"Programa &quot;Actividad para todos&quot;: deportes y actividades recreativas disponibles a nivel local - Freekids.pl\" \/>\n<meta property=\"og:description\" content=\"FreeKids &#8211; Tu apoyo en el Programa \u00abActividad para todos El programa \u00abActividad para todos\u00bb, puesto en marcha por el Ministerio de Deporte y Turismo con un presupuesto de 115.700.000 PLN, pretende aumentar la actividad f\u00edsica entre los ciudadanos de todas las edades y procedencias. La iniciativa incluye el apoyo a proyectos recreativos locales, la [&hellip;]\" \/>\n<meta property=\"og:url\" content=\"https:\/\/freekids.pl\/es\/programa-actividad-para-todos-deportes-y-actividades-recreativas-disponibles-a-nivel-local\/\" \/>\n<meta property=\"og:site_name\" content=\"FreeKids Playgrounds | Sport | Urban Furniture\" \/>\n<meta property=\"article:modified_time\" content=\"2025-10-17T12:36:24+00:00\" \/>\n<meta property=\"og:image\" content=\"https:\/\/freekids.pl\/wp-content\/uploads\/2025\/04\/Street-Workout-9297-scaled.jpg\" \/>\n<meta name=\"twitter:card\" content=\"summary_large_image\" \/>\n<meta name=\"twitter:label1\" content=\"Tiempo de lectura\" \/>\n\t<meta name=\"twitter:data1\" content=\"2 minutos\" \/>\n<script type=\"application\/ld+json\" class=\"yoast-schema-graph\">{\"@context\":\"https:\/\/schema.org\",\"@graph\":[{\"@type\":\"WebPage\",\"@id\":\"https:\/\/freekids.pl\/es\/programa-actividad-para-todos-deportes-y-actividades-recreativas-disponibles-a-nivel-local\/\",\"url\":\"https:\/\/freekids.pl\/es\/programa-actividad-para-todos-deportes-y-actividades-recreativas-disponibles-a-nivel-local\/\",\"name\":\"Programa \\\"Actividad para todos\\\": deportes y actividades recreativas disponibles a nivel local - Freekids.pl\",\"isPartOf\":{\"@id\":\"https:\/\/freekids.pl\/es\/#website\"},\"primaryImageOfPage\":{\"@id\":\"https:\/\/freekids.pl\/es\/programa-actividad-para-todos-deportes-y-actividades-recreativas-disponibles-a-nivel-local\/#primaryimage\"},\"image\":{\"@id\":\"https:\/\/freekids.pl\/es\/programa-actividad-para-todos-deportes-y-actividades-recreativas-disponibles-a-nivel-local\/#primaryimage\"},\"thumbnailUrl\":\"https:\/\/freekids.pl\/wp-content\/uploads\/2025\/04\/Street-Workout-9297-scaled.jpg\",\"datePublished\":\"2025-04-01T10:24:29+00:00\",\"dateModified\":\"2025-10-17T12:36:24+00:00\",\"breadcrumb\":{\"@id\":\"https:\/\/freekids.pl\/es\/programa-actividad-para-todos-deportes-y-actividades-recreativas-disponibles-a-nivel-local\/#breadcrumb\"},\"inLanguage\":\"es\",\"potentialAction\":[{\"@type\":\"ReadAction\",\"target\":[\"https:\/\/freekids.pl\/es\/programa-actividad-para-todos-deportes-y-actividades-recreativas-disponibles-a-nivel-local\/\"]}]},{\"@type\":\"ImageObject\",\"inLanguage\":\"es\",\"@id\":\"https:\/\/freekids.pl\/es\/programa-actividad-para-todos-deportes-y-actividades-recreativas-disponibles-a-nivel-local\/#primaryimage\",\"url\":\"https:\/\/freekids.pl\/wp-content\/uploads\/2025\/04\/Street-Workout-9297-scaled.jpg\",\"contentUrl\":\"https:\/\/freekids.pl\/wp-content\/uploads\/2025\/04\/Street-Workout-9297-scaled.jpg\"},{\"@type\":\"BreadcrumbList\",\"@id\":\"https:\/\/freekids.pl\/es\/programa-actividad-para-todos-deportes-y-actividades-recreativas-disponibles-a-nivel-local\/#breadcrumb\",\"itemListElement\":[{\"@type\":\"ListItem\",\"position\":1,\"name\":\"Strona g\u0142\u00f3wna\",\"item\":\"https:\/\/freekids.pl\/es\/\"},{\"@type\":\"ListItem\",\"position\":2,\"name\":\"Programa &#8222;Actividad para todos&#8221;: deportes y actividades recreativas disponibles a nivel local\"}]},{\"@type\":\"WebSite\",\"@id\":\"https:\/\/freekids.pl\/es\/#website\",\"url\":\"https:\/\/freekids.pl\/es\/\",\"name\":\"FreeKids Playgrounds | Sport | Urban Furniture\",\"description\":\"Dream it, do it !\",\"potentialAction\":[{\"@type\":\"SearchAction\",\"target\":{\"@type\":\"EntryPoint\",\"urlTemplate\":\"https:\/\/freekids.pl\/es\/?s={search_term_string}\"},\"query-input\":{\"@type\":\"PropertyValueSpecification\",\"valueRequired\":true,\"valueName\":\"search_term_string\"}}],\"inLanguage\":\"es\"}]}<\/script>\n<!-- \/ Yoast SEO plugin. -->","yoast_head_json":{"title":"Programa \"Actividad para todos\": deportes y actividades recreativas disponibles a nivel local - Freekids.pl","robots":{"index":"index","follow":"follow","max-snippet":"max-snippet:-1","max-image-preview":"max-image-preview:large","max-video-preview":"max-video-preview:-1"},"canonical":"https:\/\/freekids.pl\/es\/programa-actividad-para-todos-deportes-y-actividades-recreativas-disponibles-a-nivel-local\/","og_locale":"es_ES","og_type":"article","og_title":"Programa \"Actividad para todos\": deportes y actividades recreativas disponibles a nivel local - Freekids.pl","og_description":"FreeKids &#8211; Tu apoyo en el Programa \u00abActividad para todos El programa \u00abActividad para todos\u00bb, puesto en marcha por el Ministerio de Deporte y Turismo con un presupuesto de 115.700.000 PLN, pretende aumentar la actividad f\u00edsica entre los ciudadanos de todas las edades y procedencias. La iniciativa incluye el apoyo a proyectos recreativos locales, la [&hellip;]","og_url":"https:\/\/freekids.pl\/es\/programa-actividad-para-todos-deportes-y-actividades-recreativas-disponibles-a-nivel-local\/","og_site_name":"FreeKids Playgrounds | Sport | Urban Furniture","article_modified_time":"2025-10-17T12:36:24+00:00","og_image":[{"url":"https:\/\/freekids.pl\/wp-content\/uploads\/2025\/04\/Street-Workout-9297-scaled.jpg","type":"","width":"","height":""}],"twitter_card":"summary_large_image","twitter_misc":{"Tiempo de lectura":"2 minutos"},"schema":{"@context":"https:\/\/schema.org","@graph":[{"@type":"WebPage","@id":"https:\/\/freekids.pl\/es\/programa-actividad-para-todos-deportes-y-actividades-recreativas-disponibles-a-nivel-local\/","url":"https:\/\/freekids.pl\/es\/programa-actividad-para-todos-deportes-y-actividades-recreativas-disponibles-a-nivel-local\/","name":"Programa \"Actividad para todos\": deportes y actividades recreativas disponibles a nivel local - Freekids.pl","isPartOf":{"@id":"https:\/\/freekids.pl\/es\/#website"},"primaryImageOfPage":{"@id":"https:\/\/freekids.pl\/es\/programa-actividad-para-todos-deportes-y-actividades-recreativas-disponibles-a-nivel-local\/#primaryimage"},"image":{"@id":"https:\/\/freekids.pl\/es\/programa-actividad-para-todos-deportes-y-actividades-recreativas-disponibles-a-nivel-local\/#primaryimage"},"thumbnailUrl":"https:\/\/freekids.pl\/wp-content\/uploads\/2025\/04\/Street-Workout-9297-scaled.jpg","datePublished":"2025-04-01T10:24:29+00:00","dateModified":"2025-10-17T12:36:24+00:00","breadcrumb":{"@id":"https:\/\/freekids.pl\/es\/programa-actividad-para-todos-deportes-y-actividades-recreativas-disponibles-a-nivel-local\/#breadcrumb"},"inLanguage":"es","potentialAction":[{"@type":"ReadAction","target":["https:\/\/freekids.pl\/es\/programa-actividad-para-todos-deportes-y-actividades-recreativas-disponibles-a-nivel-local\/"]}]},{"@type":"ImageObject","inLanguage":"es","@id":"https:\/\/freekids.pl\/es\/programa-actividad-para-todos-deportes-y-actividades-recreativas-disponibles-a-nivel-local\/#primaryimage","url":"https:\/\/freekids.pl\/wp-content\/uploads\/2025\/04\/Street-Workout-9297-scaled.jpg","contentUrl":"https:\/\/freekids.pl\/wp-content\/uploads\/2025\/04\/Street-Workout-9297-scaled.jpg"},{"@type":"BreadcrumbList","@id":"https:\/\/freekids.pl\/es\/programa-actividad-para-todos-deportes-y-actividades-recreativas-disponibles-a-nivel-local\/#breadcrumb","itemListElement":[{"@type":"ListItem","position":1,"name":"Strona g\u0142\u00f3wna","item":"https:\/\/freekids.pl\/es\/"},{"@type":"ListItem","position":2,"name":"Programa &#8222;Actividad para todos&#8221;: deportes y actividades recreativas disponibles a nivel local"}]},{"@type":"WebSite","@id":"https:\/\/freekids.pl\/es\/#website","url":"https:\/\/freekids.pl\/es\/","name":"FreeKids Playgrounds | Sport | Urban Furniture","description":"Dream it, do it !","potentialAction":[{"@type":"SearchAction","target":{"@type":"EntryPoint","urlTemplate":"https:\/\/freekids.pl\/es\/?s={search_term_string}"},"query-input":{"@type":"PropertyValueSpecification","valueRequired":true,"valueName":"search_term_string"}}],"inLanguage":"es"}]}},"_links":{"self":[{"href":"https:\/\/freekids.pl\/es\/wp-json\/wp\/v2\/pages\/186264","targetHints":{"allow":["GET"]}}],"collection":[{"href":"https:\/\/freekids.pl\/es\/wp-json\/wp\/v2\/pages"}],"about":[{"href":"https:\/\/freekids.pl\/es\/wp-json\/wp\/v2\/types\/page"}],"author":[{"embeddable":true,"href":"https:\/\/freekids.pl\/es\/wp-json\/wp\/v2\/users\/7"}],"replies":[{"embeddable":true,"href":"https:\/\/freekids.pl\/es\/wp-json\/wp\/v2\/comments?post=186264"}],"version-history":[{"count":1,"href":"https:\/\/freekids.pl\/es\/wp-json\/wp\/v2\/pages\/186264\/revisions"}],"predecessor-version":[{"id":186968,"href":"https:\/\/freekids.pl\/es\/wp-json\/wp\/v2\/pages\/186264\/revisions\/186968"}],"wp:attachment":[{"href":"https:\/\/freekids.pl\/es\/wp-json\/wp\/v2\/media?parent=186264"}],"curies":[{"name":"wp","href":"https:\/\/api.w.org\/{rel}","templated":true}]}}