{"id":186305,"date":"2025-04-01T12:42:09","date_gmt":"2025-04-01T10:42:09","guid":{"rendered":"https:\/\/freekids.pl\/programa-de-construccion-de-complejos-deportivos-orlik-edicion-2025\/"},"modified":"2025-10-17T14:36:49","modified_gmt":"2025-10-17T12:36:49","slug":"programa-de-construccion-de-complejos-deportivos-orlik-edicion-2025","status":"publish","type":"page","link":"https:\/\/freekids.pl\/es\/programa-de-construccion-de-complejos-deportivos-orlik-edicion-2025\/","title":{"rendered":"Programa de construcci\u00f3n de complejos deportivos Orlik &#8211; Edici\u00f3n 2025"},"content":{"rendered":"<p><img loading=\"lazy\" decoding=\"async\" class=\"aligncenter wp-image-186934 size-full\" src=\"https:\/\/freekids.pl\/wp-content\/uploads\/2025\/04\/DJI_0865-scaled.jpg\" alt=\"\u00e1guila\" width=\"2560\" height=\"1440\" srcset=\"https:\/\/freekids.pl\/wp-content\/uploads\/2025\/04\/DJI_0865-scaled.jpg 2560w, https:\/\/freekids.pl\/wp-content\/uploads\/2025\/04\/DJI_0865-300x169.jpg 300w, https:\/\/freekids.pl\/wp-content\/uploads\/2025\/04\/DJI_0865-1024x576.jpg 1024w, https:\/\/freekids.pl\/wp-content\/uploads\/2025\/04\/DJI_0865-768x432.jpg 768w, https:\/\/freekids.pl\/wp-content\/uploads\/2025\/04\/DJI_0865-1536x864.jpg 1536w, https:\/\/freekids.pl\/wp-content\/uploads\/2025\/04\/DJI_0865-2048x1152.jpg 2048w, https:\/\/freekids.pl\/wp-content\/uploads\/2025\/04\/DJI_0865-800x450.jpg 800w, https:\/\/freekids.pl\/wp-content\/uploads\/2025\/04\/DJI_0865-64x36.jpg 64w\" sizes=\"auto, (max-width: 2560px) 100vw, 2560px\" \/><\/p>\n<h2>FreeKids &#8211; Tu socio en el Programa de Construcci\u00f3n de \u00c1guilas<\/h2>\n<p><span style=\"font-weight: 400;\">El Programa de Construcci\u00f3n \u00c1guilas 2025 pretende crear complejos deportivos modernos que sean accesibles a todos los residentes, fomentando la actividad f\u00edsica y la integraci\u00f3n comunitaria. En el marco del programa es posible obtener financiaci\u00f3n para la construcci\u00f3n de campos de f\u00fatbol, campos multifuncionales, instalaciones sanitarias y vestuarios, iluminaci\u00f3n y vallado del complejo. Tambi\u00e9n es posible ampliar el proyecto para incluir instalaciones adicionales, como una pista de skate, una pista de pump track o un parque infantil. El importe de la financiaci\u00f3n puede alcanzar los 2,8 millones de zlotys, dependiendo del alcance de la inversi\u00f3n.   <\/span><\/p>\n<h3>\u00bfC\u00f3mo podemos ayudar a poner en marcha el Programa?<\/h3>\n<p><span style=\"font-weight: 400;\">\u2714\ufe0f <\/span><b>Dise\u00f1o integral<\/b><span style=\"font-weight: 400;\"> &#8211; Ofrecemos asistencia en el dise\u00f1o de complejos deportivos que cumplan todos los requisitos del programa, incluidos campos de f\u00fatbol, campos polivalentes, instalaciones sanitarias y vestuarios y las instalaciones necesarias (iluminaci\u00f3n, vallado, aparcamientos para bicicletas).<\/span><\/p>\n<p><span style=\"font-weight: 400;\">\u2714\ufe0f <\/span><b>Instalaciones deportivas opcionales<\/b><span style=\"font-weight: 400;\"> &#8211; Como parte del programa, estamos ayudando a a\u00f1adir instalaciones adicionales, como una pista de skate, una pista de pump track o campos deportivos, seg\u00fan las necesidades locales.<\/span><\/p>\n<p><span style=\"font-weight: 400;\">\u2714\ufe0f <\/span><b>Asistencia en la solicitud de subvenciones<\/b><span style=\"font-weight: 400;\"> &#8211; Nuestros expertos te ayudar\u00e1n en la preparaci\u00f3n de la solicitud, facilitando la petici\u00f3n de financiaci\u00f3n de hasta el 70% de los costes de inversi\u00f3n.<\/span><\/p>\n<h3>\u00bfPor qu\u00e9 FreeKids?<\/h3>\n<p><span style=\"font-weight: 400;\">Con m\u00e1s de 15 a\u00f1os de experiencia en proyectos en Polonia y en el extranjero, <\/span><b>FreeKids<\/b><span style=\"font-weight: 400;\">  ofrece un servicio completo, desde el dise\u00f1o hasta la finalizaci\u00f3n, garantizando alta calidad, puntualidad y un estrecho contacto a trav\u00e9s de nuestros comerciantes especializados en cada provincia. Ponte en contacto con nosotros para saber c\u00f3mo podemos ayudarte a hacer realidad tu proyecto Eagles. <\/span><\/p>\n","protected":false},"excerpt":{"rendered":"<p>FreeKids &#8211; Tu socio en el Programa de Construcci\u00f3n de \u00c1guilas El Programa de Construcci\u00f3n \u00c1guilas 2025 pretende crear complejos deportivos modernos que sean accesibles a todos los residentes, fomentando la actividad f\u00edsica y la integraci\u00f3n comunitaria. En el marco del programa es posible obtener financiaci\u00f3n para la construcci\u00f3n de campos de f\u00fatbol, campos multifuncionales, [&hellip;]<\/p>\n","protected":false},"author":7,"featured_media":0,"parent":0,"menu_order":0,"comment_status":"closed","ping_status":"closed","template":"","meta":{"_acf_changed":false,"footnotes":""},"class_list":["post-186305","page","type-page","status-publish","hentry"],"acf":[],"yoast_head":"<!-- This site is optimized with the Yoast SEO plugin v26.4 - https:\/\/yoast.com\/wordpress\/plugins\/seo\/ -->\n<title>Programa de construcci\u00f3n de complejos deportivos Orlik - Edici\u00f3n 2025 - Freekids.pl<\/title>\n<meta name=\"robots\" content=\"index, follow, max-snippet:-1, max-image-preview:large, max-video-preview:-1\" \/>\n<link rel=\"canonical\" href=\"https:\/\/freekids.pl\/es\/programa-de-construccion-de-complejos-deportivos-orlik-edicion-2025\/\" \/>\n<meta property=\"og:locale\" content=\"es_ES\" \/>\n<meta property=\"og:type\" content=\"article\" \/>\n<meta property=\"og:title\" content=\"Programa de construcci\u00f3n de complejos deportivos Orlik - Edici\u00f3n 2025 - Freekids.pl\" \/>\n<meta property=\"og:description\" content=\"FreeKids &#8211; Tu socio en el Programa de Construcci\u00f3n de \u00c1guilas El Programa de Construcci\u00f3n \u00c1guilas 2025 pretende crear complejos deportivos modernos que sean accesibles a todos los residentes, fomentando la actividad f\u00edsica y la integraci\u00f3n comunitaria. En el marco del programa es posible obtener financiaci\u00f3n para la construcci\u00f3n de campos de f\u00fatbol, campos multifuncionales, [&hellip;]\" \/>\n<meta property=\"og:url\" content=\"https:\/\/freekids.pl\/es\/programa-de-construccion-de-complejos-deportivos-orlik-edicion-2025\/\" \/>\n<meta property=\"og:site_name\" content=\"FreeKids Playgrounds | Sport | Urban Furniture\" \/>\n<meta property=\"article:modified_time\" content=\"2025-10-17T12:36:49+00:00\" \/>\n<meta property=\"og:image\" content=\"https:\/\/freekids.pl\/wp-content\/uploads\/2025\/04\/DJI_0865-scaled.jpg\" \/>\n<meta name=\"twitter:card\" content=\"summary_large_image\" \/>\n<meta name=\"twitter:label1\" content=\"Tiempo de lectura\" \/>\n\t<meta name=\"twitter:data1\" content=\"2 minutos\" \/>\n<script type=\"application\/ld+json\" class=\"yoast-schema-graph\">{\"@context\":\"https:\/\/schema.org\",\"@graph\":[{\"@type\":\"WebPage\",\"@id\":\"https:\/\/freekids.pl\/es\/programa-de-construccion-de-complejos-deportivos-orlik-edicion-2025\/\",\"url\":\"https:\/\/freekids.pl\/es\/programa-de-construccion-de-complejos-deportivos-orlik-edicion-2025\/\",\"name\":\"Programa de construcci\u00f3n de complejos deportivos Orlik - Edici\u00f3n 2025 - Freekids.pl\",\"isPartOf\":{\"@id\":\"https:\/\/freekids.pl\/es\/#website\"},\"primaryImageOfPage\":{\"@id\":\"https:\/\/freekids.pl\/es\/programa-de-construccion-de-complejos-deportivos-orlik-edicion-2025\/#primaryimage\"},\"image\":{\"@id\":\"https:\/\/freekids.pl\/es\/programa-de-construccion-de-complejos-deportivos-orlik-edicion-2025\/#primaryimage\"},\"thumbnailUrl\":\"https:\/\/freekids.pl\/wp-content\/uploads\/2025\/04\/DJI_0865-scaled.jpg\",\"datePublished\":\"2025-04-01T10:42:09+00:00\",\"dateModified\":\"2025-10-17T12:36:49+00:00\",\"breadcrumb\":{\"@id\":\"https:\/\/freekids.pl\/es\/programa-de-construccion-de-complejos-deportivos-orlik-edicion-2025\/#breadcrumb\"},\"inLanguage\":\"es\",\"potentialAction\":[{\"@type\":\"ReadAction\",\"target\":[\"https:\/\/freekids.pl\/es\/programa-de-construccion-de-complejos-deportivos-orlik-edicion-2025\/\"]}]},{\"@type\":\"ImageObject\",\"inLanguage\":\"es\",\"@id\":\"https:\/\/freekids.pl\/es\/programa-de-construccion-de-complejos-deportivos-orlik-edicion-2025\/#primaryimage\",\"url\":\"https:\/\/freekids.pl\/wp-content\/uploads\/2025\/04\/DJI_0865-scaled.jpg\",\"contentUrl\":\"https:\/\/freekids.pl\/wp-content\/uploads\/2025\/04\/DJI_0865-scaled.jpg\"},{\"@type\":\"BreadcrumbList\",\"@id\":\"https:\/\/freekids.pl\/es\/programa-de-construccion-de-complejos-deportivos-orlik-edicion-2025\/#breadcrumb\",\"itemListElement\":[{\"@type\":\"ListItem\",\"position\":1,\"name\":\"Strona g\u0142\u00f3wna\",\"item\":\"https:\/\/freekids.pl\/es\/\"},{\"@type\":\"ListItem\",\"position\":2,\"name\":\"Programa de construcci\u00f3n de complejos deportivos Orlik &#8211; Edici\u00f3n 2025\"}]},{\"@type\":\"WebSite\",\"@id\":\"https:\/\/freekids.pl\/es\/#website\",\"url\":\"https:\/\/freekids.pl\/es\/\",\"name\":\"FreeKids Playgrounds | Sport | Urban Furniture\",\"description\":\"Dream it, do it !\",\"potentialAction\":[{\"@type\":\"SearchAction\",\"target\":{\"@type\":\"EntryPoint\",\"urlTemplate\":\"https:\/\/freekids.pl\/es\/?s={search_term_string}\"},\"query-input\":{\"@type\":\"PropertyValueSpecification\",\"valueRequired\":true,\"valueName\":\"search_term_string\"}}],\"inLanguage\":\"es\"}]}<\/script>\n<!-- \/ Yoast SEO plugin. -->","yoast_head_json":{"title":"Programa de construcci\u00f3n de complejos deportivos Orlik - Edici\u00f3n 2025 - Freekids.pl","robots":{"index":"index","follow":"follow","max-snippet":"max-snippet:-1","max-image-preview":"max-image-preview:large","max-video-preview":"max-video-preview:-1"},"canonical":"https:\/\/freekids.pl\/es\/programa-de-construccion-de-complejos-deportivos-orlik-edicion-2025\/","og_locale":"es_ES","og_type":"article","og_title":"Programa de construcci\u00f3n de complejos deportivos Orlik - Edici\u00f3n 2025 - Freekids.pl","og_description":"FreeKids &#8211; Tu socio en el Programa de Construcci\u00f3n de \u00c1guilas El Programa de Construcci\u00f3n \u00c1guilas 2025 pretende crear complejos deportivos modernos que sean accesibles a todos los residentes, fomentando la actividad f\u00edsica y la integraci\u00f3n comunitaria. En el marco del programa es posible obtener financiaci\u00f3n para la construcci\u00f3n de campos de f\u00fatbol, campos multifuncionales, [&hellip;]","og_url":"https:\/\/freekids.pl\/es\/programa-de-construccion-de-complejos-deportivos-orlik-edicion-2025\/","og_site_name":"FreeKids Playgrounds | Sport | Urban Furniture","article_modified_time":"2025-10-17T12:36:49+00:00","og_image":[{"url":"https:\/\/freekids.pl\/wp-content\/uploads\/2025\/04\/DJI_0865-scaled.jpg","type":"","width":"","height":""}],"twitter_card":"summary_large_image","twitter_misc":{"Tiempo de lectura":"2 minutos"},"schema":{"@context":"https:\/\/schema.org","@graph":[{"@type":"WebPage","@id":"https:\/\/freekids.pl\/es\/programa-de-construccion-de-complejos-deportivos-orlik-edicion-2025\/","url":"https:\/\/freekids.pl\/es\/programa-de-construccion-de-complejos-deportivos-orlik-edicion-2025\/","name":"Programa de construcci\u00f3n de complejos deportivos Orlik - Edici\u00f3n 2025 - Freekids.pl","isPartOf":{"@id":"https:\/\/freekids.pl\/es\/#website"},"primaryImageOfPage":{"@id":"https:\/\/freekids.pl\/es\/programa-de-construccion-de-complejos-deportivos-orlik-edicion-2025\/#primaryimage"},"image":{"@id":"https:\/\/freekids.pl\/es\/programa-de-construccion-de-complejos-deportivos-orlik-edicion-2025\/#primaryimage"},"thumbnailUrl":"https:\/\/freekids.pl\/wp-content\/uploads\/2025\/04\/DJI_0865-scaled.jpg","datePublished":"2025-04-01T10:42:09+00:00","dateModified":"2025-10-17T12:36:49+00:00","breadcrumb":{"@id":"https:\/\/freekids.pl\/es\/programa-de-construccion-de-complejos-deportivos-orlik-edicion-2025\/#breadcrumb"},"inLanguage":"es","potentialAction":[{"@type":"ReadAction","target":["https:\/\/freekids.pl\/es\/programa-de-construccion-de-complejos-deportivos-orlik-edicion-2025\/"]}]},{"@type":"ImageObject","inLanguage":"es","@id":"https:\/\/freekids.pl\/es\/programa-de-construccion-de-complejos-deportivos-orlik-edicion-2025\/#primaryimage","url":"https:\/\/freekids.pl\/wp-content\/uploads\/2025\/04\/DJI_0865-scaled.jpg","contentUrl":"https:\/\/freekids.pl\/wp-content\/uploads\/2025\/04\/DJI_0865-scaled.jpg"},{"@type":"BreadcrumbList","@id":"https:\/\/freekids.pl\/es\/programa-de-construccion-de-complejos-deportivos-orlik-edicion-2025\/#breadcrumb","itemListElement":[{"@type":"ListItem","position":1,"name":"Strona g\u0142\u00f3wna","item":"https:\/\/freekids.pl\/es\/"},{"@type":"ListItem","position":2,"name":"Programa de construcci\u00f3n de complejos deportivos Orlik &#8211; Edici\u00f3n 2025"}]},{"@type":"WebSite","@id":"https:\/\/freekids.pl\/es\/#website","url":"https:\/\/freekids.pl\/es\/","name":"FreeKids Playgrounds | Sport | Urban Furniture","description":"Dream it, do it !","potentialAction":[{"@type":"SearchAction","target":{"@type":"EntryPoint","urlTemplate":"https:\/\/freekids.pl\/es\/?s={search_term_string}"},"query-input":{"@type":"PropertyValueSpecification","valueRequired":true,"valueName":"search_term_string"}}],"inLanguage":"es"}]}},"_links":{"self":[{"href":"https:\/\/freekids.pl\/es\/wp-json\/wp\/v2\/pages\/186305","targetHints":{"allow":["GET"]}}],"collection":[{"href":"https:\/\/freekids.pl\/es\/wp-json\/wp\/v2\/pages"}],"about":[{"href":"https:\/\/freekids.pl\/es\/wp-json\/wp\/v2\/types\/page"}],"author":[{"embeddable":true,"href":"https:\/\/freekids.pl\/es\/wp-json\/wp\/v2\/users\/7"}],"replies":[{"embeddable":true,"href":"https:\/\/freekids.pl\/es\/wp-json\/wp\/v2\/comments?post=186305"}],"version-history":[{"count":3,"href":"https:\/\/freekids.pl\/es\/wp-json\/wp\/v2\/pages\/186305\/revisions"}],"predecessor-version":[{"id":186955,"href":"https:\/\/freekids.pl\/es\/wp-json\/wp\/v2\/pages\/186305\/revisions\/186955"}],"wp:attachment":[{"href":"https:\/\/freekids.pl\/es\/wp-json\/wp\/v2\/media?parent=186305"}],"curies":[{"name":"wp","href":"https:\/\/api.w.org\/{rel}","templated":true}]}}