{"id":199547,"date":"2025-04-01T12:36:13","date_gmt":"2025-04-01T10:36:13","guid":{"rendered":"https:\/\/freekids.pl\/programa-de-promocion-del-deporte-para-personas-con-discapacidad\/"},"modified":"2025-04-01T12:36:13","modified_gmt":"2025-04-01T10:36:13","slug":"programa-de-promocion-del-deporte-para-personas-con-discapacidad","status":"publish","type":"page","link":"https:\/\/freekids.pl\/es\/programa-de-promocion-del-deporte-para-personas-con-discapacidad\/","title":{"rendered":"Programa de Promoci\u00f3n del Deporte para Personas con Discapacidad"},"content":{"rendered":"<p><img loading=\"lazy\" decoding=\"async\" class=\"aligncenter wp-image-182337 size-full\" src=\"https:\/\/freekids.pl\/wp-content\/uploads\/2025\/01\/wdsci02_sciezka_sensoryczna_-_wiz.4.jpg-scaled.jpg\" alt=\"\" width=\"2560\" height=\"1945\" srcset=\"https:\/\/freekids.pl\/wp-content\/uploads\/2025\/01\/wdsci02_sciezka_sensoryczna_-_wiz.4.jpg-scaled.jpg 2560w, https:\/\/freekids.pl\/wp-content\/uploads\/2025\/01\/wdsci02_sciezka_sensoryczna_-_wiz.4.jpg-300x228.jpg 300w, https:\/\/freekids.pl\/wp-content\/uploads\/2025\/01\/wdsci02_sciezka_sensoryczna_-_wiz.4.jpg-scaled-800x608.jpg 800w, https:\/\/freekids.pl\/wp-content\/uploads\/2025\/01\/wdsci02_sciezka_sensoryczna_-_wiz.4.jpg-scaled-64x49.jpg 64w, https:\/\/freekids.pl\/wp-content\/uploads\/2025\/01\/wdsci02_sciezka_sensoryczna_-_wiz.4.jpg-1024x778.jpg 1024w, https:\/\/freekids.pl\/wp-content\/uploads\/2025\/01\/wdsci02_sciezka_sensoryczna_-_wiz.4.jpg-768x584.jpg 768w, https:\/\/freekids.pl\/wp-content\/uploads\/2025\/01\/wdsci02_sciezka_sensoryczna_-_wiz.4.jpg-1536x1167.jpg 1536w, https:\/\/freekids.pl\/wp-content\/uploads\/2025\/01\/wdsci02_sciezka_sensoryczna_-_wiz.4.jpg-2048x1556.jpg 2048w\" sizes=\"auto, (max-width: 2560px) 100vw, 2560px\" \/><\/p>\n<h2>FreeKids &#8211; Tu apoyo en el Programa de Promoci\u00f3n del Deporte para Personas con Discapacidad<\/h2>\n<p><span style=\"font-weight: 400;\">El Programa de Fomento del Deporte para Personas con Discapacidad, con un presupuesto de 35.000.000 PLN, es una herramienta clave para apoyar la inclusi\u00f3n deportiva. Dirigido a ONG, clubes deportivos y autoridades locales, el programa ofrece financiaci\u00f3n para la compra de equipamiento especializado, la organizaci\u00f3n de eventos deportivos y la adaptaci\u00f3n de infraestructuras, como rampas, vestuarios o aseos, adaptados a las necesidades de las personas con discapacidad. <\/span><\/p>\n<h3>\u00bfC\u00f3mo podemos ayudar a poner en marcha el Programa?<\/h3>\n<p><span style=\"font-weight: 400;\">\u2714\ufe0f <\/span><b>Comprar equipamiento adaptado a distintas discapacidades<\/b><span style=\"font-weight: 400;\"> &#8211; Ofrecemos una amplia gama de equipamiento deportivo que satisface las necesidades de personas con distintas discapacidades, garantizando el acceso a la actividad f\u00edsica para todos.<\/span><\/p>\n<p><span style=\"font-weight: 400;\">\u2714\ufe0f <\/span><b>Adaptaci\u00f3n de infraestructuras<\/b><span style=\"font-weight: 400;\"> &#8211; Ayudamos en la adaptaci\u00f3n de las infraestructuras existentes, incluida la instalaci\u00f3n de rampas, la adaptaci\u00f3n de vestuarios y aseos para que sean totalmente accesibles y c\u00f3modos para las personas con discapacidad.<\/span><\/p>\n<p><span style=\"font-weight: 400;\">\u2714\ufe0f <\/span><b>Organizaci\u00f3n de eventos deportivos y campamentos<\/b><span style=\"font-weight: 400;\"> &#8211; Apoyamos la organizaci\u00f3n de eventos deportivos y campamentos que promuevan la actividad f\u00edsica entre las personas con discapacidad, creando un espacio de integraci\u00f3n y competici\u00f3n deportiva.<\/span><\/p>\n<p><span style=\"font-weight: 400;\">\u2714\ufe0f <\/span><b>Umbral bajo de contribuci\u00f3n propia<\/b><span style=\"font-weight: 400;\"> &#8211; El programa ofrece un umbral de contribuci\u00f3n bajo, de s\u00f3lo el 5%, que puede cubrirse con trabajo voluntario o con la provisi\u00f3n de infraestructuras.<\/span><\/p>\n<h3>\u00bfPor qu\u00e9 FreeKids?<\/h3>\n<p><span style=\"font-weight: 400;\">Con m\u00e1s de 15 a\u00f1os de experiencia en la realizaci\u00f3n de proyectos deportivos en Polonia, <\/span><b>FreeKids<\/b><span style=\"font-weight: 400;\">  es experta en crear espacios deportivos accesibles e integradores. Nuestras soluciones se adaptan a las necesidades de personas con distintas discapacidades, garantizando seguridad y comodidad. Con personal especializado en cada provincia, proporcionamos apoyo completo en las solicitudes de financiaci\u00f3n y en la ejecuci\u00f3n de los proyectos. Ponte en contacto con nosotros para saber c\u00f3mo podemos ayudar a tu proyecto a trav\u00e9s del programa.   <\/span><\/p>\n","protected":false},"excerpt":{"rendered":"<p>FreeKids &#8211; Tu apoyo en el Programa de Promoci\u00f3n del Deporte para Personas con Discapacidad El Programa de Fomento del Deporte para Personas con Discapacidad, con un presupuesto de 35.000.000 PLN, es una herramienta clave para apoyar la inclusi\u00f3n deportiva. Dirigido a ONG, clubes deportivos y autoridades locales, el programa ofrece financiaci\u00f3n para la compra [&hellip;]<\/p>\n","protected":false},"author":7,"featured_media":0,"parent":0,"menu_order":0,"comment_status":"closed","ping_status":"closed","template":"","meta":{"_acf_changed":false,"ep_exclude_from_search":false,"footnotes":""},"class_list":["post-199547","page","type-page","status-publish","hentry"],"acf":[],"yoast_head":"<!-- This site is optimized with the Yoast SEO plugin v27.4 - https:\/\/yoast.com\/product\/yoast-seo-wordpress\/ -->\n<title>Programa de Promoci\u00f3n del Deporte para Personas con Discapacidad - Freekids.pl<\/title>\n<meta name=\"robots\" content=\"index, follow, max-snippet:-1, max-image-preview:large, max-video-preview:-1\" \/>\n<link rel=\"canonical\" href=\"https:\/\/freekids.pl\/es\/programa-de-promocion-del-deporte-para-personas-con-discapacidad\/\" \/>\n<meta property=\"og:locale\" content=\"es_ES\" \/>\n<meta property=\"og:type\" content=\"article\" \/>\n<meta property=\"og:title\" content=\"Programa de Promoci\u00f3n del Deporte para Personas con Discapacidad - Freekids.pl\" \/>\n<meta property=\"og:description\" content=\"FreeKids &#8211; Tu apoyo en el Programa de Promoci\u00f3n del Deporte para Personas con Discapacidad El Programa de Fomento del Deporte para Personas con Discapacidad, con un presupuesto de 35.000.000 PLN, es una herramienta clave para apoyar la inclusi\u00f3n deportiva. Dirigido a ONG, clubes deportivos y autoridades locales, el programa ofrece financiaci\u00f3n para la compra [&hellip;]\" \/>\n<meta property=\"og:url\" content=\"https:\/\/freekids.pl\/es\/programa-de-promocion-del-deporte-para-personas-con-discapacidad\/\" \/>\n<meta property=\"og:site_name\" content=\"FreeKids Playgrounds | Sport | Urban Furniture\" \/>\n<meta property=\"og:image\" content=\"https:\/\/freekids.pl\/wp-content\/uploads\/2025\/01\/wdsci02_sciezka_sensoryczna_-_wiz.4.jpg-scaled.jpg\" \/>\n<meta name=\"twitter:card\" content=\"summary_large_image\" \/>\n<meta name=\"twitter:label1\" content=\"Tiempo de lectura\" \/>\n\t<meta name=\"twitter:data1\" content=\"2 minutos\" \/>\n<script type=\"application\/ld+json\" class=\"yoast-schema-graph\">{\"@context\":\"https:\\\/\\\/schema.org\",\"@graph\":[{\"@type\":\"WebPage\",\"@id\":\"https:\\\/\\\/freekids.pl\\\/es\\\/programa-de-promocion-del-deporte-para-personas-con-discapacidad\\\/\",\"url\":\"https:\\\/\\\/freekids.pl\\\/es\\\/programa-de-promocion-del-deporte-para-personas-con-discapacidad\\\/\",\"name\":\"Programa de Promoci\u00f3n del Deporte para Personas con Discapacidad - Freekids.pl\",\"isPartOf\":{\"@id\":\"https:\\\/\\\/freekids.pl\\\/es\\\/#website\"},\"primaryImageOfPage\":{\"@id\":\"https:\\\/\\\/freekids.pl\\\/es\\\/programa-de-promocion-del-deporte-para-personas-con-discapacidad\\\/#primaryimage\"},\"image\":{\"@id\":\"https:\\\/\\\/freekids.pl\\\/es\\\/programa-de-promocion-del-deporte-para-personas-con-discapacidad\\\/#primaryimage\"},\"thumbnailUrl\":\"https:\\\/\\\/freekids.pl\\\/wp-content\\\/uploads\\\/2025\\\/01\\\/wdsci02_sciezka_sensoryczna_-_wiz.4.jpg-scaled.jpg\",\"datePublished\":\"2025-04-01T10:36:13+00:00\",\"breadcrumb\":{\"@id\":\"https:\\\/\\\/freekids.pl\\\/es\\\/programa-de-promocion-del-deporte-para-personas-con-discapacidad\\\/#breadcrumb\"},\"inLanguage\":\"es\",\"potentialAction\":[{\"@type\":\"ReadAction\",\"target\":[\"https:\\\/\\\/freekids.pl\\\/es\\\/programa-de-promocion-del-deporte-para-personas-con-discapacidad\\\/\"]}]},{\"@type\":\"ImageObject\",\"inLanguage\":\"es\",\"@id\":\"https:\\\/\\\/freekids.pl\\\/es\\\/programa-de-promocion-del-deporte-para-personas-con-discapacidad\\\/#primaryimage\",\"url\":\"https:\\\/\\\/freekids.pl\\\/wp-content\\\/uploads\\\/2025\\\/01\\\/wdsci02_sciezka_sensoryczna_-_wiz.4.jpg-scaled.jpg\",\"contentUrl\":\"https:\\\/\\\/freekids.pl\\\/wp-content\\\/uploads\\\/2025\\\/01\\\/wdsci02_sciezka_sensoryczna_-_wiz.4.jpg-scaled.jpg\"},{\"@type\":\"BreadcrumbList\",\"@id\":\"https:\\\/\\\/freekids.pl\\\/es\\\/programa-de-promocion-del-deporte-para-personas-con-discapacidad\\\/#breadcrumb\",\"itemListElement\":[{\"@type\":\"ListItem\",\"position\":1,\"name\":\"Strona g\u0142\u00f3wna\",\"item\":\"https:\\\/\\\/freekids.pl\\\/es\\\/\"},{\"@type\":\"ListItem\",\"position\":2,\"name\":\"Programa de Promoci\u00f3n del Deporte para Personas con Discapacidad\"}]},{\"@type\":\"WebSite\",\"@id\":\"https:\\\/\\\/freekids.pl\\\/es\\\/#website\",\"url\":\"https:\\\/\\\/freekids.pl\\\/es\\\/\",\"name\":\"FreeKids Playgrounds | Sport | Urban Furniture\",\"description\":\"Dream it, do it !\",\"potentialAction\":[{\"@type\":\"SearchAction\",\"target\":{\"@type\":\"EntryPoint\",\"urlTemplate\":\"https:\\\/\\\/freekids.pl\\\/es\\\/?s={search_term_string}\"},\"query-input\":{\"@type\":\"PropertyValueSpecification\",\"valueRequired\":true,\"valueName\":\"search_term_string\"}}],\"inLanguage\":\"es\"}]}<\/script>\n<!-- \/ Yoast SEO plugin. -->","yoast_head_json":{"title":"Programa de Promoci\u00f3n del Deporte para Personas con Discapacidad - Freekids.pl","robots":{"index":"index","follow":"follow","max-snippet":"max-snippet:-1","max-image-preview":"max-image-preview:large","max-video-preview":"max-video-preview:-1"},"canonical":"https:\/\/freekids.pl\/es\/programa-de-promocion-del-deporte-para-personas-con-discapacidad\/","og_locale":"es_ES","og_type":"article","og_title":"Programa de Promoci\u00f3n del Deporte para Personas con Discapacidad - Freekids.pl","og_description":"FreeKids &#8211; Tu apoyo en el Programa de Promoci\u00f3n del Deporte para Personas con Discapacidad El Programa de Fomento del Deporte para Personas con Discapacidad, con un presupuesto de 35.000.000 PLN, es una herramienta clave para apoyar la inclusi\u00f3n deportiva. Dirigido a ONG, clubes deportivos y autoridades locales, el programa ofrece financiaci\u00f3n para la compra [&hellip;]","og_url":"https:\/\/freekids.pl\/es\/programa-de-promocion-del-deporte-para-personas-con-discapacidad\/","og_site_name":"FreeKids Playgrounds | Sport | Urban Furniture","og_image":[{"url":"https:\/\/freekids.pl\/wp-content\/uploads\/2025\/01\/wdsci02_sciezka_sensoryczna_-_wiz.4.jpg-scaled.jpg","type":"","width":"","height":""}],"twitter_card":"summary_large_image","twitter_misc":{"Tiempo de lectura":"2 minutos"},"schema":{"@context":"https:\/\/schema.org","@graph":[{"@type":"WebPage","@id":"https:\/\/freekids.pl\/es\/programa-de-promocion-del-deporte-para-personas-con-discapacidad\/","url":"https:\/\/freekids.pl\/es\/programa-de-promocion-del-deporte-para-personas-con-discapacidad\/","name":"Programa de Promoci\u00f3n del Deporte para Personas con Discapacidad - Freekids.pl","isPartOf":{"@id":"https:\/\/freekids.pl\/es\/#website"},"primaryImageOfPage":{"@id":"https:\/\/freekids.pl\/es\/programa-de-promocion-del-deporte-para-personas-con-discapacidad\/#primaryimage"},"image":{"@id":"https:\/\/freekids.pl\/es\/programa-de-promocion-del-deporte-para-personas-con-discapacidad\/#primaryimage"},"thumbnailUrl":"https:\/\/freekids.pl\/wp-content\/uploads\/2025\/01\/wdsci02_sciezka_sensoryczna_-_wiz.4.jpg-scaled.jpg","datePublished":"2025-04-01T10:36:13+00:00","breadcrumb":{"@id":"https:\/\/freekids.pl\/es\/programa-de-promocion-del-deporte-para-personas-con-discapacidad\/#breadcrumb"},"inLanguage":"es","potentialAction":[{"@type":"ReadAction","target":["https:\/\/freekids.pl\/es\/programa-de-promocion-del-deporte-para-personas-con-discapacidad\/"]}]},{"@type":"ImageObject","inLanguage":"es","@id":"https:\/\/freekids.pl\/es\/programa-de-promocion-del-deporte-para-personas-con-discapacidad\/#primaryimage","url":"https:\/\/freekids.pl\/wp-content\/uploads\/2025\/01\/wdsci02_sciezka_sensoryczna_-_wiz.4.jpg-scaled.jpg","contentUrl":"https:\/\/freekids.pl\/wp-content\/uploads\/2025\/01\/wdsci02_sciezka_sensoryczna_-_wiz.4.jpg-scaled.jpg"},{"@type":"BreadcrumbList","@id":"https:\/\/freekids.pl\/es\/programa-de-promocion-del-deporte-para-personas-con-discapacidad\/#breadcrumb","itemListElement":[{"@type":"ListItem","position":1,"name":"Strona g\u0142\u00f3wna","item":"https:\/\/freekids.pl\/es\/"},{"@type":"ListItem","position":2,"name":"Programa de Promoci\u00f3n del Deporte para Personas con Discapacidad"}]},{"@type":"WebSite","@id":"https:\/\/freekids.pl\/es\/#website","url":"https:\/\/freekids.pl\/es\/","name":"FreeKids Playgrounds | Sport | Urban Furniture","description":"Dream it, do it !","potentialAction":[{"@type":"SearchAction","target":{"@type":"EntryPoint","urlTemplate":"https:\/\/freekids.pl\/es\/?s={search_term_string}"},"query-input":{"@type":"PropertyValueSpecification","valueRequired":true,"valueName":"search_term_string"}}],"inLanguage":"es"}]}},"_links":{"self":[{"href":"https:\/\/freekids.pl\/es\/wp-json\/wp\/v2\/pages\/199547","targetHints":{"allow":["GET"]}}],"collection":[{"href":"https:\/\/freekids.pl\/es\/wp-json\/wp\/v2\/pages"}],"about":[{"href":"https:\/\/freekids.pl\/es\/wp-json\/wp\/v2\/types\/page"}],"author":[{"embeddable":true,"href":"https:\/\/freekids.pl\/es\/wp-json\/wp\/v2\/users\/7"}],"replies":[{"embeddable":true,"href":"https:\/\/freekids.pl\/es\/wp-json\/wp\/v2\/comments?post=199547"}],"version-history":[{"count":0,"href":"https:\/\/freekids.pl\/es\/wp-json\/wp\/v2\/pages\/199547\/revisions"}],"wp:attachment":[{"href":"https:\/\/freekids.pl\/es\/wp-json\/wp\/v2\/media?parent=199547"}],"curies":[{"name":"wp","href":"https:\/\/api.w.org\/{rel}","templated":true}]}}