{"id":191948,"date":"2024-10-23T21:12:17","date_gmt":"2024-10-23T19:12:17","guid":{"rendered":"https:\/\/freekids.pl\/produkt\/max-2\/"},"modified":"2025-10-17T14:56:08","modified_gmt":"2025-10-17T12:56:08","slug":"max-2","status":"publish","type":"product","link":"https:\/\/freekids.pl\/es\/produkt\/max-2\/","title":{"rendered":"MAX 2"},"content":{"rendered":"","protected":false},"excerpt":{"rendered":"<p>Estructura en forma de torre mirador rodeada de toboganes tubulares con diferentes formas de acceso al interior. Cada dos paredes est\u00e1n fabricadas con chapa perforada que garantiza la visibilidad de los ni\u00f1os en el interior del aparato y la ventilaci\u00f3n. Los puntos panor\u00e1micos m\u00e1s altos del aparato est\u00e1n ampliados con respecto a la base, lo que garantiza una mejor visibilidad. El pasillo vertical central est\u00e1 dise\u00f1ado de manera que un adulto pueda bajar a un ni\u00f1o desde lo m\u00e1s alto.   <\/p>\n<div id=\"highlighter--hover-tools\" style=\"display: none;\">\n<div id=\"highlighter--hover-tools--container\">\n<div class=\"highlighter--icon highlighter--icon-copy\" title=\"Copia\"><\/div>\n<div class=\"highlighter--icon highlighter--icon-change-color\" title=\"Cambiar color\"><\/div>\n<div class=\"highlighter--icon highlighter--icon-delete\" title=\"Borra\"><\/div>\n<\/div>\n<\/div>\n","protected":false},"featured_media":171448,"template":"","meta":{"_acf_changed":false},"product_cat":[551,478,759],"product_tag":[],"class_list":{"0":"post-191948","1":"product","2":"type-product","3":"status-publish","4":"has-post-thumbnail","6":"product_series-max-es","7":"product_group-original-es","8":"product_cat-conjuntos-multifuncionales","9":"product_cat-parques-infantiles","10":"product_cat-wysokie-konstrukcje-es","12":"first","13":"outofstock","14":"shipping-taxable","15":"purchasable","16":"product-type-simple"},"acf":[],"yoast_head":"<!-- This site is optimized with the Yoast SEO plugin v27.4 - https:\/\/yoast.com\/product\/yoast-seo-wordpress\/ -->\n<title>Conjunto MAX 2 parque infantil con toboganes - Freekids.pl<\/title>\n<meta name=\"robots\" content=\"index, follow, max-snippet:-1, max-image-preview:large, max-video-preview:-1\" \/>\n<link rel=\"canonical\" href=\"https:\/\/freekids.pl\/es\/produkt\/max-2\/\" \/>\n<meta property=\"og:locale\" content=\"es_ES\" \/>\n<meta property=\"og:type\" content=\"article\" \/>\n<meta property=\"og:title\" content=\"Conjunto MAX 2 parque infantil con toboganes - Freekids.pl\" \/>\n<meta property=\"og:description\" content=\"Estructura en forma de torre mirador rodeada de toboganes tubulares con diferentes formas de acceso al interior. Cada dos paredes est\u00e1n fabricadas con chapa perforada que garantiza la visibilidad de los ni\u00f1os en el interior del aparato y la ventilaci\u00f3n. Los puntos panor\u00e1micos m\u00e1s altos del aparato est\u00e1n ampliados con respecto a la base, lo que garantiza una mejor visibilidad. El pasillo vertical central est\u00e1 dise\u00f1ado de manera que un adulto pueda bajar a un ni\u00f1o desde lo m\u00e1s alto.\" \/>\n<meta property=\"og:url\" content=\"https:\/\/freekids.pl\/es\/produkt\/max-2\/\" \/>\n<meta property=\"og:site_name\" content=\"FreeKids Playgrounds | Sport | Urban Furniture\" \/>\n<meta property=\"article:modified_time\" content=\"2025-10-17T12:56:08+00:00\" \/>\n<meta property=\"og:image\" content=\"https:\/\/freekids.pl\/wp-content\/uploads\/2025\/01\/0370002_max_nord2_-wiz.1.jpg\" \/>\n\t<meta property=\"og:image:width\" content=\"2000\" \/>\n\t<meta property=\"og:image:height\" content=\"2000\" \/>\n\t<meta property=\"og:image:type\" content=\"image\/jpeg\" \/>\n<meta name=\"twitter:card\" content=\"summary_large_image\" \/>\n<script type=\"application\/ld+json\" class=\"yoast-schema-graph\">{\"@context\":\"https:\\\/\\\/schema.org\",\"@graph\":[{\"@type\":\"WebPage\",\"@id\":\"https:\\\/\\\/freekids.pl\\\/es\\\/produkt\\\/max-2\\\/\",\"url\":\"https:\\\/\\\/freekids.pl\\\/es\\\/produkt\\\/max-2\\\/\",\"name\":\"Conjunto MAX 2 parque infantil con toboganes - Freekids.pl\",\"isPartOf\":{\"@id\":\"https:\\\/\\\/freekids.pl\\\/es\\\/#website\"},\"primaryImageOfPage\":{\"@id\":\"https:\\\/\\\/freekids.pl\\\/es\\\/produkt\\\/max-2\\\/#primaryimage\"},\"image\":{\"@id\":\"https:\\\/\\\/freekids.pl\\\/es\\\/produkt\\\/max-2\\\/#primaryimage\"},\"thumbnailUrl\":\"https:\\\/\\\/freekids.pl\\\/wp-content\\\/uploads\\\/2025\\\/01\\\/0370002_max_nord2_-wiz.1.jpg\",\"datePublished\":\"2024-10-23T19:12:17+00:00\",\"dateModified\":\"2025-10-17T12:56:08+00:00\",\"breadcrumb\":{\"@id\":\"https:\\\/\\\/freekids.pl\\\/es\\\/produkt\\\/max-2\\\/#breadcrumb\"},\"inLanguage\":\"es\",\"potentialAction\":[{\"@type\":\"ReadAction\",\"target\":[\"https:\\\/\\\/freekids.pl\\\/es\\\/produkt\\\/max-2\\\/\"]}]},{\"@type\":\"ImageObject\",\"inLanguage\":\"es\",\"@id\":\"https:\\\/\\\/freekids.pl\\\/es\\\/produkt\\\/max-2\\\/#primaryimage\",\"url\":\"https:\\\/\\\/freekids.pl\\\/wp-content\\\/uploads\\\/2025\\\/01\\\/0370002_max_nord2_-wiz.1.jpg\",\"contentUrl\":\"https:\\\/\\\/freekids.pl\\\/wp-content\\\/uploads\\\/2025\\\/01\\\/0370002_max_nord2_-wiz.1.jpg\",\"width\":2000,\"height\":2000},{\"@type\":\"BreadcrumbList\",\"@id\":\"https:\\\/\\\/freekids.pl\\\/es\\\/produkt\\\/max-2\\\/#breadcrumb\",\"itemListElement\":[{\"@type\":\"ListItem\",\"position\":1,\"name\":\"Strona g\u0142\u00f3wna\",\"item\":\"https:\\\/\\\/freekids.pl\\\/es\\\/\"},{\"@type\":\"ListItem\",\"position\":2,\"name\":\"Productos\",\"item\":\"https:\\\/\\\/freekids.pl\\\/es\\\/productos\\\/\"},{\"@type\":\"ListItem\",\"position\":3,\"name\":\"MAX 2\"}]},{\"@type\":\"WebSite\",\"@id\":\"https:\\\/\\\/freekids.pl\\\/es\\\/#website\",\"url\":\"https:\\\/\\\/freekids.pl\\\/es\\\/\",\"name\":\"FreeKids Playgrounds | Sport | Urban Furniture\",\"description\":\"Dream it, do it !\",\"potentialAction\":[{\"@type\":\"SearchAction\",\"target\":{\"@type\":\"EntryPoint\",\"urlTemplate\":\"https:\\\/\\\/freekids.pl\\\/es\\\/?s={search_term_string}\"},\"query-input\":{\"@type\":\"PropertyValueSpecification\",\"valueRequired\":true,\"valueName\":\"search_term_string\"}}],\"inLanguage\":\"es\"}]}<\/script>\n<!-- \/ Yoast SEO plugin. -->","yoast_head_json":{"title":"Conjunto MAX 2 parque infantil con toboganes - Freekids.pl","robots":{"index":"index","follow":"follow","max-snippet":"max-snippet:-1","max-image-preview":"max-image-preview:large","max-video-preview":"max-video-preview:-1"},"canonical":"https:\/\/freekids.pl\/es\/produkt\/max-2\/","og_locale":"es_ES","og_type":"article","og_title":"Conjunto MAX 2 parque infantil con toboganes - Freekids.pl","og_description":"Estructura en forma de torre mirador rodeada de toboganes tubulares con diferentes formas de acceso al interior. Cada dos paredes est\u00e1n fabricadas con chapa perforada que garantiza la visibilidad de los ni\u00f1os en el interior del aparato y la ventilaci\u00f3n. Los puntos panor\u00e1micos m\u00e1s altos del aparato est\u00e1n ampliados con respecto a la base, lo que garantiza una mejor visibilidad. El pasillo vertical central est\u00e1 dise\u00f1ado de manera que un adulto pueda bajar a un ni\u00f1o desde lo m\u00e1s alto.","og_url":"https:\/\/freekids.pl\/es\/produkt\/max-2\/","og_site_name":"FreeKids Playgrounds | Sport | Urban Furniture","article_modified_time":"2025-10-17T12:56:08+00:00","og_image":[{"width":2000,"height":2000,"url":"https:\/\/freekids.pl\/wp-content\/uploads\/2025\/01\/0370002_max_nord2_-wiz.1.jpg","type":"image\/jpeg"}],"twitter_card":"summary_large_image","schema":{"@context":"https:\/\/schema.org","@graph":[{"@type":"WebPage","@id":"https:\/\/freekids.pl\/es\/produkt\/max-2\/","url":"https:\/\/freekids.pl\/es\/produkt\/max-2\/","name":"Conjunto MAX 2 parque infantil con toboganes - Freekids.pl","isPartOf":{"@id":"https:\/\/freekids.pl\/es\/#website"},"primaryImageOfPage":{"@id":"https:\/\/freekids.pl\/es\/produkt\/max-2\/#primaryimage"},"image":{"@id":"https:\/\/freekids.pl\/es\/produkt\/max-2\/#primaryimage"},"thumbnailUrl":"https:\/\/freekids.pl\/wp-content\/uploads\/2025\/01\/0370002_max_nord2_-wiz.1.jpg","datePublished":"2024-10-23T19:12:17+00:00","dateModified":"2025-10-17T12:56:08+00:00","breadcrumb":{"@id":"https:\/\/freekids.pl\/es\/produkt\/max-2\/#breadcrumb"},"inLanguage":"es","potentialAction":[{"@type":"ReadAction","target":["https:\/\/freekids.pl\/es\/produkt\/max-2\/"]}]},{"@type":"ImageObject","inLanguage":"es","@id":"https:\/\/freekids.pl\/es\/produkt\/max-2\/#primaryimage","url":"https:\/\/freekids.pl\/wp-content\/uploads\/2025\/01\/0370002_max_nord2_-wiz.1.jpg","contentUrl":"https:\/\/freekids.pl\/wp-content\/uploads\/2025\/01\/0370002_max_nord2_-wiz.1.jpg","width":2000,"height":2000},{"@type":"BreadcrumbList","@id":"https:\/\/freekids.pl\/es\/produkt\/max-2\/#breadcrumb","itemListElement":[{"@type":"ListItem","position":1,"name":"Strona g\u0142\u00f3wna","item":"https:\/\/freekids.pl\/es\/"},{"@type":"ListItem","position":2,"name":"Productos","item":"https:\/\/freekids.pl\/es\/productos\/"},{"@type":"ListItem","position":3,"name":"MAX 2"}]},{"@type":"WebSite","@id":"https:\/\/freekids.pl\/es\/#website","url":"https:\/\/freekids.pl\/es\/","name":"FreeKids Playgrounds | Sport | Urban Furniture","description":"Dream it, do it !","potentialAction":[{"@type":"SearchAction","target":{"@type":"EntryPoint","urlTemplate":"https:\/\/freekids.pl\/es\/?s={search_term_string}"},"query-input":{"@type":"PropertyValueSpecification","valueRequired":true,"valueName":"search_term_string"}}],"inLanguage":"es"}]}},"_links":{"self":[{"href":"https:\/\/freekids.pl\/es\/wp-json\/wp\/v2\/product\/191948","targetHints":{"allow":["GET"]}}],"collection":[{"href":"https:\/\/freekids.pl\/es\/wp-json\/wp\/v2\/product"}],"about":[{"href":"https:\/\/freekids.pl\/es\/wp-json\/wp\/v2\/types\/product"}],"wp:featuredmedia":[{"embeddable":true,"href":"https:\/\/freekids.pl\/es\/wp-json\/wp\/v2\/media\/171448"}],"wp:attachment":[{"href":"https:\/\/freekids.pl\/es\/wp-json\/wp\/v2\/media?parent=191948"}],"wp:term":[{"taxonomy":"product_cat","embeddable":true,"href":"https:\/\/freekids.pl\/es\/wp-json\/wp\/v2\/product_cat?post=191948"},{"taxonomy":"product_tag","embeddable":true,"href":"https:\/\/freekids.pl\/es\/wp-json\/wp\/v2\/product_tag?post=191948"}],"curies":[{"name":"wp","href":"https:\/\/api.w.org\/{rel}","templated":true}]}}