{"id":191967,"date":"2024-10-23T21:13:35","date_gmt":"2024-10-23T19:13:35","guid":{"rendered":"https:\/\/freekids.pl\/produkt\/atak-krakena\/"},"modified":"2025-10-17T14:57:32","modified_gmt":"2025-10-17T12:57:32","slug":"atak-krakena","status":"publish","type":"product","link":"https:\/\/freekids.pl\/es\/produkt\/atak-krakena\/","title":{"rendered":"Kraken attack"},"content":{"rendered":"","protected":false},"excerpt":{"rendered":"<p>Dispositivo compuesto por un kraken y un barco que se hunde. Dispositivo con forma de kraken construido sobre un plano circular con 4 pares de tent\u00e1culos. Los tent\u00e1culos est\u00e1n fabricados con segmentos fijados sobre resortes y unidos entre s\u00ed con cuerdas. La cabeza del kraken est\u00e1 equipada con un tobog\u00e1n tubular giratorio de acero inoxidable, plataformas y redes de cuerdas y cuerdas espaciales. Dispositivo con forma de barco hundido, compuesto por una parte de proa de f\u00e1cil acceso, una parte de popa de dif\u00edcil acceso, plataformas sobre resortes con forma de tibur\u00f3n y restos del barco, y una red de cuerdas que imita un m\u00e1stil volcado. La parte de proa est\u00e1 equipada con escaleras, una pared inclinada para trepar, un tobog\u00e1n y una red de cuerdas. La parte de popa est\u00e1 construida en su totalidad con una inclinaci\u00f3n de 20 grados. Todas las pasarelas y postes deben estar inclinados para imitar un barco que se hunde. Adem\u00e1s, debe incluir numerosas redes de cuerdas, un tim\u00f3n y ca\u00f1ones m\u00f3viles.        <\/p>\n<div id=\"highlighter--hover-tools\" style=\"display: none;\">\n<div id=\"highlighter--hover-tools--container\">\n<div class=\"highlighter--icon highlighter--icon-copy\" title=\"Copia\"><\/div>\n<div class=\"highlighter--icon highlighter--icon-change-color\" title=\"Cambiar color\"><\/div>\n<div class=\"highlighter--icon highlighter--icon-delete\" title=\"Borra\"><\/div>\n<\/div>\n<\/div>\n","protected":false},"featured_media":170751,"template":"","meta":{"_acf_changed":false,"ep_exclude_from_search":false},"product_cat":[551,478],"product_tag":[],"class_list":{"0":"post-191967","1":"product","2":"type-product","3":"status-publish","4":"has-post-thumbnail","6":"product_series-by-the-sea-es","7":"product_group-original-es","8":"product_cat-conjuntos-multifuncionales","9":"product_cat-parques-infantiles","11":"first","12":"outofstock","13":"shipping-taxable","14":"purchasable","15":"product-type-simple"},"acf":[],"yoast_head":"<!-- This site is optimized with the Yoast SEO plugin v27.4 - https:\/\/yoast.com\/product\/yoast-seo-wordpress\/ -->\n<title>Conjunto Atak Krakena, parque infantil con cuerdas y toboganes - Freekids.pl<\/title>\n<meta name=\"robots\" content=\"index, follow, max-snippet:-1, max-image-preview:large, max-video-preview:-1\" \/>\n<link rel=\"canonical\" href=\"https:\/\/freekids.pl\/es\/produkt\/atak-krakena\/\" \/>\n<meta property=\"og:locale\" content=\"es_ES\" \/>\n<meta property=\"og:type\" content=\"article\" \/>\n<meta property=\"og:title\" content=\"Conjunto Atak Krakena, parque infantil con cuerdas y toboganes - Freekids.pl\" \/>\n<meta property=\"og:description\" content=\"Dispositivo compuesto por un kraken y un barco que se hunde. Dispositivo con forma de kraken construido sobre un plano circular con 4 pares de tent\u00e1culos. Los tent\u00e1culos est\u00e1n fabricados con segmentos fijados sobre resortes y unidos entre s\u00ed con cuerdas. La cabeza del kraken est\u00e1 equipada con un tobog\u00e1n tubular giratorio de acero inoxidable, plataformas y redes de cuerdas y cuerdas espaciales. Dispositivo con forma de barco hundido, compuesto por una parte de proa de f\u00e1cil acceso, una parte de popa de dif\u00edcil acceso, plataformas sobre resortes con forma de tibur\u00f3n y restos del barco, y una red de cuerdas que imita un m\u00e1stil volcado. La parte de proa est\u00e1 equipada con escaleras, una pared inclinada para trepar, un tobog\u00e1n y una red de cuerdas. La parte de popa est\u00e1 construida en su totalidad con una inclinaci\u00f3n de 20 grados. Todas las pasarelas y postes deben estar inclinados para imitar un barco que se hunde. Adem\u00e1s, debe incluir numerosas redes de cuerdas, un tim\u00f3n y ca\u00f1ones m\u00f3viles.\" \/>\n<meta property=\"og:url\" content=\"https:\/\/freekids.pl\/es\/produkt\/atak-krakena\/\" \/>\n<meta property=\"og:site_name\" content=\"FreeKids Playgrounds | Sport | Urban Furniture\" \/>\n<meta property=\"article:modified_time\" content=\"2025-10-17T12:57:32+00:00\" \/>\n<meta property=\"og:image\" content=\"https:\/\/freekids.pl\/wp-content\/uploads\/2024\/11\/0280071AtakKrakena-wiz.1-3-scaled.jpg\" \/>\n\t<meta property=\"og:image:width\" content=\"2560\" \/>\n\t<meta property=\"og:image:height\" content=\"1657\" \/>\n\t<meta property=\"og:image:type\" content=\"image\/jpeg\" \/>\n<meta name=\"twitter:card\" content=\"summary_large_image\" \/>\n<script type=\"application\/ld+json\" class=\"yoast-schema-graph\">{\"@context\":\"https:\\\/\\\/schema.org\",\"@graph\":[{\"@type\":\"WebPage\",\"@id\":\"https:\\\/\\\/freekids.pl\\\/es\\\/produkt\\\/atak-krakena\\\/\",\"url\":\"https:\\\/\\\/freekids.pl\\\/es\\\/produkt\\\/atak-krakena\\\/\",\"name\":\"Conjunto Atak Krakena, parque infantil con cuerdas y toboganes - Freekids.pl\",\"isPartOf\":{\"@id\":\"https:\\\/\\\/freekids.pl\\\/es\\\/#website\"},\"primaryImageOfPage\":{\"@id\":\"https:\\\/\\\/freekids.pl\\\/es\\\/produkt\\\/atak-krakena\\\/#primaryimage\"},\"image\":{\"@id\":\"https:\\\/\\\/freekids.pl\\\/es\\\/produkt\\\/atak-krakena\\\/#primaryimage\"},\"thumbnailUrl\":\"https:\\\/\\\/freekids.pl\\\/wp-content\\\/uploads\\\/2024\\\/11\\\/0280071AtakKrakena-wiz.1-3-scaled.jpg\",\"datePublished\":\"2024-10-23T19:13:35+00:00\",\"dateModified\":\"2025-10-17T12:57:32+00:00\",\"breadcrumb\":{\"@id\":\"https:\\\/\\\/freekids.pl\\\/es\\\/produkt\\\/atak-krakena\\\/#breadcrumb\"},\"inLanguage\":\"es\",\"potentialAction\":[{\"@type\":\"ReadAction\",\"target\":[\"https:\\\/\\\/freekids.pl\\\/es\\\/produkt\\\/atak-krakena\\\/\"]}]},{\"@type\":\"ImageObject\",\"inLanguage\":\"es\",\"@id\":\"https:\\\/\\\/freekids.pl\\\/es\\\/produkt\\\/atak-krakena\\\/#primaryimage\",\"url\":\"https:\\\/\\\/freekids.pl\\\/wp-content\\\/uploads\\\/2024\\\/11\\\/0280071AtakKrakena-wiz.1-3-scaled.jpg\",\"contentUrl\":\"https:\\\/\\\/freekids.pl\\\/wp-content\\\/uploads\\\/2024\\\/11\\\/0280071AtakKrakena-wiz.1-3-scaled.jpg\",\"width\":2560,\"height\":1657},{\"@type\":\"BreadcrumbList\",\"@id\":\"https:\\\/\\\/freekids.pl\\\/es\\\/produkt\\\/atak-krakena\\\/#breadcrumb\",\"itemListElement\":[{\"@type\":\"ListItem\",\"position\":1,\"name\":\"Strona g\u0142\u00f3wna\",\"item\":\"https:\\\/\\\/freekids.pl\\\/es\\\/\"},{\"@type\":\"ListItem\",\"position\":2,\"name\":\"Productos\",\"item\":\"https:\\\/\\\/freekids.pl\\\/es\\\/productos\\\/\"},{\"@type\":\"ListItem\",\"position\":3,\"name\":\"Atak Krakena\"}]},{\"@type\":\"WebSite\",\"@id\":\"https:\\\/\\\/freekids.pl\\\/es\\\/#website\",\"url\":\"https:\\\/\\\/freekids.pl\\\/es\\\/\",\"name\":\"FreeKids Playgrounds | Sport | Urban Furniture\",\"description\":\"Dream it, do it !\",\"potentialAction\":[{\"@type\":\"SearchAction\",\"target\":{\"@type\":\"EntryPoint\",\"urlTemplate\":\"https:\\\/\\\/freekids.pl\\\/es\\\/?s={search_term_string}\"},\"query-input\":{\"@type\":\"PropertyValueSpecification\",\"valueRequired\":true,\"valueName\":\"search_term_string\"}}],\"inLanguage\":\"es\"}]}<\/script>\n<!-- \/ Yoast SEO plugin. -->","yoast_head_json":{"title":"Conjunto Atak Krakena, parque infantil con cuerdas y toboganes - Freekids.pl","robots":{"index":"index","follow":"follow","max-snippet":"max-snippet:-1","max-image-preview":"max-image-preview:large","max-video-preview":"max-video-preview:-1"},"canonical":"https:\/\/freekids.pl\/es\/produkt\/atak-krakena\/","og_locale":"es_ES","og_type":"article","og_title":"Conjunto Atak Krakena, parque infantil con cuerdas y toboganes - Freekids.pl","og_description":"Dispositivo compuesto por un kraken y un barco que se hunde. Dispositivo con forma de kraken construido sobre un plano circular con 4 pares de tent\u00e1culos. Los tent\u00e1culos est\u00e1n fabricados con segmentos fijados sobre resortes y unidos entre s\u00ed con cuerdas. La cabeza del kraken est\u00e1 equipada con un tobog\u00e1n tubular giratorio de acero inoxidable, plataformas y redes de cuerdas y cuerdas espaciales. Dispositivo con forma de barco hundido, compuesto por una parte de proa de f\u00e1cil acceso, una parte de popa de dif\u00edcil acceso, plataformas sobre resortes con forma de tibur\u00f3n y restos del barco, y una red de cuerdas que imita un m\u00e1stil volcado. La parte de proa est\u00e1 equipada con escaleras, una pared inclinada para trepar, un tobog\u00e1n y una red de cuerdas. La parte de popa est\u00e1 construida en su totalidad con una inclinaci\u00f3n de 20 grados. Todas las pasarelas y postes deben estar inclinados para imitar un barco que se hunde. Adem\u00e1s, debe incluir numerosas redes de cuerdas, un tim\u00f3n y ca\u00f1ones m\u00f3viles.","og_url":"https:\/\/freekids.pl\/es\/produkt\/atak-krakena\/","og_site_name":"FreeKids Playgrounds | Sport | Urban Furniture","article_modified_time":"2025-10-17T12:57:32+00:00","og_image":[{"width":2560,"height":1657,"url":"https:\/\/freekids.pl\/wp-content\/uploads\/2024\/11\/0280071AtakKrakena-wiz.1-3-scaled.jpg","type":"image\/jpeg"}],"twitter_card":"summary_large_image","schema":{"@context":"https:\/\/schema.org","@graph":[{"@type":"WebPage","@id":"https:\/\/freekids.pl\/es\/produkt\/atak-krakena\/","url":"https:\/\/freekids.pl\/es\/produkt\/atak-krakena\/","name":"Conjunto Atak Krakena, parque infantil con cuerdas y toboganes - Freekids.pl","isPartOf":{"@id":"https:\/\/freekids.pl\/es\/#website"},"primaryImageOfPage":{"@id":"https:\/\/freekids.pl\/es\/produkt\/atak-krakena\/#primaryimage"},"image":{"@id":"https:\/\/freekids.pl\/es\/produkt\/atak-krakena\/#primaryimage"},"thumbnailUrl":"https:\/\/freekids.pl\/wp-content\/uploads\/2024\/11\/0280071AtakKrakena-wiz.1-3-scaled.jpg","datePublished":"2024-10-23T19:13:35+00:00","dateModified":"2025-10-17T12:57:32+00:00","breadcrumb":{"@id":"https:\/\/freekids.pl\/es\/produkt\/atak-krakena\/#breadcrumb"},"inLanguage":"es","potentialAction":[{"@type":"ReadAction","target":["https:\/\/freekids.pl\/es\/produkt\/atak-krakena\/"]}]},{"@type":"ImageObject","inLanguage":"es","@id":"https:\/\/freekids.pl\/es\/produkt\/atak-krakena\/#primaryimage","url":"https:\/\/freekids.pl\/wp-content\/uploads\/2024\/11\/0280071AtakKrakena-wiz.1-3-scaled.jpg","contentUrl":"https:\/\/freekids.pl\/wp-content\/uploads\/2024\/11\/0280071AtakKrakena-wiz.1-3-scaled.jpg","width":2560,"height":1657},{"@type":"BreadcrumbList","@id":"https:\/\/freekids.pl\/es\/produkt\/atak-krakena\/#breadcrumb","itemListElement":[{"@type":"ListItem","position":1,"name":"Strona g\u0142\u00f3wna","item":"https:\/\/freekids.pl\/es\/"},{"@type":"ListItem","position":2,"name":"Productos","item":"https:\/\/freekids.pl\/es\/productos\/"},{"@type":"ListItem","position":3,"name":"Atak Krakena"}]},{"@type":"WebSite","@id":"https:\/\/freekids.pl\/es\/#website","url":"https:\/\/freekids.pl\/es\/","name":"FreeKids Playgrounds | Sport | Urban Furniture","description":"Dream it, do it !","potentialAction":[{"@type":"SearchAction","target":{"@type":"EntryPoint","urlTemplate":"https:\/\/freekids.pl\/es\/?s={search_term_string}"},"query-input":{"@type":"PropertyValueSpecification","valueRequired":true,"valueName":"search_term_string"}}],"inLanguage":"es"}]}},"_links":{"self":[{"href":"https:\/\/freekids.pl\/es\/wp-json\/wp\/v2\/product\/191967","targetHints":{"allow":["GET"]}}],"collection":[{"href":"https:\/\/freekids.pl\/es\/wp-json\/wp\/v2\/product"}],"about":[{"href":"https:\/\/freekids.pl\/es\/wp-json\/wp\/v2\/types\/product"}],"wp:featuredmedia":[{"embeddable":true,"href":"https:\/\/freekids.pl\/es\/wp-json\/wp\/v2\/media\/170751"}],"wp:attachment":[{"href":"https:\/\/freekids.pl\/es\/wp-json\/wp\/v2\/media?parent=191967"}],"wp:term":[{"taxonomy":"product_cat","embeddable":true,"href":"https:\/\/freekids.pl\/es\/wp-json\/wp\/v2\/product_cat?post=191967"},{"taxonomy":"product_tag","embeddable":true,"href":"https:\/\/freekids.pl\/es\/wp-json\/wp\/v2\/product_tag?post=191967"}],"curies":[{"name":"wp","href":"https:\/\/api.w.org\/{rel}","templated":true}]}}