{"id":197949,"date":"2025-01-18T22:12:36","date_gmt":"2025-01-18T21:12:36","guid":{"rendered":"https:\/\/freekids.pl\/produkt\/lote-lumi\/"},"modified":"2025-10-21T07:45:16","modified_gmt":"2025-10-21T05:45:16","slug":"lote-lumi","status":"publish","type":"product","link":"https:\/\/freekids.pl\/es\/produkt\/lote-lumi\/","title":{"rendered":"Lote Lumi"},"content":{"rendered":"","protected":false},"excerpt":{"rendered":"<p>Un accesorio con forma de avi\u00f3n futurista, asentado sobre muelles. Fabricado con un armaz\u00f3n de acero inoxidable soldado y vigas de madera laminada curvada. Equipado con un asiento de polietileno de alta densidad y acero inoxidable, dos paneles luminosos que se cargan mediante energ\u00eda fotovoltaica y se encienden al anochecer encerrados en una carcasa met\u00e1lica, dos paredes de escalada inclinadas, dos t\u00faneles de polietileno de alta densidad en forma de motores, un linarium horizontal, dos toboganes de bombero y elementos manipulativos.  <\/p>\n","protected":false},"featured_media":172515,"template":"","meta":{"_acf_changed":false,"ep_exclude_from_search":false},"product_cat":[551,478,473,528],"product_tag":[],"class_list":{"0":"post-197949","1":"product","2":"type-product","3":"status-publish","4":"has-post-thumbnail","6":"product_series-lumi-es","7":"product_group-original-es","8":"product_cat-conjuntos-multifuncionales","9":"product_cat-parques-infantiles","10":"product_cat-sin-categoria","11":"product_cat-vehiculos","13":"first","14":"instock","15":"shipping-taxable","16":"purchasable","17":"product-type-simple"},"acf":[],"yoast_head":"<!-- This site is optimized with the Yoast SEO plugin v27.4 - https:\/\/yoast.com\/product\/yoast-seo-wordpress\/ -->\n<title>Veh\u00edculo de muelle Lumi Flight para el parque infantil - Freekids.es<\/title>\n<meta name=\"robots\" content=\"index, follow, max-snippet:-1, max-image-preview:large, max-video-preview:-1\" \/>\n<link rel=\"canonical\" href=\"https:\/\/freekids.pl\/es\/produkt\/lote-lumi\/\" \/>\n<meta property=\"og:locale\" content=\"es_ES\" \/>\n<meta property=\"og:type\" content=\"article\" \/>\n<meta property=\"og:title\" content=\"Veh\u00edculo de muelle Lumi Flight para el parque infantil - Freekids.es\" \/>\n<meta property=\"og:description\" content=\"Un accesorio con forma de avi\u00f3n futurista, asentado sobre muelles. Fabricado con un armaz\u00f3n de acero inoxidable soldado y vigas de madera laminada curvada. Equipado con un asiento de polietileno de alta densidad y acero inoxidable, dos paneles luminosos que se cargan mediante energ\u00eda fotovoltaica y se encienden al anochecer encerrados en una carcasa met\u00e1lica, dos paredes de escalada inclinadas, dos t\u00faneles de polietileno de alta densidad en forma de motores, un linarium horizontal, dos toboganes de bombero y elementos manipulativos.\" \/>\n<meta property=\"og:url\" content=\"https:\/\/freekids.pl\/es\/produkt\/lote-lumi\/\" \/>\n<meta property=\"og:site_name\" content=\"FreeKids Playgrounds | Sport | Urban Furniture\" \/>\n<meta property=\"article:modified_time\" content=\"2025-10-21T05:45:16+00:00\" \/>\n<meta property=\"og:image\" content=\"https:\/\/freekids.pl\/wp-content\/uploads\/2025\/01\/0230002_lumi_lot_-_wiz.1-scaled.jpg\" \/>\n\t<meta property=\"og:image:width\" content=\"2560\" \/>\n\t<meta property=\"og:image:height\" content=\"1921\" \/>\n\t<meta property=\"og:image:type\" content=\"image\/jpeg\" \/>\n<meta name=\"twitter:card\" content=\"summary_large_image\" \/>\n<script type=\"application\/ld+json\" class=\"yoast-schema-graph\">{\"@context\":\"https:\\\/\\\/schema.org\",\"@graph\":[{\"@type\":\"WebPage\",\"@id\":\"https:\\\/\\\/freekids.pl\\\/es\\\/produkt\\\/lote-lumi\\\/\",\"url\":\"https:\\\/\\\/freekids.pl\\\/es\\\/produkt\\\/lote-lumi\\\/\",\"name\":\"Veh\u00edculo de muelle Lumi Flight para el parque infantil - Freekids.es\",\"isPartOf\":{\"@id\":\"https:\\\/\\\/freekids.pl\\\/es\\\/#website\"},\"primaryImageOfPage\":{\"@id\":\"https:\\\/\\\/freekids.pl\\\/es\\\/produkt\\\/lote-lumi\\\/#primaryimage\"},\"image\":{\"@id\":\"https:\\\/\\\/freekids.pl\\\/es\\\/produkt\\\/lote-lumi\\\/#primaryimage\"},\"thumbnailUrl\":\"https:\\\/\\\/freekids.pl\\\/wp-content\\\/uploads\\\/2025\\\/01\\\/0230002_lumi_lot_-_wiz.1-scaled.jpg\",\"datePublished\":\"2025-01-18T21:12:36+00:00\",\"dateModified\":\"2025-10-21T05:45:16+00:00\",\"breadcrumb\":{\"@id\":\"https:\\\/\\\/freekids.pl\\\/es\\\/produkt\\\/lote-lumi\\\/#breadcrumb\"},\"inLanguage\":\"es\",\"potentialAction\":[{\"@type\":\"ReadAction\",\"target\":[\"https:\\\/\\\/freekids.pl\\\/es\\\/produkt\\\/lote-lumi\\\/\"]}]},{\"@type\":\"ImageObject\",\"inLanguage\":\"es\",\"@id\":\"https:\\\/\\\/freekids.pl\\\/es\\\/produkt\\\/lote-lumi\\\/#primaryimage\",\"url\":\"https:\\\/\\\/freekids.pl\\\/wp-content\\\/uploads\\\/2025\\\/01\\\/0230002_lumi_lot_-_wiz.1-scaled.jpg\",\"contentUrl\":\"https:\\\/\\\/freekids.pl\\\/wp-content\\\/uploads\\\/2025\\\/01\\\/0230002_lumi_lot_-_wiz.1-scaled.jpg\",\"width\":2560,\"height\":1921},{\"@type\":\"BreadcrumbList\",\"@id\":\"https:\\\/\\\/freekids.pl\\\/es\\\/produkt\\\/lote-lumi\\\/#breadcrumb\",\"itemListElement\":[{\"@type\":\"ListItem\",\"position\":1,\"name\":\"Strona g\u0142\u00f3wna\",\"item\":\"https:\\\/\\\/freekids.pl\\\/es\\\/\"},{\"@type\":\"ListItem\",\"position\":2,\"name\":\"Productos\",\"item\":\"https:\\\/\\\/freekids.pl\\\/es\\\/productos\\\/\"},{\"@type\":\"ListItem\",\"position\":3,\"name\":\"Lote Lumi\"}]},{\"@type\":\"WebSite\",\"@id\":\"https:\\\/\\\/freekids.pl\\\/es\\\/#website\",\"url\":\"https:\\\/\\\/freekids.pl\\\/es\\\/\",\"name\":\"FreeKids Playgrounds | Sport | Urban Furniture\",\"description\":\"Dream it, do it !\",\"potentialAction\":[{\"@type\":\"SearchAction\",\"target\":{\"@type\":\"EntryPoint\",\"urlTemplate\":\"https:\\\/\\\/freekids.pl\\\/es\\\/?s={search_term_string}\"},\"query-input\":{\"@type\":\"PropertyValueSpecification\",\"valueRequired\":true,\"valueName\":\"search_term_string\"}}],\"inLanguage\":\"es\"}]}<\/script>\n<!-- \/ Yoast SEO plugin. -->","yoast_head_json":{"title":"Veh\u00edculo de muelle Lumi Flight para el parque infantil - Freekids.es","robots":{"index":"index","follow":"follow","max-snippet":"max-snippet:-1","max-image-preview":"max-image-preview:large","max-video-preview":"max-video-preview:-1"},"canonical":"https:\/\/freekids.pl\/es\/produkt\/lote-lumi\/","og_locale":"es_ES","og_type":"article","og_title":"Veh\u00edculo de muelle Lumi Flight para el parque infantil - Freekids.es","og_description":"Un accesorio con forma de avi\u00f3n futurista, asentado sobre muelles. Fabricado con un armaz\u00f3n de acero inoxidable soldado y vigas de madera laminada curvada. Equipado con un asiento de polietileno de alta densidad y acero inoxidable, dos paneles luminosos que se cargan mediante energ\u00eda fotovoltaica y se encienden al anochecer encerrados en una carcasa met\u00e1lica, dos paredes de escalada inclinadas, dos t\u00faneles de polietileno de alta densidad en forma de motores, un linarium horizontal, dos toboganes de bombero y elementos manipulativos.","og_url":"https:\/\/freekids.pl\/es\/produkt\/lote-lumi\/","og_site_name":"FreeKids Playgrounds | Sport | Urban Furniture","article_modified_time":"2025-10-21T05:45:16+00:00","og_image":[{"width":2560,"height":1921,"url":"https:\/\/freekids.pl\/wp-content\/uploads\/2025\/01\/0230002_lumi_lot_-_wiz.1-scaled.jpg","type":"image\/jpeg"}],"twitter_card":"summary_large_image","schema":{"@context":"https:\/\/schema.org","@graph":[{"@type":"WebPage","@id":"https:\/\/freekids.pl\/es\/produkt\/lote-lumi\/","url":"https:\/\/freekids.pl\/es\/produkt\/lote-lumi\/","name":"Veh\u00edculo de muelle Lumi Flight para el parque infantil - Freekids.es","isPartOf":{"@id":"https:\/\/freekids.pl\/es\/#website"},"primaryImageOfPage":{"@id":"https:\/\/freekids.pl\/es\/produkt\/lote-lumi\/#primaryimage"},"image":{"@id":"https:\/\/freekids.pl\/es\/produkt\/lote-lumi\/#primaryimage"},"thumbnailUrl":"https:\/\/freekids.pl\/wp-content\/uploads\/2025\/01\/0230002_lumi_lot_-_wiz.1-scaled.jpg","datePublished":"2025-01-18T21:12:36+00:00","dateModified":"2025-10-21T05:45:16+00:00","breadcrumb":{"@id":"https:\/\/freekids.pl\/es\/produkt\/lote-lumi\/#breadcrumb"},"inLanguage":"es","potentialAction":[{"@type":"ReadAction","target":["https:\/\/freekids.pl\/es\/produkt\/lote-lumi\/"]}]},{"@type":"ImageObject","inLanguage":"es","@id":"https:\/\/freekids.pl\/es\/produkt\/lote-lumi\/#primaryimage","url":"https:\/\/freekids.pl\/wp-content\/uploads\/2025\/01\/0230002_lumi_lot_-_wiz.1-scaled.jpg","contentUrl":"https:\/\/freekids.pl\/wp-content\/uploads\/2025\/01\/0230002_lumi_lot_-_wiz.1-scaled.jpg","width":2560,"height":1921},{"@type":"BreadcrumbList","@id":"https:\/\/freekids.pl\/es\/produkt\/lote-lumi\/#breadcrumb","itemListElement":[{"@type":"ListItem","position":1,"name":"Strona g\u0142\u00f3wna","item":"https:\/\/freekids.pl\/es\/"},{"@type":"ListItem","position":2,"name":"Productos","item":"https:\/\/freekids.pl\/es\/productos\/"},{"@type":"ListItem","position":3,"name":"Lote Lumi"}]},{"@type":"WebSite","@id":"https:\/\/freekids.pl\/es\/#website","url":"https:\/\/freekids.pl\/es\/","name":"FreeKids Playgrounds | Sport | Urban Furniture","description":"Dream it, do it !","potentialAction":[{"@type":"SearchAction","target":{"@type":"EntryPoint","urlTemplate":"https:\/\/freekids.pl\/es\/?s={search_term_string}"},"query-input":{"@type":"PropertyValueSpecification","valueRequired":true,"valueName":"search_term_string"}}],"inLanguage":"es"}]}},"_links":{"self":[{"href":"https:\/\/freekids.pl\/es\/wp-json\/wp\/v2\/product\/197949","targetHints":{"allow":["GET"]}}],"collection":[{"href":"https:\/\/freekids.pl\/es\/wp-json\/wp\/v2\/product"}],"about":[{"href":"https:\/\/freekids.pl\/es\/wp-json\/wp\/v2\/types\/product"}],"wp:featuredmedia":[{"embeddable":true,"href":"https:\/\/freekids.pl\/es\/wp-json\/wp\/v2\/media\/172515"}],"wp:attachment":[{"href":"https:\/\/freekids.pl\/es\/wp-json\/wp\/v2\/media?parent=197949"}],"wp:term":[{"taxonomy":"product_cat","embeddable":true,"href":"https:\/\/freekids.pl\/es\/wp-json\/wp\/v2\/product_cat?post=197949"},{"taxonomy":"product_tag","embeddable":true,"href":"https:\/\/freekids.pl\/es\/wp-json\/wp\/v2\/product_tag?post=197949"}],"curies":[{"name":"wp","href":"https:\/\/api.w.org\/{rel}","templated":true}]}}