{"id":197960,"date":"2025-01-18T22:00:45","date_gmt":"2025-01-18T21:00:45","guid":{"rendered":"https:\/\/freekids.pl\/produkt\/volquete\/"},"modified":"2025-11-04T08:42:33","modified_gmt":"2025-11-04T07:42:33","slug":"volquete","status":"publish","type":"product","link":"https:\/\/freekids.pl\/es\/produkt\/volquete\/","title":{"rendered":"Volquete"},"content":{"rendered":"<h2>Especificaci\u00f3n del material:<\/h2>\n<table class=\"spec-table-modern\">\n<tbody>\n<tr>\n<th>Material de construcci\u00f3n<\/th>\n<td>acero galvanizado y luego recubierto con un recubrimiento en polvo para mayor durabilidad y resistencia a la corrosi\u00f3n, o acero inoxidable<\/td>\n<\/tr>\n<tr>\n<th>Elementos adicionales de pasamanos<\/th>\n<td>acero negro galvanizado y luego con recubrimiento en polvo o acero inoxidable<\/td>\n<\/tr>\n<tr>\n<th>Plataformas<\/th>\n<td>tableros de madera contrachapada o HPL<\/td>\n<\/tr>\n<tr>\n<th>Fundaciones<\/th>\n<td>enterrado en el suelo a la profundidad especificada y hormigonado con hormig\u00f3n de clase m\u00edn. B-20 o atornillado a cimientos de hormig\u00f3n <\/td>\n<\/tr>\n<tr>\n<th>Placas<\/th>\n<td>Tablero de HDPE con dibujos fresados o tablero HPL duradero<\/td>\n<\/tr>\n<tr>\n<th>Otros<\/th>\n<td>Torniller\u00eda fabricada en acero inoxidable con tapones de poliamida. Amueblar las caba\u00f1as con elementos de alta calidad como un fregadero de acero inoxidable y v\u00e1lvulas para conectar y hacer correr el agua. Piedras de escalada hechas de pl\u00e1stico duradero. T\u00fanel fabricado en tuber\u00eda de doble pared fabricada en polipropileno. Salidas de bomberos fabricadas en acero inoxidable.    <\/td>\n<\/tr>\n<\/tbody>\n<\/table>\n","protected":false},"excerpt":{"rendered":"<p>Dispositivo con forma de volquete que vuelca una carga. Consta de una cabina de conducci\u00f3n con asiento, volante m\u00f3vil y transici\u00f3n a la cuba basculante, que es una pared inclinada para trepar. <\/p>\n<div id=\"highlighter--hover-tools\" style=\"display: none;\">\n<div id=\"highlighter--hover-tools--container\">\n<div class=\"highlighter--icon highlighter--icon-copy\" title=\"Copia\"><\/div>\n<div class=\"highlighter--icon highlighter--icon-change-color\" title=\"Cambiar color\"><\/div>\n<div class=\"highlighter--icon highlighter--icon-delete\" title=\"Borra\"><\/div>\n<\/div>\n<\/div>\n","protected":false},"featured_media":171857,"template":"","meta":{"_acf_changed":false,"ep_exclude_from_search":false},"product_cat":[478,473,528],"product_tag":[],"class_list":{"0":"post-197960","1":"product","2":"type-product","3":"status-publish","4":"has-post-thumbnail","6":"product_series-mini-city-es","7":"product_group-original-es","8":"product_cat-parques-infantiles","9":"product_cat-sin-categoria","10":"product_cat-vehiculos","12":"first","13":"instock","14":"shipping-taxable","15":"purchasable","16":"product-type-simple"},"acf":[],"yoast_head":"<!-- This site is optimized with the Yoast SEO plugin v27.4 - https:\/\/yoast.com\/product\/yoast-seo-wordpress\/ -->\n<title>Cami\u00f3n volquete para el parque infantil - Freekids.es<\/title>\n<meta name=\"robots\" content=\"index, follow, max-snippet:-1, max-image-preview:large, max-video-preview:-1\" \/>\n<link rel=\"canonical\" href=\"https:\/\/freekids.pl\/es\/produkt\/volquete\/\" \/>\n<meta property=\"og:locale\" content=\"es_ES\" \/>\n<meta property=\"og:type\" content=\"article\" \/>\n<meta property=\"og:title\" content=\"Cami\u00f3n volquete para el parque infantil - Freekids.es\" \/>\n<meta property=\"og:description\" content=\"Dispositivo con forma de volquete que vuelca una carga. Consta de una cabina de conducci\u00f3n con asiento, volante m\u00f3vil y transici\u00f3n a la cuba basculante, que es una pared inclinada para trepar.\" \/>\n<meta property=\"og:url\" content=\"https:\/\/freekids.pl\/es\/produkt\/volquete\/\" \/>\n<meta property=\"og:site_name\" content=\"FreeKids Playgrounds | Sport | Urban Furniture\" \/>\n<meta property=\"article:modified_time\" content=\"2025-11-04T07:42:33+00:00\" \/>\n<meta property=\"og:image\" content=\"https:\/\/freekids.pl\/wp-content\/uploads\/2025\/01\/0210011_wywrotka_-_wiz.1-scaled.jpg\" \/>\n\t<meta property=\"og:image:width\" content=\"2560\" \/>\n\t<meta property=\"og:image:height\" content=\"2005\" \/>\n\t<meta property=\"og:image:type\" content=\"image\/jpeg\" \/>\n<meta name=\"twitter:card\" content=\"summary_large_image\" \/>\n<meta name=\"twitter:label1\" content=\"Tiempo de lectura\" \/>\n\t<meta name=\"twitter:data1\" content=\"1 minuto\" \/>\n<script type=\"application\/ld+json\" class=\"yoast-schema-graph\">{\"@context\":\"https:\\\/\\\/schema.org\",\"@graph\":[{\"@type\":\"WebPage\",\"@id\":\"https:\\\/\\\/freekids.pl\\\/es\\\/produkt\\\/volquete\\\/\",\"url\":\"https:\\\/\\\/freekids.pl\\\/es\\\/produkt\\\/volquete\\\/\",\"name\":\"Cami\u00f3n volquete para el parque infantil - Freekids.es\",\"isPartOf\":{\"@id\":\"https:\\\/\\\/freekids.pl\\\/es\\\/#website\"},\"primaryImageOfPage\":{\"@id\":\"https:\\\/\\\/freekids.pl\\\/es\\\/produkt\\\/volquete\\\/#primaryimage\"},\"image\":{\"@id\":\"https:\\\/\\\/freekids.pl\\\/es\\\/produkt\\\/volquete\\\/#primaryimage\"},\"thumbnailUrl\":\"https:\\\/\\\/freekids.pl\\\/wp-content\\\/uploads\\\/2025\\\/01\\\/0210011_wywrotka_-_wiz.1-scaled.jpg\",\"datePublished\":\"2025-01-18T21:00:45+00:00\",\"dateModified\":\"2025-11-04T07:42:33+00:00\",\"breadcrumb\":{\"@id\":\"https:\\\/\\\/freekids.pl\\\/es\\\/produkt\\\/volquete\\\/#breadcrumb\"},\"inLanguage\":\"es\",\"potentialAction\":[{\"@type\":\"ReadAction\",\"target\":[\"https:\\\/\\\/freekids.pl\\\/es\\\/produkt\\\/volquete\\\/\"]}]},{\"@type\":\"ImageObject\",\"inLanguage\":\"es\",\"@id\":\"https:\\\/\\\/freekids.pl\\\/es\\\/produkt\\\/volquete\\\/#primaryimage\",\"url\":\"https:\\\/\\\/freekids.pl\\\/wp-content\\\/uploads\\\/2025\\\/01\\\/0210011_wywrotka_-_wiz.1-scaled.jpg\",\"contentUrl\":\"https:\\\/\\\/freekids.pl\\\/wp-content\\\/uploads\\\/2025\\\/01\\\/0210011_wywrotka_-_wiz.1-scaled.jpg\",\"width\":2560,\"height\":2005},{\"@type\":\"BreadcrumbList\",\"@id\":\"https:\\\/\\\/freekids.pl\\\/es\\\/produkt\\\/volquete\\\/#breadcrumb\",\"itemListElement\":[{\"@type\":\"ListItem\",\"position\":1,\"name\":\"Strona g\u0142\u00f3wna\",\"item\":\"https:\\\/\\\/freekids.pl\\\/es\\\/\"},{\"@type\":\"ListItem\",\"position\":2,\"name\":\"Productos\",\"item\":\"https:\\\/\\\/freekids.pl\\\/es\\\/productos\\\/\"},{\"@type\":\"ListItem\",\"position\":3,\"name\":\"Volquete\"}]},{\"@type\":\"WebSite\",\"@id\":\"https:\\\/\\\/freekids.pl\\\/es\\\/#website\",\"url\":\"https:\\\/\\\/freekids.pl\\\/es\\\/\",\"name\":\"FreeKids Playgrounds | Sport | Urban Furniture\",\"description\":\"Dream it, do it !\",\"potentialAction\":[{\"@type\":\"SearchAction\",\"target\":{\"@type\":\"EntryPoint\",\"urlTemplate\":\"https:\\\/\\\/freekids.pl\\\/es\\\/?s={search_term_string}\"},\"query-input\":{\"@type\":\"PropertyValueSpecification\",\"valueRequired\":true,\"valueName\":\"search_term_string\"}}],\"inLanguage\":\"es\"}]}<\/script>\n<!-- \/ Yoast SEO plugin. -->","yoast_head_json":{"title":"Cami\u00f3n volquete para el parque infantil - Freekids.es","robots":{"index":"index","follow":"follow","max-snippet":"max-snippet:-1","max-image-preview":"max-image-preview:large","max-video-preview":"max-video-preview:-1"},"canonical":"https:\/\/freekids.pl\/es\/produkt\/volquete\/","og_locale":"es_ES","og_type":"article","og_title":"Cami\u00f3n volquete para el parque infantil - Freekids.es","og_description":"Dispositivo con forma de volquete que vuelca una carga. Consta de una cabina de conducci\u00f3n con asiento, volante m\u00f3vil y transici\u00f3n a la cuba basculante, que es una pared inclinada para trepar.","og_url":"https:\/\/freekids.pl\/es\/produkt\/volquete\/","og_site_name":"FreeKids Playgrounds | Sport | Urban Furniture","article_modified_time":"2025-11-04T07:42:33+00:00","og_image":[{"width":2560,"height":2005,"url":"https:\/\/freekids.pl\/wp-content\/uploads\/2025\/01\/0210011_wywrotka_-_wiz.1-scaled.jpg","type":"image\/jpeg"}],"twitter_card":"summary_large_image","twitter_misc":{"Tiempo de lectura":"1 minuto"},"schema":{"@context":"https:\/\/schema.org","@graph":[{"@type":"WebPage","@id":"https:\/\/freekids.pl\/es\/produkt\/volquete\/","url":"https:\/\/freekids.pl\/es\/produkt\/volquete\/","name":"Cami\u00f3n volquete para el parque infantil - Freekids.es","isPartOf":{"@id":"https:\/\/freekids.pl\/es\/#website"},"primaryImageOfPage":{"@id":"https:\/\/freekids.pl\/es\/produkt\/volquete\/#primaryimage"},"image":{"@id":"https:\/\/freekids.pl\/es\/produkt\/volquete\/#primaryimage"},"thumbnailUrl":"https:\/\/freekids.pl\/wp-content\/uploads\/2025\/01\/0210011_wywrotka_-_wiz.1-scaled.jpg","datePublished":"2025-01-18T21:00:45+00:00","dateModified":"2025-11-04T07:42:33+00:00","breadcrumb":{"@id":"https:\/\/freekids.pl\/es\/produkt\/volquete\/#breadcrumb"},"inLanguage":"es","potentialAction":[{"@type":"ReadAction","target":["https:\/\/freekids.pl\/es\/produkt\/volquete\/"]}]},{"@type":"ImageObject","inLanguage":"es","@id":"https:\/\/freekids.pl\/es\/produkt\/volquete\/#primaryimage","url":"https:\/\/freekids.pl\/wp-content\/uploads\/2025\/01\/0210011_wywrotka_-_wiz.1-scaled.jpg","contentUrl":"https:\/\/freekids.pl\/wp-content\/uploads\/2025\/01\/0210011_wywrotka_-_wiz.1-scaled.jpg","width":2560,"height":2005},{"@type":"BreadcrumbList","@id":"https:\/\/freekids.pl\/es\/produkt\/volquete\/#breadcrumb","itemListElement":[{"@type":"ListItem","position":1,"name":"Strona g\u0142\u00f3wna","item":"https:\/\/freekids.pl\/es\/"},{"@type":"ListItem","position":2,"name":"Productos","item":"https:\/\/freekids.pl\/es\/productos\/"},{"@type":"ListItem","position":3,"name":"Volquete"}]},{"@type":"WebSite","@id":"https:\/\/freekids.pl\/es\/#website","url":"https:\/\/freekids.pl\/es\/","name":"FreeKids Playgrounds | Sport | Urban Furniture","description":"Dream it, do it !","potentialAction":[{"@type":"SearchAction","target":{"@type":"EntryPoint","urlTemplate":"https:\/\/freekids.pl\/es\/?s={search_term_string}"},"query-input":{"@type":"PropertyValueSpecification","valueRequired":true,"valueName":"search_term_string"}}],"inLanguage":"es"}]}},"_links":{"self":[{"href":"https:\/\/freekids.pl\/es\/wp-json\/wp\/v2\/product\/197960","targetHints":{"allow":["GET"]}}],"collection":[{"href":"https:\/\/freekids.pl\/es\/wp-json\/wp\/v2\/product"}],"about":[{"href":"https:\/\/freekids.pl\/es\/wp-json\/wp\/v2\/types\/product"}],"wp:featuredmedia":[{"embeddable":true,"href":"https:\/\/freekids.pl\/es\/wp-json\/wp\/v2\/media\/171857"}],"wp:attachment":[{"href":"https:\/\/freekids.pl\/es\/wp-json\/wp\/v2\/media?parent=197960"}],"wp:term":[{"taxonomy":"product_cat","embeddable":true,"href":"https:\/\/freekids.pl\/es\/wp-json\/wp\/v2\/product_cat?post=197960"},{"taxonomy":"product_tag","embeddable":true,"href":"https:\/\/freekids.pl\/es\/wp-json\/wp\/v2\/product_tag?post=197960"}],"curies":[{"name":"wp","href":"https:\/\/api.w.org\/{rel}","templated":true}]}}