{"id":198038,"date":"2024-10-24T03:20:37","date_gmt":"2024-10-24T01:20:37","guid":{"rendered":"https:\/\/freekids.pl\/produkt\/elipso-3\/"},"modified":"2025-10-21T07:57:25","modified_gmt":"2025-10-21T05:57:25","slug":"elipso-3","status":"publish","type":"product","link":"https:\/\/freekids.pl\/es\/produkt\/elipso-3\/","title":{"rendered":"Elipso 3"},"content":{"rendered":"","protected":false},"excerpt":{"rendered":"<p><span data-sheets-root=\"1\">Dispositivo montado sobre postes cil\u00edndricos de acero. Los postes est\u00e1n rematados con tapones esf\u00e9ricos de goma. Paneles de control con unas dimensiones m\u00ednimas de 100 x 70 cm.  <\/span><\/p>\n<div id=\"highlighter--hover-tools\" style=\"display: none;\">\n<div id=\"highlighter--hover-tools--container\">\n<div class=\"highlighter--icon highlighter--icon-copy\" title=\"Copia\"><\/div>\n<div class=\"highlighter--icon highlighter--icon-change-color\" title=\"Cambiar color\"><\/div>\n<div class=\"highlighter--icon highlighter--icon-delete\" title=\"Borra\"><\/div>\n<\/div>\n<\/div>\n","protected":false},"featured_media":173253,"template":"","meta":{"_acf_changed":false},"product_cat":[551,478,533],"product_tag":[725],"class_list":{"0":"post-198038","1":"product","2":"type-product","3":"status-publish","4":"has-post-thumbnail","6":"product_series-elipso-es","7":"product_group-metal-es","8":"product_cat-conjuntos-multifuncionales","9":"product_cat-parques-infantiles","10":"product_cat-tableros-educativos","11":"product_tag-inclusividad","13":"first","14":"outofstock","15":"shipping-taxable","16":"purchasable","17":"product-type-simple"},"acf":[],"yoast_head":"<!-- This site is optimized with the Yoast SEO plugin v26.4 - https:\/\/yoast.com\/wordpress\/plugins\/seo\/ -->\n<title>Set Elipso 3 con paneles manipulativos y tobog\u00e1n - Freekids.es<\/title>\n<meta name=\"robots\" content=\"index, follow, max-snippet:-1, max-image-preview:large, max-video-preview:-1\" \/>\n<link rel=\"canonical\" href=\"https:\/\/freekids.pl\/es\/produkt\/elipso-3\/\" \/>\n<meta property=\"og:locale\" content=\"es_ES\" \/>\n<meta property=\"og:type\" content=\"article\" \/>\n<meta property=\"og:title\" content=\"Set Elipso 3 con paneles manipulativos y tobog\u00e1n - Freekids.es\" \/>\n<meta property=\"og:description\" content=\"Dispositivo montado sobre postes cil\u00edndricos de acero. Los postes est\u00e1n rematados con tapones esf\u00e9ricos de goma. Paneles de control con unas dimensiones m\u00ednimas de 100 x 70 cm.\" \/>\n<meta property=\"og:url\" content=\"https:\/\/freekids.pl\/es\/produkt\/elipso-3\/\" \/>\n<meta property=\"og:site_name\" content=\"FreeKids Playgrounds | Sport | Urban Furniture\" \/>\n<meta property=\"article:modified_time\" content=\"2025-10-21T05:57:25+00:00\" \/>\n<meta property=\"og:image\" content=\"https:\/\/freekids.pl\/wp-content\/uploads\/2025\/01\/0094033_elipso_3-_wiz.1.jpg-scaled.jpg\" \/>\n\t<meta property=\"og:image:width\" content=\"2560\" \/>\n\t<meta property=\"og:image:height\" content=\"1642\" \/>\n\t<meta property=\"og:image:type\" content=\"image\/jpeg\" \/>\n<meta name=\"twitter:card\" content=\"summary_large_image\" \/>\n<script type=\"application\/ld+json\" class=\"yoast-schema-graph\">{\"@context\":\"https:\/\/schema.org\",\"@graph\":[{\"@type\":\"WebPage\",\"@id\":\"https:\/\/freekids.pl\/es\/produkt\/elipso-3\/\",\"url\":\"https:\/\/freekids.pl\/es\/produkt\/elipso-3\/\",\"name\":\"Set Elipso 3 con paneles manipulativos y tobog\u00e1n - Freekids.es\",\"isPartOf\":{\"@id\":\"https:\/\/freekids.pl\/es\/#website\"},\"primaryImageOfPage\":{\"@id\":\"https:\/\/freekids.pl\/es\/produkt\/elipso-3\/#primaryimage\"},\"image\":{\"@id\":\"https:\/\/freekids.pl\/es\/produkt\/elipso-3\/#primaryimage\"},\"thumbnailUrl\":\"https:\/\/freekids.pl\/wp-content\/uploads\/2025\/01\/0094033_elipso_3-_wiz.1.jpg-scaled.jpg\",\"datePublished\":\"2024-10-24T01:20:37+00:00\",\"dateModified\":\"2025-10-21T05:57:25+00:00\",\"breadcrumb\":{\"@id\":\"https:\/\/freekids.pl\/es\/produkt\/elipso-3\/#breadcrumb\"},\"inLanguage\":\"es\",\"potentialAction\":[{\"@type\":\"ReadAction\",\"target\":[\"https:\/\/freekids.pl\/es\/produkt\/elipso-3\/\"]}]},{\"@type\":\"ImageObject\",\"inLanguage\":\"es\",\"@id\":\"https:\/\/freekids.pl\/es\/produkt\/elipso-3\/#primaryimage\",\"url\":\"https:\/\/freekids.pl\/wp-content\/uploads\/2025\/01\/0094033_elipso_3-_wiz.1.jpg-scaled.jpg\",\"contentUrl\":\"https:\/\/freekids.pl\/wp-content\/uploads\/2025\/01\/0094033_elipso_3-_wiz.1.jpg-scaled.jpg\",\"width\":2560,\"height\":1642},{\"@type\":\"BreadcrumbList\",\"@id\":\"https:\/\/freekids.pl\/es\/produkt\/elipso-3\/#breadcrumb\",\"itemListElement\":[{\"@type\":\"ListItem\",\"position\":1,\"name\":\"Strona g\u0142\u00f3wna\",\"item\":\"https:\/\/freekids.pl\/es\/\"},{\"@type\":\"ListItem\",\"position\":2,\"name\":\"Productos\",\"item\":\"https:\/\/freekids.pl\/es\/productos\/\"},{\"@type\":\"ListItem\",\"position\":3,\"name\":\"Elipso 3\"}]},{\"@type\":\"WebSite\",\"@id\":\"https:\/\/freekids.pl\/es\/#website\",\"url\":\"https:\/\/freekids.pl\/es\/\",\"name\":\"FreeKids Playgrounds | Sport | Urban Furniture\",\"description\":\"Dream it, do it !\",\"potentialAction\":[{\"@type\":\"SearchAction\",\"target\":{\"@type\":\"EntryPoint\",\"urlTemplate\":\"https:\/\/freekids.pl\/es\/?s={search_term_string}\"},\"query-input\":{\"@type\":\"PropertyValueSpecification\",\"valueRequired\":true,\"valueName\":\"search_term_string\"}}],\"inLanguage\":\"es\"}]}<\/script>\n<!-- \/ Yoast SEO plugin. -->","yoast_head_json":{"title":"Set Elipso 3 con paneles manipulativos y tobog\u00e1n - Freekids.es","robots":{"index":"index","follow":"follow","max-snippet":"max-snippet:-1","max-image-preview":"max-image-preview:large","max-video-preview":"max-video-preview:-1"},"canonical":"https:\/\/freekids.pl\/es\/produkt\/elipso-3\/","og_locale":"es_ES","og_type":"article","og_title":"Set Elipso 3 con paneles manipulativos y tobog\u00e1n - Freekids.es","og_description":"Dispositivo montado sobre postes cil\u00edndricos de acero. Los postes est\u00e1n rematados con tapones esf\u00e9ricos de goma. Paneles de control con unas dimensiones m\u00ednimas de 100 x 70 cm.","og_url":"https:\/\/freekids.pl\/es\/produkt\/elipso-3\/","og_site_name":"FreeKids Playgrounds | Sport | Urban Furniture","article_modified_time":"2025-10-21T05:57:25+00:00","og_image":[{"width":2560,"height":1642,"url":"https:\/\/freekids.pl\/wp-content\/uploads\/2025\/01\/0094033_elipso_3-_wiz.1.jpg-scaled.jpg","type":"image\/jpeg"}],"twitter_card":"summary_large_image","schema":{"@context":"https:\/\/schema.org","@graph":[{"@type":"WebPage","@id":"https:\/\/freekids.pl\/es\/produkt\/elipso-3\/","url":"https:\/\/freekids.pl\/es\/produkt\/elipso-3\/","name":"Set Elipso 3 con paneles manipulativos y tobog\u00e1n - Freekids.es","isPartOf":{"@id":"https:\/\/freekids.pl\/es\/#website"},"primaryImageOfPage":{"@id":"https:\/\/freekids.pl\/es\/produkt\/elipso-3\/#primaryimage"},"image":{"@id":"https:\/\/freekids.pl\/es\/produkt\/elipso-3\/#primaryimage"},"thumbnailUrl":"https:\/\/freekids.pl\/wp-content\/uploads\/2025\/01\/0094033_elipso_3-_wiz.1.jpg-scaled.jpg","datePublished":"2024-10-24T01:20:37+00:00","dateModified":"2025-10-21T05:57:25+00:00","breadcrumb":{"@id":"https:\/\/freekids.pl\/es\/produkt\/elipso-3\/#breadcrumb"},"inLanguage":"es","potentialAction":[{"@type":"ReadAction","target":["https:\/\/freekids.pl\/es\/produkt\/elipso-3\/"]}]},{"@type":"ImageObject","inLanguage":"es","@id":"https:\/\/freekids.pl\/es\/produkt\/elipso-3\/#primaryimage","url":"https:\/\/freekids.pl\/wp-content\/uploads\/2025\/01\/0094033_elipso_3-_wiz.1.jpg-scaled.jpg","contentUrl":"https:\/\/freekids.pl\/wp-content\/uploads\/2025\/01\/0094033_elipso_3-_wiz.1.jpg-scaled.jpg","width":2560,"height":1642},{"@type":"BreadcrumbList","@id":"https:\/\/freekids.pl\/es\/produkt\/elipso-3\/#breadcrumb","itemListElement":[{"@type":"ListItem","position":1,"name":"Strona g\u0142\u00f3wna","item":"https:\/\/freekids.pl\/es\/"},{"@type":"ListItem","position":2,"name":"Productos","item":"https:\/\/freekids.pl\/es\/productos\/"},{"@type":"ListItem","position":3,"name":"Elipso 3"}]},{"@type":"WebSite","@id":"https:\/\/freekids.pl\/es\/#website","url":"https:\/\/freekids.pl\/es\/","name":"FreeKids Playgrounds | Sport | Urban Furniture","description":"Dream it, do it !","potentialAction":[{"@type":"SearchAction","target":{"@type":"EntryPoint","urlTemplate":"https:\/\/freekids.pl\/es\/?s={search_term_string}"},"query-input":{"@type":"PropertyValueSpecification","valueRequired":true,"valueName":"search_term_string"}}],"inLanguage":"es"}]}},"_links":{"self":[{"href":"https:\/\/freekids.pl\/es\/wp-json\/wp\/v2\/product\/198038","targetHints":{"allow":["GET"]}}],"collection":[{"href":"https:\/\/freekids.pl\/es\/wp-json\/wp\/v2\/product"}],"about":[{"href":"https:\/\/freekids.pl\/es\/wp-json\/wp\/v2\/types\/product"}],"wp:featuredmedia":[{"embeddable":true,"href":"https:\/\/freekids.pl\/es\/wp-json\/wp\/v2\/media\/173253"}],"wp:attachment":[{"href":"https:\/\/freekids.pl\/es\/wp-json\/wp\/v2\/media?parent=198038"}],"wp:term":[{"taxonomy":"product_cat","embeddable":true,"href":"https:\/\/freekids.pl\/es\/wp-json\/wp\/v2\/product_cat?post=198038"},{"taxonomy":"product_tag","embeddable":true,"href":"https:\/\/freekids.pl\/es\/wp-json\/wp\/v2\/product_tag?post=198038"}],"curies":[{"name":"wp","href":"https:\/\/api.w.org\/{rel}","templated":true}]}}