{"id":198039,"date":"2024-10-24T03:20:56","date_gmt":"2024-10-24T01:20:56","guid":{"rendered":"https:\/\/freekids.pl\/produkt\/elipso-4\/"},"modified":"2025-11-04T08:43:18","modified_gmt":"2025-11-04T07:43:18","slug":"elipso-4","status":"publish","type":"product","link":"https:\/\/freekids.pl\/es\/produkt\/elipso-4\/","title":{"rendered":"Elipso 4"},"content":{"rendered":"<h2>Especificaci\u00f3n del material:<\/h2>\n<table class=\"spec-table-modern\">\n<tbody>\n<tr>\n<th>Material de construcci\u00f3n<\/th>\n<td>acero galvanizado y luego recubierto con un recubrimiento en polvo para mayor durabilidad y resistencia a la corrosi\u00f3n, o acero inoxidable<\/td>\n<\/tr>\n<tr>\n<th>Elementos adicionales de pasamanos<\/th>\n<td>acero negro galvanizado y luego con recubrimiento en polvo o acero inoxidable<\/td>\n<\/tr>\n<tr>\n<th>Fundaciones<\/th>\n<td>enterrado en el suelo a la profundidad especificada y hormigonado con hormig\u00f3n de clase m\u00edn. B-20 o atornillado a cimientos de hormig\u00f3n <\/td>\n<\/tr>\n<tr>\n<th>Placas<\/th>\n<td>Tableros de HDPE con dibujos fresados<\/td>\n<\/tr>\n<tr>\n<th>Diapositivas<\/th>\n<td>acero inoxidable, tubular, de tubo o con lados de HDPE<\/td>\n<\/tr>\n<tr>\n<th>Otros<\/th>\n<td>Torniller\u00eda fabricada en acero inoxidable con tapones de poliamida. Columnas estructurales acabadas con tapas de goma semiesf\u00e9ricas. Piedras de escalada hechas de pl\u00e1stico duradero. Enchufes de policarbonato. T\u00fanel fabricado en tuber\u00eda de doble pared fabricada en polipropileno.    <\/td>\n<\/tr>\n<\/tbody>\n<\/table>\n","protected":false},"excerpt":{"rendered":"<p><span data-sheets-root=\"1\">Dispositivo montado sobre postes cil\u00edndricos de acero. Los postes est\u00e1n rematados con tapones esf\u00e9ricos de goma. Paneles de control con unas dimensiones m\u00ednimas de 100 x 70 cm.  <\/span><\/p>\n<div id=\"highlighter--hover-tools\" style=\"display: none;\">\n<div id=\"highlighter--hover-tools--container\">\n<div class=\"highlighter--icon highlighter--icon-copy\" title=\"Copia\"><\/div>\n<div class=\"highlighter--icon highlighter--icon-change-color\" title=\"Cambiar color\"><\/div>\n<div class=\"highlighter--icon highlighter--icon-delete\" title=\"Borra\"><\/div>\n<\/div>\n<\/div>\n","protected":false},"featured_media":173271,"template":"","meta":{"_acf_changed":false},"product_cat":[551,478,533],"product_tag":[725],"class_list":{"0":"post-198039","1":"product","2":"type-product","3":"status-publish","4":"has-post-thumbnail","6":"product_series-elipso-es","7":"product_group-metal-es","8":"product_cat-conjuntos-multifuncionales","9":"product_cat-parques-infantiles","10":"product_cat-tableros-educativos","11":"product_tag-inclusividad","13":"first","14":"outofstock","15":"shipping-taxable","16":"purchasable","17":"product-type-simple"},"acf":[],"yoast_head":"<!-- This site is optimized with the Yoast SEO plugin v27.4 - https:\/\/yoast.com\/product\/yoast-seo-wordpress\/ -->\n<title>Set Elipso 4 con t\u00fanel de juegos - Freekids.co.uk<\/title>\n<meta name=\"robots\" content=\"index, follow, max-snippet:-1, max-image-preview:large, max-video-preview:-1\" \/>\n<link rel=\"canonical\" href=\"https:\/\/freekids.pl\/es\/produkt\/elipso-4\/\" \/>\n<meta property=\"og:locale\" content=\"es_ES\" \/>\n<meta property=\"og:type\" content=\"article\" \/>\n<meta property=\"og:title\" content=\"Set Elipso 4 con t\u00fanel de juegos - Freekids.co.uk\" \/>\n<meta property=\"og:description\" content=\"Dispositivo montado sobre postes cil\u00edndricos de acero. Los postes est\u00e1n rematados con tapones esf\u00e9ricos de goma. Paneles de control con unas dimensiones m\u00ednimas de 100 x 70 cm.\" \/>\n<meta property=\"og:url\" content=\"https:\/\/freekids.pl\/es\/produkt\/elipso-4\/\" \/>\n<meta property=\"og:site_name\" content=\"FreeKids Playgrounds | Sport | Urban Furniture\" \/>\n<meta property=\"article:modified_time\" content=\"2025-11-04T07:43:18+00:00\" \/>\n<meta property=\"og:image\" content=\"https:\/\/freekids.pl\/wp-content\/uploads\/2025\/01\/0094034_elipso_4-wiz.1.jpg-scaled.jpg\" \/>\n\t<meta property=\"og:image:width\" content=\"2560\" \/>\n\t<meta property=\"og:image:height\" content=\"2560\" \/>\n\t<meta property=\"og:image:type\" content=\"image\/jpeg\" \/>\n<meta name=\"twitter:card\" content=\"summary_large_image\" \/>\n<meta name=\"twitter:label1\" content=\"Tiempo de lectura\" \/>\n\t<meta name=\"twitter:data1\" content=\"1 minuto\" \/>\n<script type=\"application\/ld+json\" class=\"yoast-schema-graph\">{\"@context\":\"https:\\\/\\\/schema.org\",\"@graph\":[{\"@type\":\"WebPage\",\"@id\":\"https:\\\/\\\/freekids.pl\\\/es\\\/produkt\\\/elipso-4\\\/\",\"url\":\"https:\\\/\\\/freekids.pl\\\/es\\\/produkt\\\/elipso-4\\\/\",\"name\":\"Set Elipso 4 con t\u00fanel de juegos - Freekids.co.uk\",\"isPartOf\":{\"@id\":\"https:\\\/\\\/freekids.pl\\\/es\\\/#website\"},\"primaryImageOfPage\":{\"@id\":\"https:\\\/\\\/freekids.pl\\\/es\\\/produkt\\\/elipso-4\\\/#primaryimage\"},\"image\":{\"@id\":\"https:\\\/\\\/freekids.pl\\\/es\\\/produkt\\\/elipso-4\\\/#primaryimage\"},\"thumbnailUrl\":\"https:\\\/\\\/freekids.pl\\\/wp-content\\\/uploads\\\/2025\\\/01\\\/0094034_elipso_4-wiz.1.jpg-scaled.jpg\",\"datePublished\":\"2024-10-24T01:20:56+00:00\",\"dateModified\":\"2025-11-04T07:43:18+00:00\",\"breadcrumb\":{\"@id\":\"https:\\\/\\\/freekids.pl\\\/es\\\/produkt\\\/elipso-4\\\/#breadcrumb\"},\"inLanguage\":\"es\",\"potentialAction\":[{\"@type\":\"ReadAction\",\"target\":[\"https:\\\/\\\/freekids.pl\\\/es\\\/produkt\\\/elipso-4\\\/\"]}]},{\"@type\":\"ImageObject\",\"inLanguage\":\"es\",\"@id\":\"https:\\\/\\\/freekids.pl\\\/es\\\/produkt\\\/elipso-4\\\/#primaryimage\",\"url\":\"https:\\\/\\\/freekids.pl\\\/wp-content\\\/uploads\\\/2025\\\/01\\\/0094034_elipso_4-wiz.1.jpg-scaled.jpg\",\"contentUrl\":\"https:\\\/\\\/freekids.pl\\\/wp-content\\\/uploads\\\/2025\\\/01\\\/0094034_elipso_4-wiz.1.jpg-scaled.jpg\",\"width\":2560,\"height\":2560},{\"@type\":\"BreadcrumbList\",\"@id\":\"https:\\\/\\\/freekids.pl\\\/es\\\/produkt\\\/elipso-4\\\/#breadcrumb\",\"itemListElement\":[{\"@type\":\"ListItem\",\"position\":1,\"name\":\"Strona g\u0142\u00f3wna\",\"item\":\"https:\\\/\\\/freekids.pl\\\/es\\\/\"},{\"@type\":\"ListItem\",\"position\":2,\"name\":\"Productos\",\"item\":\"https:\\\/\\\/freekids.pl\\\/es\\\/productos\\\/\"},{\"@type\":\"ListItem\",\"position\":3,\"name\":\"Elipso 4\"}]},{\"@type\":\"WebSite\",\"@id\":\"https:\\\/\\\/freekids.pl\\\/es\\\/#website\",\"url\":\"https:\\\/\\\/freekids.pl\\\/es\\\/\",\"name\":\"FreeKids Playgrounds | Sport | Urban Furniture\",\"description\":\"Dream it, do it !\",\"potentialAction\":[{\"@type\":\"SearchAction\",\"target\":{\"@type\":\"EntryPoint\",\"urlTemplate\":\"https:\\\/\\\/freekids.pl\\\/es\\\/?s={search_term_string}\"},\"query-input\":{\"@type\":\"PropertyValueSpecification\",\"valueRequired\":true,\"valueName\":\"search_term_string\"}}],\"inLanguage\":\"es\"}]}<\/script>\n<!-- \/ Yoast SEO plugin. -->","yoast_head_json":{"title":"Set Elipso 4 con t\u00fanel de juegos - Freekids.co.uk","robots":{"index":"index","follow":"follow","max-snippet":"max-snippet:-1","max-image-preview":"max-image-preview:large","max-video-preview":"max-video-preview:-1"},"canonical":"https:\/\/freekids.pl\/es\/produkt\/elipso-4\/","og_locale":"es_ES","og_type":"article","og_title":"Set Elipso 4 con t\u00fanel de juegos - Freekids.co.uk","og_description":"Dispositivo montado sobre postes cil\u00edndricos de acero. Los postes est\u00e1n rematados con tapones esf\u00e9ricos de goma. Paneles de control con unas dimensiones m\u00ednimas de 100 x 70 cm.","og_url":"https:\/\/freekids.pl\/es\/produkt\/elipso-4\/","og_site_name":"FreeKids Playgrounds | Sport | Urban Furniture","article_modified_time":"2025-11-04T07:43:18+00:00","og_image":[{"width":2560,"height":2560,"url":"https:\/\/freekids.pl\/wp-content\/uploads\/2025\/01\/0094034_elipso_4-wiz.1.jpg-scaled.jpg","type":"image\/jpeg"}],"twitter_card":"summary_large_image","twitter_misc":{"Tiempo de lectura":"1 minuto"},"schema":{"@context":"https:\/\/schema.org","@graph":[{"@type":"WebPage","@id":"https:\/\/freekids.pl\/es\/produkt\/elipso-4\/","url":"https:\/\/freekids.pl\/es\/produkt\/elipso-4\/","name":"Set Elipso 4 con t\u00fanel de juegos - Freekids.co.uk","isPartOf":{"@id":"https:\/\/freekids.pl\/es\/#website"},"primaryImageOfPage":{"@id":"https:\/\/freekids.pl\/es\/produkt\/elipso-4\/#primaryimage"},"image":{"@id":"https:\/\/freekids.pl\/es\/produkt\/elipso-4\/#primaryimage"},"thumbnailUrl":"https:\/\/freekids.pl\/wp-content\/uploads\/2025\/01\/0094034_elipso_4-wiz.1.jpg-scaled.jpg","datePublished":"2024-10-24T01:20:56+00:00","dateModified":"2025-11-04T07:43:18+00:00","breadcrumb":{"@id":"https:\/\/freekids.pl\/es\/produkt\/elipso-4\/#breadcrumb"},"inLanguage":"es","potentialAction":[{"@type":"ReadAction","target":["https:\/\/freekids.pl\/es\/produkt\/elipso-4\/"]}]},{"@type":"ImageObject","inLanguage":"es","@id":"https:\/\/freekids.pl\/es\/produkt\/elipso-4\/#primaryimage","url":"https:\/\/freekids.pl\/wp-content\/uploads\/2025\/01\/0094034_elipso_4-wiz.1.jpg-scaled.jpg","contentUrl":"https:\/\/freekids.pl\/wp-content\/uploads\/2025\/01\/0094034_elipso_4-wiz.1.jpg-scaled.jpg","width":2560,"height":2560},{"@type":"BreadcrumbList","@id":"https:\/\/freekids.pl\/es\/produkt\/elipso-4\/#breadcrumb","itemListElement":[{"@type":"ListItem","position":1,"name":"Strona g\u0142\u00f3wna","item":"https:\/\/freekids.pl\/es\/"},{"@type":"ListItem","position":2,"name":"Productos","item":"https:\/\/freekids.pl\/es\/productos\/"},{"@type":"ListItem","position":3,"name":"Elipso 4"}]},{"@type":"WebSite","@id":"https:\/\/freekids.pl\/es\/#website","url":"https:\/\/freekids.pl\/es\/","name":"FreeKids Playgrounds | Sport | Urban Furniture","description":"Dream it, do it !","potentialAction":[{"@type":"SearchAction","target":{"@type":"EntryPoint","urlTemplate":"https:\/\/freekids.pl\/es\/?s={search_term_string}"},"query-input":{"@type":"PropertyValueSpecification","valueRequired":true,"valueName":"search_term_string"}}],"inLanguage":"es"}]}},"_links":{"self":[{"href":"https:\/\/freekids.pl\/es\/wp-json\/wp\/v2\/product\/198039","targetHints":{"allow":["GET"]}}],"collection":[{"href":"https:\/\/freekids.pl\/es\/wp-json\/wp\/v2\/product"}],"about":[{"href":"https:\/\/freekids.pl\/es\/wp-json\/wp\/v2\/types\/product"}],"wp:featuredmedia":[{"embeddable":true,"href":"https:\/\/freekids.pl\/es\/wp-json\/wp\/v2\/media\/173271"}],"wp:attachment":[{"href":"https:\/\/freekids.pl\/es\/wp-json\/wp\/v2\/media?parent=198039"}],"wp:term":[{"taxonomy":"product_cat","embeddable":true,"href":"https:\/\/freekids.pl\/es\/wp-json\/wp\/v2\/product_cat?post=198039"},{"taxonomy":"product_tag","embeddable":true,"href":"https:\/\/freekids.pl\/es\/wp-json\/wp\/v2\/product_tag?post=198039"}],"curies":[{"name":"wp","href":"https:\/\/api.w.org\/{rel}","templated":true}]}}