{"id":199772,"date":"2024-10-23T23:13:14","date_gmt":"2024-10-23T21:13:14","guid":{"rendered":"https:\/\/freekids.pl\/produkt\/barco-slavia\/"},"modified":"2024-10-23T23:13:14","modified_gmt":"2024-10-23T21:13:14","slug":"barco-slavia","status":"publish","type":"product","link":"https:\/\/freekids.pl\/es\/produkt\/barco-slavia\/","title":{"rendered":"Barco Slavia"},"content":{"rendered":"<p>&nbsp;<\/p>\n<div id=\"highlighter--hover-tools\" style=\"display: none;\">\n<div id=\"highlighter--hover-tools--container\">\n<div class=\"highlighter--icon highlighter--icon-copy\" title=\"Copia\"><\/div>\n<div class=\"highlighter--icon highlighter--icon-change-color\" title=\"Cambiar color\"><\/div>\n<div class=\"highlighter--icon highlighter--icon-delete\" title=\"Borra\"><\/div>\n<\/div>\n<\/div>\n","protected":false},"excerpt":{"rendered":"<p>Dispositivo en forma de barco cimentado sobre 6 muelles, con costados y vela de HDPE doblado. Adem\u00e1s, tiene anclas retr\u00e1ctiles, volante y jarcia de m\u00e1stil. En los laterales, a ambos lados, barras para facilitar el embarque.  <\/p>\n<div id=\"highlighter--hover-tools\" style=\"display: none;\">\n<div id=\"highlighter--hover-tools--container\">\n<div class=\"highlighter--icon highlighter--icon-copy\" title=\"Copia\"><\/div>\n<div class=\"highlighter--icon highlighter--icon-change-color\" title=\"Cambiar color\"><\/div>\n<div class=\"highlighter--icon highlighter--icon-delete\" title=\"Borra\"><\/div>\n<\/div>\n<\/div>\n","protected":false},"featured_media":178933,"template":"","meta":{"_acf_changed":false},"product_cat":[872,551,478,498],"product_tag":[],"class_list":{"0":"post-199772","1":"product","2":"type-product","3":"status-publish","4":"has-post-thumbnail","6":"product_series-balances-y-botas-de-muelle-es","7":"product_series-rockers-es","8":"product_series-slavia-es","9":"product_group-single-es","10":"product_group-wood-es","11":"product_cat-barcos","12":"product_cat-conjuntos-multifuncionales","13":"product_cat-parques-infantiles","14":"product_cat-rockeros","16":"first","17":"outofstock","18":"shipping-taxable","19":"purchasable","20":"product-type-simple"},"acf":[],"yoast_head":"<!-- This site is optimized with the Yoast SEO plugin v27.4 - https:\/\/yoast.com\/product\/yoast-seo-wordpress\/ -->\n<title>Barco Slavia - Freekids.pl<\/title>\n<meta name=\"robots\" content=\"index, follow, max-snippet:-1, max-image-preview:large, max-video-preview:-1\" \/>\n<link rel=\"canonical\" href=\"https:\/\/freekids.pl\/es\/produkt\/barco-slavia\/\" \/>\n<meta property=\"og:locale\" content=\"es_ES\" \/>\n<meta property=\"og:type\" content=\"article\" \/>\n<meta property=\"og:title\" content=\"Barco Slavia - Freekids.pl\" \/>\n<meta property=\"og:description\" content=\"Dispositivo en forma de barco cimentado sobre 6 muelles, con costados y vela de HDPE doblado. Adem\u00e1s, tiene anclas retr\u00e1ctiles, volante y jarcia de m\u00e1stil. En los laterales, a ambos lados, barras para facilitar el embarque.\" \/>\n<meta property=\"og:url\" content=\"https:\/\/freekids.pl\/es\/produkt\/barco-slavia\/\" \/>\n<meta property=\"og:site_name\" content=\"FreeKids Playgrounds | Sport | Urban Furniture\" \/>\n<meta property=\"og:image\" content=\"https:\/\/freekids.pl\/wp-content\/uploads\/2025\/01\/0280047_statek_-_wiz.1.jpg\" \/>\n\t<meta property=\"og:image:width\" content=\"2000\" \/>\n\t<meta property=\"og:image:height\" content=\"1033\" \/>\n\t<meta property=\"og:image:type\" content=\"image\/jpeg\" \/>\n<meta name=\"twitter:card\" content=\"summary_large_image\" \/>\n<script type=\"application\/ld+json\" class=\"yoast-schema-graph\">{\"@context\":\"https:\\\/\\\/schema.org\",\"@graph\":[{\"@type\":\"WebPage\",\"@id\":\"https:\\\/\\\/freekids.pl\\\/es\\\/produkt\\\/barco-slavia\\\/\",\"url\":\"https:\\\/\\\/freekids.pl\\\/es\\\/produkt\\\/barco-slavia\\\/\",\"name\":\"Barco Slavia - Freekids.pl\",\"isPartOf\":{\"@id\":\"https:\\\/\\\/freekids.pl\\\/es\\\/#website\"},\"primaryImageOfPage\":{\"@id\":\"https:\\\/\\\/freekids.pl\\\/es\\\/produkt\\\/barco-slavia\\\/#primaryimage\"},\"image\":{\"@id\":\"https:\\\/\\\/freekids.pl\\\/es\\\/produkt\\\/barco-slavia\\\/#primaryimage\"},\"thumbnailUrl\":\"https:\\\/\\\/freekids.pl\\\/wp-content\\\/uploads\\\/2025\\\/01\\\/0280047_statek_-_wiz.1.jpg\",\"datePublished\":\"2024-10-23T21:13:14+00:00\",\"breadcrumb\":{\"@id\":\"https:\\\/\\\/freekids.pl\\\/es\\\/produkt\\\/barco-slavia\\\/#breadcrumb\"},\"inLanguage\":\"es\",\"potentialAction\":[{\"@type\":\"ReadAction\",\"target\":[\"https:\\\/\\\/freekids.pl\\\/es\\\/produkt\\\/barco-slavia\\\/\"]}]},{\"@type\":\"ImageObject\",\"inLanguage\":\"es\",\"@id\":\"https:\\\/\\\/freekids.pl\\\/es\\\/produkt\\\/barco-slavia\\\/#primaryimage\",\"url\":\"https:\\\/\\\/freekids.pl\\\/wp-content\\\/uploads\\\/2025\\\/01\\\/0280047_statek_-_wiz.1.jpg\",\"contentUrl\":\"https:\\\/\\\/freekids.pl\\\/wp-content\\\/uploads\\\/2025\\\/01\\\/0280047_statek_-_wiz.1.jpg\",\"width\":2000,\"height\":1033},{\"@type\":\"BreadcrumbList\",\"@id\":\"https:\\\/\\\/freekids.pl\\\/es\\\/produkt\\\/barco-slavia\\\/#breadcrumb\",\"itemListElement\":[{\"@type\":\"ListItem\",\"position\":1,\"name\":\"Strona g\u0142\u00f3wna\",\"item\":\"https:\\\/\\\/freekids.pl\\\/es\\\/\"},{\"@type\":\"ListItem\",\"position\":2,\"name\":\"Productos\",\"item\":\"https:\\\/\\\/freekids.pl\\\/es\\\/productos\\\/\"},{\"@type\":\"ListItem\",\"position\":3,\"name\":\"Barco Slavia\"}]},{\"@type\":\"WebSite\",\"@id\":\"https:\\\/\\\/freekids.pl\\\/es\\\/#website\",\"url\":\"https:\\\/\\\/freekids.pl\\\/es\\\/\",\"name\":\"FreeKids Playgrounds | Sport | Urban Furniture\",\"description\":\"Dream it, do it !\",\"potentialAction\":[{\"@type\":\"SearchAction\",\"target\":{\"@type\":\"EntryPoint\",\"urlTemplate\":\"https:\\\/\\\/freekids.pl\\\/es\\\/?s={search_term_string}\"},\"query-input\":{\"@type\":\"PropertyValueSpecification\",\"valueRequired\":true,\"valueName\":\"search_term_string\"}}],\"inLanguage\":\"es\"}]}<\/script>\n<!-- \/ Yoast SEO plugin. -->","yoast_head_json":{"title":"Barco Slavia - Freekids.pl","robots":{"index":"index","follow":"follow","max-snippet":"max-snippet:-1","max-image-preview":"max-image-preview:large","max-video-preview":"max-video-preview:-1"},"canonical":"https:\/\/freekids.pl\/es\/produkt\/barco-slavia\/","og_locale":"es_ES","og_type":"article","og_title":"Barco Slavia - Freekids.pl","og_description":"Dispositivo en forma de barco cimentado sobre 6 muelles, con costados y vela de HDPE doblado. Adem\u00e1s, tiene anclas retr\u00e1ctiles, volante y jarcia de m\u00e1stil. En los laterales, a ambos lados, barras para facilitar el embarque.","og_url":"https:\/\/freekids.pl\/es\/produkt\/barco-slavia\/","og_site_name":"FreeKids Playgrounds | Sport | Urban Furniture","og_image":[{"width":2000,"height":1033,"url":"https:\/\/freekids.pl\/wp-content\/uploads\/2025\/01\/0280047_statek_-_wiz.1.jpg","type":"image\/jpeg"}],"twitter_card":"summary_large_image","schema":{"@context":"https:\/\/schema.org","@graph":[{"@type":"WebPage","@id":"https:\/\/freekids.pl\/es\/produkt\/barco-slavia\/","url":"https:\/\/freekids.pl\/es\/produkt\/barco-slavia\/","name":"Barco Slavia - Freekids.pl","isPartOf":{"@id":"https:\/\/freekids.pl\/es\/#website"},"primaryImageOfPage":{"@id":"https:\/\/freekids.pl\/es\/produkt\/barco-slavia\/#primaryimage"},"image":{"@id":"https:\/\/freekids.pl\/es\/produkt\/barco-slavia\/#primaryimage"},"thumbnailUrl":"https:\/\/freekids.pl\/wp-content\/uploads\/2025\/01\/0280047_statek_-_wiz.1.jpg","datePublished":"2024-10-23T21:13:14+00:00","breadcrumb":{"@id":"https:\/\/freekids.pl\/es\/produkt\/barco-slavia\/#breadcrumb"},"inLanguage":"es","potentialAction":[{"@type":"ReadAction","target":["https:\/\/freekids.pl\/es\/produkt\/barco-slavia\/"]}]},{"@type":"ImageObject","inLanguage":"es","@id":"https:\/\/freekids.pl\/es\/produkt\/barco-slavia\/#primaryimage","url":"https:\/\/freekids.pl\/wp-content\/uploads\/2025\/01\/0280047_statek_-_wiz.1.jpg","contentUrl":"https:\/\/freekids.pl\/wp-content\/uploads\/2025\/01\/0280047_statek_-_wiz.1.jpg","width":2000,"height":1033},{"@type":"BreadcrumbList","@id":"https:\/\/freekids.pl\/es\/produkt\/barco-slavia\/#breadcrumb","itemListElement":[{"@type":"ListItem","position":1,"name":"Strona g\u0142\u00f3wna","item":"https:\/\/freekids.pl\/es\/"},{"@type":"ListItem","position":2,"name":"Productos","item":"https:\/\/freekids.pl\/es\/productos\/"},{"@type":"ListItem","position":3,"name":"Barco Slavia"}]},{"@type":"WebSite","@id":"https:\/\/freekids.pl\/es\/#website","url":"https:\/\/freekids.pl\/es\/","name":"FreeKids Playgrounds | Sport | Urban Furniture","description":"Dream it, do it !","potentialAction":[{"@type":"SearchAction","target":{"@type":"EntryPoint","urlTemplate":"https:\/\/freekids.pl\/es\/?s={search_term_string}"},"query-input":{"@type":"PropertyValueSpecification","valueRequired":true,"valueName":"search_term_string"}}],"inLanguage":"es"}]}},"_links":{"self":[{"href":"https:\/\/freekids.pl\/es\/wp-json\/wp\/v2\/product\/199772","targetHints":{"allow":["GET"]}}],"collection":[{"href":"https:\/\/freekids.pl\/es\/wp-json\/wp\/v2\/product"}],"about":[{"href":"https:\/\/freekids.pl\/es\/wp-json\/wp\/v2\/types\/product"}],"wp:featuredmedia":[{"embeddable":true,"href":"https:\/\/freekids.pl\/es\/wp-json\/wp\/v2\/media\/178933"}],"wp:attachment":[{"href":"https:\/\/freekids.pl\/es\/wp-json\/wp\/v2\/media?parent=199772"}],"wp:term":[{"taxonomy":"product_cat","embeddable":true,"href":"https:\/\/freekids.pl\/es\/wp-json\/wp\/v2\/product_cat?post=199772"},{"taxonomy":"product_tag","embeddable":true,"href":"https:\/\/freekids.pl\/es\/wp-json\/wp\/v2\/product_tag?post=199772"}],"curies":[{"name":"wp","href":"https:\/\/api.w.org\/{rel}","templated":true}]}}