{"id":200586,"date":"2024-10-24T03:06:34","date_gmt":"2024-10-24T01:06:34","guid":{"rendered":"https:\/\/freekids.pl\/produkt\/diplo\/"},"modified":"2025-11-04T08:46:29","modified_gmt":"2025-11-04T07:46:29","slug":"diplo","status":"publish","type":"product","link":"https:\/\/freekids.pl\/es\/produkt\/diplo\/","title":{"rendered":"Diplo"},"content":{"rendered":"<h2>Especificaci\u00f3n del material:<\/h2>\n<table class=\"spec-table-modern\">\n<tbody>\n<tr>\n<th>Material de construcci\u00f3n<\/th>\n<td>Acero inoxidable<\/td>\n<\/tr>\n<tr>\n<th>Elementos adicionales de pasamanos<\/th>\n<td>Inoxidable<\/td>\n<\/tr>\n<tr>\n<th>Fundaciones<\/th>\n<td>enterrado en el suelo a la profundidad especificada y hormigonado con hormig\u00f3n de clase m\u00edn. B-20 o atornillado a cimientos de hormig\u00f3n <\/td>\n<\/tr>\n<tr>\n<th>Placas<\/th>\n<td>Tableros de HDPE con dibujos fresados<\/td>\n<\/tr>\n<tr>\n<th>Cuerda<\/th>\n<td>Cuerdas con n\u00facleo de acero con trenza de polipropileno, conectadas por conectores de pl\u00e1stico o aluminio.<\/td>\n<\/tr>\n<tr>\n<th>Otros<\/th>\n<td>Uni\u00f3n de elementos estructurales en forma de abrazaderas de aluminio. Torniller\u00eda fabricada en acero inoxidable con tapones de poliamida. Piedras de escalada hechas de pl\u00e1stico duradero. Enchufes de policarbonato. T\u00fanel fabricado en tuber\u00eda de doble pared fabricada en polipropileno. Elementos de construcci\u00f3n de dinosaurios adicionales hechos de madera encolada doblada decorativa.     <\/td>\n<\/tr>\n<\/tbody>\n<\/table>\n","protected":false},"excerpt":{"rendered":"<p>Un dispositivo en forma de diplodocus hecho de tubos redondos doblados y laminados y vigas plegables de madera laminada doblada. Patas hechas de tubos de acero en forma de escaleras de cuerda. El abdomen est\u00e1 hecho en forma de linario espacial.  <\/p>\n","protected":false},"featured_media":177634,"template":"","meta":{"_acf_changed":false,"ep_exclude_from_search":false},"product_cat":[551,546,478],"product_tag":[],"class_list":{"0":"post-200586","1":"product","2":"type-product","3":"status-publish","4":"has-post-thumbnail","6":"product_series-jura-es","7":"product_group-clamps","8":"product_cat-conjuntos-multifuncionales","9":"product_cat-escalada","10":"product_cat-parques-infantiles","12":"first","13":"outofstock","14":"shipping-taxable","15":"purchasable","16":"product-type-simple"},"acf":[],"yoast_head":"<!-- This site is optimized with the Yoast SEO plugin v27.4 - https:\/\/yoast.com\/product\/yoast-seo-wordpress\/ -->\n<title>Diplo - Freekids.pl<\/title>\n<meta name=\"robots\" content=\"index, follow, max-snippet:-1, max-image-preview:large, max-video-preview:-1\" \/>\n<link rel=\"canonical\" href=\"https:\/\/freekids.pl\/es\/produkt\/diplo\/\" \/>\n<meta property=\"og:locale\" content=\"es_ES\" \/>\n<meta property=\"og:type\" content=\"article\" \/>\n<meta property=\"og:title\" content=\"Diplo - Freekids.pl\" \/>\n<meta property=\"og:description\" content=\"Un dispositivo en forma de diplodocus hecho de tubos redondos doblados y laminados y vigas plegables de madera laminada doblada. Patas hechas de tubos de acero en forma de escaleras de cuerda. El abdomen est\u00e1 hecho en forma de linario espacial.\" \/>\n<meta property=\"og:url\" content=\"https:\/\/freekids.pl\/es\/produkt\/diplo\/\" \/>\n<meta property=\"og:site_name\" content=\"FreeKids Playgrounds | Sport | Urban Furniture\" \/>\n<meta property=\"article:modified_time\" content=\"2025-11-04T07:46:29+00:00\" \/>\n<meta property=\"og:image\" content=\"https:\/\/freekids.pl\/wp-content\/uploads\/2025\/01\/0280083_diplo_-_wiz.5-scaled.jpg\" \/>\n\t<meta property=\"og:image:width\" content=\"2560\" \/>\n\t<meta property=\"og:image:height\" content=\"1439\" \/>\n\t<meta property=\"og:image:type\" content=\"image\/jpeg\" \/>\n<meta name=\"twitter:card\" content=\"summary_large_image\" \/>\n<meta name=\"twitter:label1\" content=\"Tiempo de lectura\" \/>\n\t<meta name=\"twitter:data1\" content=\"1 minuto\" \/>\n<script type=\"application\/ld+json\" class=\"yoast-schema-graph\">{\"@context\":\"https:\\\/\\\/schema.org\",\"@graph\":[{\"@type\":\"WebPage\",\"@id\":\"https:\\\/\\\/freekids.pl\\\/es\\\/produkt\\\/diplo\\\/\",\"url\":\"https:\\\/\\\/freekids.pl\\\/es\\\/produkt\\\/diplo\\\/\",\"name\":\"Diplo - Freekids.pl\",\"isPartOf\":{\"@id\":\"https:\\\/\\\/freekids.pl\\\/es\\\/#website\"},\"primaryImageOfPage\":{\"@id\":\"https:\\\/\\\/freekids.pl\\\/es\\\/produkt\\\/diplo\\\/#primaryimage\"},\"image\":{\"@id\":\"https:\\\/\\\/freekids.pl\\\/es\\\/produkt\\\/diplo\\\/#primaryimage\"},\"thumbnailUrl\":\"https:\\\/\\\/freekids.pl\\\/wp-content\\\/uploads\\\/2025\\\/01\\\/0280083_diplo_-_wiz.5-scaled.jpg\",\"datePublished\":\"2024-10-24T01:06:34+00:00\",\"dateModified\":\"2025-11-04T07:46:29+00:00\",\"breadcrumb\":{\"@id\":\"https:\\\/\\\/freekids.pl\\\/es\\\/produkt\\\/diplo\\\/#breadcrumb\"},\"inLanguage\":\"es\",\"potentialAction\":[{\"@type\":\"ReadAction\",\"target\":[\"https:\\\/\\\/freekids.pl\\\/es\\\/produkt\\\/diplo\\\/\"]}]},{\"@type\":\"ImageObject\",\"inLanguage\":\"es\",\"@id\":\"https:\\\/\\\/freekids.pl\\\/es\\\/produkt\\\/diplo\\\/#primaryimage\",\"url\":\"https:\\\/\\\/freekids.pl\\\/wp-content\\\/uploads\\\/2025\\\/01\\\/0280083_diplo_-_wiz.5-scaled.jpg\",\"contentUrl\":\"https:\\\/\\\/freekids.pl\\\/wp-content\\\/uploads\\\/2025\\\/01\\\/0280083_diplo_-_wiz.5-scaled.jpg\",\"width\":2560,\"height\":1439},{\"@type\":\"BreadcrumbList\",\"@id\":\"https:\\\/\\\/freekids.pl\\\/es\\\/produkt\\\/diplo\\\/#breadcrumb\",\"itemListElement\":[{\"@type\":\"ListItem\",\"position\":1,\"name\":\"Strona g\u0142\u00f3wna\",\"item\":\"https:\\\/\\\/freekids.pl\\\/es\\\/\"},{\"@type\":\"ListItem\",\"position\":2,\"name\":\"Productos\",\"item\":\"https:\\\/\\\/freekids.pl\\\/es\\\/productos\\\/\"},{\"@type\":\"ListItem\",\"position\":3,\"name\":\"Diplo\"}]},{\"@type\":\"WebSite\",\"@id\":\"https:\\\/\\\/freekids.pl\\\/es\\\/#website\",\"url\":\"https:\\\/\\\/freekids.pl\\\/es\\\/\",\"name\":\"FreeKids Playgrounds | Sport | Urban Furniture\",\"description\":\"Dream it, do it !\",\"potentialAction\":[{\"@type\":\"SearchAction\",\"target\":{\"@type\":\"EntryPoint\",\"urlTemplate\":\"https:\\\/\\\/freekids.pl\\\/es\\\/?s={search_term_string}\"},\"query-input\":{\"@type\":\"PropertyValueSpecification\",\"valueRequired\":true,\"valueName\":\"search_term_string\"}}],\"inLanguage\":\"es\"}]}<\/script>\n<!-- \/ Yoast SEO plugin. -->","yoast_head_json":{"title":"Diplo - Freekids.pl","robots":{"index":"index","follow":"follow","max-snippet":"max-snippet:-1","max-image-preview":"max-image-preview:large","max-video-preview":"max-video-preview:-1"},"canonical":"https:\/\/freekids.pl\/es\/produkt\/diplo\/","og_locale":"es_ES","og_type":"article","og_title":"Diplo - Freekids.pl","og_description":"Un dispositivo en forma de diplodocus hecho de tubos redondos doblados y laminados y vigas plegables de madera laminada doblada. Patas hechas de tubos de acero en forma de escaleras de cuerda. El abdomen est\u00e1 hecho en forma de linario espacial.","og_url":"https:\/\/freekids.pl\/es\/produkt\/diplo\/","og_site_name":"FreeKids Playgrounds | Sport | Urban Furniture","article_modified_time":"2025-11-04T07:46:29+00:00","og_image":[{"width":2560,"height":1439,"url":"https:\/\/freekids.pl\/wp-content\/uploads\/2025\/01\/0280083_diplo_-_wiz.5-scaled.jpg","type":"image\/jpeg"}],"twitter_card":"summary_large_image","twitter_misc":{"Tiempo de lectura":"1 minuto"},"schema":{"@context":"https:\/\/schema.org","@graph":[{"@type":"WebPage","@id":"https:\/\/freekids.pl\/es\/produkt\/diplo\/","url":"https:\/\/freekids.pl\/es\/produkt\/diplo\/","name":"Diplo - Freekids.pl","isPartOf":{"@id":"https:\/\/freekids.pl\/es\/#website"},"primaryImageOfPage":{"@id":"https:\/\/freekids.pl\/es\/produkt\/diplo\/#primaryimage"},"image":{"@id":"https:\/\/freekids.pl\/es\/produkt\/diplo\/#primaryimage"},"thumbnailUrl":"https:\/\/freekids.pl\/wp-content\/uploads\/2025\/01\/0280083_diplo_-_wiz.5-scaled.jpg","datePublished":"2024-10-24T01:06:34+00:00","dateModified":"2025-11-04T07:46:29+00:00","breadcrumb":{"@id":"https:\/\/freekids.pl\/es\/produkt\/diplo\/#breadcrumb"},"inLanguage":"es","potentialAction":[{"@type":"ReadAction","target":["https:\/\/freekids.pl\/es\/produkt\/diplo\/"]}]},{"@type":"ImageObject","inLanguage":"es","@id":"https:\/\/freekids.pl\/es\/produkt\/diplo\/#primaryimage","url":"https:\/\/freekids.pl\/wp-content\/uploads\/2025\/01\/0280083_diplo_-_wiz.5-scaled.jpg","contentUrl":"https:\/\/freekids.pl\/wp-content\/uploads\/2025\/01\/0280083_diplo_-_wiz.5-scaled.jpg","width":2560,"height":1439},{"@type":"BreadcrumbList","@id":"https:\/\/freekids.pl\/es\/produkt\/diplo\/#breadcrumb","itemListElement":[{"@type":"ListItem","position":1,"name":"Strona g\u0142\u00f3wna","item":"https:\/\/freekids.pl\/es\/"},{"@type":"ListItem","position":2,"name":"Productos","item":"https:\/\/freekids.pl\/es\/productos\/"},{"@type":"ListItem","position":3,"name":"Diplo"}]},{"@type":"WebSite","@id":"https:\/\/freekids.pl\/es\/#website","url":"https:\/\/freekids.pl\/es\/","name":"FreeKids Playgrounds | Sport | Urban Furniture","description":"Dream it, do it !","potentialAction":[{"@type":"SearchAction","target":{"@type":"EntryPoint","urlTemplate":"https:\/\/freekids.pl\/es\/?s={search_term_string}"},"query-input":{"@type":"PropertyValueSpecification","valueRequired":true,"valueName":"search_term_string"}}],"inLanguage":"es"}]}},"_links":{"self":[{"href":"https:\/\/freekids.pl\/es\/wp-json\/wp\/v2\/product\/200586","targetHints":{"allow":["GET"]}}],"collection":[{"href":"https:\/\/freekids.pl\/es\/wp-json\/wp\/v2\/product"}],"about":[{"href":"https:\/\/freekids.pl\/es\/wp-json\/wp\/v2\/types\/product"}],"wp:featuredmedia":[{"embeddable":true,"href":"https:\/\/freekids.pl\/es\/wp-json\/wp\/v2\/media\/177634"}],"wp:attachment":[{"href":"https:\/\/freekids.pl\/es\/wp-json\/wp\/v2\/media?parent=200586"}],"wp:term":[{"taxonomy":"product_cat","embeddable":true,"href":"https:\/\/freekids.pl\/es\/wp-json\/wp\/v2\/product_cat?post=200586"},{"taxonomy":"product_tag","embeddable":true,"href":"https:\/\/freekids.pl\/es\/wp-json\/wp\/v2\/product_tag?post=200586"}],"curies":[{"name":"wp","href":"https:\/\/api.w.org\/{rel}","templated":true}]}}