{"id":201523,"date":"2024-10-24T00:40:48","date_gmt":"2024-10-23T22:40:48","guid":{"rendered":"https:\/\/freekids.pl\/produkt\/camino-de-la-lluvia-2\/"},"modified":"2024-10-24T00:40:48","modified_gmt":"2024-10-23T22:40:48","slug":"camino-de-la-lluvia-2","status":"publish","type":"product","link":"https:\/\/freekids.pl\/es\/produkt\/camino-de-la-lluvia-2\/","title":{"rendered":"Camino de la lluvia 2"},"content":{"rendered":"","protected":false},"excerpt":{"rendered":"<p>Un dispositivo en forma de camino para aprender a equilibrarse, que consiste en plataformas con los colores del arco iris, dispuestas en arcos intercalados con dispositivos adicionales como portales, t\u00faneles, escaleras y toboganes. Plataformas fabricadas en HDPE multicolor apoyadas en un marco de acero, t\u00fanel de policarbonato con impresi\u00f3n UV transparente, aplicaciones de cebo vertical de HPL con impresi\u00f3n UV. <\/p>\n<div id=\"highlighter--hover-tools\" style=\"display: none;\">\n<div id=\"highlighter--hover-tools--container\">\n<div class=\"highlighter--icon highlighter--icon-copy\" title=\"Copia\"><\/div>\n<div class=\"highlighter--icon highlighter--icon-change-color\" title=\"Cambiar color\"><\/div>\n<div class=\"highlighter--icon highlighter--icon-delete\" title=\"Borra\"><\/div>\n<\/div>\n<\/div>\n","protected":false},"featured_media":177442,"template":"","meta":{"_acf_changed":false,"ep_exclude_from_search":false},"product_cat":[551,478],"product_tag":[],"class_list":{"0":"post-201523","1":"product","2":"type-product","3":"status-publish","4":"has-post-thumbnail","6":"product_series-rainboway-es","7":"product_group-original-es","8":"product_cat-conjuntos-multifuncionales","9":"product_cat-parques-infantiles","11":"first","12":"outofstock","13":"shipping-taxable","14":"purchasable","15":"product-type-simple"},"acf":[],"yoast_head":"<!-- This site is optimized with the Yoast SEO plugin v27.4 - https:\/\/yoast.com\/product\/yoast-seo-wordpress\/ -->\n<title>Camino de la lluvia 2 - Freekids.pl<\/title>\n<meta name=\"robots\" content=\"index, follow, max-snippet:-1, max-image-preview:large, max-video-preview:-1\" \/>\n<link rel=\"canonical\" href=\"https:\/\/freekids.pl\/es\/produkt\/camino-de-la-lluvia-2\/\" \/>\n<meta property=\"og:locale\" content=\"es_ES\" \/>\n<meta property=\"og:type\" content=\"article\" \/>\n<meta property=\"og:title\" content=\"Camino de la lluvia 2 - Freekids.pl\" \/>\n<meta property=\"og:description\" content=\"Un dispositivo en forma de camino para aprender a equilibrarse, que consiste en plataformas con los colores del arco iris, dispuestas en arcos intercalados con dispositivos adicionales como portales, t\u00faneles, escaleras y toboganes. Plataformas fabricadas en HDPE multicolor apoyadas en un marco de acero, t\u00fanel de policarbonato con impresi\u00f3n UV transparente, aplicaciones de cebo vertical de HPL con impresi\u00f3n UV.\" \/>\n<meta property=\"og:url\" content=\"https:\/\/freekids.pl\/es\/produkt\/camino-de-la-lluvia-2\/\" \/>\n<meta property=\"og:site_name\" content=\"FreeKids Playgrounds | Sport | Urban Furniture\" \/>\n<meta property=\"og:image\" content=\"https:\/\/freekids.pl\/wp-content\/uploads\/2025\/01\/rbw-z2_1.jpg\" \/>\n\t<meta property=\"og:image:width\" content=\"2000\" \/>\n\t<meta property=\"og:image:height\" content=\"1033\" \/>\n\t<meta property=\"og:image:type\" content=\"image\/jpeg\" \/>\n<meta name=\"twitter:card\" content=\"summary_large_image\" \/>\n<script type=\"application\/ld+json\" class=\"yoast-schema-graph\">{\"@context\":\"https:\\\/\\\/schema.org\",\"@graph\":[{\"@type\":\"WebPage\",\"@id\":\"https:\\\/\\\/freekids.pl\\\/es\\\/produkt\\\/camino-de-la-lluvia-2\\\/\",\"url\":\"https:\\\/\\\/freekids.pl\\\/es\\\/produkt\\\/camino-de-la-lluvia-2\\\/\",\"name\":\"Camino de la lluvia 2 - Freekids.pl\",\"isPartOf\":{\"@id\":\"https:\\\/\\\/freekids.pl\\\/es\\\/#website\"},\"primaryImageOfPage\":{\"@id\":\"https:\\\/\\\/freekids.pl\\\/es\\\/produkt\\\/camino-de-la-lluvia-2\\\/#primaryimage\"},\"image\":{\"@id\":\"https:\\\/\\\/freekids.pl\\\/es\\\/produkt\\\/camino-de-la-lluvia-2\\\/#primaryimage\"},\"thumbnailUrl\":\"https:\\\/\\\/freekids.pl\\\/wp-content\\\/uploads\\\/2025\\\/01\\\/rbw-z2_1.jpg\",\"datePublished\":\"2024-10-23T22:40:48+00:00\",\"breadcrumb\":{\"@id\":\"https:\\\/\\\/freekids.pl\\\/es\\\/produkt\\\/camino-de-la-lluvia-2\\\/#breadcrumb\"},\"inLanguage\":\"es\",\"potentialAction\":[{\"@type\":\"ReadAction\",\"target\":[\"https:\\\/\\\/freekids.pl\\\/es\\\/produkt\\\/camino-de-la-lluvia-2\\\/\"]}]},{\"@type\":\"ImageObject\",\"inLanguage\":\"es\",\"@id\":\"https:\\\/\\\/freekids.pl\\\/es\\\/produkt\\\/camino-de-la-lluvia-2\\\/#primaryimage\",\"url\":\"https:\\\/\\\/freekids.pl\\\/wp-content\\\/uploads\\\/2025\\\/01\\\/rbw-z2_1.jpg\",\"contentUrl\":\"https:\\\/\\\/freekids.pl\\\/wp-content\\\/uploads\\\/2025\\\/01\\\/rbw-z2_1.jpg\",\"width\":2000,\"height\":1033},{\"@type\":\"BreadcrumbList\",\"@id\":\"https:\\\/\\\/freekids.pl\\\/es\\\/produkt\\\/camino-de-la-lluvia-2\\\/#breadcrumb\",\"itemListElement\":[{\"@type\":\"ListItem\",\"position\":1,\"name\":\"Strona g\u0142\u00f3wna\",\"item\":\"https:\\\/\\\/freekids.pl\\\/es\\\/\"},{\"@type\":\"ListItem\",\"position\":2,\"name\":\"Productos\",\"item\":\"https:\\\/\\\/freekids.pl\\\/es\\\/productos\\\/\"},{\"@type\":\"ListItem\",\"position\":3,\"name\":\"Camino de la lluvia 2\"}]},{\"@type\":\"WebSite\",\"@id\":\"https:\\\/\\\/freekids.pl\\\/es\\\/#website\",\"url\":\"https:\\\/\\\/freekids.pl\\\/es\\\/\",\"name\":\"FreeKids Playgrounds | Sport | Urban Furniture\",\"description\":\"Dream it, do it !\",\"potentialAction\":[{\"@type\":\"SearchAction\",\"target\":{\"@type\":\"EntryPoint\",\"urlTemplate\":\"https:\\\/\\\/freekids.pl\\\/es\\\/?s={search_term_string}\"},\"query-input\":{\"@type\":\"PropertyValueSpecification\",\"valueRequired\":true,\"valueName\":\"search_term_string\"}}],\"inLanguage\":\"es\"}]}<\/script>\n<!-- \/ Yoast SEO plugin. -->","yoast_head_json":{"title":"Camino de la lluvia 2 - Freekids.pl","robots":{"index":"index","follow":"follow","max-snippet":"max-snippet:-1","max-image-preview":"max-image-preview:large","max-video-preview":"max-video-preview:-1"},"canonical":"https:\/\/freekids.pl\/es\/produkt\/camino-de-la-lluvia-2\/","og_locale":"es_ES","og_type":"article","og_title":"Camino de la lluvia 2 - Freekids.pl","og_description":"Un dispositivo en forma de camino para aprender a equilibrarse, que consiste en plataformas con los colores del arco iris, dispuestas en arcos intercalados con dispositivos adicionales como portales, t\u00faneles, escaleras y toboganes. Plataformas fabricadas en HDPE multicolor apoyadas en un marco de acero, t\u00fanel de policarbonato con impresi\u00f3n UV transparente, aplicaciones de cebo vertical de HPL con impresi\u00f3n UV.","og_url":"https:\/\/freekids.pl\/es\/produkt\/camino-de-la-lluvia-2\/","og_site_name":"FreeKids Playgrounds | Sport | Urban Furniture","og_image":[{"width":2000,"height":1033,"url":"https:\/\/freekids.pl\/wp-content\/uploads\/2025\/01\/rbw-z2_1.jpg","type":"image\/jpeg"}],"twitter_card":"summary_large_image","schema":{"@context":"https:\/\/schema.org","@graph":[{"@type":"WebPage","@id":"https:\/\/freekids.pl\/es\/produkt\/camino-de-la-lluvia-2\/","url":"https:\/\/freekids.pl\/es\/produkt\/camino-de-la-lluvia-2\/","name":"Camino de la lluvia 2 - Freekids.pl","isPartOf":{"@id":"https:\/\/freekids.pl\/es\/#website"},"primaryImageOfPage":{"@id":"https:\/\/freekids.pl\/es\/produkt\/camino-de-la-lluvia-2\/#primaryimage"},"image":{"@id":"https:\/\/freekids.pl\/es\/produkt\/camino-de-la-lluvia-2\/#primaryimage"},"thumbnailUrl":"https:\/\/freekids.pl\/wp-content\/uploads\/2025\/01\/rbw-z2_1.jpg","datePublished":"2024-10-23T22:40:48+00:00","breadcrumb":{"@id":"https:\/\/freekids.pl\/es\/produkt\/camino-de-la-lluvia-2\/#breadcrumb"},"inLanguage":"es","potentialAction":[{"@type":"ReadAction","target":["https:\/\/freekids.pl\/es\/produkt\/camino-de-la-lluvia-2\/"]}]},{"@type":"ImageObject","inLanguage":"es","@id":"https:\/\/freekids.pl\/es\/produkt\/camino-de-la-lluvia-2\/#primaryimage","url":"https:\/\/freekids.pl\/wp-content\/uploads\/2025\/01\/rbw-z2_1.jpg","contentUrl":"https:\/\/freekids.pl\/wp-content\/uploads\/2025\/01\/rbw-z2_1.jpg","width":2000,"height":1033},{"@type":"BreadcrumbList","@id":"https:\/\/freekids.pl\/es\/produkt\/camino-de-la-lluvia-2\/#breadcrumb","itemListElement":[{"@type":"ListItem","position":1,"name":"Strona g\u0142\u00f3wna","item":"https:\/\/freekids.pl\/es\/"},{"@type":"ListItem","position":2,"name":"Productos","item":"https:\/\/freekids.pl\/es\/productos\/"},{"@type":"ListItem","position":3,"name":"Camino de la lluvia 2"}]},{"@type":"WebSite","@id":"https:\/\/freekids.pl\/es\/#website","url":"https:\/\/freekids.pl\/es\/","name":"FreeKids Playgrounds | Sport | Urban Furniture","description":"Dream it, do it !","potentialAction":[{"@type":"SearchAction","target":{"@type":"EntryPoint","urlTemplate":"https:\/\/freekids.pl\/es\/?s={search_term_string}"},"query-input":{"@type":"PropertyValueSpecification","valueRequired":true,"valueName":"search_term_string"}}],"inLanguage":"es"}]}},"_links":{"self":[{"href":"https:\/\/freekids.pl\/es\/wp-json\/wp\/v2\/product\/201523","targetHints":{"allow":["GET"]}}],"collection":[{"href":"https:\/\/freekids.pl\/es\/wp-json\/wp\/v2\/product"}],"about":[{"href":"https:\/\/freekids.pl\/es\/wp-json\/wp\/v2\/types\/product"}],"wp:featuredmedia":[{"embeddable":true,"href":"https:\/\/freekids.pl\/es\/wp-json\/wp\/v2\/media\/177442"}],"wp:attachment":[{"href":"https:\/\/freekids.pl\/es\/wp-json\/wp\/v2\/media?parent=201523"}],"wp:term":[{"taxonomy":"product_cat","embeddable":true,"href":"https:\/\/freekids.pl\/es\/wp-json\/wp\/v2\/product_cat?post=201523"},{"taxonomy":"product_tag","embeddable":true,"href":"https:\/\/freekids.pl\/es\/wp-json\/wp\/v2\/product_tag?post=201523"}],"curies":[{"name":"wp","href":"https:\/\/api.w.org\/{rel}","templated":true}]}}