{"id":201699,"date":"2024-10-24T00:46:17","date_gmt":"2024-10-23T22:46:17","guid":{"rendered":"https:\/\/freekids.pl\/produkt\/tarantula\/"},"modified":"2024-10-24T00:46:17","modified_gmt":"2024-10-23T22:46:17","slug":"tarantula","status":"publish","type":"product","link":"https:\/\/freekids.pl\/es\/produkt\/tarantula\/","title":{"rendered":"Tar\u00e1ntula"},"content":{"rendered":"","protected":false},"excerpt":{"rendered":"<p>Un dispositivo de cuerda en forma de ara\u00f1a que consta de una pir\u00e1mide de cuerda, un puente de cuerda y una c\u00fapula de cuerda con un tobog\u00e1n. La c\u00fapula de cuerda en la parte central est\u00e1 equipada con una torre con plataformas dispuestas alternativamente, alrededor de la cual hay una caseta de cuerda espacial. El conjunto se complementa con aplicaciones de ara\u00f1a en policarbonato. El puente de cuerda tendido a lo largo de una l\u00ednea irregular se estira sobre 6 pilones montados sobre resortes.   <\/p>\n<div id=\"highlighter--hover-tools\" style=\"display: none;\">\n<div id=\"highlighter--hover-tools--container\">\n<div class=\"highlighter--icon highlighter--icon-copy\" title=\"Copia\"><\/div>\n<div class=\"highlighter--icon highlighter--icon-change-color\" title=\"Cambiar color\"><\/div>\n<div class=\"highlighter--icon highlighter--icon-delete\" title=\"Borra\"><\/div>\n<\/div>\n<\/div>\n","protected":false},"featured_media":177701,"template":"","meta":{"_acf_changed":false,"ep_exclude_from_search":false},"product_cat":[513,478],"product_tag":[],"class_list":{"0":"post-201699","1":"product","2":"type-product","3":"status-publish","4":"has-post-thumbnail","6":"product_series-spider-es","7":"product_group-original-es","8":"product_cat-linaria-es","9":"product_cat-parques-infantiles","11":"first","12":"outofstock","13":"shipping-taxable","14":"purchasable","15":"product-type-simple"},"acf":[],"yoast_head":"<!-- This site is optimized with the Yoast SEO plugin v27.4 - https:\/\/yoast.com\/product\/yoast-seo-wordpress\/ -->\n<title>Tar\u00e1ntula - Freekids.pl<\/title>\n<meta name=\"robots\" content=\"index, follow, max-snippet:-1, max-image-preview:large, max-video-preview:-1\" \/>\n<link rel=\"canonical\" href=\"https:\/\/freekids.pl\/es\/produkt\/tarantula\/\" \/>\n<meta property=\"og:locale\" content=\"es_ES\" \/>\n<meta property=\"og:type\" content=\"article\" \/>\n<meta property=\"og:title\" content=\"Tar\u00e1ntula - Freekids.pl\" \/>\n<meta property=\"og:description\" content=\"Un dispositivo de cuerda en forma de ara\u00f1a que consta de una pir\u00e1mide de cuerda, un puente de cuerda y una c\u00fapula de cuerda con un tobog\u00e1n. La c\u00fapula de cuerda en la parte central est\u00e1 equipada con una torre con plataformas dispuestas alternativamente, alrededor de la cual hay una caseta de cuerda espacial. El conjunto se complementa con aplicaciones de ara\u00f1a en policarbonato. El puente de cuerda tendido a lo largo de una l\u00ednea irregular se estira sobre 6 pilones montados sobre resortes.\" \/>\n<meta property=\"og:url\" content=\"https:\/\/freekids.pl\/es\/produkt\/tarantula\/\" \/>\n<meta property=\"og:site_name\" content=\"FreeKids Playgrounds | Sport | Urban Furniture\" \/>\n<meta property=\"og:image\" content=\"https:\/\/freekids.pl\/wp-content\/uploads\/2025\/01\/0080010_tarantula_-_wiz.1-scaled.jpg\" \/>\n\t<meta property=\"og:image:width\" content=\"2560\" \/>\n\t<meta property=\"og:image:height\" content=\"1657\" \/>\n\t<meta property=\"og:image:type\" content=\"image\/jpeg\" \/>\n<meta name=\"twitter:card\" content=\"summary_large_image\" \/>\n<script type=\"application\/ld+json\" class=\"yoast-schema-graph\">{\"@context\":\"https:\\\/\\\/schema.org\",\"@graph\":[{\"@type\":\"WebPage\",\"@id\":\"https:\\\/\\\/freekids.pl\\\/es\\\/produkt\\\/tarantula\\\/\",\"url\":\"https:\\\/\\\/freekids.pl\\\/es\\\/produkt\\\/tarantula\\\/\",\"name\":\"Tar\u00e1ntula - Freekids.pl\",\"isPartOf\":{\"@id\":\"https:\\\/\\\/freekids.pl\\\/es\\\/#website\"},\"primaryImageOfPage\":{\"@id\":\"https:\\\/\\\/freekids.pl\\\/es\\\/produkt\\\/tarantula\\\/#primaryimage\"},\"image\":{\"@id\":\"https:\\\/\\\/freekids.pl\\\/es\\\/produkt\\\/tarantula\\\/#primaryimage\"},\"thumbnailUrl\":\"https:\\\/\\\/freekids.pl\\\/wp-content\\\/uploads\\\/2025\\\/01\\\/0080010_tarantula_-_wiz.1-scaled.jpg\",\"datePublished\":\"2024-10-23T22:46:17+00:00\",\"breadcrumb\":{\"@id\":\"https:\\\/\\\/freekids.pl\\\/es\\\/produkt\\\/tarantula\\\/#breadcrumb\"},\"inLanguage\":\"es\",\"potentialAction\":[{\"@type\":\"ReadAction\",\"target\":[\"https:\\\/\\\/freekids.pl\\\/es\\\/produkt\\\/tarantula\\\/\"]}]},{\"@type\":\"ImageObject\",\"inLanguage\":\"es\",\"@id\":\"https:\\\/\\\/freekids.pl\\\/es\\\/produkt\\\/tarantula\\\/#primaryimage\",\"url\":\"https:\\\/\\\/freekids.pl\\\/wp-content\\\/uploads\\\/2025\\\/01\\\/0080010_tarantula_-_wiz.1-scaled.jpg\",\"contentUrl\":\"https:\\\/\\\/freekids.pl\\\/wp-content\\\/uploads\\\/2025\\\/01\\\/0080010_tarantula_-_wiz.1-scaled.jpg\",\"width\":2560,\"height\":1657},{\"@type\":\"BreadcrumbList\",\"@id\":\"https:\\\/\\\/freekids.pl\\\/es\\\/produkt\\\/tarantula\\\/#breadcrumb\",\"itemListElement\":[{\"@type\":\"ListItem\",\"position\":1,\"name\":\"Strona g\u0142\u00f3wna\",\"item\":\"https:\\\/\\\/freekids.pl\\\/es\\\/\"},{\"@type\":\"ListItem\",\"position\":2,\"name\":\"Productos\",\"item\":\"https:\\\/\\\/freekids.pl\\\/es\\\/productos\\\/\"},{\"@type\":\"ListItem\",\"position\":3,\"name\":\"Tar\u00e1ntula\"}]},{\"@type\":\"WebSite\",\"@id\":\"https:\\\/\\\/freekids.pl\\\/es\\\/#website\",\"url\":\"https:\\\/\\\/freekids.pl\\\/es\\\/\",\"name\":\"FreeKids Playgrounds | Sport | Urban Furniture\",\"description\":\"Dream it, do it !\",\"potentialAction\":[{\"@type\":\"SearchAction\",\"target\":{\"@type\":\"EntryPoint\",\"urlTemplate\":\"https:\\\/\\\/freekids.pl\\\/es\\\/?s={search_term_string}\"},\"query-input\":{\"@type\":\"PropertyValueSpecification\",\"valueRequired\":true,\"valueName\":\"search_term_string\"}}],\"inLanguage\":\"es\"}]}<\/script>\n<!-- \/ Yoast SEO plugin. -->","yoast_head_json":{"title":"Tar\u00e1ntula - Freekids.pl","robots":{"index":"index","follow":"follow","max-snippet":"max-snippet:-1","max-image-preview":"max-image-preview:large","max-video-preview":"max-video-preview:-1"},"canonical":"https:\/\/freekids.pl\/es\/produkt\/tarantula\/","og_locale":"es_ES","og_type":"article","og_title":"Tar\u00e1ntula - Freekids.pl","og_description":"Un dispositivo de cuerda en forma de ara\u00f1a que consta de una pir\u00e1mide de cuerda, un puente de cuerda y una c\u00fapula de cuerda con un tobog\u00e1n. La c\u00fapula de cuerda en la parte central est\u00e1 equipada con una torre con plataformas dispuestas alternativamente, alrededor de la cual hay una caseta de cuerda espacial. El conjunto se complementa con aplicaciones de ara\u00f1a en policarbonato. El puente de cuerda tendido a lo largo de una l\u00ednea irregular se estira sobre 6 pilones montados sobre resortes.","og_url":"https:\/\/freekids.pl\/es\/produkt\/tarantula\/","og_site_name":"FreeKids Playgrounds | Sport | Urban Furniture","og_image":[{"width":2560,"height":1657,"url":"https:\/\/freekids.pl\/wp-content\/uploads\/2025\/01\/0080010_tarantula_-_wiz.1-scaled.jpg","type":"image\/jpeg"}],"twitter_card":"summary_large_image","schema":{"@context":"https:\/\/schema.org","@graph":[{"@type":"WebPage","@id":"https:\/\/freekids.pl\/es\/produkt\/tarantula\/","url":"https:\/\/freekids.pl\/es\/produkt\/tarantula\/","name":"Tar\u00e1ntula - Freekids.pl","isPartOf":{"@id":"https:\/\/freekids.pl\/es\/#website"},"primaryImageOfPage":{"@id":"https:\/\/freekids.pl\/es\/produkt\/tarantula\/#primaryimage"},"image":{"@id":"https:\/\/freekids.pl\/es\/produkt\/tarantula\/#primaryimage"},"thumbnailUrl":"https:\/\/freekids.pl\/wp-content\/uploads\/2025\/01\/0080010_tarantula_-_wiz.1-scaled.jpg","datePublished":"2024-10-23T22:46:17+00:00","breadcrumb":{"@id":"https:\/\/freekids.pl\/es\/produkt\/tarantula\/#breadcrumb"},"inLanguage":"es","potentialAction":[{"@type":"ReadAction","target":["https:\/\/freekids.pl\/es\/produkt\/tarantula\/"]}]},{"@type":"ImageObject","inLanguage":"es","@id":"https:\/\/freekids.pl\/es\/produkt\/tarantula\/#primaryimage","url":"https:\/\/freekids.pl\/wp-content\/uploads\/2025\/01\/0080010_tarantula_-_wiz.1-scaled.jpg","contentUrl":"https:\/\/freekids.pl\/wp-content\/uploads\/2025\/01\/0080010_tarantula_-_wiz.1-scaled.jpg","width":2560,"height":1657},{"@type":"BreadcrumbList","@id":"https:\/\/freekids.pl\/es\/produkt\/tarantula\/#breadcrumb","itemListElement":[{"@type":"ListItem","position":1,"name":"Strona g\u0142\u00f3wna","item":"https:\/\/freekids.pl\/es\/"},{"@type":"ListItem","position":2,"name":"Productos","item":"https:\/\/freekids.pl\/es\/productos\/"},{"@type":"ListItem","position":3,"name":"Tar\u00e1ntula"}]},{"@type":"WebSite","@id":"https:\/\/freekids.pl\/es\/#website","url":"https:\/\/freekids.pl\/es\/","name":"FreeKids Playgrounds | Sport | Urban Furniture","description":"Dream it, do it !","potentialAction":[{"@type":"SearchAction","target":{"@type":"EntryPoint","urlTemplate":"https:\/\/freekids.pl\/es\/?s={search_term_string}"},"query-input":{"@type":"PropertyValueSpecification","valueRequired":true,"valueName":"search_term_string"}}],"inLanguage":"es"}]}},"_links":{"self":[{"href":"https:\/\/freekids.pl\/es\/wp-json\/wp\/v2\/product\/201699","targetHints":{"allow":["GET"]}}],"collection":[{"href":"https:\/\/freekids.pl\/es\/wp-json\/wp\/v2\/product"}],"about":[{"href":"https:\/\/freekids.pl\/es\/wp-json\/wp\/v2\/types\/product"}],"wp:featuredmedia":[{"embeddable":true,"href":"https:\/\/freekids.pl\/es\/wp-json\/wp\/v2\/media\/177701"}],"wp:attachment":[{"href":"https:\/\/freekids.pl\/es\/wp-json\/wp\/v2\/media?parent=201699"}],"wp:term":[{"taxonomy":"product_cat","embeddable":true,"href":"https:\/\/freekids.pl\/es\/wp-json\/wp\/v2\/product_cat?post=201699"},{"taxonomy":"product_tag","embeddable":true,"href":"https:\/\/freekids.pl\/es\/wp-json\/wp\/v2\/product_tag?post=201699"}],"curies":[{"name":"wp","href":"https:\/\/api.w.org\/{rel}","templated":true}]}}