{"id":203272,"date":"2024-10-23T22:05:52","date_gmt":"2024-10-23T20:05:52","guid":{"rendered":"https:\/\/freekids.pl\/produkt\/ahoy-8\/"},"modified":"2024-10-23T22:05:52","modified_gmt":"2024-10-23T20:05:52","slug":"ahoy-8","status":"publish","type":"product","link":"https:\/\/freekids.pl\/es\/produkt\/ahoy-8\/","title":{"rendered":"Ahoy 8"},"content":{"rendered":"","protected":false},"excerpt":{"rendered":"<p><span data-sheets-root=\"1\">El dispositivo se basa en postes redondos de acero. Las plataformas est\u00e1n hechas de placas antideslizantes sostenidas por un marco de acero soldado. Barandillas reforzadas con tubos de acero laminado, parte de las barandillas de policarbonato con un uprum transparente. Bobinas hechas de tubos de acero soldados. Los postes est\u00e1n acabados con tapas de goma esf\u00e9ricas.    <\/span><\/p>\n<div id=\"highlighter--hover-tools\" style=\"display: none;\">\n<div id=\"highlighter--hover-tools--container\">\n<div class=\"highlighter--icon highlighter--icon-copy\" title=\"Copia\"><\/div>\n<div class=\"highlighter--icon highlighter--icon-change-color\" title=\"Cambiar color\"><\/div>\n<div class=\"highlighter--icon highlighter--icon-delete\" title=\"Borra\"><\/div>\n<\/div>\n<\/div>\n<div id=\"highlighter--hover-tools\" style=\"display: none;\">\n<div id=\"highlighter--hover-tools--container\">\n<div class=\"highlighter--icon highlighter--icon-copy\" title=\"Copia\"><\/div>\n<div class=\"highlighter--icon highlighter--icon-change-color\" title=\"Cambiar color\"><\/div>\n<div class=\"highlighter--icon highlighter--icon-delete\" title=\"Borra\"><\/div>\n<\/div>\n<\/div>\n","protected":false},"featured_media":172935,"template":"","meta":{"_acf_changed":false,"ep_exclude_from_search":false},"product_cat":[551,478],"product_tag":[725],"class_list":{"0":"post-203272","1":"product","2":"type-product","3":"status-publish","4":"has-post-thumbnail","6":"product_series-ahoy-es","7":"product_group-metal-es","8":"product_cat-conjuntos-multifuncionales","9":"product_cat-parques-infantiles","10":"product_tag-inclusividad","12":"first","13":"outofstock","14":"shipping-taxable","15":"purchasable","16":"product-type-simple"},"acf":[],"yoast_head":"<!-- This site is optimized with the Yoast SEO plugin v27.4 - https:\/\/yoast.com\/product\/yoast-seo-wordpress\/ -->\n<title>Juego de juegos Ahoy 8 con tobog\u00e1n y t\u00fanel - Freekids.pl<\/title>\n<meta name=\"robots\" content=\"index, follow, max-snippet:-1, max-image-preview:large, max-video-preview:-1\" \/>\n<link rel=\"canonical\" href=\"https:\/\/freekids.pl\/es\/produkt\/ahoy-8\/\" \/>\n<meta property=\"og:locale\" content=\"es_ES\" \/>\n<meta property=\"og:type\" content=\"article\" \/>\n<meta property=\"og:title\" content=\"Juego de juegos Ahoy 8 con tobog\u00e1n y t\u00fanel - Freekids.pl\" \/>\n<meta property=\"og:description\" content=\"El dispositivo se basa en postes redondos de acero. Las plataformas est\u00e1n hechas de placas antideslizantes sostenidas por un marco de acero soldado. Barandillas reforzadas con tubos de acero laminado, parte de las barandillas de policarbonato con un uprum transparente. Bobinas hechas de tubos de acero soldados. Los postes est\u00e1n acabados con tapas de goma esf\u00e9ricas.\" \/>\n<meta property=\"og:url\" content=\"https:\/\/freekids.pl\/es\/produkt\/ahoy-8\/\" \/>\n<meta property=\"og:site_name\" content=\"FreeKids Playgrounds | Sport | Urban Furniture\" \/>\n<meta property=\"og:image\" content=\"https:\/\/freekids.pl\/wp-content\/uploads\/2025\/01\/0130001_ahoy_8_wiz.1-scaled.jpg\" \/>\n\t<meta property=\"og:image:width\" content=\"2560\" \/>\n\t<meta property=\"og:image:height\" content=\"1642\" \/>\n\t<meta property=\"og:image:type\" content=\"image\/jpeg\" \/>\n<meta name=\"twitter:card\" content=\"summary_large_image\" \/>\n<script type=\"application\/ld+json\" class=\"yoast-schema-graph\">{\"@context\":\"https:\\\/\\\/schema.org\",\"@graph\":[{\"@type\":\"WebPage\",\"@id\":\"https:\\\/\\\/freekids.pl\\\/es\\\/produkt\\\/ahoy-8\\\/\",\"url\":\"https:\\\/\\\/freekids.pl\\\/es\\\/produkt\\\/ahoy-8\\\/\",\"name\":\"Juego de juegos Ahoy 8 con tobog\u00e1n y t\u00fanel - Freekids.pl\",\"isPartOf\":{\"@id\":\"https:\\\/\\\/freekids.pl\\\/es\\\/#website\"},\"primaryImageOfPage\":{\"@id\":\"https:\\\/\\\/freekids.pl\\\/es\\\/produkt\\\/ahoy-8\\\/#primaryimage\"},\"image\":{\"@id\":\"https:\\\/\\\/freekids.pl\\\/es\\\/produkt\\\/ahoy-8\\\/#primaryimage\"},\"thumbnailUrl\":\"https:\\\/\\\/freekids.pl\\\/wp-content\\\/uploads\\\/2025\\\/01\\\/0130001_ahoy_8_wiz.1-scaled.jpg\",\"datePublished\":\"2024-10-23T20:05:52+00:00\",\"breadcrumb\":{\"@id\":\"https:\\\/\\\/freekids.pl\\\/es\\\/produkt\\\/ahoy-8\\\/#breadcrumb\"},\"inLanguage\":\"es\",\"potentialAction\":[{\"@type\":\"ReadAction\",\"target\":[\"https:\\\/\\\/freekids.pl\\\/es\\\/produkt\\\/ahoy-8\\\/\"]}]},{\"@type\":\"ImageObject\",\"inLanguage\":\"es\",\"@id\":\"https:\\\/\\\/freekids.pl\\\/es\\\/produkt\\\/ahoy-8\\\/#primaryimage\",\"url\":\"https:\\\/\\\/freekids.pl\\\/wp-content\\\/uploads\\\/2025\\\/01\\\/0130001_ahoy_8_wiz.1-scaled.jpg\",\"contentUrl\":\"https:\\\/\\\/freekids.pl\\\/wp-content\\\/uploads\\\/2025\\\/01\\\/0130001_ahoy_8_wiz.1-scaled.jpg\",\"width\":2560,\"height\":1642},{\"@type\":\"BreadcrumbList\",\"@id\":\"https:\\\/\\\/freekids.pl\\\/es\\\/produkt\\\/ahoy-8\\\/#breadcrumb\",\"itemListElement\":[{\"@type\":\"ListItem\",\"position\":1,\"name\":\"Strona g\u0142\u00f3wna\",\"item\":\"https:\\\/\\\/freekids.pl\\\/es\\\/\"},{\"@type\":\"ListItem\",\"position\":2,\"name\":\"Productos\",\"item\":\"https:\\\/\\\/freekids.pl\\\/es\\\/productos\\\/\"},{\"@type\":\"ListItem\",\"position\":3,\"name\":\"Ahoy 8\"}]},{\"@type\":\"WebSite\",\"@id\":\"https:\\\/\\\/freekids.pl\\\/es\\\/#website\",\"url\":\"https:\\\/\\\/freekids.pl\\\/es\\\/\",\"name\":\"FreeKids Playgrounds | Sport | Urban Furniture\",\"description\":\"Dream it, do it !\",\"potentialAction\":[{\"@type\":\"SearchAction\",\"target\":{\"@type\":\"EntryPoint\",\"urlTemplate\":\"https:\\\/\\\/freekids.pl\\\/es\\\/?s={search_term_string}\"},\"query-input\":{\"@type\":\"PropertyValueSpecification\",\"valueRequired\":true,\"valueName\":\"search_term_string\"}}],\"inLanguage\":\"es\"}]}<\/script>\n<!-- \/ Yoast SEO plugin. -->","yoast_head_json":{"title":"Juego de juegos Ahoy 8 con tobog\u00e1n y t\u00fanel - Freekids.pl","robots":{"index":"index","follow":"follow","max-snippet":"max-snippet:-1","max-image-preview":"max-image-preview:large","max-video-preview":"max-video-preview:-1"},"canonical":"https:\/\/freekids.pl\/es\/produkt\/ahoy-8\/","og_locale":"es_ES","og_type":"article","og_title":"Juego de juegos Ahoy 8 con tobog\u00e1n y t\u00fanel - Freekids.pl","og_description":"El dispositivo se basa en postes redondos de acero. Las plataformas est\u00e1n hechas de placas antideslizantes sostenidas por un marco de acero soldado. Barandillas reforzadas con tubos de acero laminado, parte de las barandillas de policarbonato con un uprum transparente. Bobinas hechas de tubos de acero soldados. Los postes est\u00e1n acabados con tapas de goma esf\u00e9ricas.","og_url":"https:\/\/freekids.pl\/es\/produkt\/ahoy-8\/","og_site_name":"FreeKids Playgrounds | Sport | Urban Furniture","og_image":[{"width":2560,"height":1642,"url":"https:\/\/freekids.pl\/wp-content\/uploads\/2025\/01\/0130001_ahoy_8_wiz.1-scaled.jpg","type":"image\/jpeg"}],"twitter_card":"summary_large_image","schema":{"@context":"https:\/\/schema.org","@graph":[{"@type":"WebPage","@id":"https:\/\/freekids.pl\/es\/produkt\/ahoy-8\/","url":"https:\/\/freekids.pl\/es\/produkt\/ahoy-8\/","name":"Juego de juegos Ahoy 8 con tobog\u00e1n y t\u00fanel - Freekids.pl","isPartOf":{"@id":"https:\/\/freekids.pl\/es\/#website"},"primaryImageOfPage":{"@id":"https:\/\/freekids.pl\/es\/produkt\/ahoy-8\/#primaryimage"},"image":{"@id":"https:\/\/freekids.pl\/es\/produkt\/ahoy-8\/#primaryimage"},"thumbnailUrl":"https:\/\/freekids.pl\/wp-content\/uploads\/2025\/01\/0130001_ahoy_8_wiz.1-scaled.jpg","datePublished":"2024-10-23T20:05:52+00:00","breadcrumb":{"@id":"https:\/\/freekids.pl\/es\/produkt\/ahoy-8\/#breadcrumb"},"inLanguage":"es","potentialAction":[{"@type":"ReadAction","target":["https:\/\/freekids.pl\/es\/produkt\/ahoy-8\/"]}]},{"@type":"ImageObject","inLanguage":"es","@id":"https:\/\/freekids.pl\/es\/produkt\/ahoy-8\/#primaryimage","url":"https:\/\/freekids.pl\/wp-content\/uploads\/2025\/01\/0130001_ahoy_8_wiz.1-scaled.jpg","contentUrl":"https:\/\/freekids.pl\/wp-content\/uploads\/2025\/01\/0130001_ahoy_8_wiz.1-scaled.jpg","width":2560,"height":1642},{"@type":"BreadcrumbList","@id":"https:\/\/freekids.pl\/es\/produkt\/ahoy-8\/#breadcrumb","itemListElement":[{"@type":"ListItem","position":1,"name":"Strona g\u0142\u00f3wna","item":"https:\/\/freekids.pl\/es\/"},{"@type":"ListItem","position":2,"name":"Productos","item":"https:\/\/freekids.pl\/es\/productos\/"},{"@type":"ListItem","position":3,"name":"Ahoy 8"}]},{"@type":"WebSite","@id":"https:\/\/freekids.pl\/es\/#website","url":"https:\/\/freekids.pl\/es\/","name":"FreeKids Playgrounds | Sport | Urban Furniture","description":"Dream it, do it !","potentialAction":[{"@type":"SearchAction","target":{"@type":"EntryPoint","urlTemplate":"https:\/\/freekids.pl\/es\/?s={search_term_string}"},"query-input":{"@type":"PropertyValueSpecification","valueRequired":true,"valueName":"search_term_string"}}],"inLanguage":"es"}]}},"_links":{"self":[{"href":"https:\/\/freekids.pl\/es\/wp-json\/wp\/v2\/product\/203272","targetHints":{"allow":["GET"]}}],"collection":[{"href":"https:\/\/freekids.pl\/es\/wp-json\/wp\/v2\/product"}],"about":[{"href":"https:\/\/freekids.pl\/es\/wp-json\/wp\/v2\/types\/product"}],"wp:featuredmedia":[{"embeddable":true,"href":"https:\/\/freekids.pl\/es\/wp-json\/wp\/v2\/media\/172935"}],"wp:attachment":[{"href":"https:\/\/freekids.pl\/es\/wp-json\/wp\/v2\/media?parent=203272"}],"wp:term":[{"taxonomy":"product_cat","embeddable":true,"href":"https:\/\/freekids.pl\/es\/wp-json\/wp\/v2\/product_cat?post=203272"},{"taxonomy":"product_tag","embeddable":true,"href":"https:\/\/freekids.pl\/es\/wp-json\/wp\/v2\/product_tag?post=203272"}],"curies":[{"name":"wp","href":"https:\/\/api.w.org\/{rel}","templated":true}]}}