{"id":203280,"date":"2024-10-23T22:11:47","date_gmt":"2024-10-23T20:11:47","guid":{"rendered":"https:\/\/freekids.pl\/produkt\/casa-del-arbol-11\/"},"modified":"2024-10-23T22:11:47","modified_gmt":"2024-10-23T20:11:47","slug":"casa-del-arbol-11","status":"publish","type":"product","link":"https:\/\/freekids.pl\/es\/produkt\/casa-del-arbol-11\/","title":{"rendered":"Casa del \u00e1rbol 11"},"content":{"rendered":"","protected":false},"excerpt":{"rendered":"<p>Dispositivos de f\u00e1cil acceso con una casa con una escalera de tratamiento, cuya plataforma superior sobresale por encima de la base. La casa es de planta octogonal con techo octogonal. El conjunto est\u00e1 densamente cubierto de aplicaciones con temas forestales. Las plataformas est\u00e1n hechas de placas antideslizantes sostenidas por marcos de acero soldados. Barandillas fabricadas con tableros de HDPE de 15 mm de espesor con marcos de acero reforzado fresado en la parte superior e inferior.    <\/p>\n<div id=\"highlighter--hover-tools\" style=\"display: none;\">\n<div id=\"highlighter--hover-tools--container\">\n<div class=\"highlighter--icon highlighter--icon-copy\" title=\"Copia\"><\/div>\n<div class=\"highlighter--icon highlighter--icon-change-color\" title=\"Cambiar color\"><\/div>\n<div class=\"highlighter--icon highlighter--icon-delete\" title=\"Borra\"><\/div>\n<\/div>\n<\/div>\n","protected":false},"featured_media":212391,"template":"","meta":{"_acf_changed":false,"ep_exclude_from_search":false},"product_brand":[],"product_cat":[493,551,478],"product_tag":[],"class_list":{"0":"post-203280","1":"product","2":"type-product","3":"status-publish","4":"has-post-thumbnail","6":"product_series-tree-house-es","7":"product_cat-casas-rurales","8":"product_cat-conjuntos-multifuncionales","9":"product_cat-parques-infantiles","11":"first","12":"outofstock","13":"shipping-taxable","14":"purchasable","15":"product-type-simple"},"acf":[],"yoast_head":"<!-- This site is optimized with the Yoast SEO plugin v27.4 - https:\/\/yoast.com\/product\/yoast-seo-wordpress\/ -->\n<title>Casa del \u00e1rbol 11 para un parque infantil con t\u00faneles de malla - Freekids.pl<\/title>\n<meta name=\"robots\" content=\"index, follow, max-snippet:-1, max-image-preview:large, max-video-preview:-1\" \/>\n<link rel=\"canonical\" href=\"https:\/\/freekids.pl\/es\/produkt\/casa-del-arbol-11\/\" \/>\n<meta property=\"og:locale\" content=\"es_ES\" \/>\n<meta property=\"og:type\" content=\"article\" \/>\n<meta property=\"og:title\" content=\"Casa del \u00e1rbol 11 para un parque infantil con t\u00faneles de malla - Freekids.pl\" \/>\n<meta property=\"og:description\" content=\"Dispositivos de f\u00e1cil acceso con una casa con una escalera de tratamiento, cuya plataforma superior sobresale por encima de la base. La casa es de planta octogonal con techo octogonal. El conjunto est\u00e1 densamente cubierto de aplicaciones con temas forestales. Las plataformas est\u00e1n hechas de placas antideslizantes sostenidas por marcos de acero soldados. Barandillas fabricadas con tableros de HDPE de 15 mm de espesor con marcos de acero reforzado fresado en la parte superior e inferior.\" \/>\n<meta property=\"og:url\" content=\"https:\/\/freekids.pl\/es\/produkt\/casa-del-arbol-11\/\" \/>\n<meta property=\"og:site_name\" content=\"FreeKids Playgrounds | Sport | Urban Furniture\" \/>\n<meta property=\"og:image\" content=\"https:\/\/freekids.pl\/wp-content\/uploads\/2025\/01\/0096004_tree_house_11_-_wiz.1.jpg\" \/>\n\t<meta property=\"og:image:width\" content=\"2560\" \/>\n\t<meta property=\"og:image:height\" content=\"2244\" \/>\n\t<meta property=\"og:image:type\" content=\"image\/jpeg\" \/>\n<meta name=\"twitter:card\" content=\"summary_large_image\" \/>\n<script type=\"application\/ld+json\" class=\"yoast-schema-graph\">{\"@context\":\"https:\\\/\\\/schema.org\",\"@graph\":[{\"@type\":\"WebPage\",\"@id\":\"https:\\\/\\\/freekids.pl\\\/es\\\/produkt\\\/casa-del-arbol-11\\\/\",\"url\":\"https:\\\/\\\/freekids.pl\\\/es\\\/produkt\\\/casa-del-arbol-11\\\/\",\"name\":\"Casa del \u00e1rbol 11 para un parque infantil con t\u00faneles de malla - Freekids.pl\",\"isPartOf\":{\"@id\":\"https:\\\/\\\/freekids.pl\\\/es\\\/#website\"},\"primaryImageOfPage\":{\"@id\":\"https:\\\/\\\/freekids.pl\\\/es\\\/produkt\\\/casa-del-arbol-11\\\/#primaryimage\"},\"image\":{\"@id\":\"https:\\\/\\\/freekids.pl\\\/es\\\/produkt\\\/casa-del-arbol-11\\\/#primaryimage\"},\"thumbnailUrl\":\"https:\\\/\\\/freekids.pl\\\/wp-content\\\/uploads\\\/2024\\\/10\\\/SI-0096004-Tree-House-11-wiz.-1.jpg\",\"datePublished\":\"2024-10-23T20:11:47+00:00\",\"breadcrumb\":{\"@id\":\"https:\\\/\\\/freekids.pl\\\/es\\\/produkt\\\/casa-del-arbol-11\\\/#breadcrumb\"},\"inLanguage\":\"es\",\"potentialAction\":[{\"@type\":\"ReadAction\",\"target\":[\"https:\\\/\\\/freekids.pl\\\/es\\\/produkt\\\/casa-del-arbol-11\\\/\"]}]},{\"@type\":\"ImageObject\",\"inLanguage\":\"es\",\"@id\":\"https:\\\/\\\/freekids.pl\\\/es\\\/produkt\\\/casa-del-arbol-11\\\/#primaryimage\",\"url\":\"https:\\\/\\\/freekids.pl\\\/wp-content\\\/uploads\\\/2024\\\/10\\\/SI-0096004-Tree-House-11-wiz.-1.jpg\",\"contentUrl\":\"https:\\\/\\\/freekids.pl\\\/wp-content\\\/uploads\\\/2024\\\/10\\\/SI-0096004-Tree-House-11-wiz.-1.jpg\",\"width\":1600,\"height\":1280},{\"@type\":\"BreadcrumbList\",\"@id\":\"https:\\\/\\\/freekids.pl\\\/es\\\/produkt\\\/casa-del-arbol-11\\\/#breadcrumb\",\"itemListElement\":[{\"@type\":\"ListItem\",\"position\":1,\"name\":\"Strona g\u0142\u00f3wna\",\"item\":\"https:\\\/\\\/freekids.pl\\\/es\\\/\"},{\"@type\":\"ListItem\",\"position\":2,\"name\":\"Productos\",\"item\":\"https:\\\/\\\/freekids.pl\\\/es\\\/productos\\\/\"},{\"@type\":\"ListItem\",\"position\":3,\"name\":\"Casa del \u00e1rbol 11\"}]},{\"@type\":\"WebSite\",\"@id\":\"https:\\\/\\\/freekids.pl\\\/es\\\/#website\",\"url\":\"https:\\\/\\\/freekids.pl\\\/es\\\/\",\"name\":\"FreeKids Playgrounds | Sport | Urban Furniture\",\"description\":\"Dream it, do it !\",\"potentialAction\":[{\"@type\":\"SearchAction\",\"target\":{\"@type\":\"EntryPoint\",\"urlTemplate\":\"https:\\\/\\\/freekids.pl\\\/es\\\/?s={search_term_string}\"},\"query-input\":{\"@type\":\"PropertyValueSpecification\",\"valueRequired\":true,\"valueName\":\"search_term_string\"}}],\"inLanguage\":\"es\"}]}<\/script>\n<!-- \/ Yoast SEO plugin. -->","yoast_head_json":{"title":"Casa del \u00e1rbol 11 para un parque infantil con t\u00faneles de malla - Freekids.pl","robots":{"index":"index","follow":"follow","max-snippet":"max-snippet:-1","max-image-preview":"max-image-preview:large","max-video-preview":"max-video-preview:-1"},"canonical":"https:\/\/freekids.pl\/es\/produkt\/casa-del-arbol-11\/","og_locale":"es_ES","og_type":"article","og_title":"Casa del \u00e1rbol 11 para un parque infantil con t\u00faneles de malla - Freekids.pl","og_description":"Dispositivos de f\u00e1cil acceso con una casa con una escalera de tratamiento, cuya plataforma superior sobresale por encima de la base. La casa es de planta octogonal con techo octogonal. El conjunto est\u00e1 densamente cubierto de aplicaciones con temas forestales. Las plataformas est\u00e1n hechas de placas antideslizantes sostenidas por marcos de acero soldados. Barandillas fabricadas con tableros de HDPE de 15 mm de espesor con marcos de acero reforzado fresado en la parte superior e inferior.","og_url":"https:\/\/freekids.pl\/es\/produkt\/casa-del-arbol-11\/","og_site_name":"FreeKids Playgrounds | Sport | Urban Furniture","og_image":[{"width":2560,"height":2244,"url":"https:\/\/freekids.pl\/wp-content\/uploads\/2025\/01\/0096004_tree_house_11_-_wiz.1.jpg","type":"image\/jpeg"}],"twitter_card":"summary_large_image","schema":{"@context":"https:\/\/schema.org","@graph":[{"@type":"WebPage","@id":"https:\/\/freekids.pl\/es\/produkt\/casa-del-arbol-11\/","url":"https:\/\/freekids.pl\/es\/produkt\/casa-del-arbol-11\/","name":"Casa del \u00e1rbol 11 para un parque infantil con t\u00faneles de malla - Freekids.pl","isPartOf":{"@id":"https:\/\/freekids.pl\/es\/#website"},"primaryImageOfPage":{"@id":"https:\/\/freekids.pl\/es\/produkt\/casa-del-arbol-11\/#primaryimage"},"image":{"@id":"https:\/\/freekids.pl\/es\/produkt\/casa-del-arbol-11\/#primaryimage"},"thumbnailUrl":"https:\/\/freekids.pl\/wp-content\/uploads\/2024\/10\/SI-0096004-Tree-House-11-wiz.-1.jpg","datePublished":"2024-10-23T20:11:47+00:00","breadcrumb":{"@id":"https:\/\/freekids.pl\/es\/produkt\/casa-del-arbol-11\/#breadcrumb"},"inLanguage":"es","potentialAction":[{"@type":"ReadAction","target":["https:\/\/freekids.pl\/es\/produkt\/casa-del-arbol-11\/"]}]},{"@type":"ImageObject","inLanguage":"es","@id":"https:\/\/freekids.pl\/es\/produkt\/casa-del-arbol-11\/#primaryimage","url":"https:\/\/freekids.pl\/wp-content\/uploads\/2024\/10\/SI-0096004-Tree-House-11-wiz.-1.jpg","contentUrl":"https:\/\/freekids.pl\/wp-content\/uploads\/2024\/10\/SI-0096004-Tree-House-11-wiz.-1.jpg","width":1600,"height":1280},{"@type":"BreadcrumbList","@id":"https:\/\/freekids.pl\/es\/produkt\/casa-del-arbol-11\/#breadcrumb","itemListElement":[{"@type":"ListItem","position":1,"name":"Strona g\u0142\u00f3wna","item":"https:\/\/freekids.pl\/es\/"},{"@type":"ListItem","position":2,"name":"Productos","item":"https:\/\/freekids.pl\/es\/productos\/"},{"@type":"ListItem","position":3,"name":"Casa del \u00e1rbol 11"}]},{"@type":"WebSite","@id":"https:\/\/freekids.pl\/es\/#website","url":"https:\/\/freekids.pl\/es\/","name":"FreeKids Playgrounds | Sport | Urban Furniture","description":"Dream it, do it !","potentialAction":[{"@type":"SearchAction","target":{"@type":"EntryPoint","urlTemplate":"https:\/\/freekids.pl\/es\/?s={search_term_string}"},"query-input":{"@type":"PropertyValueSpecification","valueRequired":true,"valueName":"search_term_string"}}],"inLanguage":"es"}]}},"_links":{"self":[{"href":"https:\/\/freekids.pl\/es\/wp-json\/wp\/v2\/product\/203280","targetHints":{"allow":["GET"]}}],"collection":[{"href":"https:\/\/freekids.pl\/es\/wp-json\/wp\/v2\/product"}],"about":[{"href":"https:\/\/freekids.pl\/es\/wp-json\/wp\/v2\/types\/product"}],"wp:featuredmedia":[{"embeddable":true,"href":"https:\/\/freekids.pl\/es\/wp-json\/wp\/v2\/media\/212391"}],"wp:attachment":[{"href":"https:\/\/freekids.pl\/es\/wp-json\/wp\/v2\/media?parent=203280"}],"wp:term":[{"taxonomy":"product_brand","embeddable":true,"href":"https:\/\/freekids.pl\/es\/wp-json\/wp\/v2\/product_brand?post=203280"},{"taxonomy":"product_cat","embeddable":true,"href":"https:\/\/freekids.pl\/es\/wp-json\/wp\/v2\/product_cat?post=203280"},{"taxonomy":"product_tag","embeddable":true,"href":"https:\/\/freekids.pl\/es\/wp-json\/wp\/v2\/product_tag?post=203280"}],"curies":[{"name":"wp","href":"https:\/\/api.w.org\/{rel}","templated":true}]}}