{"id":203466,"date":"2024-10-23T21:42:51","date_gmt":"2024-10-23T19:42:51","guid":{"rendered":"https:\/\/freekids.pl\/produkt\/mina\/"},"modified":"2024-10-23T21:42:51","modified_gmt":"2024-10-23T19:42:51","slug":"mina","status":"publish","type":"product","link":"https:\/\/freekids.pl\/es\/produkt\/mina\/","title":{"rendered":"Mina"},"content":{"rendered":"","protected":false},"excerpt":{"rendered":"<p>Un dispositivo en forma de mina steampunk que consta de una torre de elevaci\u00f3n y una pasarela minera. El dispositivo se basa en postes redondos con abrazaderas de aluminio. La torre consta de 2 plataformas cubiertas con revestimiento antideslizante reforzado con un marco de acero, un tobog\u00e1n, un t\u00fanel de tubo, 3 roc\u00f3dromos hechos de manijas en forma de U, un cabrestante con un cubo de goma en una cadena, un conducto de acero inoxidable que va desde el rellano superior hasta la pasarela minera, un techo de HDPE doblado, un techo de una sola pendiente, 5 engranajes, 1 zapata, tableros de HPL cubiertos con numerosas impresiones UV y fresado. Una pasarela minera en forma de pasillo con b\u00f3veda arqueada desde el exterior, que sirve de roc\u00f3dromo, en el interior con un carro de cuna suspendido y un letrero de protectores auditivos y un casco.   <\/p>\n<div id=\"highlighter--hover-tools\" style=\"display: none;\">\n<div id=\"highlighter--hover-tools--container\">\n<div class=\"highlighter--icon highlighter--icon-copy\" title=\"Copia\"><\/div>\n<div class=\"highlighter--icon highlighter--icon-change-color\" title=\"Cambiar color\"><\/div>\n<div class=\"highlighter--icon highlighter--icon-delete\" title=\"Borra\"><\/div>\n<\/div>\n<\/div>\n","protected":false},"featured_media":172256,"template":"","meta":{"_acf_changed":false,"ep_exclude_from_search":false},"product_cat":[551,478],"product_tag":[],"class_list":{"0":"post-203466","1":"product","2":"type-product","3":"status-publish","4":"has-post-thumbnail","6":"product_series-industrial-es","7":"product_group-clamps","8":"product_cat-conjuntos-multifuncionales","9":"product_cat-parques-infantiles","11":"first","12":"outofstock","13":"shipping-taxable","14":"purchasable","15":"product-type-simple"},"acf":[],"yoast_head":"<!-- This site is optimized with the Yoast SEO plugin v27.4 - https:\/\/yoast.com\/product\/yoast-seo-wordpress\/ -->\n<title>Parque infantil de la mina con juego de toboganes - Freekids.pl<\/title>\n<meta name=\"robots\" content=\"index, follow, max-snippet:-1, max-image-preview:large, max-video-preview:-1\" \/>\n<link rel=\"canonical\" href=\"https:\/\/freekids.pl\/es\/produkt\/mina\/\" \/>\n<meta property=\"og:locale\" content=\"es_ES\" \/>\n<meta property=\"og:type\" content=\"article\" \/>\n<meta property=\"og:title\" content=\"Parque infantil de la mina con juego de toboganes - Freekids.pl\" \/>\n<meta property=\"og:description\" content=\"Un dispositivo en forma de mina steampunk que consta de una torre de elevaci\u00f3n y una pasarela minera. El dispositivo se basa en postes redondos con abrazaderas de aluminio. La torre consta de 2 plataformas cubiertas con revestimiento antideslizante reforzado con un marco de acero, un tobog\u00e1n, un t\u00fanel de tubo, 3 roc\u00f3dromos hechos de manijas en forma de U, un cabrestante con un cubo de goma en una cadena, un conducto de acero inoxidable que va desde el rellano superior hasta la pasarela minera, un techo de HDPE doblado, un techo de una sola pendiente, 5 engranajes, 1 zapata, tableros de HPL cubiertos con numerosas impresiones UV y fresado. Una pasarela minera en forma de pasillo con b\u00f3veda arqueada desde el exterior, que sirve de roc\u00f3dromo, en el interior con un carro de cuna suspendido y un letrero de protectores auditivos y un casco.\" \/>\n<meta property=\"og:url\" content=\"https:\/\/freekids.pl\/es\/produkt\/mina\/\" \/>\n<meta property=\"og:site_name\" content=\"FreeKids Playgrounds | Sport | Urban Furniture\" \/>\n<meta property=\"og:image\" content=\"https:\/\/freekids.pl\/wp-content\/uploads\/2025\/01\/0240001_kopalnia_-_wiz.1-scaled.jpg\" \/>\n\t<meta property=\"og:image:width\" content=\"2560\" \/>\n\t<meta property=\"og:image:height\" content=\"1439\" \/>\n\t<meta property=\"og:image:type\" content=\"image\/jpeg\" \/>\n<meta name=\"twitter:card\" content=\"summary_large_image\" \/>\n<script type=\"application\/ld+json\" class=\"yoast-schema-graph\">{\"@context\":\"https:\\\/\\\/schema.org\",\"@graph\":[{\"@type\":\"WebPage\",\"@id\":\"https:\\\/\\\/freekids.pl\\\/es\\\/produkt\\\/mina\\\/\",\"url\":\"https:\\\/\\\/freekids.pl\\\/es\\\/produkt\\\/mina\\\/\",\"name\":\"Parque infantil de la mina con juego de toboganes - Freekids.pl\",\"isPartOf\":{\"@id\":\"https:\\\/\\\/freekids.pl\\\/es\\\/#website\"},\"primaryImageOfPage\":{\"@id\":\"https:\\\/\\\/freekids.pl\\\/es\\\/produkt\\\/mina\\\/#primaryimage\"},\"image\":{\"@id\":\"https:\\\/\\\/freekids.pl\\\/es\\\/produkt\\\/mina\\\/#primaryimage\"},\"thumbnailUrl\":\"https:\\\/\\\/freekids.pl\\\/wp-content\\\/uploads\\\/2025\\\/01\\\/0240001_kopalnia_-_wiz.1-scaled.jpg\",\"datePublished\":\"2024-10-23T19:42:51+00:00\",\"breadcrumb\":{\"@id\":\"https:\\\/\\\/freekids.pl\\\/es\\\/produkt\\\/mina\\\/#breadcrumb\"},\"inLanguage\":\"es\",\"potentialAction\":[{\"@type\":\"ReadAction\",\"target\":[\"https:\\\/\\\/freekids.pl\\\/es\\\/produkt\\\/mina\\\/\"]}]},{\"@type\":\"ImageObject\",\"inLanguage\":\"es\",\"@id\":\"https:\\\/\\\/freekids.pl\\\/es\\\/produkt\\\/mina\\\/#primaryimage\",\"url\":\"https:\\\/\\\/freekids.pl\\\/wp-content\\\/uploads\\\/2025\\\/01\\\/0240001_kopalnia_-_wiz.1-scaled.jpg\",\"contentUrl\":\"https:\\\/\\\/freekids.pl\\\/wp-content\\\/uploads\\\/2025\\\/01\\\/0240001_kopalnia_-_wiz.1-scaled.jpg\",\"width\":2560,\"height\":1439},{\"@type\":\"BreadcrumbList\",\"@id\":\"https:\\\/\\\/freekids.pl\\\/es\\\/produkt\\\/mina\\\/#breadcrumb\",\"itemListElement\":[{\"@type\":\"ListItem\",\"position\":1,\"name\":\"Strona g\u0142\u00f3wna\",\"item\":\"https:\\\/\\\/freekids.pl\\\/es\\\/\"},{\"@type\":\"ListItem\",\"position\":2,\"name\":\"Productos\",\"item\":\"https:\\\/\\\/freekids.pl\\\/es\\\/productos\\\/\"},{\"@type\":\"ListItem\",\"position\":3,\"name\":\"Mina\"}]},{\"@type\":\"WebSite\",\"@id\":\"https:\\\/\\\/freekids.pl\\\/es\\\/#website\",\"url\":\"https:\\\/\\\/freekids.pl\\\/es\\\/\",\"name\":\"FreeKids Playgrounds | Sport | Urban Furniture\",\"description\":\"Dream it, do it !\",\"potentialAction\":[{\"@type\":\"SearchAction\",\"target\":{\"@type\":\"EntryPoint\",\"urlTemplate\":\"https:\\\/\\\/freekids.pl\\\/es\\\/?s={search_term_string}\"},\"query-input\":{\"@type\":\"PropertyValueSpecification\",\"valueRequired\":true,\"valueName\":\"search_term_string\"}}],\"inLanguage\":\"es\"}]}<\/script>\n<!-- \/ Yoast SEO plugin. -->","yoast_head_json":{"title":"Parque infantil de la mina con juego de toboganes - Freekids.pl","robots":{"index":"index","follow":"follow","max-snippet":"max-snippet:-1","max-image-preview":"max-image-preview:large","max-video-preview":"max-video-preview:-1"},"canonical":"https:\/\/freekids.pl\/es\/produkt\/mina\/","og_locale":"es_ES","og_type":"article","og_title":"Parque infantil de la mina con juego de toboganes - Freekids.pl","og_description":"Un dispositivo en forma de mina steampunk que consta de una torre de elevaci\u00f3n y una pasarela minera. El dispositivo se basa en postes redondos con abrazaderas de aluminio. La torre consta de 2 plataformas cubiertas con revestimiento antideslizante reforzado con un marco de acero, un tobog\u00e1n, un t\u00fanel de tubo, 3 roc\u00f3dromos hechos de manijas en forma de U, un cabrestante con un cubo de goma en una cadena, un conducto de acero inoxidable que va desde el rellano superior hasta la pasarela minera, un techo de HDPE doblado, un techo de una sola pendiente, 5 engranajes, 1 zapata, tableros de HPL cubiertos con numerosas impresiones UV y fresado. Una pasarela minera en forma de pasillo con b\u00f3veda arqueada desde el exterior, que sirve de roc\u00f3dromo, en el interior con un carro de cuna suspendido y un letrero de protectores auditivos y un casco.","og_url":"https:\/\/freekids.pl\/es\/produkt\/mina\/","og_site_name":"FreeKids Playgrounds | Sport | Urban Furniture","og_image":[{"width":2560,"height":1439,"url":"https:\/\/freekids.pl\/wp-content\/uploads\/2025\/01\/0240001_kopalnia_-_wiz.1-scaled.jpg","type":"image\/jpeg"}],"twitter_card":"summary_large_image","schema":{"@context":"https:\/\/schema.org","@graph":[{"@type":"WebPage","@id":"https:\/\/freekids.pl\/es\/produkt\/mina\/","url":"https:\/\/freekids.pl\/es\/produkt\/mina\/","name":"Parque infantil de la mina con juego de toboganes - Freekids.pl","isPartOf":{"@id":"https:\/\/freekids.pl\/es\/#website"},"primaryImageOfPage":{"@id":"https:\/\/freekids.pl\/es\/produkt\/mina\/#primaryimage"},"image":{"@id":"https:\/\/freekids.pl\/es\/produkt\/mina\/#primaryimage"},"thumbnailUrl":"https:\/\/freekids.pl\/wp-content\/uploads\/2025\/01\/0240001_kopalnia_-_wiz.1-scaled.jpg","datePublished":"2024-10-23T19:42:51+00:00","breadcrumb":{"@id":"https:\/\/freekids.pl\/es\/produkt\/mina\/#breadcrumb"},"inLanguage":"es","potentialAction":[{"@type":"ReadAction","target":["https:\/\/freekids.pl\/es\/produkt\/mina\/"]}]},{"@type":"ImageObject","inLanguage":"es","@id":"https:\/\/freekids.pl\/es\/produkt\/mina\/#primaryimage","url":"https:\/\/freekids.pl\/wp-content\/uploads\/2025\/01\/0240001_kopalnia_-_wiz.1-scaled.jpg","contentUrl":"https:\/\/freekids.pl\/wp-content\/uploads\/2025\/01\/0240001_kopalnia_-_wiz.1-scaled.jpg","width":2560,"height":1439},{"@type":"BreadcrumbList","@id":"https:\/\/freekids.pl\/es\/produkt\/mina\/#breadcrumb","itemListElement":[{"@type":"ListItem","position":1,"name":"Strona g\u0142\u00f3wna","item":"https:\/\/freekids.pl\/es\/"},{"@type":"ListItem","position":2,"name":"Productos","item":"https:\/\/freekids.pl\/es\/productos\/"},{"@type":"ListItem","position":3,"name":"Mina"}]},{"@type":"WebSite","@id":"https:\/\/freekids.pl\/es\/#website","url":"https:\/\/freekids.pl\/es\/","name":"FreeKids Playgrounds | Sport | Urban Furniture","description":"Dream it, do it !","potentialAction":[{"@type":"SearchAction","target":{"@type":"EntryPoint","urlTemplate":"https:\/\/freekids.pl\/es\/?s={search_term_string}"},"query-input":{"@type":"PropertyValueSpecification","valueRequired":true,"valueName":"search_term_string"}}],"inLanguage":"es"}]}},"_links":{"self":[{"href":"https:\/\/freekids.pl\/es\/wp-json\/wp\/v2\/product\/203466","targetHints":{"allow":["GET"]}}],"collection":[{"href":"https:\/\/freekids.pl\/es\/wp-json\/wp\/v2\/product"}],"about":[{"href":"https:\/\/freekids.pl\/es\/wp-json\/wp\/v2\/types\/product"}],"wp:featuredmedia":[{"embeddable":true,"href":"https:\/\/freekids.pl\/es\/wp-json\/wp\/v2\/media\/172256"}],"wp:attachment":[{"href":"https:\/\/freekids.pl\/es\/wp-json\/wp\/v2\/media?parent=203466"}],"wp:term":[{"taxonomy":"product_cat","embeddable":true,"href":"https:\/\/freekids.pl\/es\/wp-json\/wp\/v2\/product_cat?post=203466"},{"taxonomy":"product_tag","embeddable":true,"href":"https:\/\/freekids.pl\/es\/wp-json\/wp\/v2\/product_tag?post=203466"}],"curies":[{"name":"wp","href":"https:\/\/api.w.org\/{rel}","templated":true}]}}